{"id":908,"date":"2021-02-10T17:43:26","date_gmt":"2021-02-10T16:43:26","guid":{"rendered":"https:\/\/agora.xtec.cat\/escolataiala\/?page_id=908"},"modified":"2021-02-10T18:38:03","modified_gmt":"2021-02-10T17:38:03","slug":"activitats","status":"publish","type":"page","link":"https:\/\/agora.xtec.cat\/escolataiala\/lescola\/activitats\/","title":{"rendered":"Activitats"},"content":{"rendered":"<p style=\"text-align: justify;\"><span style=\"font-weight: 400;\">Cada curs som fidels a la continu\u00eftat d\u2019activitats molt pr\u00f2pies del nostre centre com s\u00f3n:<\/span><\/p>\n<ul style=\"text-align: justify;\">\n<li style=\"font-weight: 400;\" aria-level=\"1\"><span style=\"font-weight: 400;\">La <\/span><b>cursa solid\u00e0ria<\/b>,<span style=\"font-weight: 400;\"> els beneficis de la qual van destinats a una ONG triada per les fam\u00edlies.<\/span><\/li>\n<li style=\"font-weight: 400;\" aria-level=\"1\"><span style=\"font-weight: 400;\">La <\/span><b>recollida de roba usada<\/b>,<span style=\"font-weight: 400;\"> on les fam\u00edlies poden donar roba que es fa arribar a una ONG.<\/span><\/li>\n<li style=\"font-weight: 400;\" aria-level=\"1\"><span style=\"font-weight: 400;\">La <\/span><b>Setmana cultural<\/b>,<span style=\"font-weight: 400;\"> on tota l\u2019escola fa activitats interdisciplinars entorn a un tema com\u00fa.<\/span><\/li>\n<li style=\"font-weight: 400;\" aria-level=\"1\"><span style=\"font-weight: 400;\">La <\/span><b>Xocolatada Solid\u00e0ria<\/b>,<span style=\"font-weight: 400;\"> on els beneficis van destinats a l\u2019Hospital Sant Joan de D\u00e9u pels nens malalts de c\u00e0ncer.<\/span><\/li>\n<li style=\"font-weight: 400;\" aria-level=\"1\"><span style=\"font-weight: 400;\">La <\/span><b>Setmana de la Felicitat<\/b><span style=\"font-weight: 400;\">, seguint la proposta d\u2019activitats proposades pel Centre C\u00edvic del barri.<\/span><\/li>\n<li style=\"font-weight: 400;\" aria-level=\"1\"><span style=\"font-weight: 400;\">El <\/span><b>Science Day<\/b>,<span style=\"font-weight: 400;\"> on els alumnes de cicle superior fan activitats de ci\u00e8ncies en angl\u00e8s per la resta de l\u2019escola.<\/span><\/li>\n<li style=\"font-weight: 400;\" aria-level=\"1\"><span style=\"font-weight: 400;\">El <\/span><b>cinema de final de curs<\/b>,<span style=\"font-weight: 400;\"> on tota l\u2019escola gaudeix d\u2019una sessi\u00f3 de cinema.<\/span><\/li>\n<li style=\"font-weight: 400;\" aria-level=\"1\">L\u2019edici\u00f3 de la <b style=\"font-family: inherit; font-size: 1em;\">revista Xispa<\/b>, distribuint-ne un exemplar per a cada alumne a final de curs.<\/li>\n<\/ul>\n","protected":false},"excerpt":{"rendered":"<p>Cada curs som fidels a la continu\u00eftat d\u2019activitats molt pr\u00f2pies del nostre centre com s\u00f3n: La cursa solid\u00e0ria, els beneficis de la qual van destinats a una ONG triada per les fam\u00edlies. La recollida de roba usada, on les fam\u00edlies poden donar roba que es fa arribar a una ONG. La Setmana cultural, on tota [&hellip;]<\/p>\n","protected":false},"author":1,"featured_media":0,"parent":22,"menu_order":80,"comment_status":"closed","ping_status":"closed","template":"page-templates\/side-menu.php","meta":{"_bbp_topic_count":0,"_bbp_reply_count":0,"_bbp_total_topic_count":0,"_bbp_total_reply_count":0,"_bbp_voice_count":0,"_bbp_anonymous_reply_count":0,"_bbp_topic_count_hidden":0,"_bbp_reply_count_hidden":0,"_bbp_forum_subforum_count":0,"site-sidebar-layout":"default","site-content-layout":"","ast-site-content-layout":"","site-content-style":"default","site-sidebar-style":"default","ast-global-header-display":"","ast-banner-title-visibility":"","ast-main-header-display":"","ast-hfb-above-header-display":"","ast-hfb-below-header-display":"","ast-hfb-mobile-header-display":"","site-post-title":"","ast-breadcrumbs-content":"","ast-featured-img":"","footer-sml-layout":"","theme-transparent-header-meta":"","adv-header-id-meta":"","stick-header-meta":"","header-above-stick-meta":"","header-main-stick-meta":"","header-below-stick-meta":"","astra-migrate-meta-layouts":"default","ast-page-background-enabled":"default","ast-page-background-meta":{"desktop":{"background-color":"var(--ast-global-color-4)","background-image":"","background-repeat":"repeat","background-position":"center center","background-size":"auto","background-attachment":"scroll","background-type":"","background-media":"","overlay-type":"","overlay-color":"","overlay-opacity":"","overlay-gradient":""},"tablet":{"background-color":"","background-image":"","background-repeat":"repeat","background-position":"center center","background-size":"auto","background-attachment":"scroll","background-type":"","background-media":"","overlay-type":"","overlay-color":"","overlay-opacity":"","overlay-gradient":""},"mobile":{"background-color":"","background-image":"","background-repeat":"repeat","background-position":"center center","background-size":"auto","background-attachment":"scroll","background-type":"","background-media":"","overlay-type":"","overlay-color":"","overlay-opacity":"","overlay-gradient":""}},"ast-content-background-meta":{"desktop":{"background-color":"var(--ast-global-color-5)","background-image":"","background-repeat":"repeat","background-position":"center center","background-size":"auto","background-attachment":"scroll","background-type":"","background-media":"","overlay-type":"","overlay-color":"","overlay-opacity":"","overlay-gradient":""},"tablet":{"background-color":"var(--ast-global-color-5)","background-image":"","background-repeat":"repeat","background-position":"center center","background-size":"auto","background-attachment":"scroll","background-type":"","background-media":"","overlay-type":"","overlay-color":"","overlay-opacity":"","overlay-gradient":""},"mobile":{"background-color":"var(--ast-global-color-5)","background-image":"","background-repeat":"repeat","background-position":"center center","background-size":"auto","background-attachment":"scroll","background-type":"","background-media":"","overlay-type":"","overlay-color":"","overlay-opacity":"","overlay-gradient":""}},"footnotes":""},"class_list":["post-908","page","type-page","status-publish","hentry"],"post_mailing_queue_ids":[],"_links":{"self":[{"href":"https:\/\/agora.xtec.cat\/escolataiala\/wp-json\/wp\/v2\/pages\/908","targetHints":{"allow":["GET"]}}],"collection":[{"href":"https:\/\/agora.xtec.cat\/escolataiala\/wp-json\/wp\/v2\/pages"}],"about":[{"href":"https:\/\/agora.xtec.cat\/escolataiala\/wp-json\/wp\/v2\/types\/page"}],"author":[{"embeddable":true,"href":"https:\/\/agora.xtec.cat\/escolataiala\/wp-json\/wp\/v2\/users\/1"}],"replies":[{"embeddable":true,"href":"https:\/\/agora.xtec.cat\/escolataiala\/wp-json\/wp\/v2\/comments?post=908"}],"version-history":[{"count":3,"href":"https:\/\/agora.xtec.cat\/escolataiala\/wp-json\/wp\/v2\/pages\/908\/revisions"}],"predecessor-version":[{"id":911,"href":"https:\/\/agora.xtec.cat\/escolataiala\/wp-json\/wp\/v2\/pages\/908\/revisions\/911"}],"up":[{"embeddable":true,"href":"https:\/\/agora.xtec.cat\/escolataiala\/wp-json\/wp\/v2\/pages\/22"}],"wp:attachment":[{"href":"https:\/\/agora.xtec.cat\/escolataiala\/wp-json\/wp\/v2\/media?parent=908"}],"curies":[{"name":"wp","href":"https:\/\/api.w.org\/{rel}","templated":true}]}}