{"id":883,"date":"2021-02-10T17:19:41","date_gmt":"2021-02-10T16:19:41","guid":{"rendered":"https:\/\/agora.xtec.cat\/escolataiala\/?page_id=883"},"modified":"2021-02-10T17:31:59","modified_gmt":"2021-02-10T16:31:59","slug":"el-nostre-objectiu","status":"publish","type":"page","link":"https:\/\/agora.xtec.cat\/escolataiala\/lescola\/el-nostre-objectiu\/","title":{"rendered":"El nostre objectiu"},"content":{"rendered":"<p style=\"text-align: justify;\"><span style=\"font-weight: 400;\">Volem aconseguir que el nostre alumnat tingui una bona <\/span><b>compet\u00e8ncia comunicativa<\/b><span style=\"font-weight: 400;\"> en catal\u00e0, castell\u00e0 i un bon domini de l\u2019angl\u00e8s per tal d\u2019afavorir l\u2019\u00e8xit acad\u00e8mic.<\/span><\/p>\n<p style=\"text-align: justify;\"><span style=\"font-weight: 400;\">Volem potenciar la <\/span><b>compet\u00e8ncia matem\u00e0tica<\/b><span style=\"font-weight: 400;\"> amb activitats properes als alumnes, significatives i manipulatives.<\/span><\/p>\n<p style=\"text-align: justify;\"><span style=\"font-weight: 400;\">Volem ser una escola oberta, <\/span><b>innovadora<\/b> <span style=\"font-weight: 400;\">i propera a les fam\u00edlies. Una escola que es relacioni i cooperi amb el barri i els serveis propers i que el nostre centre sigui un punt de refer\u00e8ncia per a l\u2019educaci\u00f3 dels infants de Taial\u00e0.<\/span><\/p>\n<p style=\"text-align: justify;\"><span style=\"font-weight: 400;\">Volem ser una escola amb habilitats <\/span><b>c<\/b><b>reatives<\/b><span style=\"font-weight: 400;\">, <\/span><b>art\u00edstiques<\/b><span style=\"font-weight: 400;\"> i <\/span><b>cient\u00edfiques<\/b><span style=\"font-weight: 400;\"> i que estigui al dia de\u00a0 les <\/span><b>tecnologies per a l\u2019aprenentatge i el coneixement<\/b><span style=\"font-weight: 400;\">.<\/span><\/p>\n<p style=\"text-align: justify;\"><span style=\"font-weight: 400;\">Volem que l\u2019alumnat sigui aut\u00f2nom, amb <\/span><b>esperit cr\u00edtic<\/b><span style=\"font-weight: 400;\"> i capacitat d\u2019adaptaci\u00f3 per resoldre situacions de la realitat amb una actitud positiva, tenint en compte el seu <\/span><b>benestar emocional i personal<\/b><span style=\"font-weight: 400;\">.<\/span><\/p>\n<p style=\"text-align: justify;\"><span style=\"font-weight: 400;\">Volem que el nostre alumnat <\/span><b>aprengui a aprendre<\/b> <span style=\"font-weight: 400;\">per formar-se al llarg de la seva vida.<\/span><\/p>\n<p style=\"text-align: justify;\"><span style=\"font-weight: 400;\">Volem que l\u2019escola sigui el lloc on el nen aprengui les habilitats socials i els aprenentatges significatius que l\u2019ajudin a convertir-se en un ciutad\u00e0 competent tot respectant els seus ritmes d\u2019aprenentatge i les seves <\/span><b>habilitats i capacitats<\/b><span style=\"font-weight: 400;\">.<\/span><\/p>\n","protected":false},"excerpt":{"rendered":"<p>Volem aconseguir que el nostre alumnat tingui una bona compet\u00e8ncia comunicativa en catal\u00e0, castell\u00e0 i un bon domini de l\u2019angl\u00e8s per tal d\u2019afavorir l\u2019\u00e8xit acad\u00e8mic. Volem potenciar la compet\u00e8ncia matem\u00e0tica amb activitats properes als alumnes, significatives i manipulatives. Volem ser una escola oberta, innovadora i propera a les fam\u00edlies. Una escola que es relacioni i [&hellip;]<\/p>\n","protected":false},"author":1,"featured_media":0,"parent":22,"menu_order":50,"comment_status":"closed","ping_status":"closed","template":"page-templates\/side-menu.php","meta":{"_bbp_topic_count":0,"_bbp_reply_count":0,"_bbp_total_topic_count":0,"_bbp_total_reply_count":0,"_bbp_voice_count":0,"_bbp_anonymous_reply_count":0,"_bbp_topic_count_hidden":0,"_bbp_reply_count_hidden":0,"_bbp_forum_subforum_count":0,"site-sidebar-layout":"default","site-content-layout":"","ast-site-content-layout":"","site-content-style":"default","site-sidebar-style":"default","ast-global-header-display":"","ast-banner-title-visibility":"","ast-main-header-display":"","ast-hfb-above-header-display":"","ast-hfb-below-header-display":"","ast-hfb-mobile-header-display":"","site-post-title":"","ast-breadcrumbs-content":"","ast-featured-img":"","footer-sml-layout":"","theme-transparent-header-meta":"","adv-header-id-meta":"","stick-header-meta":"","header-above-stick-meta":"","header-main-stick-meta":"","header-below-stick-meta":"","astra-migrate-meta-layouts":"default","ast-page-background-enabled":"default","ast-page-background-meta":{"desktop":{"background-color":"var(--ast-global-color-4)","background-image":"","background-repeat":"repeat","background-position":"center center","background-size":"auto","background-attachment":"scroll","background-type":"","background-media":"","overlay-type":"","overlay-color":"","overlay-opacity":"","overlay-gradient":""},"tablet":{"background-color":"","background-image":"","background-repeat":"repeat","background-position":"center center","background-size":"auto","background-attachment":"scroll","background-type":"","background-media":"","overlay-type":"","overlay-color":"","overlay-opacity":"","overlay-gradient":""},"mobile":{"background-color":"","background-image":"","background-repeat":"repeat","background-position":"center center","background-size":"auto","background-attachment":"scroll","background-type":"","background-media":"","overlay-type":"","overlay-color":"","overlay-opacity":"","overlay-gradient":""}},"ast-content-background-meta":{"desktop":{"background-color":"var(--ast-global-color-5)","background-image":"","background-repeat":"repeat","background-position":"center center","background-size":"auto","background-attachment":"scroll","background-type":"","background-media":"","overlay-type":"","overlay-color":"","overlay-opacity":"","overlay-gradient":""},"tablet":{"background-color":"var(--ast-global-color-5)","background-image":"","background-repeat":"repeat","background-position":"center center","background-size":"auto","background-attachment":"scroll","background-type":"","background-media":"","overlay-type":"","overlay-color":"","overlay-opacity":"","overlay-gradient":""},"mobile":{"background-color":"var(--ast-global-color-5)","background-image":"","background-repeat":"repeat","background-position":"center center","background-size":"auto","background-attachment":"scroll","background-type":"","background-media":"","overlay-type":"","overlay-color":"","overlay-opacity":"","overlay-gradient":""}},"footnotes":""},"class_list":["post-883","page","type-page","status-publish","hentry"],"post_mailing_queue_ids":[],"_links":{"self":[{"href":"https:\/\/agora.xtec.cat\/escolataiala\/wp-json\/wp\/v2\/pages\/883","targetHints":{"allow":["GET"]}}],"collection":[{"href":"https:\/\/agora.xtec.cat\/escolataiala\/wp-json\/wp\/v2\/pages"}],"about":[{"href":"https:\/\/agora.xtec.cat\/escolataiala\/wp-json\/wp\/v2\/types\/page"}],"author":[{"embeddable":true,"href":"https:\/\/agora.xtec.cat\/escolataiala\/wp-json\/wp\/v2\/users\/1"}],"replies":[{"embeddable":true,"href":"https:\/\/agora.xtec.cat\/escolataiala\/wp-json\/wp\/v2\/comments?post=883"}],"version-history":[{"count":2,"href":"https:\/\/agora.xtec.cat\/escolataiala\/wp-json\/wp\/v2\/pages\/883\/revisions"}],"predecessor-version":[{"id":899,"href":"https:\/\/agora.xtec.cat\/escolataiala\/wp-json\/wp\/v2\/pages\/883\/revisions\/899"}],"up":[{"embeddable":true,"href":"https:\/\/agora.xtec.cat\/escolataiala\/wp-json\/wp\/v2\/pages\/22"}],"wp:attachment":[{"href":"https:\/\/agora.xtec.cat\/escolataiala\/wp-json\/wp\/v2\/media?parent=883"}],"curies":[{"name":"wp","href":"https:\/\/api.w.org\/{rel}","templated":true}]}}