{"id":878,"date":"2021-02-10T17:05:48","date_gmt":"2021-02-10T16:05:48","guid":{"rendered":"https:\/\/agora.xtec.cat\/escolataiala\/?page_id=878"},"modified":"2025-06-26T08:40:28","modified_gmt":"2025-06-26T06:40:28","slug":"qui-som","status":"publish","type":"page","link":"https:\/\/agora.xtec.cat\/escolataiala\/lescola\/qui-som\/","title":{"rendered":"Qui som"},"content":{"rendered":"<p style=\"text-align: justify;\"><span style=\"font-weight: 400;\">Som una escola amb una llarga traject\u00f2ria educativa. L&#8217;any 2023 vam celebrar 50 anys.\u00a0<\/span><\/p>\n<p style=\"text-align: justify;\"><span style=\"font-weight: 400;\">Els alumnes s\u00f3n de diferents generacions de fam\u00edlies arrelades al barri de sempre; per tant, podem dir que l\u2019Escola Taial\u00e0 ha estat i \u00e9s una pe\u00e7a clau en el desenvolupament del barri i en la seva cohesi\u00f3 social.<\/span><\/p>\n<p style=\"text-align: justify;\"><span style=\"font-weight: 400;\">L\u2019Associaci\u00f3 de fam\u00edlies dels alumnes (AFA) del nostre centre aposta per oferir activitats extraescolars molt variades per tot l\u2019alumnat. Les fam\u00edlies hi confien i els beneficis s\u2019inverteixen en l\u2019escola.<\/span><\/p>\n<p style=\"text-align: justify;\"><span style=\"font-weight: 400;\">Som una escola amb les instal\u00b7lacions renovades. L\u2019edifici d\u2019educaci\u00f3 infantil i les aules de cicle superior i el gimn\u00e0s es van construir el 2007. Les aules s\u00f3n espaioses i lluminoses. \u00c9s un centre amb moltes aules per poder dur a terme les especialitats i tamb\u00e9 amb moltes possibilitats d\u2019espai per fer desdoblaments, mitjos grups o atenci\u00f3 individualitzada amb els alumnes. L\u2019espai exterior tamb\u00e9 ofereix moltes possibilitats educatives, ja que disposem d&#8217;uns patis molt grans.<\/span><\/p>\n<p style=\"text-align: justify;\"><span style=\"font-weight: 400;\">Som un claustre din\u00e0mic, actiu i amb moltes ganes d\u2019educar acad\u00e8micament i emocional l&#8217;alumnat que formen part del nostre centre.<\/span><\/p>\n<p style=\"text-align: justify;\"><span style=\"font-weight: 400;\">L\u2019equip directiu actual es va constituir el curs 2019-2020 amb una traject\u00f2ria professional de molts anys a l\u2019Escola Taial\u00e0 i tamb\u00e9 en el m\u00f3n educatiu.<\/span><\/p>\n<p style=\"text-align: justify;\"><span style=\"font-weight: 400;\">En el moment actual, som un centre de doble l\u00ednia, excepte a 1r, on nom\u00e9s tenim un grup.<\/span><\/p>\n<p><!--a=1--><\/p>\n","protected":false},"excerpt":{"rendered":"<p>Som una escola amb una llarga traject\u00f2ria educativa. L&#8217;any 2023 vam celebrar 50 anys.\u00a0 Els alumnes s\u00f3n de diferents generacions de fam\u00edlies arrelades al barri de sempre; per tant, podem dir que l\u2019Escola Taial\u00e0 ha estat i \u00e9s una pe\u00e7a clau en el desenvolupament del barri i en la seva cohesi\u00f3 social. L\u2019Associaci\u00f3 de fam\u00edlies [&hellip;]<\/p>\n","protected":false},"author":1,"featured_media":0,"parent":22,"menu_order":30,"comment_status":"closed","ping_status":"closed","template":"","meta":{"_bbp_topic_count":0,"_bbp_reply_count":0,"_bbp_total_topic_count":0,"_bbp_total_reply_count":0,"_bbp_voice_count":0,"_bbp_anonymous_reply_count":0,"_bbp_topic_count_hidden":0,"_bbp_reply_count_hidden":0,"_bbp_forum_subforum_count":0,"site-sidebar-layout":"default","site-content-layout":"","ast-site-content-layout":"default","site-content-style":"default","site-sidebar-style":"default","ast-global-header-display":"","ast-banner-title-visibility":"","ast-main-header-display":"","ast-hfb-above-header-display":"","ast-hfb-below-header-display":"","ast-hfb-mobile-header-display":"","site-post-title":"","ast-breadcrumbs-content":"","ast-featured-img":"","footer-sml-layout":"","theme-transparent-header-meta":"default","adv-header-id-meta":"","stick-header-meta":"","header-above-stick-meta":"","header-main-stick-meta":"","header-below-stick-meta":"","astra-migrate-meta-layouts":"set","ast-page-background-enabled":"default","ast-page-background-meta":{"desktop":{"background-color":"var(--ast-global-color-4)","background-image":"","background-repeat":"repeat","background-position":"center center","background-size":"auto","background-attachment":"scroll","background-type":"","background-media":"","overlay-type":"","overlay-color":"","overlay-opacity":"","overlay-gradient":""},"tablet":{"background-color":"","background-image":"","background-repeat":"repeat","background-position":"center center","background-size":"auto","background-attachment":"scroll","background-type":"","background-media":"","overlay-type":"","overlay-color":"","overlay-opacity":"","overlay-gradient":""},"mobile":{"background-color":"","background-image":"","background-repeat":"repeat","background-position":"center center","background-size":"auto","background-attachment":"scroll","background-type":"","background-media":"","overlay-type":"","overlay-color":"","overlay-opacity":"","overlay-gradient":""}},"ast-content-background-meta":{"desktop":{"background-color":"var(--ast-global-color-5)","background-image":"","background-repeat":"repeat","background-position":"center center","background-size":"auto","background-attachment":"scroll","background-type":"","background-media":"","overlay-type":"","overlay-color":"","overlay-opacity":"","overlay-gradient":""},"tablet":{"background-color":"var(--ast-global-color-5)","background-image":"","background-repeat":"repeat","background-position":"center center","background-size":"auto","background-attachment":"scroll","background-type":"","background-media":"","overlay-type":"","overlay-color":"","overlay-opacity":"","overlay-gradient":""},"mobile":{"background-color":"var(--ast-global-color-5)","background-image":"","background-repeat":"repeat","background-position":"center center","background-size":"auto","background-attachment":"scroll","background-type":"","background-media":"","overlay-type":"","overlay-color":"","overlay-opacity":"","overlay-gradient":""}},"footnotes":""},"class_list":["post-878","page","type-page","status-publish","hentry"],"post_mailing_queue_ids":[],"_links":{"self":[{"href":"https:\/\/agora.xtec.cat\/escolataiala\/wp-json\/wp\/v2\/pages\/878","targetHints":{"allow":["GET"]}}],"collection":[{"href":"https:\/\/agora.xtec.cat\/escolataiala\/wp-json\/wp\/v2\/pages"}],"about":[{"href":"https:\/\/agora.xtec.cat\/escolataiala\/wp-json\/wp\/v2\/types\/page"}],"author":[{"embeddable":true,"href":"https:\/\/agora.xtec.cat\/escolataiala\/wp-json\/wp\/v2\/users\/1"}],"replies":[{"embeddable":true,"href":"https:\/\/agora.xtec.cat\/escolataiala\/wp-json\/wp\/v2\/comments?post=878"}],"version-history":[{"count":4,"href":"https:\/\/agora.xtec.cat\/escolataiala\/wp-json\/wp\/v2\/pages\/878\/revisions"}],"predecessor-version":[{"id":17860,"href":"https:\/\/agora.xtec.cat\/escolataiala\/wp-json\/wp\/v2\/pages\/878\/revisions\/17860"}],"up":[{"embeddable":true,"href":"https:\/\/agora.xtec.cat\/escolataiala\/wp-json\/wp\/v2\/pages\/22"}],"wp:attachment":[{"href":"https:\/\/agora.xtec.cat\/escolataiala\/wp-json\/wp\/v2\/media?parent=878"}],"curies":[{"name":"wp","href":"https:\/\/api.w.org\/{rel}","templated":true}]}}