{"id":802,"date":"2021-01-22T10:37:49","date_gmt":"2021-01-22T09:37:49","guid":{"rendered":"https:\/\/agora.xtec.cat\/escolataiala\/?page_id=802"},"modified":"2021-02-10T18:39:28","modified_gmt":"2021-02-10T17:39:28","slug":"dinantia","status":"publish","type":"page","link":"https:\/\/agora.xtec.cat\/escolataiala\/lescola\/dinantia\/","title":{"rendered":"Dinantia"},"content":{"rendered":"<p style=\"text-align: justify;\">A L&#8217;Escola Taial\u00e0 apostem per les noves tecnologies i per l&#8217;estalvi de l&#8217;\u00fas de paper com a forma de comunicaci\u00f3. Per aquest motiu vam decidir comen\u00e7ar a utilitzar a partir del setembre del 2020 l&#8217;aplicaci\u00f3 m\u00f2bil <a href=\"http:\/\/dinantia.com\/\" target=\"_blank\" rel=\"noreferrer noopener\"><b>Dinantia<\/b><\/a>\u00a0per a la\u00a0<b>comunicaci\u00f3 entre el centre i les fam\u00edlies<\/b>. Es tracta d&#8217;una nova eina senzilla i r\u00e0pida.<\/p>\n<p style=\"text-align: justify;\">Amb Dinantia\u00a0<b>rebreu en el vostre tel\u00e8fon m\u00f2bil les notificacions<\/b>\u00a0oficials de l&#8217;escola, els <strong>pagaments<\/strong> de quotes, <strong>informaci\u00f3 directa i immediata<\/strong>, recordatoris importants, etc.<\/p>\n<p style=\"text-align: justify;\">Donar-se d&#8217;alta \u00e9s molt senzill, nom\u00e9s heu de seguir les instruccions que figuren al seg\u00fcent enlla\u00e7:<a href=\"https:\/\/app.dinantia.com\/files\/common\/dinantia-instalacio-inicial-ca-27-9.pdf\" target=\"_blank\" rel=\"noreferrer noopener\">http:\/\/dinantia.com\/mkt\/Dinantia_instalacio.pdf<\/a>.<\/p>\n<p style=\"text-align: justify;\">La desc\u00e0rrega <strong>\u00e9s gratu\u00efta<\/strong> i pot instal\u00b7lar-se amb un \u00fanic compte en diversos dispositius.<\/p>\n<p style=\"text-align: justify;\">\u00c9s molt important que, tal i com es detalla al document,\u00a0<b>creeu un PIN que us servir\u00e0 per signar determinats documents<\/b>, que tindran validesa legal.<\/p>\n<p style=\"text-align: justify;\">Un cop donats d&#8217;alta, rebreu autom\u00e0ticament en el vostre dispositiu els missatges enviats des del centre\u00a0<b>en forma de notificaci\u00f3 push en el tel\u00e8fon m\u00f2bil o tauleta on tingueu instal\u00b7lada l\u2019aplicaci\u00f3<\/b>.<\/p>\n","protected":false},"excerpt":{"rendered":"<p>A L&#8217;Escola Taial\u00e0 apostem per les noves tecnologies i per l&#8217;estalvi de l&#8217;\u00fas de paper com a forma de comunicaci\u00f3. Per aquest motiu vam decidir comen\u00e7ar a utilitzar a partir del setembre del 2020 l&#8217;aplicaci\u00f3 m\u00f2bil Dinantia\u00a0per a la\u00a0comunicaci\u00f3 entre el centre i les fam\u00edlies. Es tracta d&#8217;una nova eina senzilla i r\u00e0pida. Amb Dinantia\u00a0rebreu [&hellip;]<\/p>\n","protected":false},"author":1,"featured_media":0,"parent":22,"menu_order":140,"comment_status":"closed","ping_status":"closed","template":"page-templates\/side-menu.php","meta":{"_bbp_topic_count":0,"_bbp_reply_count":0,"_bbp_total_topic_count":0,"_bbp_total_reply_count":0,"_bbp_voice_count":0,"_bbp_anonymous_reply_count":0,"_bbp_topic_count_hidden":0,"_bbp_reply_count_hidden":0,"_bbp_forum_subforum_count":0,"site-sidebar-layout":"default","site-content-layout":"","ast-site-content-layout":"","site-content-style":"default","site-sidebar-style":"default","ast-global-header-display":"","ast-banner-title-visibility":"","ast-main-header-display":"","ast-hfb-above-header-display":"","ast-hfb-below-header-display":"","ast-hfb-mobile-header-display":"","site-post-title":"","ast-breadcrumbs-content":"","ast-featured-img":"","footer-sml-layout":"","theme-transparent-header-meta":"","adv-header-id-meta":"","stick-header-meta":"","header-above-stick-meta":"","header-main-stick-meta":"","header-below-stick-meta":"","astra-migrate-meta-layouts":"default","ast-page-background-enabled":"default","ast-page-background-meta":{"desktop":{"background-color":"var(--ast-global-color-4)","background-image":"","background-repeat":"repeat","background-position":"center center","background-size":"auto","background-attachment":"scroll","background-type":"","background-media":"","overlay-type":"","overlay-color":"","overlay-opacity":"","overlay-gradient":""},"tablet":{"background-color":"","background-image":"","background-repeat":"repeat","background-position":"center center","background-size":"auto","background-attachment":"scroll","background-type":"","background-media":"","overlay-type":"","overlay-color":"","overlay-opacity":"","overlay-gradient":""},"mobile":{"background-color":"","background-image":"","background-repeat":"repeat","background-position":"center center","background-size":"auto","background-attachment":"scroll","background-type":"","background-media":"","overlay-type":"","overlay-color":"","overlay-opacity":"","overlay-gradient":""}},"ast-content-background-meta":{"desktop":{"background-color":"var(--ast-global-color-5)","background-image":"","background-repeat":"repeat","background-position":"center center","background-size":"auto","background-attachment":"scroll","background-type":"","background-media":"","overlay-type":"","overlay-color":"","overlay-opacity":"","overlay-gradient":""},"tablet":{"background-color":"var(--ast-global-color-5)","background-image":"","background-repeat":"repeat","background-position":"center center","background-size":"auto","background-attachment":"scroll","background-type":"","background-media":"","overlay-type":"","overlay-color":"","overlay-opacity":"","overlay-gradient":""},"mobile":{"background-color":"var(--ast-global-color-5)","background-image":"","background-repeat":"repeat","background-position":"center center","background-size":"auto","background-attachment":"scroll","background-type":"","background-media":"","overlay-type":"","overlay-color":"","overlay-opacity":"","overlay-gradient":""}},"footnotes":""},"class_list":["post-802","page","type-page","status-publish","hentry"],"post_mailing_queue_ids":[],"_links":{"self":[{"href":"https:\/\/agora.xtec.cat\/escolataiala\/wp-json\/wp\/v2\/pages\/802","targetHints":{"allow":["GET"]}}],"collection":[{"href":"https:\/\/agora.xtec.cat\/escolataiala\/wp-json\/wp\/v2\/pages"}],"about":[{"href":"https:\/\/agora.xtec.cat\/escolataiala\/wp-json\/wp\/v2\/types\/page"}],"author":[{"embeddable":true,"href":"https:\/\/agora.xtec.cat\/escolataiala\/wp-json\/wp\/v2\/users\/1"}],"replies":[{"embeddable":true,"href":"https:\/\/agora.xtec.cat\/escolataiala\/wp-json\/wp\/v2\/comments?post=802"}],"version-history":[{"count":3,"href":"https:\/\/agora.xtec.cat\/escolataiala\/wp-json\/wp\/v2\/pages\/802\/revisions"}],"predecessor-version":[{"id":900,"href":"https:\/\/agora.xtec.cat\/escolataiala\/wp-json\/wp\/v2\/pages\/802\/revisions\/900"}],"up":[{"embeddable":true,"href":"https:\/\/agora.xtec.cat\/escolataiala\/wp-json\/wp\/v2\/pages\/22"}],"wp:attachment":[{"href":"https:\/\/agora.xtec.cat\/escolataiala\/wp-json\/wp\/v2\/media?parent=802"}],"curies":[{"name":"wp","href":"https:\/\/api.w.org\/{rel}","templated":true}]}}