{"id":7,"date":"2014-09-17T15:07:41","date_gmt":"2014-09-17T14:07:41","guid":{"rendered":"http:\/\/agora.xtec.cat\/escolataiala\/?page_id=7"},"modified":"2026-04-29T09:29:54","modified_gmt":"2026-04-29T07:29:54","slug":"pagines-dinici","status":"publish","type":"page","link":"https:\/\/agora.xtec.cat\/escolataiala\/","title":{"rendered":"PREINSCRIPCI\u00d3 I MATR\u00cdCULA CURS 2026-27"},"content":{"rendered":"<p><a href=\"https:\/\/agora.xtec.cat\/escolataiala\/wp-content\/uploads\/usu2111\/2026\/03\/Calendari-preinscripcio-matricula-2026-2027_pages-to-jpg-0001-2-scaled.jpg\"><img loading=\"lazy\" decoding=\"async\" class=\"aligncenter wp-image-18106\" src=\"https:\/\/agora.xtec.cat\/escolataiala\/wp-content\/uploads\/usu2111\/2026\/03\/Calendari-preinscripcio-matricula-2026-2027_pages-to-jpg-0001-2-212x300.jpg\" alt=\"\" width=\"290\" height=\"410\" srcset=\"https:\/\/agora.xtec.cat\/escolataiala\/wp-content\/uploads\/usu2111\/2026\/03\/Calendari-preinscripcio-matricula-2026-2027_pages-to-jpg-0001-2-212x300.jpg 212w, https:\/\/agora.xtec.cat\/escolataiala\/wp-content\/uploads\/usu2111\/2026\/03\/Calendari-preinscripcio-matricula-2026-2027_pages-to-jpg-0001-2-724x1024.jpg 724w, https:\/\/agora.xtec.cat\/escolataiala\/wp-content\/uploads\/usu2111\/2026\/03\/Calendari-preinscripcio-matricula-2026-2027_pages-to-jpg-0001-2-768x1086.jpg 768w, https:\/\/agora.xtec.cat\/escolataiala\/wp-content\/uploads\/usu2111\/2026\/03\/Calendari-preinscripcio-matricula-2026-2027_pages-to-jpg-0001-2-1086x1536.jpg 1086w, https:\/\/agora.xtec.cat\/escolataiala\/wp-content\/uploads\/usu2111\/2026\/03\/Calendari-preinscripcio-matricula-2026-2027_pages-to-jpg-0001-2-1448x2048.jpg 1448w, https:\/\/agora.xtec.cat\/escolataiala\/wp-content\/uploads\/usu2111\/2026\/03\/Calendari-preinscripcio-matricula-2026-2027_pages-to-jpg-0001-2-scaled.jpg 1810w\" sizes=\"auto, (max-width: 290px) 100vw, 290px\" \/><\/a><\/p>\n<h3 style=\"text-align: center;\"><a href=\"https:\/\/drive.google.com\/file\/d\/1CzEL2J_wcdIGD_Jvxi1S9eth5U7Bceqz\/view?usp=sharing\" target=\"_blank\" rel=\"noopener\">PUBLICACI\u00d3 DE L&#8217;OFERTA INICIAL DE PLACES<\/a><\/h3>\n<h3 style=\"text-align: center;\"><a href=\"https:\/\/drive.google.com\/file\/d\/1UsXSCfPK3VXSY0eOymi1EMpL-rSrOtBu\/view?usp=sharing\" target=\"_blank\" rel=\"noopener\">LLISTA DE SOL\u00b7LICITUDS DE PREINSCRIPCI\u00d3 AL CENTRE AMB LES RECLAMACIONS RESOLTES<\/a><\/h3>\n<h5 style=\"text-align: center;\"><a href=\"https:\/\/drive.google.com\/file\/d\/1yKXbxkvZ9vLmVHueX5N6JL7i2jyx5XT3\/view?usp=sharing\" target=\"_blank\" rel=\"noopener\"><img loading=\"lazy\" decoding=\"async\" class=\"aligncenter wp-image-18205\" src=\"https:\/\/agora.xtec.cat\/escolataiala\/wp-content\/uploads\/usu2111\/2026\/04\/Sorteig-300x233.jpeg\" alt=\"\" width=\"299\" height=\"232\" srcset=\"https:\/\/agora.xtec.cat\/escolataiala\/wp-content\/uploads\/usu2111\/2026\/04\/Sorteig-300x233.jpeg 300w, https:\/\/agora.xtec.cat\/escolataiala\/wp-content\/uploads\/usu2111\/2026\/04\/Sorteig.jpeg 555w\" sizes=\"auto, (max-width: 299px) 100vw, 299px\" \/><\/a><\/h5>\n<h3 style=\"text-align: center;\"><a href=\"https:\/\/drive.google.com\/file\/d\/1yKXbxkvZ9vLmVHueX5N6JL7i2jyx5XT3\/view?usp=sharing\" target=\"_blank\" rel=\"noopener\">PUBLICACI\u00d3 DE LA LLISTA DE SOL\u00b7LICITUDS QUE HAN DEMANAT EL CENTRE I L&#8217;ENSENYAMENT EN PRIMERA OPCI\u00d3 ORDENADA<\/a><\/h3>\n<h4 style=\"text-align: center;\">TROBAREU TOTA LA INFORMACI\u00d3 ALS SEG\u00dcENTS ENLLA\u00c7OS:<\/h4>\n<p style=\"text-align: center;\"><span style=\"text-decoration: underline;\"><a href=\"https:\/\/web.girona.cat\/educacio\/escolaritzacio\/3-16\" target=\"_blank\" rel=\"noopener\"><strong>WEB DE L&#8217;OFICINA MUNICIPAL D&#8217;ESCOLARITZACI\u00d3 DE L&#8217;AJUNTAMENT DE GIRONA<\/strong><\/a><\/span><\/p>\n<p style=\"text-align: center;\"><span style=\"text-decoration: underline;\"><strong><a href=\"https:\/\/preinscripcio.gencat.cat\/ca\/inici\/index.html\" target=\"_blank\" rel=\"noopener\">WEB DEL DEPARTAMENT D&#8217;EDUCACI\u00d3 ON FER LA PREINSCRIPCI\u00d3<\/a><\/strong><\/span><\/p>\n","protected":false},"excerpt":{"rendered":"<p>PUBLICACI\u00d3 DE L&#8217;OFERTA INICIAL DE PLACES LLISTA DE SOL\u00b7LICITUDS DE PREINSCRIPCI\u00d3 AL CENTRE AMB LES RECLAMACIONS RESOLTES PUBLICACI\u00d3 DE LA LLISTA DE SOL\u00b7LICITUDS QUE HAN DEMANAT EL CENTRE I L&#8217;ENSENYAMENT EN PRIMERA OPCI\u00d3 ORDENADA TROBAREU TOTA LA INFORMACI\u00d3 ALS SEG\u00dcENTS ENLLA\u00c7OS: WEB DE L&#8217;OFICINA MUNICIPAL D&#8217;ESCOLARITZACI\u00d3 DE L&#8217;AJUNTAMENT DE GIRONA WEB DEL DEPARTAMENT D&#8217;EDUCACI\u00d3 ON [&hellip;]<\/p>\n","protected":false},"author":1,"featured_media":0,"parent":0,"menu_order":0,"comment_status":"closed","ping_status":"closed","template":"","meta":{"_bbp_topic_count":0,"_bbp_reply_count":0,"_bbp_total_topic_count":0,"_bbp_total_reply_count":0,"_bbp_voice_count":0,"_bbp_anonymous_reply_count":0,"_bbp_topic_count_hidden":0,"_bbp_reply_count_hidden":0,"_bbp_forum_subforum_count":0,"site-sidebar-layout":"default","site-content-layout":"","ast-site-content-layout":"default","site-content-style":"default","site-sidebar-style":"default","ast-global-header-display":"","ast-banner-title-visibility":"","ast-main-header-display":"","ast-hfb-above-header-display":"","ast-hfb-below-header-display":"","ast-hfb-mobile-header-display":"","site-post-title":"","ast-breadcrumbs-content":"","ast-featured-img":"","footer-sml-layout":"","theme-transparent-header-meta":"default","adv-header-id-meta":"","stick-header-meta":"","header-above-stick-meta":"","header-main-stick-meta":"","header-below-stick-meta":"","astra-migrate-meta-layouts":"set","ast-page-background-enabled":"default","ast-page-background-meta":{"desktop":{"background-color":"var(--ast-global-color-4)","background-image":"","background-repeat":"repeat","background-position":"center center","background-size":"auto","background-attachment":"scroll","background-type":"","background-media":"","overlay-type":"","overlay-color":"","overlay-opacity":"","overlay-gradient":""},"tablet":{"background-color":"","background-image":"","background-repeat":"repeat","background-position":"center center","background-size":"auto","background-attachment":"scroll","background-type":"","background-media":"","overlay-type":"","overlay-color":"","overlay-opacity":"","overlay-gradient":""},"mobile":{"background-color":"","background-image":"","background-repeat":"repeat","background-position":"center center","background-size":"auto","background-attachment":"scroll","background-type":"","background-media":"","overlay-type":"","overlay-color":"","overlay-opacity":"","overlay-gradient":""}},"ast-content-background-meta":{"desktop":{"background-color":"var(--ast-global-color-5)","background-image":"","background-repeat":"repeat","background-position":"center center","background-size":"auto","background-attachment":"scroll","background-type":"","background-media":"","overlay-type":"","overlay-color":"","overlay-opacity":"","overlay-gradient":""},"tablet":{"background-color":"var(--ast-global-color-5)","background-image":"","background-repeat":"repeat","background-position":"center center","background-size":"auto","background-attachment":"scroll","background-type":"","background-media":"","overlay-type":"","overlay-color":"","overlay-opacity":"","overlay-gradient":""},"mobile":{"background-color":"var(--ast-global-color-5)","background-image":"","background-repeat":"repeat","background-position":"center center","background-size":"auto","background-attachment":"scroll","background-type":"","background-media":"","overlay-type":"","overlay-color":"","overlay-opacity":"","overlay-gradient":""}},"footnotes":""},"class_list":["post-7","page","type-page","status-publish","hentry"],"post_mailing_queue_ids":[],"_links":{"self":[{"href":"https:\/\/agora.xtec.cat\/escolataiala\/wp-json\/wp\/v2\/pages\/7","targetHints":{"allow":["GET"]}}],"collection":[{"href":"https:\/\/agora.xtec.cat\/escolataiala\/wp-json\/wp\/v2\/pages"}],"about":[{"href":"https:\/\/agora.xtec.cat\/escolataiala\/wp-json\/wp\/v2\/types\/page"}],"author":[{"embeddable":true,"href":"https:\/\/agora.xtec.cat\/escolataiala\/wp-json\/wp\/v2\/users\/1"}],"replies":[{"embeddable":true,"href":"https:\/\/agora.xtec.cat\/escolataiala\/wp-json\/wp\/v2\/comments?post=7"}],"version-history":[{"count":7,"href":"https:\/\/agora.xtec.cat\/escolataiala\/wp-json\/wp\/v2\/pages\/7\/revisions"}],"predecessor-version":[{"id":18223,"href":"https:\/\/agora.xtec.cat\/escolataiala\/wp-json\/wp\/v2\/pages\/7\/revisions\/18223"}],"wp:attachment":[{"href":"https:\/\/agora.xtec.cat\/escolataiala\/wp-json\/wp\/v2\/media?parent=7"}],"curies":[{"name":"wp","href":"https:\/\/api.w.org\/{rel}","templated":true}]}}