{"id":595,"date":"2021-01-18T17:59:07","date_gmt":"2021-01-18T16:59:07","guid":{"rendered":"https:\/\/agora.xtec.cat\/escolataiala\/?page_id=595"},"modified":"2025-06-25T13:38:17","modified_gmt":"2025-06-25T11:38:17","slug":"videos","status":"publish","type":"page","link":"https:\/\/agora.xtec.cat\/escolataiala\/videos\/","title":{"rendered":"V\u00eddeos"},"content":{"rendered":"<p>Aqu\u00ed podeu veure un recull dels diferents v\u00eddeos que anem editant:<\/p>\n<ul>\n<li><a href=\"https:\/\/youtu.be\/5qQSgd9wQlU\" target=\"_blank\" rel=\"noopener\">Les biblioteques d&#8217;aula &#8211; Octubre 2022<\/a><\/li>\n<li><a href=\"https:\/\/photos.app.goo.gl\/Gi1sUwDQG1cm124R9\" target=\"_blank\" rel=\"noopener\">La Marat\u00f3 TV3 (Salut mental) &#8211; Desembre 2021<\/a><\/li>\n<li><a href=\"https:\/\/photos.app.goo.gl\/X61YyMq4oXAHyr9x5\" target=\"_blank\" rel=\"noopener\">Comencem un nou curs &#8211; Setembre 2021<\/a><\/li>\n<li><a href=\"https:\/\/photos.google.com\/share\/AF1QipOex2Blrv2TUyPsZK0RTIykeqqljQIvB9IVmGYU13HjeCjuZw_XA6e_vRFzMIUMkQ?pli=1&amp;key=aTJrSm9OM3phTzlQMFA5Z01FMDFxT3daaTZNQTR3\" target=\"_blank\" rel=\"noopener noreferrer\">Espectacle comiat alumnes de 6\u00e8 &#8211; Juny 2021<\/a><\/li>\n<li><a href=\"https:\/\/youtu.be\/bf5DXSwu6GQ?list=PLRLkQbd_jbtFkMlBJBY-gxbdrwIAipwpv\" target=\"_blank\" rel=\"noopener noreferrer\">Curtmetratges amb valors (alumnes de 5\u00e8 D)<\/a><\/li>\n<li><a href=\"https:\/\/photos.app.goo.gl\/VTpQhpMdtGz9Zwev9\" target=\"_blank\" rel=\"noopener noreferrer\">Lectura viva 2021 (alumnes de 3r, 4t i 5\u00e8 &#8211; St. Jordi)<\/a><\/li>\n<li><a href=\"https:\/\/youtu.be\/vL-_CjS_FMM\" target=\"_blank\" rel=\"noopener noreferrer\">Moments en el dia a dia a la nostra escola (Portes Obertes 2021)<\/a><\/li>\n<li><a href=\"https:\/\/photos.app.goo.gl\/SqpqKUDuLzGRv2766\" target=\"_blank\" rel=\"noopener noreferrer\">Setmana Cultural Disney 2021<\/a><\/li>\n<li><a href=\"https:\/\/photos.app.goo.gl\/JivnFUJqZMBCxfSY6\" target=\"_blank\" rel=\"noopener noreferrer\">Dia de la Pau 2021<\/a><\/li>\n<li><a href=\"https:\/\/photos.app.goo.gl\/roeF9cJcsaMfJc1L6\" target=\"_blank\" rel=\"noopener noreferrer\">Pessebre vivent Nadal 2020<\/a><\/li>\n<li><a href=\"https:\/\/youtu.be\/6w3pboO7JW4\" target=\"_blank\" rel=\"noopener noreferrer\">Les veus de la nostra escola (opinions de fam\u00edlies i alumnes)<\/a><\/li>\n<li><a href=\"https:\/\/youtu.be\/VNUe3HoroSc\" target=\"_blank\" rel=\"noopener noreferrer\">La Cursa Solid\u00e0ria<\/a><\/li>\n<li><a href=\"https:\/\/drive.google.com\/file\/d\/1Zmah_TTrVmdD63SzzTktDVtnROx4QdEB\/view?usp=sharing\" target=\"_blank\" rel=\"noopener noreferrer\">Comiat del curs 2019\/20 (19\/06\/20 &#8211; Durant el confinament)<\/a><\/li>\n<li><a href=\"https:\/\/drive.google.com\/file\/d\/1Z5dkEsDBSM6s006R8s4-BJVHfqo60US3\/view?usp=sharing\" target=\"_blank\" rel=\"noopener noreferrer\">Sant Jordi 2020 (23\/04\/20 &#8211; Durant el confinament)<\/a><\/li>\n<li><a href=\"https:\/\/drive.google.com\/file\/d\/1sFc_r-SXvYxiJoHhhRcl-4ZHlSGQr3kP\/view\" target=\"_blank\" rel=\"noopener noreferrer\">\u00c0nims als nostres alumnes (31\/03\/20 &#8211; Durant el confinament)<\/a><\/li>\n<\/ul>\n<p><!--a=1--><\/p>\n","protected":false},"excerpt":{"rendered":"<p>Aqu\u00ed podeu veure un recull dels diferents v\u00eddeos que anem editant: Les biblioteques d&#8217;aula &#8211; Octubre 2022 La Marat\u00f3 TV3 (Salut mental) &#8211; Desembre 2021 Comencem un nou curs &#8211; Setembre 2021 Espectacle comiat alumnes de 6\u00e8 &#8211; Juny 2021 Curtmetratges amb valors (alumnes de 5\u00e8 D) Lectura viva 2021 (alumnes de 3r, 4t i [&hellip;]<\/p>\n","protected":false},"author":1,"featured_media":0,"parent":0,"menu_order":0,"comment_status":"closed","ping_status":"closed","template":"","meta":{"_bbp_topic_count":0,"_bbp_reply_count":0,"_bbp_total_topic_count":0,"_bbp_total_reply_count":0,"_bbp_voice_count":0,"_bbp_anonymous_reply_count":0,"_bbp_topic_count_hidden":0,"_bbp_reply_count_hidden":0,"_bbp_forum_subforum_count":0,"site-sidebar-layout":"default","site-content-layout":"","ast-site-content-layout":"default","site-content-style":"default","site-sidebar-style":"default","ast-global-header-display":"","ast-banner-title-visibility":"","ast-main-header-display":"","ast-hfb-above-header-display":"","ast-hfb-below-header-display":"","ast-hfb-mobile-header-display":"","site-post-title":"","ast-breadcrumbs-content":"","ast-featured-img":"","footer-sml-layout":"","theme-transparent-header-meta":"default","adv-header-id-meta":"","stick-header-meta":"","header-above-stick-meta":"","header-main-stick-meta":"","header-below-stick-meta":"","astra-migrate-meta-layouts":"set","ast-page-background-enabled":"default","ast-page-background-meta":{"desktop":{"background-color":"var(--ast-global-color-4)","background-image":"","background-repeat":"repeat","background-position":"center center","background-size":"auto","background-attachment":"scroll","background-type":"","background-media":"","overlay-type":"","overlay-color":"","overlay-opacity":"","overlay-gradient":""},"tablet":{"background-color":"","background-image":"","background-repeat":"repeat","background-position":"center center","background-size":"auto","background-attachment":"scroll","background-type":"","background-media":"","overlay-type":"","overlay-color":"","overlay-opacity":"","overlay-gradient":""},"mobile":{"background-color":"","background-image":"","background-repeat":"repeat","background-position":"center center","background-size":"auto","background-attachment":"scroll","background-type":"","background-media":"","overlay-type":"","overlay-color":"","overlay-opacity":"","overlay-gradient":""}},"ast-content-background-meta":{"desktop":{"background-color":"var(--ast-global-color-5)","background-image":"","background-repeat":"repeat","background-position":"center center","background-size":"auto","background-attachment":"scroll","background-type":"","background-media":"","overlay-type":"","overlay-color":"","overlay-opacity":"","overlay-gradient":""},"tablet":{"background-color":"var(--ast-global-color-5)","background-image":"","background-repeat":"repeat","background-position":"center center","background-size":"auto","background-attachment":"scroll","background-type":"","background-media":"","overlay-type":"","overlay-color":"","overlay-opacity":"","overlay-gradient":""},"mobile":{"background-color":"var(--ast-global-color-5)","background-image":"","background-repeat":"repeat","background-position":"center center","background-size":"auto","background-attachment":"scroll","background-type":"","background-media":"","overlay-type":"","overlay-color":"","overlay-opacity":"","overlay-gradient":""}},"footnotes":""},"class_list":["post-595","page","type-page","status-publish","hentry"],"post_mailing_queue_ids":[],"_links":{"self":[{"href":"https:\/\/agora.xtec.cat\/escolataiala\/wp-json\/wp\/v2\/pages\/595","targetHints":{"allow":["GET"]}}],"collection":[{"href":"https:\/\/agora.xtec.cat\/escolataiala\/wp-json\/wp\/v2\/pages"}],"about":[{"href":"https:\/\/agora.xtec.cat\/escolataiala\/wp-json\/wp\/v2\/types\/page"}],"author":[{"embeddable":true,"href":"https:\/\/agora.xtec.cat\/escolataiala\/wp-json\/wp\/v2\/users\/1"}],"replies":[{"embeddable":true,"href":"https:\/\/agora.xtec.cat\/escolataiala\/wp-json\/wp\/v2\/comments?post=595"}],"version-history":[{"count":4,"href":"https:\/\/agora.xtec.cat\/escolataiala\/wp-json\/wp\/v2\/pages\/595\/revisions"}],"predecessor-version":[{"id":17841,"href":"https:\/\/agora.xtec.cat\/escolataiala\/wp-json\/wp\/v2\/pages\/595\/revisions\/17841"}],"wp:attachment":[{"href":"https:\/\/agora.xtec.cat\/escolataiala\/wp-json\/wp\/v2\/media?parent=595"}],"curies":[{"name":"wp","href":"https:\/\/api.w.org\/{rel}","templated":true}]}}