{"id":574,"date":"2021-01-18T16:57:22","date_gmt":"2021-01-18T15:57:22","guid":{"rendered":"https:\/\/agora.xtec.cat\/escolataiala\/?page_id=574"},"modified":"2024-09-09T13:42:07","modified_gmt":"2024-09-09T11:42:07","slug":"autoritzacions","status":"publish","type":"page","link":"https:\/\/agora.xtec.cat\/escolataiala\/projecte-educatiu\/autoritzacions\/","title":{"rendered":"Autoritzacions"},"content":{"rendered":"<p>Feu clic en els seg\u00fcents enlla\u00e7os per poder veure i descarregar-vos les diferents autoritzacions:<\/p>\n<ul>\n<li><a href=\"https:\/\/drive.google.com\/file\/d\/1RTOo4FiHgvsykRl4zSnWReaucvcBvn47\/view?usp=sharing\" target=\"_blank\" rel=\"noopener noreferrer\">Carta de comprom\u00eds educatiu<\/a><\/li>\n<li><a href=\"https:\/\/drive.google.com\/file\/d\/1vcE9idHZmNLFagwWMKLbtCCyxWHsEHeC\/view?usp=sharing\" target=\"_blank\" rel=\"noopener noreferrer\"><span style=\"font-weight: 400;\">Autoritzaci\u00f3 administraci\u00f3 medicaments alumnes amb al\u00b7l\u00e8rgies<\/span><\/a><\/li>\n<li><a href=\"https:\/\/drive.google.com\/file\/d\/1wMmC43SMjto5PmGJdAzeXAi-ulaMC2sJ\/view?usp=sharing\" target=\"_blank\" rel=\"noopener noreferrer\"><span style=\"font-weight: 400;\">Administraci\u00f3 de medicaments<\/span><\/a><\/li>\n<li style=\"font-weight: 400;\"><a href=\"https:\/\/drive.google.com\/file\/d\/1iYqi-lkhllbPDZg-dwUxevkE6SySSJob\/view?usp=sharing\" target=\"_blank\" rel=\"noopener\">Autoritzaci\u00f3 recursos digitals menors de 14 anys<\/a><\/li>\n<li><a href=\"https:\/\/drive.google.com\/file\/d\/1xufRRmUw_dvQ4wyFfTOozeEhdDGE4B4d\/view?usp=sharing\" target=\"_blank\" rel=\"noopener\">Abs\u00e8ncia alumne llarga durada<\/a><\/li>\n<li><a href=\"https:\/\/drive.google.com\/file\/d\/1CZwA933FIRaAosEhqgwNmpb3WEWotFsS\/view?usp=sharing\" target=\"_blank\" rel=\"noopener\">Autoritzaci\u00f3 perqu\u00e8 un alumne reculli un germ\u00e0 petit<\/a><\/li>\n<li><a href=\"https:\/\/drive.google.com\/file\/d\/1b5w4YyMyr4htXGd1bm766IH4bA1Ysdsr\/view?usp=sharing\" target=\"_blank\" rel=\"noopener\">Autoritzaci\u00f3 menors recollir germans<\/a><\/li>\n<\/ul>\n","protected":false},"excerpt":{"rendered":"<p>Feu clic en els seg\u00fcents enlla\u00e7os per poder veure i descarregar-vos les diferents autoritzacions: Carta de comprom\u00eds educatiu Autoritzaci\u00f3 administraci\u00f3 medicaments alumnes amb al\u00b7l\u00e8rgies Administraci\u00f3 de medicaments Autoritzaci\u00f3 recursos digitals menors de 14 anys Abs\u00e8ncia alumne llarga durada Autoritzaci\u00f3 perqu\u00e8 un alumne reculli un germ\u00e0 petit Autoritzaci\u00f3 menors recollir germans<\/p>\n","protected":false},"author":1,"featured_media":0,"parent":64,"menu_order":20,"comment_status":"closed","ping_status":"closed","template":"page-templates\/side-menu.php","meta":{"_bbp_topic_count":0,"_bbp_reply_count":0,"_bbp_total_topic_count":0,"_bbp_total_reply_count":0,"_bbp_voice_count":0,"_bbp_anonymous_reply_count":0,"_bbp_topic_count_hidden":0,"_bbp_reply_count_hidden":0,"_bbp_forum_subforum_count":0,"site-sidebar-layout":"default","site-content-layout":"","ast-site-content-layout":"","site-content-style":"default","site-sidebar-style":"default","ast-global-header-display":"","ast-banner-title-visibility":"","ast-main-header-display":"","ast-hfb-above-header-display":"","ast-hfb-below-header-display":"","ast-hfb-mobile-header-display":"","site-post-title":"","ast-breadcrumbs-content":"","ast-featured-img":"","footer-sml-layout":"","theme-transparent-header-meta":"","adv-header-id-meta":"","stick-header-meta":"","header-above-stick-meta":"","header-main-stick-meta":"","header-below-stick-meta":"","astra-migrate-meta-layouts":"default","ast-page-background-enabled":"default","ast-page-background-meta":{"desktop":{"background-color":"var(--ast-global-color-4)","background-image":"","background-repeat":"repeat","background-position":"center center","background-size":"auto","background-attachment":"scroll","background-type":"","background-media":"","overlay-type":"","overlay-color":"","overlay-opacity":"","overlay-gradient":""},"tablet":{"background-color":"","background-image":"","background-repeat":"repeat","background-position":"center center","background-size":"auto","background-attachment":"scroll","background-type":"","background-media":"","overlay-type":"","overlay-color":"","overlay-opacity":"","overlay-gradient":""},"mobile":{"background-color":"","background-image":"","background-repeat":"repeat","background-position":"center center","background-size":"auto","background-attachment":"scroll","background-type":"","background-media":"","overlay-type":"","overlay-color":"","overlay-opacity":"","overlay-gradient":""}},"ast-content-background-meta":{"desktop":{"background-color":"var(--ast-global-color-5)","background-image":"","background-repeat":"repeat","background-position":"center center","background-size":"auto","background-attachment":"scroll","background-type":"","background-media":"","overlay-type":"","overlay-color":"","overlay-opacity":"","overlay-gradient":""},"tablet":{"background-color":"var(--ast-global-color-5)","background-image":"","background-repeat":"repeat","background-position":"center center","background-size":"auto","background-attachment":"scroll","background-type":"","background-media":"","overlay-type":"","overlay-color":"","overlay-opacity":"","overlay-gradient":""},"mobile":{"background-color":"var(--ast-global-color-5)","background-image":"","background-repeat":"repeat","background-position":"center center","background-size":"auto","background-attachment":"scroll","background-type":"","background-media":"","overlay-type":"","overlay-color":"","overlay-opacity":"","overlay-gradient":""}},"footnotes":""},"class_list":["post-574","page","type-page","status-publish","hentry"],"post_mailing_queue_ids":[],"_links":{"self":[{"href":"https:\/\/agora.xtec.cat\/escolataiala\/wp-json\/wp\/v2\/pages\/574","targetHints":{"allow":["GET"]}}],"collection":[{"href":"https:\/\/agora.xtec.cat\/escolataiala\/wp-json\/wp\/v2\/pages"}],"about":[{"href":"https:\/\/agora.xtec.cat\/escolataiala\/wp-json\/wp\/v2\/types\/page"}],"author":[{"embeddable":true,"href":"https:\/\/agora.xtec.cat\/escolataiala\/wp-json\/wp\/v2\/users\/1"}],"replies":[{"embeddable":true,"href":"https:\/\/agora.xtec.cat\/escolataiala\/wp-json\/wp\/v2\/comments?post=574"}],"version-history":[{"count":5,"href":"https:\/\/agora.xtec.cat\/escolataiala\/wp-json\/wp\/v2\/pages\/574\/revisions"}],"predecessor-version":[{"id":2747,"href":"https:\/\/agora.xtec.cat\/escolataiala\/wp-json\/wp\/v2\/pages\/574\/revisions\/2747"}],"up":[{"embeddable":true,"href":"https:\/\/agora.xtec.cat\/escolataiala\/wp-json\/wp\/v2\/pages\/64"}],"wp:attachment":[{"href":"https:\/\/agora.xtec.cat\/escolataiala\/wp-json\/wp\/v2\/media?parent=574"}],"curies":[{"name":"wp","href":"https:\/\/api.w.org\/{rel}","templated":true}]}}