{"id":549,"date":"2021-01-18T09:43:37","date_gmt":"2021-01-18T08:43:37","guid":{"rendered":"https:\/\/agora.xtec.cat\/escolataiala\/?page_id=549"},"modified":"2025-10-21T15:27:37","modified_gmt":"2025-10-21T13:27:37","slug":"personal-docent-i-altres-professionals","status":"publish","type":"page","link":"https:\/\/agora.xtec.cat\/escolataiala\/lescola\/personal-docent-i-altres-professionals\/","title":{"rendered":"Personal docent i altres professionals"},"content":{"rendered":"<p style=\"text-align: center;\"><a href=\"https:\/\/agora.xtec.cat\/escolataiala\/wp-content\/uploads\/usu2111\/2025\/09\/FOTO-CLAUSTRE-copia.jpeg\"><img loading=\"lazy\" decoding=\"async\" class=\"aligncenter wp-image-17934\" src=\"https:\/\/agora.xtec.cat\/escolataiala\/wp-content\/uploads\/usu2111\/2025\/09\/FOTO-CLAUSTRE-copia-1024x365.jpeg\" alt=\"\" width=\"1263\" height=\"450\" srcset=\"https:\/\/agora.xtec.cat\/escolataiala\/wp-content\/uploads\/usu2111\/2025\/09\/FOTO-CLAUSTRE-copia-1024x365.jpeg 1024w, https:\/\/agora.xtec.cat\/escolataiala\/wp-content\/uploads\/usu2111\/2025\/09\/FOTO-CLAUSTRE-copia-300x107.jpeg 300w, https:\/\/agora.xtec.cat\/escolataiala\/wp-content\/uploads\/usu2111\/2025\/09\/FOTO-CLAUSTRE-copia-768x274.jpeg 768w, https:\/\/agora.xtec.cat\/escolataiala\/wp-content\/uploads\/usu2111\/2025\/09\/FOTO-CLAUSTRE-copia-1536x547.jpeg 1536w, https:\/\/agora.xtec.cat\/escolataiala\/wp-content\/uploads\/usu2111\/2025\/09\/FOTO-CLAUSTRE-copia.jpeg 1931w\" sizes=\"auto, (max-width: 1263px) 100vw, 1263px\" \/><\/a><\/p>\n<p><strong>EQUIP DIRECTIU<\/strong><br \/>\nDirectora: Maria Cabezas<br \/>\nCap d\u2019Estudis: Marc Bellapart<br \/>\nSecret\u00e0ria: L\u00eddia Menchon<\/p>\n<p><strong>EDUCACI\u00d3 INFANTIL<\/strong><br \/>\n<strong>I3A<\/strong>: S\u00edlvia Ereza<\/p>\n<p><strong>I3B<\/strong>: L\u00eddia Pujol i Mariona Moret<\/p>\n<p><strong>TEEI:<\/strong> Marissa Colomer<\/p>\n<p><strong>I4 A:<\/strong>Roc\u00edo P\u00e9rez<\/p>\n<p><strong>I4 B:<\/strong> Gemma Llach<\/p>\n<p><strong>I5A:\u00a0<\/strong>Anna Torrent<\/p>\n<p><strong>I5B:<\/strong> Roser Prunell i Anna Mateu<\/p>\n<p><strong>Psicomotricitat: <\/strong>Berta Rigau (I3), Sandra Sarrinat (I4) i L\u00eddia Mench\u00f3n (I5)<\/p>\n<p><strong>M\u00fasica:<\/strong> Berta Rigau<\/p>\n<p><strong>MALL:<\/strong> Andrea \u00c1lvarez (I3) i Gemma Casals (I4 i I5)<\/p>\n<p><strong>Suports: <\/strong>Cristina Feliu i Magda Robert<\/p>\n<p><strong>Coordinaci\u00f3 Educaci\u00f3 Infantil:<\/strong> Gemma Llach<\/p>\n<p><strong>EDUCACI\u00d3 PRIM\u00c0RIA<\/strong><br \/>\n<strong>1r:<\/strong> Annabel Mart\u00ednez<\/p>\n<p><strong>2n A:<\/strong> Maite Sabater<br \/>\n<strong>2n B:<\/strong> Carme Quintana<\/p>\n<p><strong>Coordinaci\u00f3 Cicle Inicial:<\/strong> Carme Quintana<\/p>\n<p><strong>3r A:<\/strong> Carina Carreras<br \/>\n<strong>3r B:<\/strong> M\u00f2nica Fern\u00e1ndez<\/p>\n<p><strong>4t A:<\/strong> T\u00e0nia Sabri\u00e0<br \/>\n<strong>4t B:<\/strong> Carme Carreras<\/p>\n<p><strong>Coordinaci\u00f3 Cicle Mitj\u00e0:<\/strong> S\u00f2nia Subils<\/p>\n<p><strong>5\u00e8 A:<\/strong> Irene Moratal<br \/>\n<strong>5\u00e8 B:<\/strong> Laura Torres<\/p>\n<p><strong>6\u00e8 A:<\/strong> Josep Talens<br \/>\n<strong>6\u00e8 B:<\/strong> J\u00falia Seriny\u00e0<\/p>\n<p><strong>Coordinaci\u00f3 Cicle Superior:<\/strong> Irene Moratal<\/p>\n<p><strong>ESPECIALITATS<\/strong><br \/>\n<strong>Llengua Estrangera (angl\u00e8s):<\/strong> Rosa Aymerich (1r, 2n, 3r i 4t), Maria Cabezas (d&#8217;I3 a 2n) i Oti G\u00f3mez (5\u00e8 i 6\u00e8)<\/p>\n<p><strong>Educaci\u00f3 F\u00edsica:<\/strong> L\u00eddia Mench\u00f3n (2n) i Neus Oliver (1r i de 3r a 6\u00e8)<\/p>\n<p><strong>M\u00fasica:<\/strong> Raquel Ben\u00edtez<\/p>\n<p><strong>TAC:<\/strong> Sandra Sarrinat (1r, 2n i 3r), Marc Bellapart (4t, 5\u00e8 i 6\u00e8)<\/p>\n<p><strong>Biblioteca:<\/strong> Aurora Pacheco<\/p>\n<p><strong>Religi\u00f3:<\/strong> Aurora Pacheco<\/p>\n<p><strong>Educaci\u00f3 Especial:<\/strong> Magda Robert (1r i 2n), i S\u00f2nia Subils (de 3r a 6\u00e8)<\/p>\n<p><strong>Suports: <\/strong>Sandra Sarrinat i Cristina Feliu<\/p>\n<p><strong>ALP:<\/strong> S\u00edlvia Sancho<\/p>\n<p><strong>Alumnat nouvingut:<\/strong> Oti G\u00f3mez<\/p>\n<p><strong>COORDINACIONS<\/strong><br \/>\n<strong>Coordinaci\u00f3 Digital:<\/strong> Laura Torres<\/p>\n<p><strong>Coordinaci\u00f3 Riscos Laborals:<\/strong> Oti G\u00f3mez<\/p>\n<p><strong>Coordinaci\u00f3 Coeducaci\u00f3, conviv\u00e8ncia i benestar emocional:<\/strong> Magda Robert<\/p>\n<p><strong>Coordinaci\u00f3 LIC:<\/strong> S\u00edlvia Ereza<\/p>\n<p><strong>ALTRES PROFESSIONALS<\/strong><\/p>\n<p><strong>TIS:<\/strong> Estel Hospital<\/p>\n<p><strong>CREDAG:<\/strong> Carolina Creixans<\/p>\n<p><strong>Vetlladores:<\/strong> Adriana Herencia i Aina Arjona<\/p>\n<p><strong>EAP:<\/strong> N\u00faria Massafont<\/p>\n<p><strong>Fisioterapeuta:<\/strong> Neus Martorell<\/p>\n<p><strong>PERSONAL D&#8217;ADMINISTRACI\u00d3 I SERVEIS<\/strong><br \/>\n<strong>Conserge:<\/strong> Joan Castro i Deborah Saura<\/p>\n<p><strong>Administrativa:<\/strong> Cristina Ca\u00f1izares<\/p>\n<p><!--a=1--><\/p>\n<p><!--a=1--><\/p>\n","protected":false},"excerpt":{"rendered":"<p>EQUIP DIRECTIU Directora: Maria Cabezas Cap d\u2019Estudis: Marc Bellapart Secret\u00e0ria: L\u00eddia Menchon EDUCACI\u00d3 INFANTIL I3A: S\u00edlvia Ereza I3B: L\u00eddia Pujol i Mariona Moret TEEI: Marissa Colomer I4 A:Roc\u00edo P\u00e9rez I4 B: Gemma Llach I5A:\u00a0Anna Torrent I5B: Roser Prunell i Anna Mateu Psicomotricitat: Berta Rigau (I3), Sandra Sarrinat (I4) i L\u00eddia Mench\u00f3n (I5) M\u00fasica: Berta Rigau [&hellip;]<\/p>\n","protected":false},"author":1,"featured_media":0,"parent":22,"menu_order":100,"comment_status":"closed","ping_status":"closed","template":"","meta":{"_bbp_topic_count":0,"_bbp_reply_count":0,"_bbp_total_topic_count":0,"_bbp_total_reply_count":0,"_bbp_voice_count":0,"_bbp_anonymous_reply_count":0,"_bbp_topic_count_hidden":0,"_bbp_reply_count_hidden":0,"_bbp_forum_subforum_count":0,"site-sidebar-layout":"default","site-content-layout":"","ast-site-content-layout":"default","site-content-style":"default","site-sidebar-style":"default","ast-global-header-display":"","ast-banner-title-visibility":"","ast-main-header-display":"","ast-hfb-above-header-display":"","ast-hfb-below-header-display":"","ast-hfb-mobile-header-display":"","site-post-title":"","ast-breadcrumbs-content":"","ast-featured-img":"","footer-sml-layout":"","theme-transparent-header-meta":"default","adv-header-id-meta":"","stick-header-meta":"","header-above-stick-meta":"","header-main-stick-meta":"","header-below-stick-meta":"","astra-migrate-meta-layouts":"set","ast-page-background-enabled":"default","ast-page-background-meta":{"desktop":{"background-color":"var(--ast-global-color-4)","background-image":"","background-repeat":"repeat","background-position":"center center","background-size":"auto","background-attachment":"scroll","background-type":"","background-media":"","overlay-type":"","overlay-color":"","overlay-opacity":"","overlay-gradient":""},"tablet":{"background-color":"","background-image":"","background-repeat":"repeat","background-position":"center center","background-size":"auto","background-attachment":"scroll","background-type":"","background-media":"","overlay-type":"","overlay-color":"","overlay-opacity":"","overlay-gradient":""},"mobile":{"background-color":"","background-image":"","background-repeat":"repeat","background-position":"center center","background-size":"auto","background-attachment":"scroll","background-type":"","background-media":"","overlay-type":"","overlay-color":"","overlay-opacity":"","overlay-gradient":""}},"ast-content-background-meta":{"desktop":{"background-color":"var(--ast-global-color-5)","background-image":"","background-repeat":"repeat","background-position":"center center","background-size":"auto","background-attachment":"scroll","background-type":"","background-media":"","overlay-type":"","overlay-color":"","overlay-opacity":"","overlay-gradient":""},"tablet":{"background-color":"var(--ast-global-color-5)","background-image":"","background-repeat":"repeat","background-position":"center center","background-size":"auto","background-attachment":"scroll","background-type":"","background-media":"","overlay-type":"","overlay-color":"","overlay-opacity":"","overlay-gradient":""},"mobile":{"background-color":"var(--ast-global-color-5)","background-image":"","background-repeat":"repeat","background-position":"center center","background-size":"auto","background-attachment":"scroll","background-type":"","background-media":"","overlay-type":"","overlay-color":"","overlay-opacity":"","overlay-gradient":""}},"footnotes":""},"class_list":["post-549","page","type-page","status-publish","hentry"],"post_mailing_queue_ids":[],"_links":{"self":[{"href":"https:\/\/agora.xtec.cat\/escolataiala\/wp-json\/wp\/v2\/pages\/549","targetHints":{"allow":["GET"]}}],"collection":[{"href":"https:\/\/agora.xtec.cat\/escolataiala\/wp-json\/wp\/v2\/pages"}],"about":[{"href":"https:\/\/agora.xtec.cat\/escolataiala\/wp-json\/wp\/v2\/types\/page"}],"author":[{"embeddable":true,"href":"https:\/\/agora.xtec.cat\/escolataiala\/wp-json\/wp\/v2\/users\/1"}],"replies":[{"embeddable":true,"href":"https:\/\/agora.xtec.cat\/escolataiala\/wp-json\/wp\/v2\/comments?post=549"}],"version-history":[{"count":6,"href":"https:\/\/agora.xtec.cat\/escolataiala\/wp-json\/wp\/v2\/pages\/549\/revisions"}],"predecessor-version":[{"id":17961,"href":"https:\/\/agora.xtec.cat\/escolataiala\/wp-json\/wp\/v2\/pages\/549\/revisions\/17961"}],"up":[{"embeddable":true,"href":"https:\/\/agora.xtec.cat\/escolataiala\/wp-json\/wp\/v2\/pages\/22"}],"wp:attachment":[{"href":"https:\/\/agora.xtec.cat\/escolataiala\/wp-json\/wp\/v2\/media?parent=549"}],"curies":[{"name":"wp","href":"https:\/\/api.w.org\/{rel}","templated":true}]}}