{"id":36,"date":"2014-09-18T12:33:11","date_gmt":"2014-09-18T11:33:11","guid":{"rendered":"http:\/\/agora.xtec.cat\/escolataiala\/?page_id=36"},"modified":"2025-07-07T14:27:21","modified_gmt":"2025-07-07T12:27:21","slug":"material-escolar","status":"publish","type":"page","link":"https:\/\/agora.xtec.cat\/escolataiala\/lescola\/material-escolar\/","title":{"rendered":"Material escolar, llibres i quotes d&#8217;aula"},"content":{"rendered":"<p><strong>MATERIAL I LLIBRES CURS 2025-26<\/strong><\/p>\n<p>Les fam\u00edlies de Prim\u00e0ria han d&#8217;adquirir un seguit de material escolar i llibres. Aquests s\u00f3n els llistats per cursos:<\/p>\n<ul>\n<li><a href=\"https:\/\/drive.google.com\/file\/d\/1sEzYNxsTpr66tVWiCV1-OAtXCFMDe6_U\/view?usp=drive_link\" target=\"_blank\" rel=\"noopener noreferrer\">1r<\/a><\/li>\n<li><a href=\"https:\/\/drive.google.com\/file\/d\/1uskq9FZflZO8jgDN03kd3rnL5-147PcO\/view?usp=drive_link\" target=\"_blank\" rel=\"noopener noreferrer\">2n<\/a><\/li>\n<li><a href=\"https:\/\/drive.google.com\/file\/d\/1CTlgTUAsf9E02KnJlkCw_I8BnqnvS9gZ\/view?usp=drive_link\" target=\"_blank\" rel=\"noopener noreferrer\">3r<\/a><\/li>\n<li><a href=\"https:\/\/drive.google.com\/file\/d\/1GCPAATUL2yTvhJ6k45OQ0FSX_6BPrsRJ\/view?usp=drive_link\" target=\"_blank\" rel=\"noopener noreferrer\">4t<\/a><\/li>\n<li><a href=\"https:\/\/drive.google.com\/file\/d\/1G6Sp7xGOb6YyjVD5TN16gi6GMgWZHtil\/view?usp=drive_link\" target=\"_blank\" rel=\"noopener noreferrer\">5\u00e8<\/a><\/li>\n<li><a href=\"https:\/\/drive.google.com\/file\/d\/1KJ75USqqKQfn5vuZO-27w6grQU6_mfXy\/view?usp=drive_link\" target=\"_blank\" rel=\"noopener noreferrer\">6\u00e8<\/a><\/li>\n<\/ul>\n<p>Les fam\u00edlies que es facin s\u00f2cies de l&#8217;AFA tenen un seguit d&#8217;avantatges:<\/p>\n<ul>\n<li><a href=\"https:\/\/drive.google.com\/file\/d\/1udMqQmJ0HHjeSVKvvGtLaKZM7gxSNN_Y\/view?usp=drive_link\" target=\"_blank\" rel=\"noopener noreferrer\">Full soci AFA<\/a><\/li>\n<\/ul>\n<p>Podeu comprar els llibres a la web <a href=\"https:\/\/comercialgirona.cat\/comandes\/ca\/inicia-sessio?back=1\" target=\"_blank\" rel=\"noreferrer noopener\"><u>comercialgirona.cat<\/u><\/a> (<a href=\"https:\/\/drive.google.com\/file\/d\/1pmgHE1ml6mPZlzcK6nL_GYTx8fUhbPqr\/view?usp=drive_link\" target=\"_blank\" rel=\"noopener\">informaci\u00f3<\/a> de com fer-ho) i el material escolar a la botiga <a href=\"https:\/\/www.hiperescola.com\/\" target=\"_blank\" rel=\"noreferrer noopener\"><u>Hiperescola<\/u><\/a> (<a href=\"https:\/\/drive.google.com\/file\/d\/1G66DsV8_P0A1A9CpIRetwnm2XB0mqco0\/view?usp=drive_link\" target=\"_blank\" rel=\"noopener\">informaci\u00f3<\/a> de com fer-ho)<\/p>\n<p><strong>VAL ESCOLAR DE 60\u20ac<\/strong><\/p>\n<p style=\"text-align: justify;\" data-pm-slice=\"1 1 []\">Les fam\u00edlies dels alumnes de prim\u00e0ria <strong>rebreu\u00a0per correu postal<\/strong> <strong>dos vals de 30\u20ac cadascun, <\/strong>per fer servir alhora o per separat, que podreu <strong>bescanviar per llibres i\/o material escolar en comer\u00e7os adherits<\/strong> a la campanya del <strong>Departament d&#8217;Educaci\u00f3<\/strong>.<\/p>\n<p style=\"text-align: justify;\"><strong>Per poder utilitzar els vals, els heu d&#8217;activar abans!!!<\/strong><\/p>\n<p style=\"text-align: justify;\"><strong>US DEMANEM QUE NO MARQUEU LA CASELLA &#8220;<u>CEDIR ELS VALS AL CENTRE EDUCATIU EN CONCEPTE DE MATERIAL ESCOLAR<\/u>&#8221; I QUE S\u00cd UTILITZEU ELS VALS PER COMPRAR ELS LLIBRES I EL MATERIAL.<\/strong><\/p>\n<p style=\"text-align: justify;\">Per activar els vals tamb\u00e9 <strong>us far\u00e0 falta el n\u00famero d&#8217;identificaci\u00f3 de l&#8217;alumne<\/strong>, que podeu trobar <strong><u>als informes d&#8217;avaluaci\u00f3 del vostre fill\/a<\/u> i tamb\u00e9 en el seg\u00fcent enlla\u00e7<\/strong> del Departament d&#8217;Educaci\u00f3:<\/p>\n<p style=\"text-align: justify;\"><a href=\"https:\/\/educacio.gencat.cat\/ca\/tramits\/tramits-temes\/identificador-alumne\" target=\"_blank\" rel=\"noreferrer noopener\"><strong><u>educacio.gencat.cat\/ca\/tramits\/tramits-temes\/identificador-alumne<\/u><\/strong><\/a><\/p>\n<p style=\"text-align: justify;\">A la web <span style=\"text-decoration: underline;\"><strong><a href=\"http:\/\/valescolar.cat\" target=\"_blank\" rel=\"noopener\">valescolar.cat<\/a> <\/strong><\/span>hi ha tota la informaci\u00f3, per\u00f2, a m\u00e9s a m\u00e9s, hem creat un document amb les<\/p>\n<p style=\"text-align: justify;\"><strong>QUOTES D&#8217;AULA I LLIBRES SOCIALITZATS CURS 2025-26<\/strong><\/p>\n<p style=\"text-align: justify;\">Les fam\u00edlies han de pagar una quantitat a l&#8217;escola en concepte de material d&#8217;aula que l&#8217;alumne\/a anir\u00e0 utilitzant al llarg del curs, aix\u00ed com tamb\u00e9 un import per llibres socialitzats (als cursos on n&#8217;hi hagi), que l&#8217;escola cedir\u00e0 a l&#8217;alumne\/a durant el curs escolar a un preu molt baix; i els tallers que es duran a terme.<\/p>\n<p style=\"text-align: justify;\">L&#8217;escola envia una <strong>carta de pagament<\/strong> a cada fam\u00edlia a mitjan setembre a trav\u00e9s de l&#8217;<strong>App Dinantia<\/strong> perqu\u00e8 pugui fer efectius els pagaments de manera c\u00f2moda.<\/p>\n<p><strong>No caldr\u00e0 entregar cap justificant<\/strong>.<\/p>\n<p><!--a=1--><!--a=1--><\/p>\n<p><!--a=1--><\/p>\n","protected":false},"excerpt":{"rendered":"<p>MATERIAL I LLIBRES CURS 2025-26 Les fam\u00edlies de Prim\u00e0ria han d&#8217;adquirir un seguit de material escolar i llibres. Aquests s\u00f3n els llistats per cursos: 1r 2n 3r 4t 5\u00e8 6\u00e8 Les fam\u00edlies que es facin s\u00f2cies de l&#8217;AFA tenen un seguit d&#8217;avantatges: Full soci AFA Podeu comprar els llibres a la web comercialgirona.cat (informaci\u00f3 de [&hellip;]<\/p>\n","protected":false},"author":1,"featured_media":0,"parent":22,"menu_order":130,"comment_status":"closed","ping_status":"closed","template":"","meta":{"_bbp_topic_count":0,"_bbp_reply_count":0,"_bbp_total_topic_count":0,"_bbp_total_reply_count":0,"_bbp_voice_count":0,"_bbp_anonymous_reply_count":0,"_bbp_topic_count_hidden":0,"_bbp_reply_count_hidden":0,"_bbp_forum_subforum_count":0,"site-sidebar-layout":"default","site-content-layout":"","ast-site-content-layout":"default","site-content-style":"default","site-sidebar-style":"default","ast-global-header-display":"","ast-banner-title-visibility":"","ast-main-header-display":"","ast-hfb-above-header-display":"","ast-hfb-below-header-display":"","ast-hfb-mobile-header-display":"","site-post-title":"","ast-breadcrumbs-content":"","ast-featured-img":"","footer-sml-layout":"","theme-transparent-header-meta":"default","adv-header-id-meta":"","stick-header-meta":"","header-above-stick-meta":"","header-main-stick-meta":"","header-below-stick-meta":"","astra-migrate-meta-layouts":"set","ast-page-background-enabled":"default","ast-page-background-meta":{"desktop":{"background-color":"var(--ast-global-color-4)","background-image":"","background-repeat":"repeat","background-position":"center center","background-size":"auto","background-attachment":"scroll","background-type":"","background-media":"","overlay-type":"","overlay-color":"","overlay-opacity":"","overlay-gradient":""},"tablet":{"background-color":"","background-image":"","background-repeat":"repeat","background-position":"center center","background-size":"auto","background-attachment":"scroll","background-type":"","background-media":"","overlay-type":"","overlay-color":"","overlay-opacity":"","overlay-gradient":""},"mobile":{"background-color":"","background-image":"","background-repeat":"repeat","background-position":"center center","background-size":"auto","background-attachment":"scroll","background-type":"","background-media":"","overlay-type":"","overlay-color":"","overlay-opacity":"","overlay-gradient":""}},"ast-content-background-meta":{"desktop":{"background-color":"var(--ast-global-color-5)","background-image":"","background-repeat":"repeat","background-position":"center center","background-size":"auto","background-attachment":"scroll","background-type":"","background-media":"","overlay-type":"","overlay-color":"","overlay-opacity":"","overlay-gradient":""},"tablet":{"background-color":"var(--ast-global-color-5)","background-image":"","background-repeat":"repeat","background-position":"center center","background-size":"auto","background-attachment":"scroll","background-type":"","background-media":"","overlay-type":"","overlay-color":"","overlay-opacity":"","overlay-gradient":""},"mobile":{"background-color":"var(--ast-global-color-5)","background-image":"","background-repeat":"repeat","background-position":"center center","background-size":"auto","background-attachment":"scroll","background-type":"","background-media":"","overlay-type":"","overlay-color":"","overlay-opacity":"","overlay-gradient":""}},"footnotes":""},"class_list":["post-36","page","type-page","status-publish","hentry"],"post_mailing_queue_ids":[],"_links":{"self":[{"href":"https:\/\/agora.xtec.cat\/escolataiala\/wp-json\/wp\/v2\/pages\/36","targetHints":{"allow":["GET"]}}],"collection":[{"href":"https:\/\/agora.xtec.cat\/escolataiala\/wp-json\/wp\/v2\/pages"}],"about":[{"href":"https:\/\/agora.xtec.cat\/escolataiala\/wp-json\/wp\/v2\/types\/page"}],"author":[{"embeddable":true,"href":"https:\/\/agora.xtec.cat\/escolataiala\/wp-json\/wp\/v2\/users\/1"}],"replies":[{"embeddable":true,"href":"https:\/\/agora.xtec.cat\/escolataiala\/wp-json\/wp\/v2\/comments?post=36"}],"version-history":[{"count":6,"href":"https:\/\/agora.xtec.cat\/escolataiala\/wp-json\/wp\/v2\/pages\/36\/revisions"}],"predecessor-version":[{"id":17902,"href":"https:\/\/agora.xtec.cat\/escolataiala\/wp-json\/wp\/v2\/pages\/36\/revisions\/17902"}],"up":[{"embeddable":true,"href":"https:\/\/agora.xtec.cat\/escolataiala\/wp-json\/wp\/v2\/pages\/22"}],"wp:attachment":[{"href":"https:\/\/agora.xtec.cat\/escolataiala\/wp-json\/wp\/v2\/media?parent=36"}],"curies":[{"name":"wp","href":"https:\/\/api.w.org\/{rel}","templated":true}]}}