{"id":28,"date":"2014-09-18T12:29:35","date_gmt":"2014-09-18T11:29:35","guid":{"rendered":"http:\/\/agora.xtec.cat\/escolataiala\/?page_id=28"},"modified":"2025-07-10T12:41:35","modified_gmt":"2025-07-10T10:41:35","slug":"consell-escolar","status":"publish","type":"page","link":"https:\/\/agora.xtec.cat\/escolataiala\/lescola\/consell-escolar\/","title":{"rendered":"Consell escolar"},"content":{"rendered":"<header class=\"entry-header\">El Consell Escolar del Centre \u00e9s l\u2019\u00f2rgan col\u00b7legiat de participaci\u00f3 de la comunitat escolar en el govern del centre.Al Consell Escolar hi ha representats tots els col\u2022lectius que intervenen a la comunitat educativa: professorat, fam\u00edlies, personal d\u2019administraci\u00f3 i serveis,\u00a0 personal d\u2019atenci\u00f3 educativa i representant de l\u2019Ajuntament.<\/header>\n<div class=\"entry-content\">El nostre Consell Escolar del Centre est\u00e0 format per 18 membres, que s\u2019escullen per un per\u00edode de 4 anys i es renoven per meitats cada 2 anys.<\/div>\n<div class=\"entry-content\">\n<p>&nbsp;<\/p>\n<p style=\"text-align: justify;\"><span style=\"text-decoration: underline;\"><strong>COMPOSICI\u00d3<\/strong><\/span><br \/>\nPresidenta: Maria Cabezas<\/p>\n<p style=\"text-align: justify;\">Cap d&#8217;estudis: Marc Bellapart<\/p>\n<p style=\"text-align: justify;\">Representants dels mestres: Aurora Pacheco, Carina Carreras, Gemma Llach, Maite Sabater, M\u00f2nica Carmona i Noelia de Miguel.<\/p>\n<p style=\"text-align: justify;\">Presidenta de l&#8217;AFA: Gl\u00f2ria Blanquez<\/p>\n<p style=\"text-align: justify;\">Representants dels pares: Bet Nierga, Raquel Lagos, Esther Segura, Bel\u00e9n Martos, Cristina Herv\u00e1s i Vanesa Castillo.<\/p>\n<p style=\"text-align: justify;\">Representant del PAS: Cristina Ca\u00f1izares.<\/p>\n<p style=\"text-align: justify;\">Representant de l&#8217;Ajuntament: Gemma Mart\u00ednez.<\/p>\n<p style=\"text-align: justify;\">Secret\u00e0ria: L\u00eddia Mench\u00f3n (actua amb veu i sense vot).<\/p>\n<p><span style=\"text-decoration: underline;\"><strong>ACORDS PRESOS CURS 2024-25:<\/strong><\/span><\/p>\n<ul>\n<li><a href=\"https:\/\/drive.google.com\/file\/d\/1Csgk9W31mc_kHkSFq9M-GR-TwG7JyH7x\/view?usp=sharing\" target=\"_blank\" rel=\"noopener\">24\/10\/24<\/a><\/li>\n<li><a href=\"https:\/\/drive.google.com\/file\/d\/1KYkUb7QpX7RCgG1Gk0VWNaCQalTnE2k7\/view?usp=drive_link\" target=\"_blank\" rel=\"noopener\">4\/02\/25<\/a><\/li>\n<li><a href=\"https:\/\/drive.google.com\/file\/d\/17By0D8QUpxBw0w7Ksdi5VpW4efFIxpZ2\/view?usp=drive_link\" target=\"_blank\" rel=\"noopener\">5\/06\/25<\/a><\/li>\n<\/ul>\n<p><span style=\"text-decoration: underline;\"><strong>ACORDS PRESOS CURS 2023-24:<\/strong><\/span><\/p>\n<ul>\n<li><a href=\"https:\/\/drive.google.com\/file\/d\/1MhHm8_UlKoGeO9QP691HfHeK_LwkJybN\/view?usp=sharing\" target=\"_blank\" rel=\"noopener\">18\/10\/23<\/a><\/li>\n<li><a href=\"https:\/\/drive.google.com\/file\/d\/12jFlzD7PNSXWdDEwTLXE-O4TIivqfWmT\/view?usp=sharing\" target=\"_blank\" rel=\"noopener\">23\/11\/23<\/a><\/li>\n<li><a href=\"https:\/\/drive.google.com\/file\/d\/1xswVrwFxKCtRnuPfFiMcYmpS2DKoCN-J\/view?usp=sharing\" target=\"_blank\" rel=\"noopener\">31\/01\/24<\/a><\/li>\n<li><a href=\"https:\/\/drive.google.com\/file\/d\/1jUgomFF_XxVhP23L5HZyOVn5-sYxXRy5\/view?usp=drive_link\" target=\"_blank\" rel=\"noopener\">9\/05\/24<\/a><\/li>\n<li><a href=\"https:\/\/drive.google.com\/file\/d\/1wxpna73Afn49OC_kz4N8pNbBuwDziIBa\/view?usp=drive_link\" target=\"_blank\" rel=\"noopener\">12\/06\/24<\/a><\/li>\n<\/ul>\n<p><span style=\"text-decoration: underline;\"><strong>ACORDS PRESOS CURS 2022\/23:<\/strong><\/span><\/p>\n<ul>\n<li><a href=\"https:\/\/drive.google.com\/file\/d\/1BziEnAGIINw9Jy2nIW6m9RR7YppzbU9K\/view?usp=share_link\" target=\"_blank\" rel=\"noopener\">5\/7\/22<\/a><\/li>\n<li><a href=\"https:\/\/drive.google.com\/file\/d\/1eymdKH0DuiOt0m4KFScBsljMb6fLzIUX\/view?usp=share_link\" target=\"_blank\" rel=\"noopener\">6\/10\/22<\/a><\/li>\n<li><a href=\"https:\/\/drive.google.com\/file\/d\/1S5U6e20MO0-bp8J8eIcUCoQ2lFLUYQt5\/view?usp=share_link\" target=\"_blank\" rel=\"noopener\">13\/10\/22<\/a><\/li>\n<li><a href=\"https:\/\/drive.google.com\/file\/d\/1leSTDQW98H4pcjoNmw6LnkyRo3dRJim0\/view?usp=sharing\" target=\"_blank\" rel=\"noopener\">14\/11\/22<\/a><\/li>\n<li><a href=\"https:\/\/drive.google.com\/file\/d\/1mOm3FsKBKyWQQmq-qd6aQCsrITr_TBjs\/view?usp=share_link\" target=\"_blank\" rel=\"noopener\">31\/01\/23<\/a><\/li>\n<li><a href=\"https:\/\/drive.google.com\/file\/d\/16OEkn-ADhgSXUJyQ2QJgCROF8xuuJ7x3\/view?usp=drive_link\" target=\"_blank\" rel=\"noopener\">21\/03\/23<\/a><\/li>\n<li><a href=\"https:\/\/drive.google.com\/file\/d\/130tDgBGzcze1yI08My5jPoUC43AoyyQT\/view?usp=drive_link\" target=\"_blank\" rel=\"noopener\">19\/05\/23<\/a><\/li>\n<li><a href=\"https:\/\/drive.google.com\/file\/d\/1uuSTlHqqncexrOTkOn288YUuWbMSAvUk\/view?usp=drive_link\" target=\"_blank\" rel=\"noopener\">27\/04\/23<\/a><\/li>\n<li><a href=\"https:\/\/drive.google.com\/file\/d\/11ciHdiWPJHpEvfFQwteCU8OLG0_JPLcE\/view?usp=drive_link\" target=\"_blank\" rel=\"noopener\">8\/06\/23<\/a><\/li>\n<\/ul>\n<p>&nbsp;<\/p>\n<\/div>\n<p><!----comment node----><!--a=1--><\/p>\n<p><!----comment node----><!--a=1--><\/p>\n<p><!----comment node----><!--a=1--><\/p>\n<p><!----comment node----><!--a=1--><\/p>\n<p><!----comment node----><!--a=1--><\/p>\n<p><!----comment node----><!--a=1--><\/p>\n<p><!----comment node----><!--a=1--><\/p>\n<p><!----comment node----><!--a=1--><\/p>\n","protected":false},"excerpt":{"rendered":"<p>El Consell Escolar del Centre \u00e9s l\u2019\u00f2rgan col\u00b7legiat de participaci\u00f3 de la comunitat escolar en el govern del centre.Al Consell Escolar hi ha representats tots els col\u2022lectius que intervenen a la comunitat educativa: professorat, fam\u00edlies, personal d\u2019administraci\u00f3 i serveis,\u00a0 personal d\u2019atenci\u00f3 educativa i representant de l\u2019Ajuntament. El nostre Consell Escolar del Centre est\u00e0 format per [&hellip;]<\/p>\n","protected":false},"author":1,"featured_media":0,"parent":22,"menu_order":110,"comment_status":"closed","ping_status":"closed","template":"","meta":{"_bbp_topic_count":0,"_bbp_reply_count":0,"_bbp_total_topic_count":0,"_bbp_total_reply_count":0,"_bbp_voice_count":0,"_bbp_anonymous_reply_count":0,"_bbp_topic_count_hidden":0,"_bbp_reply_count_hidden":0,"_bbp_forum_subforum_count":0,"site-sidebar-layout":"default","site-content-layout":"","ast-site-content-layout":"default","site-content-style":"default","site-sidebar-style":"default","ast-global-header-display":"","ast-banner-title-visibility":"","ast-main-header-display":"","ast-hfb-above-header-display":"","ast-hfb-below-header-display":"","ast-hfb-mobile-header-display":"","site-post-title":"","ast-breadcrumbs-content":"","ast-featured-img":"","footer-sml-layout":"","theme-transparent-header-meta":"default","adv-header-id-meta":"","stick-header-meta":"","header-above-stick-meta":"","header-main-stick-meta":"","header-below-stick-meta":"","astra-migrate-meta-layouts":"set","ast-page-background-enabled":"default","ast-page-background-meta":{"desktop":{"background-color":"var(--ast-global-color-4)","background-image":"","background-repeat":"repeat","background-position":"center center","background-size":"auto","background-attachment":"scroll","background-type":"","background-media":"","overlay-type":"","overlay-color":"","overlay-opacity":"","overlay-gradient":""},"tablet":{"background-color":"","background-image":"","background-repeat":"repeat","background-position":"center center","background-size":"auto","background-attachment":"scroll","background-type":"","background-media":"","overlay-type":"","overlay-color":"","overlay-opacity":"","overlay-gradient":""},"mobile":{"background-color":"","background-image":"","background-repeat":"repeat","background-position":"center center","background-size":"auto","background-attachment":"scroll","background-type":"","background-media":"","overlay-type":"","overlay-color":"","overlay-opacity":"","overlay-gradient":""}},"ast-content-background-meta":{"desktop":{"background-color":"var(--ast-global-color-5)","background-image":"","background-repeat":"repeat","background-position":"center center","background-size":"auto","background-attachment":"scroll","background-type":"","background-media":"","overlay-type":"","overlay-color":"","overlay-opacity":"","overlay-gradient":""},"tablet":{"background-color":"var(--ast-global-color-5)","background-image":"","background-repeat":"repeat","background-position":"center center","background-size":"auto","background-attachment":"scroll","background-type":"","background-media":"","overlay-type":"","overlay-color":"","overlay-opacity":"","overlay-gradient":""},"mobile":{"background-color":"var(--ast-global-color-5)","background-image":"","background-repeat":"repeat","background-position":"center center","background-size":"auto","background-attachment":"scroll","background-type":"","background-media":"","overlay-type":"","overlay-color":"","overlay-opacity":"","overlay-gradient":""}},"footnotes":""},"class_list":["post-28","page","type-page","status-publish","hentry"],"post_mailing_queue_ids":[],"_links":{"self":[{"href":"https:\/\/agora.xtec.cat\/escolataiala\/wp-json\/wp\/v2\/pages\/28","targetHints":{"allow":["GET"]}}],"collection":[{"href":"https:\/\/agora.xtec.cat\/escolataiala\/wp-json\/wp\/v2\/pages"}],"about":[{"href":"https:\/\/agora.xtec.cat\/escolataiala\/wp-json\/wp\/v2\/types\/page"}],"author":[{"embeddable":true,"href":"https:\/\/agora.xtec.cat\/escolataiala\/wp-json\/wp\/v2\/users\/1"}],"replies":[{"embeddable":true,"href":"https:\/\/agora.xtec.cat\/escolataiala\/wp-json\/wp\/v2\/comments?post=28"}],"version-history":[{"count":7,"href":"https:\/\/agora.xtec.cat\/escolataiala\/wp-json\/wp\/v2\/pages\/28\/revisions"}],"predecessor-version":[{"id":17907,"href":"https:\/\/agora.xtec.cat\/escolataiala\/wp-json\/wp\/v2\/pages\/28\/revisions\/17907"}],"up":[{"embeddable":true,"href":"https:\/\/agora.xtec.cat\/escolataiala\/wp-json\/wp\/v2\/pages\/22"}],"wp:attachment":[{"href":"https:\/\/agora.xtec.cat\/escolataiala\/wp-json\/wp\/v2\/media?parent=28"}],"curies":[{"name":"wp","href":"https:\/\/api.w.org\/{rel}","templated":true}]}}