{"id":2580,"date":"2024-04-18T15:04:49","date_gmt":"2024-04-18T13:04:49","guid":{"rendered":"https:\/\/agora.xtec.cat\/escolataiala\/?page_id=2580"},"modified":"2026-03-20T13:26:10","modified_gmt":"2026-03-20T12:26:10","slug":"informacio-proposta-extraescolars-curs-24-25","status":"publish","type":"page","link":"https:\/\/agora.xtec.cat\/escolataiala\/afa\/extraescolars\/informacio-proposta-extraescolars-curs-24-25\/","title":{"rendered":"Informaci\u00f3 Extraescolars &#8211; Curs 2025\/2026"},"content":{"rendered":"<p><strong>Oferim servei d\u2019acollida matinal a partir de les 7:30 h per facilitar la conciliaci\u00f3 familiar. Si necessites deixar els infants abans de l\u2019inici de les classes, pots inscriure\u2019t f\u00e0cilment a trav\u00e9s del mateix enlla\u00e7 .<\/strong><\/p>\n<ul>\n<li>ACOLLIDA MATINAL: preu 37\u20ac\/ mes i espor\u00e0dic 4,5\u20ac dia<\/li>\n<\/ul>\n<p style=\"text-align: center;\"><a href=\"https:\/\/docs.google.com\/forms\/d\/e\/1FAIpQLScG7PmUS8-PC0nFKM6539W7GXxcob_VhhF_d4eA5l2GGxiN2A\/viewform\">INCRIPCI\u00d3 ACOLLIDA MATINAL<\/a><\/p>\n<p>&nbsp;<\/p>\n<p><strong>RECORDEM:<\/strong><\/p>\n<ul>\n<li><strong>INSCRIPCIONS OBERTES FINS EL DIA 25 DE CADA MES<\/strong><\/li>\n<\/ul>\n<ul>\n<li>Els alumnes de I3 no poden inscriure&#8217;s a les extraescolars del migdia durant el primer trimestre degut al servei de migdiada.<\/li>\n<li>\u00c9s imprescindible ser soci de l&#8217;AFA per a poder inscriure&#8217;s a les activitats extraescolars<\/li>\n<li>\u00c9s imprescindible quedar-se a dinar per poder inscriure&#8217;s a les activitats extraescolars que es realitzen al migdia<\/li>\n<li>Durada activitats extraescolars: d&#8217;Octubre a Maig<\/li>\n<li>Recordar que tamb\u00e9 s&#8217;oferiran casals durant to l&#8217;any (Nadal, Setmana Santa, Juny&#8230;)<\/li>\n<li>email: extraescolars.taiala@gmail.com<\/li>\n<\/ul>\n<p><strong>Si vols inscriure\u2019t a alguna activitat extraescolar, nom\u00e9s cal que facis clic en aquest enlla\u00e7:\u00a0 <a href=\"https:\/\/drive.google.com\/file\/d\/1SAfxMMpUexnLGr9VM-zRAylZb8CY8Jhj\/view?usp=sharing\">Enlla\u00e7 inscripci\u00f3 extraescolars 2025 &#8211; 2026<\/a><\/strong><strong> Un cop dins, selecciona l\u2019activitat que t\u2019interessi i segueix les instruccions per inscriure\u2019t.<\/strong><\/p>\n<p><a href=\"https:\/\/agora.xtec.cat\/escolataiala\/wp-content\/uploads\/usu2111\/2026\/03\/Informaico-extraescolars-curs-20252026-3.pdf\"><img loading=\"lazy\" decoding=\"async\" class=\"alignnone wp-image-18142 size-large\" src=\"https:\/\/agora.xtec.cat\/escolataiala\/wp-content\/uploads\/usu2111\/2026\/03\/Informaico-extraescolars-curs-20252026-3-pdf-1024x724.jpg\" alt=\"\" width=\"1024\" height=\"724\" \/><\/a><\/p>\n<p>&nbsp;<\/p>\n","protected":false},"excerpt":{"rendered":"<p>Oferim servei d\u2019acollida matinal a partir de les 7:30 h per facilitar la conciliaci\u00f3 familiar. Si necessites deixar els infants abans de l\u2019inici de les classes, pots inscriure\u2019t f\u00e0cilment a trav\u00e9s del mateix enlla\u00e7 . ACOLLIDA MATINAL: preu 37\u20ac\/ mes i espor\u00e0dic 4,5\u20ac dia INCRIPCI\u00d3 ACOLLIDA MATINAL &nbsp; RECORDEM: INSCRIPCIONS OBERTES FINS EL DIA 25 [&hellip;]<\/p>\n","protected":false},"author":3,"featured_media":0,"parent":2192,"menu_order":0,"comment_status":"closed","ping_status":"closed","template":"","meta":{"_bbp_topic_count":0,"_bbp_reply_count":0,"_bbp_total_topic_count":0,"_bbp_total_reply_count":0,"_bbp_voice_count":0,"_bbp_anonymous_reply_count":0,"_bbp_topic_count_hidden":0,"_bbp_reply_count_hidden":0,"_bbp_forum_subforum_count":0,"site-sidebar-layout":"default","site-content-layout":"","ast-site-content-layout":"default","site-content-style":"default","site-sidebar-style":"default","ast-global-header-display":"","ast-banner-title-visibility":"","ast-main-header-display":"","ast-hfb-above-header-display":"","ast-hfb-below-header-display":"","ast-hfb-mobile-header-display":"","site-post-title":"","ast-breadcrumbs-content":"","ast-featured-img":"","footer-sml-layout":"","theme-transparent-header-meta":"default","adv-header-id-meta":"","stick-header-meta":"","header-above-stick-meta":"","header-main-stick-meta":"","header-below-stick-meta":"","astra-migrate-meta-layouts":"set","ast-page-background-enabled":"default","ast-page-background-meta":{"desktop":{"background-color":"var(--ast-global-color-4)","background-image":"","background-repeat":"repeat","background-position":"center center","background-size":"auto","background-attachment":"scroll","background-type":"","background-media":"","overlay-type":"","overlay-color":"","overlay-opacity":"","overlay-gradient":""},"tablet":{"background-color":"","background-image":"","background-repeat":"repeat","background-position":"center center","background-size":"auto","background-attachment":"scroll","background-type":"","background-media":"","overlay-type":"","overlay-color":"","overlay-opacity":"","overlay-gradient":""},"mobile":{"background-color":"","background-image":"","background-repeat":"repeat","background-position":"center center","background-size":"auto","background-attachment":"scroll","background-type":"","background-media":"","overlay-type":"","overlay-color":"","overlay-opacity":"","overlay-gradient":""}},"ast-content-background-meta":{"desktop":{"background-color":"var(--ast-global-color-5)","background-image":"","background-repeat":"repeat","background-position":"center center","background-size":"auto","background-attachment":"scroll","background-type":"","background-media":"","overlay-type":"","overlay-color":"","overlay-opacity":"","overlay-gradient":""},"tablet":{"background-color":"var(--ast-global-color-5)","background-image":"","background-repeat":"repeat","background-position":"center center","background-size":"auto","background-attachment":"scroll","background-type":"","background-media":"","overlay-type":"","overlay-color":"","overlay-opacity":"","overlay-gradient":""},"mobile":{"background-color":"var(--ast-global-color-5)","background-image":"","background-repeat":"repeat","background-position":"center center","background-size":"auto","background-attachment":"scroll","background-type":"","background-media":"","overlay-type":"","overlay-color":"","overlay-opacity":"","overlay-gradient":""}},"footnotes":""},"class_list":["post-2580","page","type-page","status-publish","hentry"],"post_mailing_queue_ids":[],"_links":{"self":[{"href":"https:\/\/agora.xtec.cat\/escolataiala\/wp-json\/wp\/v2\/pages\/2580","targetHints":{"allow":["GET"]}}],"collection":[{"href":"https:\/\/agora.xtec.cat\/escolataiala\/wp-json\/wp\/v2\/pages"}],"about":[{"href":"https:\/\/agora.xtec.cat\/escolataiala\/wp-json\/wp\/v2\/types\/page"}],"author":[{"embeddable":true,"href":"https:\/\/agora.xtec.cat\/escolataiala\/wp-json\/wp\/v2\/users\/3"}],"replies":[{"embeddable":true,"href":"https:\/\/agora.xtec.cat\/escolataiala\/wp-json\/wp\/v2\/comments?post=2580"}],"version-history":[{"count":6,"href":"https:\/\/agora.xtec.cat\/escolataiala\/wp-json\/wp\/v2\/pages\/2580\/revisions"}],"predecessor-version":[{"id":18146,"href":"https:\/\/agora.xtec.cat\/escolataiala\/wp-json\/wp\/v2\/pages\/2580\/revisions\/18146"}],"up":[{"embeddable":true,"href":"https:\/\/agora.xtec.cat\/escolataiala\/wp-json\/wp\/v2\/pages\/2192"}],"wp:attachment":[{"href":"https:\/\/agora.xtec.cat\/escolataiala\/wp-json\/wp\/v2\/media?parent=2580"}],"curies":[{"name":"wp","href":"https:\/\/api.w.org\/{rel}","templated":true}]}}