{"id":24,"date":"2014-09-18T12:23:15","date_gmt":"2014-09-18T11:23:15","guid":{"rendered":"http:\/\/agora.xtec.cat\/escolataiala\/?page_id=24"},"modified":"2023-01-17T22:16:29","modified_gmt":"2023-01-17T21:16:29","slug":"on-som","status":"publish","type":"page","link":"https:\/\/agora.xtec.cat\/escolataiala\/lescola\/on-som\/","title":{"rendered":"On som"},"content":{"rendered":"<p>Ens trobem al barri de Taial\u00e0 situat a l&#8217;esquerra del Ter. La nostra zona engloba els carrers de Germans<a href=\"https:\/\/agora.xtec.cat\/escolataiala\/wp-content\/uploads\/usu2111\/2023\/01\/top-view-map-blue-background-scaled.jpg\"><img loading=\"lazy\" decoding=\"async\" class=\"wp-image-1863 alignright\" src=\"https:\/\/agora.xtec.cat\/escolataiala\/wp-content\/uploads\/usu2111\/2023\/01\/top-view-map-blue-background-1024x576.jpg\" alt=\"\" width=\"352\" height=\"198\" srcset=\"https:\/\/agora.xtec.cat\/escolataiala\/wp-content\/uploads\/usu2111\/2023\/01\/top-view-map-blue-background-1024x576.jpg 1024w, https:\/\/agora.xtec.cat\/escolataiala\/wp-content\/uploads\/usu2111\/2023\/01\/top-view-map-blue-background-300x169.jpg 300w, https:\/\/agora.xtec.cat\/escolataiala\/wp-content\/uploads\/usu2111\/2023\/01\/top-view-map-blue-background-768x432.jpg 768w, https:\/\/agora.xtec.cat\/escolataiala\/wp-content\/uploads\/usu2111\/2023\/01\/top-view-map-blue-background-1536x864.jpg 1536w, https:\/\/agora.xtec.cat\/escolataiala\/wp-content\/uploads\/usu2111\/2023\/01\/top-view-map-blue-background-2048x1152.jpg 2048w\" sizes=\"auto, (max-width: 352px) 100vw, 352px\" \/><\/a> S\u00e0bat, Domeny, Fontajau i Sant Pon\u00e7.<\/p>\n<p>Estem ubicats a la Zona Escolar A de Girona.<\/p>\n<p style=\"text-align: justify;\">L&#8217;escola de Taial\u00e0 disposa de molts serveis municipals i educatius propers al centre: Escola Bressol La Baldufa, Institut Carles Rahola, Biblioteca p\u00fablica Ant\u00f2nia Adroher, Centre C\u00edvic Ter, CAP Joan Vilaplana&#8230;<\/p>\n<p style=\"text-align: justify;\">Ens podeu trobar a la\u00a0Ctra. Taial\u00e0, 75, 17007 de Girona. Per contactar amb nosaltres ens podeu trucar al tel\u00e8fon 972 216 637 o b\u00e9 per correu electr\u00f2nic al <a href=\"mailto:b7003422@xtec.cat\">b7003422@xtec.cat<\/a>.<\/p>\n<p><iframe loading=\"lazy\" src=\"https:\/\/www.google.com\/maps\/embed?pb=!1m18!1m12!1m3!1d1482.636078210279!2d2.8047171080503652!3d41.99443438528685!2m3!1f0!2f0!3f0!3m2!1i1024!2i768!4f13.1!3m3!1m2!1s0x0%3A0xef5f993ab6c30b48!2sEscola%20Taial%C3%A0!5e0!3m2!1sca!2ses!4v1584373179606!5m2!1sca!2ses\" width=\"600\" height=\"450\" frameborder=\"0\" aria-hidden=\"false\"><\/iframe><\/p>\n","protected":false},"excerpt":{"rendered":"<p>Ens trobem al barri de Taial\u00e0 situat a l&#8217;esquerra del Ter. La nostra zona engloba els carrers de Germans S\u00e0bat, Domeny, Fontajau i Sant Pon\u00e7. Estem ubicats a la Zona Escolar A de Girona. L&#8217;escola de Taial\u00e0 disposa de molts serveis municipals i educatius propers al centre: Escola Bressol La Baldufa, Institut Carles Rahola, Biblioteca [&hellip;]<\/p>\n","protected":false},"author":1,"featured_media":0,"parent":22,"menu_order":10,"comment_status":"closed","ping_status":"closed","template":"page-templates\/side-menu.php","meta":{"_bbp_topic_count":0,"_bbp_reply_count":0,"_bbp_total_topic_count":0,"_bbp_total_reply_count":0,"_bbp_voice_count":0,"_bbp_anonymous_reply_count":0,"_bbp_topic_count_hidden":0,"_bbp_reply_count_hidden":0,"_bbp_forum_subforum_count":0,"site-sidebar-layout":"default","site-content-layout":"","ast-site-content-layout":"","site-content-style":"default","site-sidebar-style":"default","ast-global-header-display":"","ast-banner-title-visibility":"","ast-main-header-display":"","ast-hfb-above-header-display":"","ast-hfb-below-header-display":"","ast-hfb-mobile-header-display":"","site-post-title":"","ast-breadcrumbs-content":"","ast-featured-img":"","footer-sml-layout":"","theme-transparent-header-meta":"","adv-header-id-meta":"","stick-header-meta":"","header-above-stick-meta":"","header-main-stick-meta":"","header-below-stick-meta":"","astra-migrate-meta-layouts":"default","ast-page-background-enabled":"default","ast-page-background-meta":{"desktop":{"background-color":"var(--ast-global-color-4)","background-image":"","background-repeat":"repeat","background-position":"center center","background-size":"auto","background-attachment":"scroll","background-type":"","background-media":"","overlay-type":"","overlay-color":"","overlay-opacity":"","overlay-gradient":""},"tablet":{"background-color":"","background-image":"","background-repeat":"repeat","background-position":"center center","background-size":"auto","background-attachment":"scroll","background-type":"","background-media":"","overlay-type":"","overlay-color":"","overlay-opacity":"","overlay-gradient":""},"mobile":{"background-color":"","background-image":"","background-repeat":"repeat","background-position":"center center","background-size":"auto","background-attachment":"scroll","background-type":"","background-media":"","overlay-type":"","overlay-color":"","overlay-opacity":"","overlay-gradient":""}},"ast-content-background-meta":{"desktop":{"background-color":"var(--ast-global-color-5)","background-image":"","background-repeat":"repeat","background-position":"center center","background-size":"auto","background-attachment":"scroll","background-type":"","background-media":"","overlay-type":"","overlay-color":"","overlay-opacity":"","overlay-gradient":""},"tablet":{"background-color":"var(--ast-global-color-5)","background-image":"","background-repeat":"repeat","background-position":"center center","background-size":"auto","background-attachment":"scroll","background-type":"","background-media":"","overlay-type":"","overlay-color":"","overlay-opacity":"","overlay-gradient":""},"mobile":{"background-color":"var(--ast-global-color-5)","background-image":"","background-repeat":"repeat","background-position":"center center","background-size":"auto","background-attachment":"scroll","background-type":"","background-media":"","overlay-type":"","overlay-color":"","overlay-opacity":"","overlay-gradient":""}},"footnotes":""},"class_list":["post-24","page","type-page","status-publish","hentry"],"post_mailing_queue_ids":[],"_links":{"self":[{"href":"https:\/\/agora.xtec.cat\/escolataiala\/wp-json\/wp\/v2\/pages\/24","targetHints":{"allow":["GET"]}}],"collection":[{"href":"https:\/\/agora.xtec.cat\/escolataiala\/wp-json\/wp\/v2\/pages"}],"about":[{"href":"https:\/\/agora.xtec.cat\/escolataiala\/wp-json\/wp\/v2\/types\/page"}],"author":[{"embeddable":true,"href":"https:\/\/agora.xtec.cat\/escolataiala\/wp-json\/wp\/v2\/users\/1"}],"replies":[{"embeddable":true,"href":"https:\/\/agora.xtec.cat\/escolataiala\/wp-json\/wp\/v2\/comments?post=24"}],"version-history":[{"count":4,"href":"https:\/\/agora.xtec.cat\/escolataiala\/wp-json\/wp\/v2\/pages\/24\/revisions"}],"predecessor-version":[{"id":1864,"href":"https:\/\/agora.xtec.cat\/escolataiala\/wp-json\/wp\/v2\/pages\/24\/revisions\/1864"}],"up":[{"embeddable":true,"href":"https:\/\/agora.xtec.cat\/escolataiala\/wp-json\/wp\/v2\/pages\/22"}],"wp:attachment":[{"href":"https:\/\/agora.xtec.cat\/escolataiala\/wp-json\/wp\/v2\/media?parent=24"}],"curies":[{"name":"wp","href":"https:\/\/api.w.org\/{rel}","templated":true}]}}