{"id":2196,"date":"2023-08-30T16:04:14","date_gmt":"2023-08-30T14:04:14","guid":{"rendered":"https:\/\/agora.xtec.cat\/escolataiala\/?page_id=2196"},"modified":"2024-09-04T16:41:28","modified_gmt":"2024-09-04T14:41:28","slug":"revista-en-xispa","status":"publish","type":"page","link":"https:\/\/agora.xtec.cat\/escolataiala\/afa\/revista-en-xispa\/","title":{"rendered":"Revista \u201cEn Xispa\u201d"},"content":{"rendered":"<p>La revista &#8220;En Xispa&#8221; est\u00e0 finan\u00e7ada \u00edntegrament per l&#8217;AFA.<\/p>\n<p>Per fer-ho possible, l&#8217;equip AFA visita i concerta la publicitat que apareix a la revista amb les empreses col\u00b7laboradores.<\/p>\n<div>Clica sobre l&#8217;any del n\u00famero que vulguis veure per a descarregar la revista en pdf.<\/div>\n<div>\n<hr \/>\n<\/div>\n<div><\/div>\n<div><\/div>\n<div>\n<table style=\"border-collapse: collapse; width: 100%;\">\n<tbody>\n<tr>\n<td style=\"width: 25%;\"><strong><a href=\"https:\/\/drive.google.com\/file\/d\/1OGvArtFJKltyDmf4CCrmr6QnwCSfPm-d\/view?usp=sharing\" target=\"_blank\" rel=\"noopener\">2024<\/a><\/strong><\/p>\n<p><a href=\"https:\/\/drive.google.com\/file\/d\/1OGvArtFJKltyDmf4CCrmr6QnwCSfPm-d\/view?usp=sharing\" target=\"_blank\" rel=\"noopener\"><img loading=\"lazy\" decoding=\"async\" class=\"alignnone size-full wp-image-2698\" src=\"https:\/\/agora.xtec.cat\/escolataiala\/wp-content\/uploads\/usu2111\/2024\/06\/Portada-revista-Xispa-28.jpg\" alt=\"\" width=\"456\" height=\"644\" srcset=\"https:\/\/agora.xtec.cat\/escolataiala\/wp-content\/uploads\/usu2111\/2024\/06\/Portada-revista-Xispa-28.jpg 456w, https:\/\/agora.xtec.cat\/escolataiala\/wp-content\/uploads\/usu2111\/2024\/06\/Portada-revista-Xispa-28-212x300.jpg 212w\" sizes=\"auto, (max-width: 456px) 100vw, 456px\" \/><\/a><\/td>\n<td style=\"width: 25%;\"><\/td>\n<td style=\"width: 25%;\"><\/td>\n<td style=\"width: 25%;\"><\/td>\n<\/tr>\n<\/tbody>\n<\/table>\n<\/div>\n<div><\/div>\n<div><\/div>\n<div>\n<table style=\"border-collapse: collapse; width: 100%;\">\n<tbody>\n<tr>\n<td style=\"width: 25%;\"><a href=\"https:\/\/drive.google.com\/file\/d\/1YFXzFTVuQOTdhbRVk3MFkwGuhr1QJWi0\/view?usp=sharing\" target=\"_blank\" rel=\"noopener\"><strong>2023<\/strong><\/a><\/p>\n<p><a href=\"https:\/\/agora.xtec.cat\/escolataiala\/wp-content\/uploads\/usu2111\/2023\/09\/Captura-de-pantalla-2023-09-13-192318.png\"><img loading=\"lazy\" decoding=\"async\" class=\"alignnone size-full wp-image-2277\" src=\"https:\/\/agora.xtec.cat\/escolataiala\/wp-content\/uploads\/usu2111\/2023\/09\/Captura-de-pantalla-2023-09-13-192318.png\" alt=\"\" width=\"305\" height=\"432\" srcset=\"https:\/\/agora.xtec.cat\/escolataiala\/wp-content\/uploads\/usu2111\/2023\/09\/Captura-de-pantalla-2023-09-13-192318.png 305w, https:\/\/agora.xtec.cat\/escolataiala\/wp-content\/uploads\/usu2111\/2023\/09\/Captura-de-pantalla-2023-09-13-192318-212x300.png 212w\" sizes=\"auto, (max-width: 305px) 100vw, 305px\" \/><\/a><\/td>\n<td style=\"width: 25%;\"><a href=\"https:\/\/drive.google.com\/file\/d\/1cLyNhlaH9oB0dmuhlwyfCaD42VWdUZTw\/view?usp=sharing\" target=\"_blank\" rel=\"noopener\"><strong>2022<\/strong><\/a><\/p>\n<p><a href=\"https:\/\/agora.xtec.cat\/escolataiala\/wp-content\/uploads\/usu2111\/2023\/09\/Captura-de-pantalla-2023-09-13-192354.png\"><img loading=\"lazy\" decoding=\"async\" class=\"alignnone size-full wp-image-2278\" src=\"https:\/\/agora.xtec.cat\/escolataiala\/wp-content\/uploads\/usu2111\/2023\/09\/Captura-de-pantalla-2023-09-13-192354.png\" alt=\"\" width=\"306\" height=\"438\" srcset=\"https:\/\/agora.xtec.cat\/escolataiala\/wp-content\/uploads\/usu2111\/2023\/09\/Captura-de-pantalla-2023-09-13-192354.png 306w, https:\/\/agora.xtec.cat\/escolataiala\/wp-content\/uploads\/usu2111\/2023\/09\/Captura-de-pantalla-2023-09-13-192354-210x300.png 210w\" sizes=\"auto, (max-width: 306px) 100vw, 306px\" \/><\/a><\/td>\n<td style=\"width: 25%;\"><a href=\"https:\/\/drive.google.com\/file\/d\/1-FdAq8z1h_NgpU4WdNdmud1S7NR2RWaU\/view?usp=sharing\" target=\"_blank\" rel=\"noopener\"><strong>2021<\/strong><\/a><\/p>\n<p><a href=\"https:\/\/agora.xtec.cat\/escolataiala\/wp-content\/uploads\/usu2111\/2023\/09\/Captura-de-pantalla-2023-09-13-192416.png\"><img loading=\"lazy\" decoding=\"async\" class=\"alignnone size-full wp-image-2279\" src=\"https:\/\/agora.xtec.cat\/escolataiala\/wp-content\/uploads\/usu2111\/2023\/09\/Captura-de-pantalla-2023-09-13-192416.png\" alt=\"\" width=\"300\" height=\"428\" srcset=\"https:\/\/agora.xtec.cat\/escolataiala\/wp-content\/uploads\/usu2111\/2023\/09\/Captura-de-pantalla-2023-09-13-192416.png 300w, https:\/\/agora.xtec.cat\/escolataiala\/wp-content\/uploads\/usu2111\/2023\/09\/Captura-de-pantalla-2023-09-13-192416-210x300.png 210w\" sizes=\"auto, (max-width: 300px) 100vw, 300px\" \/><\/a><\/td>\n<td style=\"width: 25%;\"><a href=\"https:\/\/drive.google.com\/file\/d\/1sG2d7gkSbl7D5SanUgXOJPJtRdKaRel3\/view?usp=sharing\" target=\"_blank\" rel=\"noopener\"><strong>2020<\/strong><\/a><\/p>\n<p><a href=\"https:\/\/agora.xtec.cat\/escolataiala\/wp-content\/uploads\/usu2111\/2023\/09\/Captura-de-pantalla-2023-09-13-192435.png\"><img loading=\"lazy\" decoding=\"async\" class=\"alignnone size-full wp-image-2280\" src=\"https:\/\/agora.xtec.cat\/escolataiala\/wp-content\/uploads\/usu2111\/2023\/09\/Captura-de-pantalla-2023-09-13-192435.png\" alt=\"\" width=\"302\" height=\"436\" srcset=\"https:\/\/agora.xtec.cat\/escolataiala\/wp-content\/uploads\/usu2111\/2023\/09\/Captura-de-pantalla-2023-09-13-192435.png 302w, https:\/\/agora.xtec.cat\/escolataiala\/wp-content\/uploads\/usu2111\/2023\/09\/Captura-de-pantalla-2023-09-13-192435-208x300.png 208w\" sizes=\"auto, (max-width: 302px) 100vw, 302px\" \/><\/a><\/td>\n<\/tr>\n<tr>\n<td style=\"width: 25%;\"><a href=\"https:\/\/drive.google.com\/file\/d\/1ZMAmhjXNno9h6mcj_0Qod-GhRcfaCohl\/view?usp=sharing\" target=\"_blank\" rel=\"noopener\"><strong>2019<\/strong><\/a><\/p>\n<p><a href=\"https:\/\/agora.xtec.cat\/escolataiala\/wp-content\/uploads\/usu2111\/2023\/09\/Captura-de-pantalla-2023-09-13-192446.png\"><img loading=\"lazy\" decoding=\"async\" class=\"alignnone size-full wp-image-2281\" src=\"https:\/\/agora.xtec.cat\/escolataiala\/wp-content\/uploads\/usu2111\/2023\/09\/Captura-de-pantalla-2023-09-13-192446.png\" alt=\"\" width=\"300\" height=\"434\" srcset=\"https:\/\/agora.xtec.cat\/escolataiala\/wp-content\/uploads\/usu2111\/2023\/09\/Captura-de-pantalla-2023-09-13-192446.png 300w, https:\/\/agora.xtec.cat\/escolataiala\/wp-content\/uploads\/usu2111\/2023\/09\/Captura-de-pantalla-2023-09-13-192446-207x300.png 207w\" sizes=\"auto, (max-width: 300px) 100vw, 300px\" \/><\/a><\/td>\n<td style=\"width: 25%;\"><a href=\"https:\/\/drive.google.com\/file\/d\/1KDrE1ytFMaIeiI-nXQw8JiydQyCme_5q\/view?usp=sharing\" target=\"_blank\" rel=\"noopener\"><strong>2018<\/strong><\/a><\/p>\n<p><a href=\"https:\/\/agora.xtec.cat\/escolataiala\/wp-content\/uploads\/usu2111\/2023\/09\/Captura-de-pantalla-2023-09-13-192455.png\"><img loading=\"lazy\" decoding=\"async\" class=\"alignnone size-full wp-image-2282\" src=\"https:\/\/agora.xtec.cat\/escolataiala\/wp-content\/uploads\/usu2111\/2023\/09\/Captura-de-pantalla-2023-09-13-192455.png\" alt=\"\" width=\"310\" height=\"432\" srcset=\"https:\/\/agora.xtec.cat\/escolataiala\/wp-content\/uploads\/usu2111\/2023\/09\/Captura-de-pantalla-2023-09-13-192455.png 310w, https:\/\/agora.xtec.cat\/escolataiala\/wp-content\/uploads\/usu2111\/2023\/09\/Captura-de-pantalla-2023-09-13-192455-215x300.png 215w\" sizes=\"auto, (max-width: 310px) 100vw, 310px\" \/><\/a><\/td>\n<td style=\"width: 25%;\"><a href=\"https:\/\/drive.google.com\/file\/d\/1KxYurxHAkD9mxru1ABZqRXqc3O9pZxo7\/view?usp=sharing\" target=\"_blank\" rel=\"noopener\"><strong>2017<\/strong><\/a><\/p>\n<p><a href=\"https:\/\/agora.xtec.cat\/escolataiala\/wp-content\/uploads\/usu2111\/2023\/09\/Captura-de-pantalla-2023-09-13-192506.png\"><img loading=\"lazy\" decoding=\"async\" class=\"alignnone size-full wp-image-2283\" src=\"https:\/\/agora.xtec.cat\/escolataiala\/wp-content\/uploads\/usu2111\/2023\/09\/Captura-de-pantalla-2023-09-13-192506.png\" alt=\"\" width=\"304\" height=\"432\" srcset=\"https:\/\/agora.xtec.cat\/escolataiala\/wp-content\/uploads\/usu2111\/2023\/09\/Captura-de-pantalla-2023-09-13-192506.png 304w, https:\/\/agora.xtec.cat\/escolataiala\/wp-content\/uploads\/usu2111\/2023\/09\/Captura-de-pantalla-2023-09-13-192506-211x300.png 211w\" sizes=\"auto, (max-width: 304px) 100vw, 304px\" \/><\/a><\/td>\n<td style=\"width: 25%;\"><a href=\"https:\/\/drive.google.com\/file\/d\/1eDhYjejfshsMnuXZNALl9yE6cW_Ku78-\/view?usp=sharing\" target=\"_blank\" rel=\"noopener\"><strong>2016<\/strong><\/a><\/p>\n<p><a href=\"https:\/\/agora.xtec.cat\/escolataiala\/wp-content\/uploads\/usu2111\/2023\/09\/Captura-de-pantalla-2023-09-13-192528.png\"><img loading=\"lazy\" decoding=\"async\" class=\"alignnone size-full wp-image-2284\" src=\"https:\/\/agora.xtec.cat\/escolataiala\/wp-content\/uploads\/usu2111\/2023\/09\/Captura-de-pantalla-2023-09-13-192528.png\" alt=\"\" width=\"297\" height=\"426\" srcset=\"https:\/\/agora.xtec.cat\/escolataiala\/wp-content\/uploads\/usu2111\/2023\/09\/Captura-de-pantalla-2023-09-13-192528.png 297w, https:\/\/agora.xtec.cat\/escolataiala\/wp-content\/uploads\/usu2111\/2023\/09\/Captura-de-pantalla-2023-09-13-192528-209x300.png 209w\" sizes=\"auto, (max-width: 297px) 100vw, 297px\" \/><\/a><\/td>\n<\/tr>\n<tr>\n<td style=\"width: 25%;\">2015<\/p>\n<p>&nbsp;<\/td>\n<td style=\"width: 25%;\"><a href=\"https:\/\/drive.google.com\/file\/d\/1W3-518Gg39-9EHCVQo9sdv6keXrVaDM3\/view?usp=sharing\" target=\"_blank\" rel=\"noopener\"><strong>2014<\/strong><\/a><\/p>\n<p><a href=\"https:\/\/agora.xtec.cat\/escolataiala\/wp-content\/uploads\/usu2111\/2023\/09\/Captura-de-pantalla-2023-09-13-192537.png\"><img loading=\"lazy\" decoding=\"async\" class=\"alignnone size-full wp-image-2285\" src=\"https:\/\/agora.xtec.cat\/escolataiala\/wp-content\/uploads\/usu2111\/2023\/09\/Captura-de-pantalla-2023-09-13-192537.png\" alt=\"\" width=\"306\" height=\"438\" srcset=\"https:\/\/agora.xtec.cat\/escolataiala\/wp-content\/uploads\/usu2111\/2023\/09\/Captura-de-pantalla-2023-09-13-192537.png 306w, https:\/\/agora.xtec.cat\/escolataiala\/wp-content\/uploads\/usu2111\/2023\/09\/Captura-de-pantalla-2023-09-13-192537-210x300.png 210w\" sizes=\"auto, (max-width: 306px) 100vw, 306px\" \/><\/a><\/td>\n<td style=\"width: 25%;\"><a href=\"https:\/\/drive.google.com\/file\/d\/1Cy8NYfPjSGSNuVDqkbTIXFhQZKkcDC0a\/view?usp=sharing\" target=\"_blank\" rel=\"noopener\"><strong>2013<\/strong><\/a><\/p>\n<p><a href=\"https:\/\/agora.xtec.cat\/escolataiala\/wp-content\/uploads\/usu2111\/2023\/09\/Captura-de-pantalla-2023-09-13-192546.png\"><img loading=\"lazy\" decoding=\"async\" class=\"alignnone size-full wp-image-2286\" src=\"https:\/\/agora.xtec.cat\/escolataiala\/wp-content\/uploads\/usu2111\/2023\/09\/Captura-de-pantalla-2023-09-13-192546.png\" alt=\"\" width=\"305\" height=\"436\" srcset=\"https:\/\/agora.xtec.cat\/escolataiala\/wp-content\/uploads\/usu2111\/2023\/09\/Captura-de-pantalla-2023-09-13-192546.png 305w, https:\/\/agora.xtec.cat\/escolataiala\/wp-content\/uploads\/usu2111\/2023\/09\/Captura-de-pantalla-2023-09-13-192546-210x300.png 210w\" sizes=\"auto, (max-width: 305px) 100vw, 305px\" \/><\/a><\/td>\n<td style=\"width: 25%;\"><a href=\"https:\/\/drive.google.com\/file\/d\/1z5yKQ5OKCGCMfmwh0ZYaQw5TdNLrVYUm\/view?usp=sharing\" target=\"_blank\" rel=\"noopener\"><strong>2012<\/strong><\/a><\/p>\n<p><a href=\"https:\/\/agora.xtec.cat\/escolataiala\/wp-content\/uploads\/usu2111\/2023\/09\/Captura-de-pantalla-2023-09-13-192600.png\"><img loading=\"lazy\" decoding=\"async\" class=\"alignnone size-full wp-image-2287\" src=\"https:\/\/agora.xtec.cat\/escolataiala\/wp-content\/uploads\/usu2111\/2023\/09\/Captura-de-pantalla-2023-09-13-192600.png\" alt=\"\" width=\"299\" height=\"451\" srcset=\"https:\/\/agora.xtec.cat\/escolataiala\/wp-content\/uploads\/usu2111\/2023\/09\/Captura-de-pantalla-2023-09-13-192600.png 299w, https:\/\/agora.xtec.cat\/escolataiala\/wp-content\/uploads\/usu2111\/2023\/09\/Captura-de-pantalla-2023-09-13-192600-199x300.png 199w\" sizes=\"auto, (max-width: 299px) 100vw, 299px\" \/><\/a><\/td>\n<\/tr>\n<tr>\n<td style=\"width: 25%;\"><a href=\"https:\/\/drive.google.com\/file\/d\/15Y0sridTA8275KbtKv-wpASmmcrlqTkK\/view?usp=sharing\" target=\"_blank\" rel=\"noopener\"><strong>2011<\/strong><\/a><\/p>\n<p><a href=\"https:\/\/agora.xtec.cat\/escolataiala\/wp-content\/uploads\/usu2111\/2023\/09\/Captura-de-pantalla-2023-09-13-192608.png\"><img loading=\"lazy\" decoding=\"async\" class=\"alignnone size-full wp-image-2288\" src=\"https:\/\/agora.xtec.cat\/escolataiala\/wp-content\/uploads\/usu2111\/2023\/09\/Captura-de-pantalla-2023-09-13-192608.png\" alt=\"\" width=\"302\" height=\"441\" srcset=\"https:\/\/agora.xtec.cat\/escolataiala\/wp-content\/uploads\/usu2111\/2023\/09\/Captura-de-pantalla-2023-09-13-192608.png 302w, https:\/\/agora.xtec.cat\/escolataiala\/wp-content\/uploads\/usu2111\/2023\/09\/Captura-de-pantalla-2023-09-13-192608-205x300.png 205w\" sizes=\"auto, (max-width: 302px) 100vw, 302px\" \/><\/a><\/td>\n<td style=\"width: 25%;\"><a href=\"https:\/\/drive.google.com\/file\/d\/1FUKDgdldljtVr5UB1LP0LCsIi2NyyZuo\/view?usp=sharing\" target=\"_blank\" rel=\"noopener\"><strong>2010<\/strong><\/a><\/p>\n<p><a href=\"https:\/\/agora.xtec.cat\/escolataiala\/wp-content\/uploads\/usu2111\/2023\/09\/Captura-de-pantalla-2023-09-13-192619.png\"><img loading=\"lazy\" decoding=\"async\" class=\"alignnone size-full wp-image-2289\" src=\"https:\/\/agora.xtec.cat\/escolataiala\/wp-content\/uploads\/usu2111\/2023\/09\/Captura-de-pantalla-2023-09-13-192619.png\" alt=\"\" width=\"301\" height=\"445\" srcset=\"https:\/\/agora.xtec.cat\/escolataiala\/wp-content\/uploads\/usu2111\/2023\/09\/Captura-de-pantalla-2023-09-13-192619.png 301w, https:\/\/agora.xtec.cat\/escolataiala\/wp-content\/uploads\/usu2111\/2023\/09\/Captura-de-pantalla-2023-09-13-192619-203x300.png 203w\" sizes=\"auto, (max-width: 301px) 100vw, 301px\" \/><\/a><\/td>\n<td style=\"width: 25%;\"><a href=\"https:\/\/drive.google.com\/file\/d\/1NAzoVPhQkhUxUXijR-10Nz0v8zrz9xIb\/view?usp=sharing\" target=\"_blank\" rel=\"noopener\"><strong>2009<\/strong><\/a><\/p>\n<p><a href=\"https:\/\/agora.xtec.cat\/escolataiala\/wp-content\/uploads\/usu2111\/2023\/09\/Captura-de-pantalla-2023-09-13-192630.png\"><img loading=\"lazy\" decoding=\"async\" class=\"alignnone wp-image-2290 size-full\" src=\"https:\/\/agora.xtec.cat\/escolataiala\/wp-content\/uploads\/usu2111\/2023\/09\/Captura-de-pantalla-2023-09-13-192630.png\" alt=\"\" width=\"304\" height=\"434\" srcset=\"https:\/\/agora.xtec.cat\/escolataiala\/wp-content\/uploads\/usu2111\/2023\/09\/Captura-de-pantalla-2023-09-13-192630.png 304w, https:\/\/agora.xtec.cat\/escolataiala\/wp-content\/uploads\/usu2111\/2023\/09\/Captura-de-pantalla-2023-09-13-192630-210x300.png 210w\" sizes=\"auto, (max-width: 304px) 100vw, 304px\" \/><\/a><\/td>\n<td style=\"width: 25%;\"><\/td>\n<\/tr>\n<\/tbody>\n<\/table>\n<\/div>\n","protected":false},"excerpt":{"rendered":"<p>La revista &#8220;En Xispa&#8221; est\u00e0 finan\u00e7ada \u00edntegrament per l&#8217;AFA. Per fer-ho possible, l&#8217;equip AFA visita i concerta la publicitat que apareix a la revista amb les empreses col\u00b7laboradores. Clica sobre l&#8217;any del n\u00famero que vulguis veure per a descarregar la revista en pdf. 2024 2023 2022 2021 2020 2019 2018 2017 2016 2015 &nbsp; 2014 [&hellip;]<\/p>\n","protected":false},"author":3,"featured_media":0,"parent":932,"menu_order":4,"comment_status":"closed","ping_status":"closed","template":"page-templates\/side-menu.php","meta":{"_bbp_topic_count":0,"_bbp_reply_count":0,"_bbp_total_topic_count":0,"_bbp_total_reply_count":0,"_bbp_voice_count":0,"_bbp_anonymous_reply_count":0,"_bbp_topic_count_hidden":0,"_bbp_reply_count_hidden":0,"_bbp_forum_subforum_count":0,"site-sidebar-layout":"default","site-content-layout":"","ast-site-content-layout":"","site-content-style":"default","site-sidebar-style":"default","ast-global-header-display":"","ast-banner-title-visibility":"","ast-main-header-display":"","ast-hfb-above-header-display":"","ast-hfb-below-header-display":"","ast-hfb-mobile-header-display":"","site-post-title":"","ast-breadcrumbs-content":"","ast-featured-img":"","footer-sml-layout":"","theme-transparent-header-meta":"","adv-header-id-meta":"","stick-header-meta":"","header-above-stick-meta":"","header-main-stick-meta":"","header-below-stick-meta":"","astra-migrate-meta-layouts":"default","ast-page-background-enabled":"default","ast-page-background-meta":{"desktop":{"background-color":"var(--ast-global-color-4)","background-image":"","background-repeat":"repeat","background-position":"center center","background-size":"auto","background-attachment":"scroll","background-type":"","background-media":"","overlay-type":"","overlay-color":"","overlay-opacity":"","overlay-gradient":""},"tablet":{"background-color":"","background-image":"","background-repeat":"repeat","background-position":"center center","background-size":"auto","background-attachment":"scroll","background-type":"","background-media":"","overlay-type":"","overlay-color":"","overlay-opacity":"","overlay-gradient":""},"mobile":{"background-color":"","background-image":"","background-repeat":"repeat","background-position":"center center","background-size":"auto","background-attachment":"scroll","background-type":"","background-media":"","overlay-type":"","overlay-color":"","overlay-opacity":"","overlay-gradient":""}},"ast-content-background-meta":{"desktop":{"background-color":"var(--ast-global-color-5)","background-image":"","background-repeat":"repeat","background-position":"center center","background-size":"auto","background-attachment":"scroll","background-type":"","background-media":"","overlay-type":"","overlay-color":"","overlay-opacity":"","overlay-gradient":""},"tablet":{"background-color":"var(--ast-global-color-5)","background-image":"","background-repeat":"repeat","background-position":"center center","background-size":"auto","background-attachment":"scroll","background-type":"","background-media":"","overlay-type":"","overlay-color":"","overlay-opacity":"","overlay-gradient":""},"mobile":{"background-color":"var(--ast-global-color-5)","background-image":"","background-repeat":"repeat","background-position":"center center","background-size":"auto","background-attachment":"scroll","background-type":"","background-media":"","overlay-type":"","overlay-color":"","overlay-opacity":"","overlay-gradient":""}},"footnotes":""},"class_list":["post-2196","page","type-page","status-publish","hentry"],"post_mailing_queue_ids":[],"_links":{"self":[{"href":"https:\/\/agora.xtec.cat\/escolataiala\/wp-json\/wp\/v2\/pages\/2196","targetHints":{"allow":["GET"]}}],"collection":[{"href":"https:\/\/agora.xtec.cat\/escolataiala\/wp-json\/wp\/v2\/pages"}],"about":[{"href":"https:\/\/agora.xtec.cat\/escolataiala\/wp-json\/wp\/v2\/types\/page"}],"author":[{"embeddable":true,"href":"https:\/\/agora.xtec.cat\/escolataiala\/wp-json\/wp\/v2\/users\/3"}],"replies":[{"embeddable":true,"href":"https:\/\/agora.xtec.cat\/escolataiala\/wp-json\/wp\/v2\/comments?post=2196"}],"version-history":[{"count":6,"href":"https:\/\/agora.xtec.cat\/escolataiala\/wp-json\/wp\/v2\/pages\/2196\/revisions"}],"predecessor-version":[{"id":2742,"href":"https:\/\/agora.xtec.cat\/escolataiala\/wp-json\/wp\/v2\/pages\/2196\/revisions\/2742"}],"up":[{"embeddable":true,"href":"https:\/\/agora.xtec.cat\/escolataiala\/wp-json\/wp\/v2\/pages\/932"}],"wp:attachment":[{"href":"https:\/\/agora.xtec.cat\/escolataiala\/wp-json\/wp\/v2\/media?parent=2196"}],"curies":[{"name":"wp","href":"https:\/\/api.w.org\/{rel}","templated":true}]}}