{"id":2192,"date":"2023-08-30T16:01:40","date_gmt":"2023-08-30T14:01:40","guid":{"rendered":"https:\/\/agora.xtec.cat\/escolataiala\/?page_id=2192"},"modified":"2025-09-23T17:16:17","modified_gmt":"2025-09-23T15:16:17","slug":"extraescolars","status":"publish","type":"page","link":"https:\/\/agora.xtec.cat\/escolataiala\/afa\/extraescolars\/","title":{"rendered":"Extraescolars"},"content":{"rendered":"<div class=\"et_pb_module et_pb_text et_pb_text_0 et_pb_bg_layout_light et_pb_text_align_left\">\n<div class=\"et_pb_text_inner\">\n<p><strong>Extraescolars\u00a0<\/strong><\/p>\n<p>A l\u2019AFA Taiala oferim una \u00e0mplia varietat d\u2019activitats extraescolars pensades per complementar l\u2019educaci\u00f3 dels infants i ajudar-los a desenvolupar noves habilitats en un entorn l\u00fadic i segur. Les nostres extraescolars estan dirigides a tots els alumnes de l\u2019escola i cobreixen diferents \u00e0mbits: esportiu, art\u00edstic, tecnol\u00f2gic i ling\u00fc\u00edstic.<\/p>\n<p>L\u2019objectiu principal \u00e9s fomentar la creativitat, el treball en equip i l\u2019autonomia dels nens i nenes, tot gaudint d\u2019activitats adaptades a les seves edats i interessos. Les activitats s\u00f3n impartides per professionals qualificats i es realitzen a les instal\u00b7lacions de l\u2019escola, en horari de migdia o tarda.<\/p>\n<p>Consulta la nostra oferta d\u2019extraescolars i anima\u2019t a participar-hi!<\/p>\n<p>&nbsp;<\/p>\n<\/div>\n<p>&nbsp;<\/p>\n<p>&nbsp;<\/p>\n<\/div>\n","protected":false},"excerpt":{"rendered":"<p>Extraescolars\u00a0 A l\u2019AFA Taiala oferim una \u00e0mplia varietat d\u2019activitats extraescolars pensades per complementar l\u2019educaci\u00f3 dels infants i ajudar-los a desenvolupar noves habilitats en un entorn l\u00fadic i segur. Les nostres extraescolars estan dirigides a tots els alumnes de l\u2019escola i cobreixen diferents \u00e0mbits: esportiu, art\u00edstic, tecnol\u00f2gic i ling\u00fc\u00edstic. L\u2019objectiu principal \u00e9s fomentar la creativitat, el [&hellip;]<\/p>\n","protected":false},"author":3,"featured_media":0,"parent":932,"menu_order":2,"comment_status":"closed","ping_status":"closed","template":"","meta":{"_bbp_topic_count":0,"_bbp_reply_count":0,"_bbp_total_topic_count":0,"_bbp_total_reply_count":0,"_bbp_voice_count":0,"_bbp_anonymous_reply_count":0,"_bbp_topic_count_hidden":0,"_bbp_reply_count_hidden":0,"_bbp_forum_subforum_count":0,"site-sidebar-layout":"default","site-content-layout":"","ast-site-content-layout":"default","site-content-style":"default","site-sidebar-style":"default","ast-global-header-display":"","ast-banner-title-visibility":"","ast-main-header-display":"","ast-hfb-above-header-display":"","ast-hfb-below-header-display":"","ast-hfb-mobile-header-display":"","site-post-title":"","ast-breadcrumbs-content":"","ast-featured-img":"","footer-sml-layout":"","theme-transparent-header-meta":"default","adv-header-id-meta":"","stick-header-meta":"","header-above-stick-meta":"","header-main-stick-meta":"","header-below-stick-meta":"","astra-migrate-meta-layouts":"set","ast-page-background-enabled":"default","ast-page-background-meta":{"desktop":{"background-color":"var(--ast-global-color-4)","background-image":"","background-repeat":"repeat","background-position":"center center","background-size":"auto","background-attachment":"scroll","background-type":"","background-media":"","overlay-type":"","overlay-color":"","overlay-opacity":"","overlay-gradient":""},"tablet":{"background-color":"","background-image":"","background-repeat":"repeat","background-position":"center center","background-size":"auto","background-attachment":"scroll","background-type":"","background-media":"","overlay-type":"","overlay-color":"","overlay-opacity":"","overlay-gradient":""},"mobile":{"background-color":"","background-image":"","background-repeat":"repeat","background-position":"center center","background-size":"auto","background-attachment":"scroll","background-type":"","background-media":"","overlay-type":"","overlay-color":"","overlay-opacity":"","overlay-gradient":""}},"ast-content-background-meta":{"desktop":{"background-color":"var(--ast-global-color-5)","background-image":"","background-repeat":"repeat","background-position":"center center","background-size":"auto","background-attachment":"scroll","background-type":"","background-media":"","overlay-type":"","overlay-color":"","overlay-opacity":"","overlay-gradient":""},"tablet":{"background-color":"var(--ast-global-color-5)","background-image":"","background-repeat":"repeat","background-position":"center center","background-size":"auto","background-attachment":"scroll","background-type":"","background-media":"","overlay-type":"","overlay-color":"","overlay-opacity":"","overlay-gradient":""},"mobile":{"background-color":"var(--ast-global-color-5)","background-image":"","background-repeat":"repeat","background-position":"center center","background-size":"auto","background-attachment":"scroll","background-type":"","background-media":"","overlay-type":"","overlay-color":"","overlay-opacity":"","overlay-gradient":""}},"footnotes":""},"class_list":["post-2192","page","type-page","status-publish","hentry"],"post_mailing_queue_ids":[],"_links":{"self":[{"href":"https:\/\/agora.xtec.cat\/escolataiala\/wp-json\/wp\/v2\/pages\/2192","targetHints":{"allow":["GET"]}}],"collection":[{"href":"https:\/\/agora.xtec.cat\/escolataiala\/wp-json\/wp\/v2\/pages"}],"about":[{"href":"https:\/\/agora.xtec.cat\/escolataiala\/wp-json\/wp\/v2\/types\/page"}],"author":[{"embeddable":true,"href":"https:\/\/agora.xtec.cat\/escolataiala\/wp-json\/wp\/v2\/users\/3"}],"replies":[{"embeddable":true,"href":"https:\/\/agora.xtec.cat\/escolataiala\/wp-json\/wp\/v2\/comments?post=2192"}],"version-history":[{"count":5,"href":"https:\/\/agora.xtec.cat\/escolataiala\/wp-json\/wp\/v2\/pages\/2192\/revisions"}],"predecessor-version":[{"id":17944,"href":"https:\/\/agora.xtec.cat\/escolataiala\/wp-json\/wp\/v2\/pages\/2192\/revisions\/17944"}],"up":[{"embeddable":true,"href":"https:\/\/agora.xtec.cat\/escolataiala\/wp-json\/wp\/v2\/pages\/932"}],"wp:attachment":[{"href":"https:\/\/agora.xtec.cat\/escolataiala\/wp-json\/wp\/v2\/media?parent=2192"}],"curies":[{"name":"wp","href":"https:\/\/api.w.org\/{rel}","templated":true}]}}