{"id":2190,"date":"2023-08-30T15:59:47","date_gmt":"2023-08-30T13:59:47","guid":{"rendered":"https:\/\/agora.xtec.cat\/escolataiala\/?page_id=2190"},"modified":"2026-04-01T08:51:24","modified_gmt":"2026-04-01T06:51:24","slug":"menjador","status":"publish","type":"page","link":"https:\/\/agora.xtec.cat\/escolataiala\/afa\/menjador\/","title":{"rendered":"Menjador"},"content":{"rendered":"<h2><strong>MEN\u00da<\/strong><\/h2>\n<ul>\n<li><a href=\"https:\/\/drive.google.com\/file\/d\/1vFlC4rhCR8ox55_OKq1xNOexae7C0CHZ\/view?usp=drive_link\" target=\"_blank\" rel=\"noopener\">Men\u00fa Basal Abril 2026<\/a><\/li>\n<li><a href=\"https:\/\/drive.google.com\/file\/d\/1vIJOmzCsGZbqIsWAOwNMP80YFO9s2fmf\/view?usp=drive_link\" target=\"_blank\" rel=\"noopener\">Men\u00fa No Gluten Abril 2026<\/a><\/li>\n<li><a href=\"https:\/\/drive.google.com\/file\/d\/15Ggc99baLBIWhPavTCQ7OrC08AjvIR6f\/view?usp=drive_link\" target=\"_blank\" rel=\"noopener\">Men\u00fa No Lactosa Abril 2026<\/a><\/li>\n<li><a href=\"https:\/\/drive.google.com\/file\/d\/1EzaW3OMJvQBGSMiZyryqqBt2KRLEY1B-\/view?usp=drive_link\">Men\u00fa Ovolacteovegetari\u00e0 Abril 2026<\/a><\/li>\n<\/ul>\n<p>El servei de menjador de la nostra escola \u00e9s gestionat per l\u2019AFA i per l\u2019empresa TECA &amp; XERINOLA.<\/p>\n<p>Enlla\u00e7 inscripci\u00f3 curs 2025-26: <a href=\"https:\/\/forms.gle\/pQGhgTgUc7VdwHig7\" target=\"_blank\" rel=\"noopener\">https:\/\/forms.gle\/pQGhgTgUc7VdwHig7<\/a><\/p>\n<ul>\n<li style=\"list-style-type: none;\">\n<ul>\n<li><a href=\"https:\/\/drive.google.com\/file\/d\/1EF69iT4Le8RaAMQiC3NR0Kh8wrmxnUhO\/view?usp=sharing\" target=\"_blank\" rel=\"noopener\">Informaci\u00f3 servei de menjador &#8211; Escola Taial\u00e0<\/a><\/li>\n<li><a href=\"https:\/\/drive.google.com\/file\/d\/1zvedUkE0Ye-wwneF55LlBT6MCMPdz594\/view?usp=sharing\" target=\"_blank\" rel=\"noopener\">Pla de funcionament del Servei de menjador curs 2025-26<\/a><\/li>\n<li><a href=\"https:\/\/drive.google.com\/file\/d\/14t8l1uiQBI9nrcqS3L-YwfXxAnLQIktX\/view?usp=sharing\" target=\"_blank\" rel=\"noopener\">Nota informativa &#8211; Inscripci\u00f3 servei de menjador<\/a><\/li>\n<li><a href=\"https:\/\/drive.google.com\/file\/d\/10DoqfgjlFWfWNmsFf_lZUfbpX457jYJJ\/view?usp=sharing\" target=\"_blank\" rel=\"noopener\">Informaci\u00f3 APP Teca i Xerinola per les fam\u00edlies<\/a><\/li>\n<li><a href=\"https:\/\/drive.google.com\/file\/d\/1EF69iT4Le8RaAMQiC3NR0Kh8wrmxnUhO\/view\" target=\"_blank\" rel=\"noopener\">Informaci\u00f3 servei de menjador &#8211; IES Carles Rahola<\/a><\/li>\n<\/ul>\n<\/li>\n<\/ul>\n<p>___________________________________________________________________________________________<\/p>\n<h2><strong>NOT\u00cdCIES<\/strong><\/h2>\n<p>El 19 de desembre del 2018 es van organitzar diferents ACTES REIVINDICATIUS a moltes escoles de Catalunya, com ara l&#8217;Escola Taial\u00e0, per defensar la gesti\u00f3 de les AMPAS i les AFAS del servei de menjador.<\/p>\n<p>Aqu\u00ed podeu veure:<\/p>\n<ul>\n<li><strong><a href=\"https:\/\/drive.google.com\/drive\/folders\/1ls-ZtyKS4oX0HTRIow-HtPFadjNYf20D?usp=sharing\" target=\"_blank\" rel=\"noopener\">Fotografies<\/a><\/strong><\/li>\n<li>\n<h6><a href=\"https:\/\/www.diaridegirona.cat\/comarques\/2018\/12\/20\/menjadors-al-pati-pancartes-plats\/952746.html\" target=\"_blank\" rel=\"noopener\">Not\u00edcia a la premsa<\/a><\/h6>\n<\/li>\n<li>\n<h6><a href=\"http:\/\/tvgirona.alacarta.cat\/noticies\/capitol\/noticies-migdia-del-20122018\" target=\"_blank\" rel=\"noopener\">Reportatge a TV Girona (a partir del minut 9 i 40 segons)<\/a><\/h6>\n<\/li>\n<li><a href=\"https:\/\/agora.xtec.cat\/escolataiala\/wp-content\/uploads\/usu2111\/2023\/09\/Coordinadora_AMPA_AFA_menjador_flyer.jpg\"><img loading=\"lazy\" decoding=\"async\" class=\"alignnone wp-image-2222\" src=\"https:\/\/agora.xtec.cat\/escolataiala\/wp-content\/uploads\/usu2111\/2023\/09\/Coordinadora_AMPA_AFA_menjador_flyer-722x1024.jpg\" alt=\"\" width=\"314\" height=\"445\" srcset=\"https:\/\/agora.xtec.cat\/escolataiala\/wp-content\/uploads\/usu2111\/2023\/09\/Coordinadora_AMPA_AFA_menjador_flyer-722x1024.jpg 722w, https:\/\/agora.xtec.cat\/escolataiala\/wp-content\/uploads\/usu2111\/2023\/09\/Coordinadora_AMPA_AFA_menjador_flyer-211x300.jpg 211w, https:\/\/agora.xtec.cat\/escolataiala\/wp-content\/uploads\/usu2111\/2023\/09\/Coordinadora_AMPA_AFA_menjador_flyer-768x1090.jpg 768w, https:\/\/agora.xtec.cat\/escolataiala\/wp-content\/uploads\/usu2111\/2023\/09\/Coordinadora_AMPA_AFA_menjador_flyer.jpg 874w\" sizes=\"auto, (max-width: 314px) 100vw, 314px\" \/><\/a><\/li>\n<\/ul>\n<p><!--a=1--><!--a=1--><!--a=1--><\/p>\n","protected":false},"excerpt":{"rendered":"<p>MEN\u00da Men\u00fa Basal Abril 2026 Men\u00fa No Gluten Abril 2026 Men\u00fa No Lactosa Abril 2026 Men\u00fa Ovolacteovegetari\u00e0 Abril 2026 El servei de menjador de la nostra escola \u00e9s gestionat per l\u2019AFA i per l\u2019empresa TECA &amp; XERINOLA. Enlla\u00e7 inscripci\u00f3 curs 2025-26: https:\/\/forms.gle\/pQGhgTgUc7VdwHig7 Informaci\u00f3 servei de menjador &#8211; Escola Taial\u00e0 Pla de funcionament del Servei de [&hellip;]<\/p>\n","protected":false},"author":3,"featured_media":0,"parent":932,"menu_order":2,"comment_status":"closed","ping_status":"closed","template":"","meta":{"_bbp_topic_count":0,"_bbp_reply_count":0,"_bbp_total_topic_count":0,"_bbp_total_reply_count":0,"_bbp_voice_count":0,"_bbp_anonymous_reply_count":0,"_bbp_topic_count_hidden":0,"_bbp_reply_count_hidden":0,"_bbp_forum_subforum_count":0,"site-sidebar-layout":"default","site-content-layout":"","ast-site-content-layout":"default","site-content-style":"default","site-sidebar-style":"default","ast-global-header-display":"","ast-banner-title-visibility":"","ast-main-header-display":"","ast-hfb-above-header-display":"","ast-hfb-below-header-display":"","ast-hfb-mobile-header-display":"","site-post-title":"","ast-breadcrumbs-content":"","ast-featured-img":"","footer-sml-layout":"","theme-transparent-header-meta":"default","adv-header-id-meta":"","stick-header-meta":"","header-above-stick-meta":"","header-main-stick-meta":"","header-below-stick-meta":"","astra-migrate-meta-layouts":"set","ast-page-background-enabled":"default","ast-page-background-meta":{"desktop":{"background-color":"var(--ast-global-color-4)","background-image":"","background-repeat":"repeat","background-position":"center center","background-size":"auto","background-attachment":"scroll","background-type":"","background-media":"","overlay-type":"","overlay-color":"","overlay-opacity":"","overlay-gradient":""},"tablet":{"background-color":"","background-image":"","background-repeat":"repeat","background-position":"center center","background-size":"auto","background-attachment":"scroll","background-type":"","background-media":"","overlay-type":"","overlay-color":"","overlay-opacity":"","overlay-gradient":""},"mobile":{"background-color":"","background-image":"","background-repeat":"repeat","background-position":"center center","background-size":"auto","background-attachment":"scroll","background-type":"","background-media":"","overlay-type":"","overlay-color":"","overlay-opacity":"","overlay-gradient":""}},"ast-content-background-meta":{"desktop":{"background-color":"var(--ast-global-color-5)","background-image":"","background-repeat":"repeat","background-position":"center center","background-size":"auto","background-attachment":"scroll","background-type":"","background-media":"","overlay-type":"","overlay-color":"","overlay-opacity":"","overlay-gradient":""},"tablet":{"background-color":"var(--ast-global-color-5)","background-image":"","background-repeat":"repeat","background-position":"center center","background-size":"auto","background-attachment":"scroll","background-type":"","background-media":"","overlay-type":"","overlay-color":"","overlay-opacity":"","overlay-gradient":""},"mobile":{"background-color":"var(--ast-global-color-5)","background-image":"","background-repeat":"repeat","background-position":"center center","background-size":"auto","background-attachment":"scroll","background-type":"","background-media":"","overlay-type":"","overlay-color":"","overlay-opacity":"","overlay-gradient":""}},"footnotes":""},"class_list":["post-2190","page","type-page","status-publish","hentry"],"post_mailing_queue_ids":[],"_links":{"self":[{"href":"https:\/\/agora.xtec.cat\/escolataiala\/wp-json\/wp\/v2\/pages\/2190","targetHints":{"allow":["GET"]}}],"collection":[{"href":"https:\/\/agora.xtec.cat\/escolataiala\/wp-json\/wp\/v2\/pages"}],"about":[{"href":"https:\/\/agora.xtec.cat\/escolataiala\/wp-json\/wp\/v2\/types\/page"}],"author":[{"embeddable":true,"href":"https:\/\/agora.xtec.cat\/escolataiala\/wp-json\/wp\/v2\/users\/3"}],"replies":[{"embeddable":true,"href":"https:\/\/agora.xtec.cat\/escolataiala\/wp-json\/wp\/v2\/comments?post=2190"}],"version-history":[{"count":7,"href":"https:\/\/agora.xtec.cat\/escolataiala\/wp-json\/wp\/v2\/pages\/2190\/revisions"}],"predecessor-version":[{"id":18170,"href":"https:\/\/agora.xtec.cat\/escolataiala\/wp-json\/wp\/v2\/pages\/2190\/revisions\/18170"}],"up":[{"embeddable":true,"href":"https:\/\/agora.xtec.cat\/escolataiala\/wp-json\/wp\/v2\/pages\/932"}],"wp:attachment":[{"href":"https:\/\/agora.xtec.cat\/escolataiala\/wp-json\/wp\/v2\/media?parent=2190"}],"curies":[{"name":"wp","href":"https:\/\/api.w.org\/{rel}","templated":true}]}}