{"id":18021,"date":"2025-12-03T08:30:19","date_gmt":"2025-12-03T07:30:19","guid":{"rendered":"https:\/\/agora.xtec.cat\/escolataiala\/?page_id=18021"},"modified":"2026-01-12T17:21:32","modified_gmt":"2026-01-12T16:21:32","slug":"erasmus","status":"publish","type":"page","link":"https:\/\/agora.xtec.cat\/escolataiala\/erasmus\/","title":{"rendered":"ERASMUS+"},"content":{"rendered":"<h3>Qu\u00e8 \u00e9s ERASMUS+?<\/h3>\n<p data-start=\"48\" data-end=\"169\">Erasmus+ \u00e9s un programa de la UE que impulsa l\u2019educaci\u00f3, la formaci\u00f3, la joventut i l\u2019esport. Se centra en tres \u00e0mbits:<\/p>\n<ul data-start=\"170\" data-end=\"431\" data-is-last-node=\"\" data-is-only-node=\"\">\n<li data-start=\"170\" data-end=\"241\">\n<p data-start=\"172\" data-end=\"241\"><strong data-start=\"172\" data-end=\"198\">Transformaci\u00f3 digital:<\/strong> Promou l\u2019\u00fas de tecnologies a l\u2019educaci\u00f3.<\/p>\n<\/li>\n<li data-start=\"242\" data-end=\"326\">\n<p data-start=\"244\" data-end=\"326\"><strong data-start=\"244\" data-end=\"261\">Medi ambient i lluita contra el canvi clim\u00e0tic:<\/strong> Fomenta la sostenibilitat i una mobilitat amb menys emissions.<\/p>\n<\/li>\n<li data-start=\"327\" data-end=\"431\" data-is-last-node=\"\">\n<p data-start=\"329\" data-end=\"431\" data-is-last-node=\"\"><strong data-start=\"329\" data-end=\"358\">Participaci\u00f3 en la vida\u00a0democr\u00e0tica:<\/strong> Refor\u00e7a els valors de la UE, la ciutadania activa i el pensament cr\u00edtic.<\/p>\n<\/li>\n<\/ul>\n<h5><a href=\"https:\/\/sites.google.com\/xtec.cat\/erasmus-escola-taiala\/p%C3%A0gina-principal\" target=\"_blank\" rel=\"noopener\"><span style=\"text-decoration: underline;\"><strong>Visita el nostre Site!<\/strong><\/span><\/a><\/h5>\n","protected":false},"excerpt":{"rendered":"<p>Qu\u00e8 \u00e9s ERASMUS+? Erasmus+ \u00e9s un programa de la UE que impulsa l\u2019educaci\u00f3, la formaci\u00f3, la joventut i l\u2019esport. Se centra en tres \u00e0mbits: Transformaci\u00f3 digital: Promou l\u2019\u00fas de tecnologies a l\u2019educaci\u00f3. Medi ambient i lluita contra el canvi clim\u00e0tic: Fomenta la sostenibilitat i una mobilitat amb menys emissions. Participaci\u00f3 en la vida\u00a0democr\u00e0tica: Refor\u00e7a els [&hellip;]<\/p>\n","protected":false},"author":1,"featured_media":0,"parent":0,"menu_order":0,"comment_status":"closed","ping_status":"closed","template":"","meta":{"_bbp_topic_count":0,"_bbp_reply_count":0,"_bbp_total_topic_count":0,"_bbp_total_reply_count":0,"_bbp_voice_count":0,"_bbp_anonymous_reply_count":0,"_bbp_topic_count_hidden":0,"_bbp_reply_count_hidden":0,"_bbp_forum_subforum_count":0,"site-sidebar-layout":"default","site-content-layout":"","ast-site-content-layout":"default","site-content-style":"default","site-sidebar-style":"default","ast-global-header-display":"","ast-banner-title-visibility":"","ast-main-header-display":"","ast-hfb-above-header-display":"","ast-hfb-below-header-display":"","ast-hfb-mobile-header-display":"","site-post-title":"","ast-breadcrumbs-content":"","ast-featured-img":"","footer-sml-layout":"","theme-transparent-header-meta":"default","adv-header-id-meta":"","stick-header-meta":"","header-above-stick-meta":"","header-main-stick-meta":"","header-below-stick-meta":"","astra-migrate-meta-layouts":"set","ast-page-background-enabled":"default","ast-page-background-meta":{"desktop":{"background-color":"var(--ast-global-color-4)","background-image":"","background-repeat":"repeat","background-position":"center center","background-size":"auto","background-attachment":"scroll","background-type":"","background-media":"","overlay-type":"","overlay-color":"","overlay-opacity":"","overlay-gradient":""},"tablet":{"background-color":"","background-image":"","background-repeat":"repeat","background-position":"center center","background-size":"auto","background-attachment":"scroll","background-type":"","background-media":"","overlay-type":"","overlay-color":"","overlay-opacity":"","overlay-gradient":""},"mobile":{"background-color":"","background-image":"","background-repeat":"repeat","background-position":"center center","background-size":"auto","background-attachment":"scroll","background-type":"","background-media":"","overlay-type":"","overlay-color":"","overlay-opacity":"","overlay-gradient":""}},"ast-content-background-meta":{"desktop":{"background-color":"var(--ast-global-color-5)","background-image":"","background-repeat":"repeat","background-position":"center center","background-size":"auto","background-attachment":"scroll","background-type":"","background-media":"","overlay-type":"","overlay-color":"","overlay-opacity":"","overlay-gradient":""},"tablet":{"background-color":"var(--ast-global-color-5)","background-image":"","background-repeat":"repeat","background-position":"center center","background-size":"auto","background-attachment":"scroll","background-type":"","background-media":"","overlay-type":"","overlay-color":"","overlay-opacity":"","overlay-gradient":""},"mobile":{"background-color":"var(--ast-global-color-5)","background-image":"","background-repeat":"repeat","background-position":"center center","background-size":"auto","background-attachment":"scroll","background-type":"","background-media":"","overlay-type":"","overlay-color":"","overlay-opacity":"","overlay-gradient":""}},"footnotes":""},"class_list":["post-18021","page","type-page","status-publish","hentry"],"post_mailing_queue_ids":[],"_links":{"self":[{"href":"https:\/\/agora.xtec.cat\/escolataiala\/wp-json\/wp\/v2\/pages\/18021","targetHints":{"allow":["GET"]}}],"collection":[{"href":"https:\/\/agora.xtec.cat\/escolataiala\/wp-json\/wp\/v2\/pages"}],"about":[{"href":"https:\/\/agora.xtec.cat\/escolataiala\/wp-json\/wp\/v2\/types\/page"}],"author":[{"embeddable":true,"href":"https:\/\/agora.xtec.cat\/escolataiala\/wp-json\/wp\/v2\/users\/1"}],"replies":[{"embeddable":true,"href":"https:\/\/agora.xtec.cat\/escolataiala\/wp-json\/wp\/v2\/comments?post=18021"}],"version-history":[{"count":3,"href":"https:\/\/agora.xtec.cat\/escolataiala\/wp-json\/wp\/v2\/pages\/18021\/revisions"}],"predecessor-version":[{"id":18064,"href":"https:\/\/agora.xtec.cat\/escolataiala\/wp-json\/wp\/v2\/pages\/18021\/revisions\/18064"}],"wp:attachment":[{"href":"https:\/\/agora.xtec.cat\/escolataiala\/wp-json\/wp\/v2\/media?parent=18021"}],"curies":[{"name":"wp","href":"https:\/\/api.w.org\/{rel}","templated":true}]}}