{"id":1439,"date":"2022-03-21T15:49:50","date_gmt":"2022-03-21T14:49:50","guid":{"rendered":"https:\/\/agora.xtec.cat\/escolataiala\/?page_id=1439"},"modified":"2022-05-18T11:37:56","modified_gmt":"2022-05-18T09:37:56","slug":"pla-de-comunicacio","status":"publish","type":"page","link":"https:\/\/agora.xtec.cat\/escolataiala\/estrategia-digital-de-centre\/cultura-digital\/pla-de-comunicacio\/","title":{"rendered":"Pla de comunicaci\u00f3"},"content":{"rendered":"<p style=\"text-align: justify;\"><span style=\"text-decoration: underline;\"><strong>COMUNICACI\u00d3 FAM\u00cdLIA-ESCOLA<\/strong><\/span><\/p>\n<p style=\"text-align: justify;\">A L\u2019Escola Taial\u00e0 apostem per les noves tecnologies i per l\u2019estalvi de l\u2019\u00fas de paper com a forma de comunicaci\u00f3. Per aquest motiu vam decidir comen\u00e7ar a utilitzar a partir del setembre del 2020 l\u2019aplicaci\u00f3 m\u00f2bil\u00a0<span style=\"text-decoration: underline;\"><a href=\"http:\/\/dinantia.com\/\" target=\"_blank\" rel=\"noreferrer noopener\"><b>Dinantia<\/b><\/a><\/span>\u00a0per a la\u00a0<b>comunicaci\u00f3 entre el centre i les fam\u00edlies<\/b>. Es tracta d\u2019una nova eina senzilla i r\u00e0pida.<\/p>\n<p style=\"text-align: justify;\">Amb Dinantia <strong>les fam\u00edlies<\/strong> <b>reben en el seu tel\u00e8fon m\u00f2bil les notificacions<\/b>\u00a0oficials de l\u2019escola, els\u00a0<strong>pagaments<\/strong>\u00a0de quotes,\u00a0<strong>informaci\u00f3 directa i immediata<\/strong>, recordatoris importants, etc.<\/p>\n<p style=\"text-align: justify;\">Donar-se d\u2019alta \u00e9s molt senzill, nom\u00e9s s&#8217;han de seguir les instruccions que figuren al seg\u00fcent enlla\u00e7:<span style=\"text-decoration: underline;\"><a href=\"https:\/\/app.dinantia.com\/files\/common\/dinantia-instalacio-inicial-ca-27-9.pdf\" target=\"_blank\" rel=\"noreferrer noopener\">http:\/\/dinantia.com\/mkt\/Dinantia_instalacio.pdf<\/a><\/span>.<\/p>\n<p style=\"text-align: justify;\">La desc\u00e0rrega\u00a0<strong>\u00e9s gratu\u00efta<\/strong>\u00a0i pot instal\u00b7lar-se amb un \u00fanic compte en diversos dispositius.<\/p>\n<p style=\"text-align: justify;\">\u00c9s molt important que, tal i com es detalla al document,\u00a0<b>creeu un PIN que us servir\u00e0 per signar determinats documents<\/b>, que tindran validesa legal.<\/p>\n<p style=\"text-align: justify;\">Un cop donats d\u2019alta, rebreu autom\u00e0ticament en el vostre dispositiu els missatges enviats des del centre\u00a0<b>en forma de notificaci\u00f3 push en el tel\u00e8fon m\u00f2bil o tauleta on tingueu instal\u00b7lada l\u2019aplicaci\u00f3<\/b>.<\/p>\n<p style=\"text-align: justify;\"><span style=\"text-decoration: underline;\"><strong>COMUNICACI\u00d3 FAM\u00cdLIA-TUTOR\/A<\/strong><\/span><\/p>\n<p style=\"text-align: justify;\">Per tal que les fam\u00edlies es puguin comunicar directament amb el tutor\/a del seu fill\/a i viceversa, <strong>cada nivell t\u00e9 una adre\u00e7a de correu-e que els mestres miren di\u00e0riament per estar al dia de les notificacions que hi puguin haver<\/strong>: abs\u00e8ncies d&#8217;alumnes, demanda d&#8217;entrevista, informaci\u00f3 de properes sortides&#8230;<\/p>\n<p style=\"text-align: justify;\">En el cas que alguna fam\u00edlia vulgui comentar alguna cosa sobre un\/a mestre\/a que no \u00e9s el tutor\/a tamb\u00e9 es dirigir\u00e0 a la mateixa adre\u00e7a i el tutor\/a \u00e9s qui informar\u00e0 al mestre\/a en q\u00fcesti\u00f3.<\/p>\n<p style=\"text-align: justify;\">Les <strong>adreces de correu electr\u00f2nic<\/strong> formen part del domini @escolataiala.cat i s\u00f3n les seg\u00fcents:<\/p>\n<ul>\n<li style=\"text-align: justify;\">p3@escolataiala.cat<\/li>\n<li style=\"text-align: justify;\">p4@escolataiala.cat<\/li>\n<li style=\"text-align: justify;\">p5@escolataiala.cat<\/li>\n<li style=\"text-align: justify;\">primer@escolataiala.cat<\/li>\n<li style=\"text-align: justify;\">segon@escolataiala.cat<\/li>\n<li style=\"text-align: justify;\">tercer@escolataiala.cat<\/li>\n<li style=\"text-align: justify;\">quart@escolataiala.cat<\/li>\n<li style=\"text-align: justify;\">cinque@escolataiala.cat<\/li>\n<li style=\"text-align: justify;\">sise@escolataiala.cat<\/li>\n<\/ul>\n","protected":false},"excerpt":{"rendered":"<p>COMUNICACI\u00d3 FAM\u00cdLIA-ESCOLA A L\u2019Escola Taial\u00e0 apostem per les noves tecnologies i per l\u2019estalvi de l\u2019\u00fas de paper com a forma de comunicaci\u00f3. Per aquest motiu vam decidir comen\u00e7ar a utilitzar a partir del setembre del 2020 l\u2019aplicaci\u00f3 m\u00f2bil\u00a0Dinantia\u00a0per a la\u00a0comunicaci\u00f3 entre el centre i les fam\u00edlies. Es tracta d\u2019una nova eina senzilla i r\u00e0pida. Amb [&hellip;]<\/p>\n","protected":false},"author":1,"featured_media":0,"parent":1405,"menu_order":50,"comment_status":"closed","ping_status":"closed","template":"page-templates\/side-menu.php","meta":{"_bbp_topic_count":0,"_bbp_reply_count":0,"_bbp_total_topic_count":0,"_bbp_total_reply_count":0,"_bbp_voice_count":0,"_bbp_anonymous_reply_count":0,"_bbp_topic_count_hidden":0,"_bbp_reply_count_hidden":0,"_bbp_forum_subforum_count":0,"site-sidebar-layout":"default","site-content-layout":"","ast-site-content-layout":"","site-content-style":"default","site-sidebar-style":"default","ast-global-header-display":"","ast-banner-title-visibility":"","ast-main-header-display":"","ast-hfb-above-header-display":"","ast-hfb-below-header-display":"","ast-hfb-mobile-header-display":"","site-post-title":"","ast-breadcrumbs-content":"","ast-featured-img":"","footer-sml-layout":"","theme-transparent-header-meta":"","adv-header-id-meta":"","stick-header-meta":"","header-above-stick-meta":"","header-main-stick-meta":"","header-below-stick-meta":"","astra-migrate-meta-layouts":"default","ast-page-background-enabled":"default","ast-page-background-meta":{"desktop":{"background-color":"var(--ast-global-color-4)","background-image":"","background-repeat":"repeat","background-position":"center center","background-size":"auto","background-attachment":"scroll","background-type":"","background-media":"","overlay-type":"","overlay-color":"","overlay-opacity":"","overlay-gradient":""},"tablet":{"background-color":"","background-image":"","background-repeat":"repeat","background-position":"center center","background-size":"auto","background-attachment":"scroll","background-type":"","background-media":"","overlay-type":"","overlay-color":"","overlay-opacity":"","overlay-gradient":""},"mobile":{"background-color":"","background-image":"","background-repeat":"repeat","background-position":"center center","background-size":"auto","background-attachment":"scroll","background-type":"","background-media":"","overlay-type":"","overlay-color":"","overlay-opacity":"","overlay-gradient":""}},"ast-content-background-meta":{"desktop":{"background-color":"var(--ast-global-color-5)","background-image":"","background-repeat":"repeat","background-position":"center center","background-size":"auto","background-attachment":"scroll","background-type":"","background-media":"","overlay-type":"","overlay-color":"","overlay-opacity":"","overlay-gradient":""},"tablet":{"background-color":"var(--ast-global-color-5)","background-image":"","background-repeat":"repeat","background-position":"center center","background-size":"auto","background-attachment":"scroll","background-type":"","background-media":"","overlay-type":"","overlay-color":"","overlay-opacity":"","overlay-gradient":""},"mobile":{"background-color":"var(--ast-global-color-5)","background-image":"","background-repeat":"repeat","background-position":"center center","background-size":"auto","background-attachment":"scroll","background-type":"","background-media":"","overlay-type":"","overlay-color":"","overlay-opacity":"","overlay-gradient":""}},"footnotes":""},"class_list":["post-1439","page","type-page","status-publish","hentry"],"post_mailing_queue_ids":[],"_links":{"self":[{"href":"https:\/\/agora.xtec.cat\/escolataiala\/wp-json\/wp\/v2\/pages\/1439","targetHints":{"allow":["GET"]}}],"collection":[{"href":"https:\/\/agora.xtec.cat\/escolataiala\/wp-json\/wp\/v2\/pages"}],"about":[{"href":"https:\/\/agora.xtec.cat\/escolataiala\/wp-json\/wp\/v2\/types\/page"}],"author":[{"embeddable":true,"href":"https:\/\/agora.xtec.cat\/escolataiala\/wp-json\/wp\/v2\/users\/1"}],"replies":[{"embeddable":true,"href":"https:\/\/agora.xtec.cat\/escolataiala\/wp-json\/wp\/v2\/comments?post=1439"}],"version-history":[{"count":3,"href":"https:\/\/agora.xtec.cat\/escolataiala\/wp-json\/wp\/v2\/pages\/1439\/revisions"}],"predecessor-version":[{"id":1576,"href":"https:\/\/agora.xtec.cat\/escolataiala\/wp-json\/wp\/v2\/pages\/1439\/revisions\/1576"}],"up":[{"embeddable":true,"href":"https:\/\/agora.xtec.cat\/escolataiala\/wp-json\/wp\/v2\/pages\/1405"}],"wp:attachment":[{"href":"https:\/\/agora.xtec.cat\/escolataiala\/wp-json\/wp\/v2\/media?parent=1439"}],"curies":[{"name":"wp","href":"https:\/\/api.w.org\/{rel}","templated":true}]}}