{"id":1437,"date":"2022-03-21T15:49:26","date_gmt":"2022-03-21T14:49:26","guid":{"rendered":"https:\/\/agora.xtec.cat\/escolataiala\/?page_id=1437"},"modified":"2022-05-18T11:54:32","modified_gmt":"2022-05-18T09:54:32","slug":"portal-digital-i-xarxes-socials","status":"publish","type":"page","link":"https:\/\/agora.xtec.cat\/escolataiala\/estrategia-digital-de-centre\/cultura-digital\/portal-digital-i-xarxes-socials\/","title":{"rendered":"Portal digital i xarxes socials"},"content":{"rendered":"<p style=\"text-align: justify;\">A la nostra escola disposem del portal web <a href=\"http:\/\/agora.xtec.cat\/escolataiala\"><span style=\"text-decoration: underline;\"><strong>agora.xtec.cat\/escolataiala<\/strong><\/span><\/a>, on hi podeu trobar molta informaci\u00f3 sobre el nostre centre aix\u00ed com articles actualitzats sobre activitats que es van portant a terme i amb fotografies d&#8217;aquestes.<\/p>\n<p style=\"text-align: justify;\">A m\u00e9s a m\u00e9s, disposem de perfil a les seg\u00fcents xarxes socials:<\/p>\n<ul style=\"text-align: justify;\">\n<li><span style=\"text-decoration: underline;\"><a href=\"https:\/\/www.facebook.com\/escolataiala\">Facebook<\/a><\/span><\/li>\n<li><span style=\"text-decoration: underline;\"><a href=\"https:\/\/twitter.com\/EscolaTaiala\">Twitter<\/a><\/span><\/li>\n<li><span style=\"text-decoration: underline;\"><a href=\"https:\/\/www.instagram.com\/escola_taiala\/\">Instagram<\/a><\/span><\/li>\n<\/ul>\n<p style=\"text-align: justify;\">En elles hi publiquem els articles que anem penjant a la web peri\u00f2dicament, algunes imatges d&#8217;activitats que fem en el moment, propostes d&#8217;activitats o esdeveniments que es realitzen al nostre entorn i que considerem que poden ser interessant per a les fam\u00edlies, articles d&#8217;inter\u00e8s sobre educaci\u00f3&#8230;<\/p>\n","protected":false},"excerpt":{"rendered":"<p>A la nostra escola disposem del portal web agora.xtec.cat\/escolataiala, on hi podeu trobar molta informaci\u00f3 sobre el nostre centre aix\u00ed com articles actualitzats sobre activitats que es van portant a terme i amb fotografies d&#8217;aquestes. A m\u00e9s a m\u00e9s, disposem de perfil a les seg\u00fcents xarxes socials: Facebook Twitter Instagram En elles hi publiquem els [&hellip;]<\/p>\n","protected":false},"author":1,"featured_media":0,"parent":1405,"menu_order":40,"comment_status":"closed","ping_status":"closed","template":"page-templates\/side-menu.php","meta":{"_bbp_topic_count":0,"_bbp_reply_count":0,"_bbp_total_topic_count":0,"_bbp_total_reply_count":0,"_bbp_voice_count":0,"_bbp_anonymous_reply_count":0,"_bbp_topic_count_hidden":0,"_bbp_reply_count_hidden":0,"_bbp_forum_subforum_count":0,"site-sidebar-layout":"default","site-content-layout":"","ast-site-content-layout":"","site-content-style":"default","site-sidebar-style":"default","ast-global-header-display":"","ast-banner-title-visibility":"","ast-main-header-display":"","ast-hfb-above-header-display":"","ast-hfb-below-header-display":"","ast-hfb-mobile-header-display":"","site-post-title":"","ast-breadcrumbs-content":"","ast-featured-img":"","footer-sml-layout":"","theme-transparent-header-meta":"","adv-header-id-meta":"","stick-header-meta":"","header-above-stick-meta":"","header-main-stick-meta":"","header-below-stick-meta":"","astra-migrate-meta-layouts":"default","ast-page-background-enabled":"default","ast-page-background-meta":{"desktop":{"background-color":"var(--ast-global-color-4)","background-image":"","background-repeat":"repeat","background-position":"center center","background-size":"auto","background-attachment":"scroll","background-type":"","background-media":"","overlay-type":"","overlay-color":"","overlay-opacity":"","overlay-gradient":""},"tablet":{"background-color":"","background-image":"","background-repeat":"repeat","background-position":"center center","background-size":"auto","background-attachment":"scroll","background-type":"","background-media":"","overlay-type":"","overlay-color":"","overlay-opacity":"","overlay-gradient":""},"mobile":{"background-color":"","background-image":"","background-repeat":"repeat","background-position":"center center","background-size":"auto","background-attachment":"scroll","background-type":"","background-media":"","overlay-type":"","overlay-color":"","overlay-opacity":"","overlay-gradient":""}},"ast-content-background-meta":{"desktop":{"background-color":"var(--ast-global-color-5)","background-image":"","background-repeat":"repeat","background-position":"center center","background-size":"auto","background-attachment":"scroll","background-type":"","background-media":"","overlay-type":"","overlay-color":"","overlay-opacity":"","overlay-gradient":""},"tablet":{"background-color":"var(--ast-global-color-5)","background-image":"","background-repeat":"repeat","background-position":"center center","background-size":"auto","background-attachment":"scroll","background-type":"","background-media":"","overlay-type":"","overlay-color":"","overlay-opacity":"","overlay-gradient":""},"mobile":{"background-color":"var(--ast-global-color-5)","background-image":"","background-repeat":"repeat","background-position":"center center","background-size":"auto","background-attachment":"scroll","background-type":"","background-media":"","overlay-type":"","overlay-color":"","overlay-opacity":"","overlay-gradient":""}},"footnotes":""},"class_list":["post-1437","page","type-page","status-publish","hentry"],"post_mailing_queue_ids":[],"_links":{"self":[{"href":"https:\/\/agora.xtec.cat\/escolataiala\/wp-json\/wp\/v2\/pages\/1437","targetHints":{"allow":["GET"]}}],"collection":[{"href":"https:\/\/agora.xtec.cat\/escolataiala\/wp-json\/wp\/v2\/pages"}],"about":[{"href":"https:\/\/agora.xtec.cat\/escolataiala\/wp-json\/wp\/v2\/types\/page"}],"author":[{"embeddable":true,"href":"https:\/\/agora.xtec.cat\/escolataiala\/wp-json\/wp\/v2\/users\/1"}],"replies":[{"embeddable":true,"href":"https:\/\/agora.xtec.cat\/escolataiala\/wp-json\/wp\/v2\/comments?post=1437"}],"version-history":[{"count":4,"href":"https:\/\/agora.xtec.cat\/escolataiala\/wp-json\/wp\/v2\/pages\/1437\/revisions"}],"predecessor-version":[{"id":1580,"href":"https:\/\/agora.xtec.cat\/escolataiala\/wp-json\/wp\/v2\/pages\/1437\/revisions\/1580"}],"up":[{"embeddable":true,"href":"https:\/\/agora.xtec.cat\/escolataiala\/wp-json\/wp\/v2\/pages\/1405"}],"wp:attachment":[{"href":"https:\/\/agora.xtec.cat\/escolataiala\/wp-json\/wp\/v2\/media?parent=1437"}],"curies":[{"name":"wp","href":"https:\/\/api.w.org\/{rel}","templated":true}]}}