{"id":1429,"date":"2022-03-21T15:43:18","date_gmt":"2022-03-21T14:43:18","guid":{"rendered":"https:\/\/agora.xtec.cat\/escolataiala\/?page_id=1429"},"modified":"2022-06-27T10:36:18","modified_gmt":"2022-06-27T08:36:18","slug":"acolliment-digital-families","status":"publish","type":"page","link":"https:\/\/agora.xtec.cat\/escolataiala\/estrategia-digital-de-centre\/cultura-digital\/acolliment-digital\/acolliment-digital-families\/","title":{"rendered":"Acolliment digital fam\u00edlies"},"content":{"rendered":"<p>A L\u2019Escola Taial\u00e0 apostem per les noves tecnologies i per l\u2019estalvi de l\u2019\u00fas de paper com a forma de comunicaci\u00f3. Per aquest motiu vam decidir comen\u00e7ar a utilitzar a partir del setembre del 2020 l\u2019aplicaci\u00f3 m\u00f2bil\u00a0<a href=\"http:\/\/dinantia.com\/\" target=\"_blank\" rel=\"noreferrer noopener\"><b>Dinantia<\/b><\/a>\u00a0per a la\u00a0<b>comunicaci\u00f3 entre el centre i les fam\u00edlies<\/b>. Es tracta d\u2019una nova eina senzilla i r\u00e0pida.<\/p>\n<p>Amb Dinantia\u00a0<strong>les fam\u00edlies<\/strong>\u00a0<b>reben en el seu tel\u00e8fon m\u00f2bil les notificacions<\/b>\u00a0oficials de l\u2019escola, els\u00a0<strong>pagaments<\/strong>\u00a0de quotes,\u00a0<strong>informaci\u00f3 directa i immediata<\/strong>, recordatoris importants, etc.<\/p>\n<p>Donar-se d\u2019alta \u00e9s molt senzill, nom\u00e9s s\u2019han de seguir les instruccions que figuren al seg\u00fcent enlla\u00e7:<a href=\"https:\/\/app.dinantia.com\/files\/common\/dinantia-instalacio-inicial-ca-27-9.pdf\" target=\"_blank\" rel=\"noreferrer noopener\">http:\/\/dinantia.com\/mkt\/Dinantia_instalacio.pdf<\/a>.<\/p>\n<p>La desc\u00e0rrega\u00a0<strong>\u00e9s gratu\u00efta<\/strong>\u00a0i pot instal\u00b7lar-se amb un \u00fanic compte en diversos dispositius.<\/p>\n<p>\u00c9s molt important que, tal i com es detalla al document,\u00a0<b>creeu un PIN que us servir\u00e0 per signar determinats documents<\/b>, que tindran validesa legal.<\/p>\n<p>Un cop donats d\u2019alta, rebreu autom\u00e0ticament en el vostre dispositiu els missatges enviats des del centre\u00a0<b>en forma de notificaci\u00f3 push en el tel\u00e8fon m\u00f2bil o tauleta on tingueu instal\u00b7lada l\u2019aplicaci\u00f3<\/b>.<\/p>\n<p>Per tal que les fam\u00edlies es puguin comunicar directament amb el tutor\/a del seu fill\/a i viceversa,\u00a0<strong>cada nivell t\u00e9 una adre\u00e7a de correu-e que els mestres miren di\u00e0riament per estar al dia de les notificacions que hi puguin haver<\/strong>: abs\u00e8ncies d\u2019alumnes, demanda d\u2019entrevista, informaci\u00f3 de properes sortides\u2026<\/p>\n<p>En el cas que alguna fam\u00edlia vulgui comentar alguna cosa sobre un\/a mestre\/a que no \u00e9s el tutor\/a tamb\u00e9 es dirigir\u00e0 a la mateixa adre\u00e7a i el tutor\/a \u00e9s qui informar\u00e0 al mestre\/a en q\u00fcesti\u00f3.<\/p>\n<p>Les\u00a0<strong>adreces de correu electr\u00f2nic<\/strong>\u00a0formen part del domini @escolataiala.cat i s\u00f3n les seg\u00fcents:<\/p>\n<ul>\n<li>p3@escolataiala.cat<\/li>\n<li>p4@escolataiala.cat<\/li>\n<li>p5@escolataiala.cat<\/li>\n<li>primer@escolataiala.cat<\/li>\n<li>segon@escolataiala.cat<\/li>\n<li>tercer@escolataiala.cat<\/li>\n<li>quart@escolataiala.cat<\/li>\n<li>cinque@escolataiala.cat<\/li>\n<li>sise@escolataiala.cat<\/li>\n<\/ul>\n","protected":false},"excerpt":{"rendered":"<p>A L\u2019Escola Taial\u00e0 apostem per les noves tecnologies i per l\u2019estalvi de l\u2019\u00fas de paper com a forma de comunicaci\u00f3. Per aquest motiu vam decidir comen\u00e7ar a utilitzar a partir del setembre del 2020 l\u2019aplicaci\u00f3 m\u00f2bil\u00a0Dinantia\u00a0per a la\u00a0comunicaci\u00f3 entre el centre i les fam\u00edlies. Es tracta d\u2019una nova eina senzilla i r\u00e0pida. Amb Dinantia\u00a0les fam\u00edlies\u00a0reben [&hellip;]<\/p>\n","protected":false},"author":1,"featured_media":0,"parent":1431,"menu_order":20,"comment_status":"closed","ping_status":"closed","template":"page-templates\/side-menu.php","meta":{"_bbp_topic_count":0,"_bbp_reply_count":0,"_bbp_total_topic_count":0,"_bbp_total_reply_count":0,"_bbp_voice_count":0,"_bbp_anonymous_reply_count":0,"_bbp_topic_count_hidden":0,"_bbp_reply_count_hidden":0,"_bbp_forum_subforum_count":0,"site-sidebar-layout":"default","site-content-layout":"","ast-site-content-layout":"","site-content-style":"default","site-sidebar-style":"default","ast-global-header-display":"","ast-banner-title-visibility":"","ast-main-header-display":"","ast-hfb-above-header-display":"","ast-hfb-below-header-display":"","ast-hfb-mobile-header-display":"","site-post-title":"","ast-breadcrumbs-content":"","ast-featured-img":"","footer-sml-layout":"","theme-transparent-header-meta":"","adv-header-id-meta":"","stick-header-meta":"","header-above-stick-meta":"","header-main-stick-meta":"","header-below-stick-meta":"","astra-migrate-meta-layouts":"default","ast-page-background-enabled":"default","ast-page-background-meta":{"desktop":{"background-color":"var(--ast-global-color-4)","background-image":"","background-repeat":"repeat","background-position":"center center","background-size":"auto","background-attachment":"scroll","background-type":"","background-media":"","overlay-type":"","overlay-color":"","overlay-opacity":"","overlay-gradient":""},"tablet":{"background-color":"","background-image":"","background-repeat":"repeat","background-position":"center center","background-size":"auto","background-attachment":"scroll","background-type":"","background-media":"","overlay-type":"","overlay-color":"","overlay-opacity":"","overlay-gradient":""},"mobile":{"background-color":"","background-image":"","background-repeat":"repeat","background-position":"center center","background-size":"auto","background-attachment":"scroll","background-type":"","background-media":"","overlay-type":"","overlay-color":"","overlay-opacity":"","overlay-gradient":""}},"ast-content-background-meta":{"desktop":{"background-color":"var(--ast-global-color-5)","background-image":"","background-repeat":"repeat","background-position":"center center","background-size":"auto","background-attachment":"scroll","background-type":"","background-media":"","overlay-type":"","overlay-color":"","overlay-opacity":"","overlay-gradient":""},"tablet":{"background-color":"var(--ast-global-color-5)","background-image":"","background-repeat":"repeat","background-position":"center center","background-size":"auto","background-attachment":"scroll","background-type":"","background-media":"","overlay-type":"","overlay-color":"","overlay-opacity":"","overlay-gradient":""},"mobile":{"background-color":"var(--ast-global-color-5)","background-image":"","background-repeat":"repeat","background-position":"center center","background-size":"auto","background-attachment":"scroll","background-type":"","background-media":"","overlay-type":"","overlay-color":"","overlay-opacity":"","overlay-gradient":""}},"footnotes":""},"class_list":["post-1429","page","type-page","status-publish","hentry"],"post_mailing_queue_ids":[],"_links":{"self":[{"href":"https:\/\/agora.xtec.cat\/escolataiala\/wp-json\/wp\/v2\/pages\/1429","targetHints":{"allow":["GET"]}}],"collection":[{"href":"https:\/\/agora.xtec.cat\/escolataiala\/wp-json\/wp\/v2\/pages"}],"about":[{"href":"https:\/\/agora.xtec.cat\/escolataiala\/wp-json\/wp\/v2\/types\/page"}],"author":[{"embeddable":true,"href":"https:\/\/agora.xtec.cat\/escolataiala\/wp-json\/wp\/v2\/users\/1"}],"replies":[{"embeddable":true,"href":"https:\/\/agora.xtec.cat\/escolataiala\/wp-json\/wp\/v2\/comments?post=1429"}],"version-history":[{"count":3,"href":"https:\/\/agora.xtec.cat\/escolataiala\/wp-json\/wp\/v2\/pages\/1429\/revisions"}],"predecessor-version":[{"id":1741,"href":"https:\/\/agora.xtec.cat\/escolataiala\/wp-json\/wp\/v2\/pages\/1429\/revisions\/1741"}],"up":[{"embeddable":true,"href":"https:\/\/agora.xtec.cat\/escolataiala\/wp-json\/wp\/v2\/pages\/1431"}],"wp:attachment":[{"href":"https:\/\/agora.xtec.cat\/escolataiala\/wp-json\/wp\/v2\/media?parent=1429"}],"curies":[{"name":"wp","href":"https:\/\/api.w.org\/{rel}","templated":true}]}}