{"id":1414,"date":"2022-03-21T15:38:55","date_gmt":"2022-03-21T14:38:55","guid":{"rendered":"https:\/\/agora.xtec.cat\/escolataiala\/?page_id=1414"},"modified":"2022-06-27T10:30:57","modified_gmt":"2022-06-27T08:30:57","slug":"planificacio","status":"publish","type":"page","link":"https:\/\/agora.xtec.cat\/escolataiala\/estrategia-digital-de-centre\/lestrategia\/planificacio\/","title":{"rendered":"Planificaci\u00f3"},"content":{"rendered":"<p>Per tal d&#8217;assolir els objectius que figuren en l&#8217;apartat anterior cal la planificaci\u00f3, l&#8217;organitzaci\u00f3 i el seguiment d&#8217;aquelles actuacions destinades a aquest fi.<\/p>\n<p>Per cada objectiu, dissenyarem activitats que permetin el seu assoliment.<\/p>\n<p>Un cop dissenyades les activitats, planificarem el seu desenvolupament. Per cada activitat, determinarem:<\/p>\n<ul>\n<li>Recursos necessaris pel que fa a infraestructures, maquinari, recursos humans i temporals (reunions, hores destinades a organitzar i implementar les actuacions, etc.)<\/li>\n<li>Distribuci\u00f3 de responsabilitats de tasques.<\/li>\n<li>Temporitzaci\u00f3.<\/li>\n<li>Indicadors: que mesurin la<strong>\u00a0quantitat<\/strong> del que s&#8217;ha fet (nombre de participants, % d&#8217;alumne implicats, etc.) i d&#8217;altres que mesurin la <strong>qualitat<\/strong> d&#8217;aquestes activitats.<\/li>\n<li>Tasques associades: si l&#8217;activitat \u00e9s complexa, \u00e9s \u00fatil dividir-la en diferents tasques.<\/li>\n<\/ul>\n<p>En la seg\u00fcent graella es poden veure les diferents <span style=\"text-decoration: underline;\"><strong>activitats dissenyades per assolir els objectius establerts<\/strong><\/span>:<\/p>\n<p><iframe loading=\"lazy\" src=\"https:\/\/docs.google.com\/spreadsheets\/d\/e\/2PACX-1vSZu9D0NIERr0sLN9HFyW_L5hnux-UDSigV_fQlmVyDcK3hAkPvmIJfvHSJw4bt1W59HFxeqpTOacKi\/pubhtml?widget=true&amp;headers=false\" width=\"1300\" height=\"350\"><\/iframe><\/p>\n","protected":false},"excerpt":{"rendered":"<p>Per tal d&#8217;assolir els objectius que figuren en l&#8217;apartat anterior cal la planificaci\u00f3, l&#8217;organitzaci\u00f3 i el seguiment d&#8217;aquelles actuacions destinades a aquest fi. Per cada objectiu, dissenyarem activitats que permetin el seu assoliment. Un cop dissenyades les activitats, planificarem el seu desenvolupament. Per cada activitat, determinarem: Recursos necessaris pel que fa a infraestructures, maquinari, recursos [&hellip;]<\/p>\n","protected":false},"author":1,"featured_media":0,"parent":1400,"menu_order":30,"comment_status":"closed","ping_status":"closed","template":"page-templates\/side-menu.php","meta":{"_bbp_topic_count":0,"_bbp_reply_count":0,"_bbp_total_topic_count":0,"_bbp_total_reply_count":0,"_bbp_voice_count":0,"_bbp_anonymous_reply_count":0,"_bbp_topic_count_hidden":0,"_bbp_reply_count_hidden":0,"_bbp_forum_subforum_count":0,"site-sidebar-layout":"default","site-content-layout":"","ast-site-content-layout":"","site-content-style":"default","site-sidebar-style":"default","ast-global-header-display":"","ast-banner-title-visibility":"","ast-main-header-display":"","ast-hfb-above-header-display":"","ast-hfb-below-header-display":"","ast-hfb-mobile-header-display":"","site-post-title":"","ast-breadcrumbs-content":"","ast-featured-img":"","footer-sml-layout":"","theme-transparent-header-meta":"","adv-header-id-meta":"","stick-header-meta":"","header-above-stick-meta":"","header-main-stick-meta":"","header-below-stick-meta":"","astra-migrate-meta-layouts":"default","ast-page-background-enabled":"default","ast-page-background-meta":{"desktop":{"background-color":"var(--ast-global-color-4)","background-image":"","background-repeat":"repeat","background-position":"center center","background-size":"auto","background-attachment":"scroll","background-type":"","background-media":"","overlay-type":"","overlay-color":"","overlay-opacity":"","overlay-gradient":""},"tablet":{"background-color":"","background-image":"","background-repeat":"repeat","background-position":"center center","background-size":"auto","background-attachment":"scroll","background-type":"","background-media":"","overlay-type":"","overlay-color":"","overlay-opacity":"","overlay-gradient":""},"mobile":{"background-color":"","background-image":"","background-repeat":"repeat","background-position":"center center","background-size":"auto","background-attachment":"scroll","background-type":"","background-media":"","overlay-type":"","overlay-color":"","overlay-opacity":"","overlay-gradient":""}},"ast-content-background-meta":{"desktop":{"background-color":"var(--ast-global-color-5)","background-image":"","background-repeat":"repeat","background-position":"center center","background-size":"auto","background-attachment":"scroll","background-type":"","background-media":"","overlay-type":"","overlay-color":"","overlay-opacity":"","overlay-gradient":""},"tablet":{"background-color":"var(--ast-global-color-5)","background-image":"","background-repeat":"repeat","background-position":"center center","background-size":"auto","background-attachment":"scroll","background-type":"","background-media":"","overlay-type":"","overlay-color":"","overlay-opacity":"","overlay-gradient":""},"mobile":{"background-color":"var(--ast-global-color-5)","background-image":"","background-repeat":"repeat","background-position":"center center","background-size":"auto","background-attachment":"scroll","background-type":"","background-media":"","overlay-type":"","overlay-color":"","overlay-opacity":"","overlay-gradient":""}},"footnotes":""},"class_list":["post-1414","page","type-page","status-publish","hentry"],"post_mailing_queue_ids":[],"_links":{"self":[{"href":"https:\/\/agora.xtec.cat\/escolataiala\/wp-json\/wp\/v2\/pages\/1414","targetHints":{"allow":["GET"]}}],"collection":[{"href":"https:\/\/agora.xtec.cat\/escolataiala\/wp-json\/wp\/v2\/pages"}],"about":[{"href":"https:\/\/agora.xtec.cat\/escolataiala\/wp-json\/wp\/v2\/types\/page"}],"author":[{"embeddable":true,"href":"https:\/\/agora.xtec.cat\/escolataiala\/wp-json\/wp\/v2\/users\/1"}],"replies":[{"embeddable":true,"href":"https:\/\/agora.xtec.cat\/escolataiala\/wp-json\/wp\/v2\/comments?post=1414"}],"version-history":[{"count":3,"href":"https:\/\/agora.xtec.cat\/escolataiala\/wp-json\/wp\/v2\/pages\/1414\/revisions"}],"predecessor-version":[{"id":1740,"href":"https:\/\/agora.xtec.cat\/escolataiala\/wp-json\/wp\/v2\/pages\/1414\/revisions\/1740"}],"up":[{"embeddable":true,"href":"https:\/\/agora.xtec.cat\/escolataiala\/wp-json\/wp\/v2\/pages\/1400"}],"wp:attachment":[{"href":"https:\/\/agora.xtec.cat\/escolataiala\/wp-json\/wp\/v2\/media?parent=1414"}],"curies":[{"name":"wp","href":"https:\/\/api.w.org\/{rel}","templated":true}]}}