{"id":1408,"date":"2022-03-21T15:37:13","date_gmt":"2022-03-21T14:37:13","guid":{"rendered":"https:\/\/agora.xtec.cat\/escolataiala\/?page_id=1408"},"modified":"2022-05-16T15:28:51","modified_gmt":"2022-05-16T13:28:51","slug":"diagnosi","status":"publish","type":"page","link":"https:\/\/agora.xtec.cat\/escolataiala\/estrategia-digital-de-centre\/lestrategia\/diagnosi\/","title":{"rendered":"Diagnosi"},"content":{"rendered":"<p style=\"text-align: justify;\">Per detectar els punts forts del centre a mantenir i potenciar, i els punts febles a millorar, cal fer una bona diagnosi.<\/p>\n<p style=\"text-align: justify;\">L&#8217;objectiu de la diagnosi ser\u00e0 trobar aquells punts forts que el centre ja est\u00e0 fent correctament sobre l&#8217;\u00fas de les tecnologies digitals i, tamb\u00e9, trobar aquells aspectes en qu\u00e8 el centre ha de millorar.<\/p>\n<p style=\"text-align: justify;\">Per fer la diagnosi en el nostre centre hem utilitzat l&#8217;eina SELFIE. Aquesta \u00e9s una eina gratu\u00efta, personalitzable i molt f\u00e0cil d&#8217;utilitzar, creada per la Comissi\u00f3 Europea, per ajudar als centres educatius a fer una diagnosi del seu grau d&#8217;implementaci\u00f3 de les tecnologies digitals. L&#8217;eina permet crear una enquesta per a alumnes, professorat i equip directiu.<\/p>\n<p style=\"text-align: justify;\">En el seg\u00fcent enlla\u00e7 es pot veure l&#8217;<a href=\"https:\/\/drive.google.com\/file\/d\/1cl8lsxA983WNkgfnDHJAppbUqmbtgF-v\/view?usp=sharing\" target=\"_blank\" rel=\"noopener\"><strong>informe SELFIE del nostre centre<\/strong><\/a>, realitzat durant el mes de mar\u00e7 de 2022.<\/p>\n<p style=\"text-align: justify;\">A partir de l&#8217;an\u00e0lisi de la diagnosi podem veure els seg\u00fcents punts forts i punts febles del nostre centre:<\/p>\n<table style=\"height: 64px; width: 100%; border-collapse: collapse; background-color: #f2bfbf;\">\n<tbody>\n<tr style=\"height: 32px;\">\n<td style=\"width: 50%; text-align: center; height: 32px;\"><strong>PUNTS FORTS<\/strong><\/td>\n<td style=\"width: 50%; text-align: center; height: 32px;\"><strong>PUNTS FEBLES<\/strong><\/td>\n<\/tr>\n<tr style=\"height: 32px;\">\n<td style=\"width: 50%; height: 32px;\">Infraesctures, dispositius i manteniment.<\/p>\n<p>Acolliment digital del professorat, de l&#8217;alumnat i de les fam\u00edlies.<\/p>\n<p>Pla de comunicaci\u00f3.<\/p>\n<p>Portal web i xarxes socials.<\/td>\n<td style=\"width: 50%; height: 32px;\">Definici\u00f3 i seq\u00fcenciaci\u00f3 dels continguts de la compet\u00e8ncia digital de l&#8217;alumnat.<\/p>\n<p>Creaci\u00f3 de recursos digitals.<\/p>\n<p>Sistemes de protecci\u00f3 de dades.<\/p>\n<p>Reconeixement al treball dels altres.<\/td>\n<\/tr>\n<\/tbody>\n<\/table>\n","protected":false},"excerpt":{"rendered":"<p>Per detectar els punts forts del centre a mantenir i potenciar, i els punts febles a millorar, cal fer una bona diagnosi. L&#8217;objectiu de la diagnosi ser\u00e0 trobar aquells punts forts que el centre ja est\u00e0 fent correctament sobre l&#8217;\u00fas de les tecnologies digitals i, tamb\u00e9, trobar aquells aspectes en qu\u00e8 el centre ha de [&hellip;]<\/p>\n","protected":false},"author":1,"featured_media":0,"parent":1400,"menu_order":0,"comment_status":"closed","ping_status":"closed","template":"page-templates\/side-menu.php","meta":{"_bbp_topic_count":0,"_bbp_reply_count":0,"_bbp_total_topic_count":0,"_bbp_total_reply_count":0,"_bbp_voice_count":0,"_bbp_anonymous_reply_count":0,"_bbp_topic_count_hidden":0,"_bbp_reply_count_hidden":0,"_bbp_forum_subforum_count":0,"site-sidebar-layout":"default","site-content-layout":"","ast-site-content-layout":"","site-content-style":"default","site-sidebar-style":"default","ast-global-header-display":"","ast-banner-title-visibility":"","ast-main-header-display":"","ast-hfb-above-header-display":"","ast-hfb-below-header-display":"","ast-hfb-mobile-header-display":"","site-post-title":"","ast-breadcrumbs-content":"","ast-featured-img":"","footer-sml-layout":"","theme-transparent-header-meta":"","adv-header-id-meta":"","stick-header-meta":"","header-above-stick-meta":"","header-main-stick-meta":"","header-below-stick-meta":"","astra-migrate-meta-layouts":"default","ast-page-background-enabled":"default","ast-page-background-meta":{"desktop":{"background-color":"var(--ast-global-color-4)","background-image":"","background-repeat":"repeat","background-position":"center center","background-size":"auto","background-attachment":"scroll","background-type":"","background-media":"","overlay-type":"","overlay-color":"","overlay-opacity":"","overlay-gradient":""},"tablet":{"background-color":"","background-image":"","background-repeat":"repeat","background-position":"center center","background-size":"auto","background-attachment":"scroll","background-type":"","background-media":"","overlay-type":"","overlay-color":"","overlay-opacity":"","overlay-gradient":""},"mobile":{"background-color":"","background-image":"","background-repeat":"repeat","background-position":"center center","background-size":"auto","background-attachment":"scroll","background-type":"","background-media":"","overlay-type":"","overlay-color":"","overlay-opacity":"","overlay-gradient":""}},"ast-content-background-meta":{"desktop":{"background-color":"var(--ast-global-color-5)","background-image":"","background-repeat":"repeat","background-position":"center center","background-size":"auto","background-attachment":"scroll","background-type":"","background-media":"","overlay-type":"","overlay-color":"","overlay-opacity":"","overlay-gradient":""},"tablet":{"background-color":"var(--ast-global-color-5)","background-image":"","background-repeat":"repeat","background-position":"center center","background-size":"auto","background-attachment":"scroll","background-type":"","background-media":"","overlay-type":"","overlay-color":"","overlay-opacity":"","overlay-gradient":""},"mobile":{"background-color":"var(--ast-global-color-5)","background-image":"","background-repeat":"repeat","background-position":"center center","background-size":"auto","background-attachment":"scroll","background-type":"","background-media":"","overlay-type":"","overlay-color":"","overlay-opacity":"","overlay-gradient":""}},"footnotes":""},"class_list":["post-1408","page","type-page","status-publish","hentry"],"post_mailing_queue_ids":[],"_links":{"self":[{"href":"https:\/\/agora.xtec.cat\/escolataiala\/wp-json\/wp\/v2\/pages\/1408","targetHints":{"allow":["GET"]}}],"collection":[{"href":"https:\/\/agora.xtec.cat\/escolataiala\/wp-json\/wp\/v2\/pages"}],"about":[{"href":"https:\/\/agora.xtec.cat\/escolataiala\/wp-json\/wp\/v2\/types\/page"}],"author":[{"embeddable":true,"href":"https:\/\/agora.xtec.cat\/escolataiala\/wp-json\/wp\/v2\/users\/1"}],"replies":[{"embeddable":true,"href":"https:\/\/agora.xtec.cat\/escolataiala\/wp-json\/wp\/v2\/comments?post=1408"}],"version-history":[{"count":4,"href":"https:\/\/agora.xtec.cat\/escolataiala\/wp-json\/wp\/v2\/pages\/1408\/revisions"}],"predecessor-version":[{"id":1558,"href":"https:\/\/agora.xtec.cat\/escolataiala\/wp-json\/wp\/v2\/pages\/1408\/revisions\/1558"}],"up":[{"embeddable":true,"href":"https:\/\/agora.xtec.cat\/escolataiala\/wp-json\/wp\/v2\/pages\/1400"}],"wp:attachment":[{"href":"https:\/\/agora.xtec.cat\/escolataiala\/wp-json\/wp\/v2\/media?parent=1408"}],"curies":[{"name":"wp","href":"https:\/\/api.w.org\/{rel}","templated":true}]}}