{"id":7644,"date":"2026-03-04T09:57:01","date_gmt":"2026-03-04T08:57:01","guid":{"rendered":"https:\/\/agora.xtec.cat\/escolataborbcn\/?page_id=7644"},"modified":"2026-04-29T11:16:31","modified_gmt":"2026-04-29T09:16:31","slug":"preinscripcio-2","status":"publish","type":"page","link":"https:\/\/agora.xtec.cat\/escolataborbcn\/preinscripcio-2\/","title":{"rendered":"Preinscripci\u00f3"},"content":{"rendered":"<p>Documents publicats:<img loading=\"lazy\" decoding=\"async\" class=\"alignright\" src=\"https:\/\/www.edubcn.cat\/rcs_gene\/desempat_2.png\" width=\"460\" height=\"231\" \/><\/p>\n<ul>\n<li style=\"list-style-type: none;\">\n<ul>\n<li><a href=\"https:\/\/drive.google.com\/file\/d\/1DozeXiMa8rUL7VvzPZ5pfQTZ6-uksyJC\/view?usp=drive_link\">PDF &#8211; Oferta inicial de places (03-03-26)<\/a><\/li>\n<li><a href=\"https:\/\/drive.google.com\/file\/d\/1uNKrLEGUmWKd41F9T_Z27DYdjvtSvfbR\/view?usp=drivesdk\">PDF &#8211; Sol\u00b7licituds &#8211; puntuaci\u00f3 provisional (15-04-26)<\/a><\/li>\n<li><a href=\"https:\/\/drive.google.com\/file\/d\/1ct9H-lq9E_7Ih02xyJO9RvYHV3Roy4T_\/view?usp=drive_link\">PDF &#8211; Sol\u00b7licituds un cop resoltes les reclamacions (23-04-26)<\/a><\/li>\n<li><a href=\"https:\/\/www.edubcn.cat\/ca\/noticies\/detall?69738\">El <span style=\"color: #000000;\"><strong>42.129<\/strong><\/span>, n\u00famero de desempat de la preinscripci\u00f3 (28-04-26)<\/a><\/li>\n<li><a href=\"https:\/\/drive.google.com\/file\/d\/1OBN0eEHUPC2vtT0z6ojW9Iv0WOvabXDp\/view?usp=drive_link\">PDF &#8211; Informe barem definitiu (29-04-26)<\/a><\/li>\n<\/ul>\n<\/li>\n<\/ul>\n<p>&nbsp;<\/p>\n<p>&nbsp;<\/p>\n<p>Guia en PDF sobre la preinscripci\u00f3:<\/p>\n<ul>\n<li><a href=\"https:\/\/preinscripcio.gencat.cat\/web\/.content\/ajuda\/guia-preinscripcio-ca.pdf\">PDF &#8211; https:\/\/preinscripcio.gencat.cat\/web\/.content\/ajuda\/guia-preinscripcio-ca.pdf<\/a><\/li>\n<\/ul>\n<p>&nbsp;<\/p>\n<p>M\u00e9s informaci\u00f3 sobre el proc\u00e9s de preinscripci\u00f3 a:<\/p>\n<ul>\n<li><a href=\"https:\/\/www.edubcn.cat\/ca\/alumnat_i_familia\/informacio_general_matriculacio\/preinscripcio_info\">https:\/\/www.edubcn.cat\/ca\/alumnat_i_familia\/informacio_general_matriculacio\/preinscripcio_info<\/a><\/li>\n<li><a href=\"https:\/\/preinscripcio.gencat.cat\/ca\/inici\/index.html\">https:\/\/preinscripcio.gencat.cat\/ca\/inici\/index.html<\/a><\/li>\n<\/ul>\n<p><span style=\"color: #ffffff;\">.<\/span><\/p>\n","protected":false},"excerpt":{"rendered":"<p>Documents publicats: PDF &#8211; Oferta inicial de places (03-03-26) PDF &#8211; Sol\u00b7licituds &#8211; puntuaci\u00f3 provisional (15-04-26) PDF &#8211; Sol\u00b7licituds un cop resoltes les reclamacions (23-04-26) El 42.129, n\u00famero de desempat de la preinscripci\u00f3 (28-04-26) PDF &#8211; Informe barem definitiu (29-04-26) &nbsp; &nbsp; Guia en PDF sobre la preinscripci\u00f3: PDF &#8211; https:\/\/preinscripcio.gencat.cat\/web\/.content\/ajuda\/guia-preinscripcio-ca.pdf &nbsp; M\u00e9s informaci\u00f3 sobre [&hellip;]<\/p>\n","protected":false},"author":1,"featured_media":0,"parent":0,"menu_order":0,"comment_status":"closed","ping_status":"closed","template":"","meta":{"_bbp_topic_count":0,"_bbp_reply_count":0,"_bbp_total_topic_count":0,"_bbp_total_reply_count":0,"_bbp_voice_count":0,"_bbp_anonymous_reply_count":0,"_bbp_topic_count_hidden":0,"_bbp_reply_count_hidden":0,"_bbp_forum_subforum_count":0,"site-sidebar-layout":"no-sidebar","site-content-layout":"","ast-site-content-layout":"full-width-container","site-content-style":"default","site-sidebar-style":"default","ast-global-header-display":"","ast-banner-title-visibility":"","ast-main-header-display":"","ast-hfb-above-header-display":"","ast-hfb-below-header-display":"","ast-hfb-mobile-header-display":"","site-post-title":"","ast-breadcrumbs-content":"","ast-featured-img":"","footer-sml-layout":"","theme-transparent-header-meta":"default","adv-header-id-meta":"","stick-header-meta":"","header-above-stick-meta":"","header-main-stick-meta":"","header-below-stick-meta":"","astra-migrate-meta-layouts":"set","ast-page-background-enabled":"default","ast-page-background-meta":{"desktop":{"background-color":"var(--ast-global-color-4)","background-image":"","background-repeat":"repeat","background-position":"center center","background-size":"auto","background-attachment":"scroll","background-type":"","background-media":"","overlay-type":"","overlay-color":"","overlay-opacity":"","overlay-gradient":""},"tablet":{"background-color":"","background-image":"","background-repeat":"repeat","background-position":"center center","background-size":"auto","background-attachment":"scroll","background-type":"","background-media":"","overlay-type":"","overlay-color":"","overlay-opacity":"","overlay-gradient":""},"mobile":{"background-color":"","background-image":"","background-repeat":"repeat","background-position":"center center","background-size":"auto","background-attachment":"scroll","background-type":"","background-media":"","overlay-type":"","overlay-color":"","overlay-opacity":"","overlay-gradient":""}},"ast-content-background-meta":{"desktop":{"background-color":"var(--ast-global-color-5)","background-image":"","background-repeat":"repeat","background-position":"center center","background-size":"auto","background-attachment":"scroll","background-type":"","background-media":"","overlay-type":"","overlay-color":"","overlay-opacity":"","overlay-gradient":""},"tablet":{"background-color":"var(--ast-global-color-5)","background-image":"","background-repeat":"repeat","background-position":"center center","background-size":"auto","background-attachment":"scroll","background-type":"","background-media":"","overlay-type":"","overlay-color":"","overlay-opacity":"","overlay-gradient":""},"mobile":{"background-color":"var(--ast-global-color-5)","background-image":"","background-repeat":"repeat","background-position":"center center","background-size":"auto","background-attachment":"scroll","background-type":"","background-media":"","overlay-type":"","overlay-color":"","overlay-opacity":"","overlay-gradient":""}},"footnotes":""},"class_list":["post-7644","page","type-page","status-publish","hentry"],"post_mailing_queue_ids":[],"_links":{"self":[{"href":"https:\/\/agora.xtec.cat\/escolataborbcn\/wp-json\/wp\/v2\/pages\/7644","targetHints":{"allow":["GET"]}}],"collection":[{"href":"https:\/\/agora.xtec.cat\/escolataborbcn\/wp-json\/wp\/v2\/pages"}],"about":[{"href":"https:\/\/agora.xtec.cat\/escolataborbcn\/wp-json\/wp\/v2\/types\/page"}],"author":[{"embeddable":true,"href":"https:\/\/agora.xtec.cat\/escolataborbcn\/wp-json\/wp\/v2\/users\/1"}],"replies":[{"embeddable":true,"href":"https:\/\/agora.xtec.cat\/escolataborbcn\/wp-json\/wp\/v2\/comments?post=7644"}],"version-history":[{"count":6,"href":"https:\/\/agora.xtec.cat\/escolataborbcn\/wp-json\/wp\/v2\/pages\/7644\/revisions"}],"predecessor-version":[{"id":7692,"href":"https:\/\/agora.xtec.cat\/escolataborbcn\/wp-json\/wp\/v2\/pages\/7644\/revisions\/7692"}],"wp:attachment":[{"href":"https:\/\/agora.xtec.cat\/escolataborbcn\/wp-json\/wp\/v2\/media?parent=7644"}],"curies":[{"name":"wp","href":"https:\/\/api.w.org\/{rel}","templated":true}]}}