{"id":581,"date":"2025-11-10T10:17:06","date_gmt":"2025-11-10T09:17:06","guid":{"rendered":"https:\/\/agora.xtec.cat\/escolataborbcn\/?page_id=581"},"modified":"2025-11-21T16:03:22","modified_gmt":"2025-11-21T15:03:22","slug":"documents_de_centre","status":"publish","type":"page","link":"https:\/\/agora.xtec.cat\/escolataborbcn\/documents\/documents_de_centre\/","title":{"rendered":"Documents de centre"},"content":{"rendered":"<table class=\"aligncenter\" style=\"width: 50%; border-collapse: collapse; border-style: solid; border-color: #ffffff;\" border=\"20\">\n<tbody>\n<tr>\n<td style=\"width: 50%; background-color: #99ccff; border-color: #ffffff; border-style: solid;\">\n<h1 style=\"text-align: center;\"><span style=\"color: #000000;\"><strong><a style=\"color: #000000;\" href=\"https:\/\/drive.google.com\/file\/d\/1krEAbnkq9Yju9EZzf3TOQV7aqOsOzo82\/view?usp=drive_link\" target=\"_blank\" rel=\"noopener\">PEC<\/a><\/strong><\/span><\/h1>\n<p style=\"text-align: center;\"><span style=\"color: #000000;\">Projecte educatiu<\/span><\/p>\n<\/td>\n<td style=\"width: 50%; border-color: #ffffff; border-style: solid; background-color: #ffe387;\">\n<h1 style=\"font-style: normal; text-align: center;\"><span style=\"color: #000000;\"><a style=\"color: #000000;\" href=\"https:\/\/drive.google.com\/file\/d\/1a9LKV-xm9HhkiJbE6-VNlIGrO8GySmVV\/view?usp=drive_link\" target=\"_blank\" rel=\"noopener\">PL<\/a><\/span><\/h1>\n<p style=\"font-size: 16px; font-style: normal; font-weight: 400; text-align: center;\"><span style=\"color: #000000;\">Projecte ling\u00fc\u00edstic<\/span><\/p>\n<\/td>\n<\/tr>\n<tr>\n<td style=\"width: 50%; border-style: solid; border-color: #ffffff; background-color: #ffb5e1;\">\n<h1 style=\"font-style: normal; text-align: center;\"><span style=\"color: #000000;\"><a style=\"color: #000000;\" href=\"https:\/\/drive.google.com\/file\/d\/1pxSVdcAB6BVusGOWDprc1nqYLegoHppY\/view?usp=drive_link\" target=\"_blank\" rel=\"noopener\">NOFC<\/a><\/span><\/h1>\n<p style=\"font-size: 16px; font-style: normal; font-weight: 400; text-align: center;\"><span style=\"color: #000000;\">Normes d&#8217;organitzaci\u00f3 i funcionament de centre<\/span><\/p>\n<\/td>\n<td style=\"width: 50%; border-style: solid; border-color: #ffffff; background-color: #baffd2;\">\n<h1 style=\"font-style: normal; text-align: center;\"><span style=\"color: #000000;\"><a style=\"color: #000000;\" href=\"https:\/\/drive.google.com\/file\/d\/1uKBFXQgGClqzU46hTchD3GNG-VCmME1_\/view?usp=drive_link\" target=\"_blank\" rel=\"noopener\">PAD<\/a><\/span><\/h1>\n<p style=\"font-size: 16px; font-style: normal; font-weight: 400; text-align: center;\"><span style=\"color: #000000;\">Pla d&#8217;atenci\u00f3 a la diversitat<\/span><\/p>\n<\/td>\n<\/tr>\n<tr>\n<td style=\"width: 50%; border-color: #ffffff; border-style: solid; background-color: #fffebf;\">\n<h1 style=\"font-style: normal; text-align: center;\"><span style=\"color: #000000;\"><a style=\"color: #000000;\" href=\"https:\/\/drive.google.com\/file\/d\/19xWt0HyTn_iZhMZHHKkCuP8LGLeSU9dH\/view?usp=drive_link\" target=\"_blank\" rel=\"noopener\">PDC<\/a><\/span><\/h1>\n<p style=\"font-size: 16px; font-style: normal; font-weight: 400; text-align: center;\"><span style=\"color: #000000;\">Pla de conviv\u00e8ncia<\/span><\/p>\n<\/td>\n<td style=\"width: 50%; border-style: solid; border-color: #ffffff; background-color: #ff9999;\">\n<h1 style=\"font-style: normal; text-align: center;\"><span style=\"color: #000000;\"><a style=\"color: #000000;\" href=\"https:\/\/drive.google.com\/file\/d\/1-358nSUSe-Q-hpT_wwhn_lrAGmqHs7PS\/view?usp=drive_link\" target=\"_blank\" rel=\"noopener\">PDL<\/a><\/span><\/h1>\n<p style=\"font-size: 16px; font-style: normal; font-weight: 400; text-align: center;\"><span style=\"color: #000000;\">Pla de lectura<\/span><\/p>\n<\/td>\n<\/tr>\n<tr>\n<td style=\"width: 50%; border-style: solid; border-color: #ffffff; background-color: #d9d9d9;\" colspan=\"2\">\n<h1 style=\"font-style: normal; text-align: center;\"><span style=\"color: #000000;\"><a style=\"color: #000000;\" href=\"https:\/\/drive.google.com\/file\/d\/1LDW1vOl84_4UpOasP_k9-u8X51ennZOb\/view?usp=drive_link\" target=\"_blank\" rel=\"noopener\">CCE<\/a><\/span><\/h1>\n<p style=\"font-size: 16px; font-style: normal; font-weight: 400; text-align: center;\"><span style=\"color: #000000;\">Carta de comprom\u00eds educatiu<\/span><\/p>\n<\/td>\n<\/tr>\n<\/tbody>\n<\/table>\n","protected":false},"excerpt":{"rendered":"<p>PEC Projecte educatiu PL Projecte ling\u00fc\u00edstic NOFC Normes d&#8217;organitzaci\u00f3 i funcionament de centre PAD Pla d&#8217;atenci\u00f3 a la diversitat PDC Pla de conviv\u00e8ncia PDL Pla de lectura CCE Carta de comprom\u00eds educatiu<\/p>\n","protected":false},"author":1,"featured_media":0,"parent":598,"menu_order":1,"comment_status":"closed","ping_status":"closed","template":"","meta":{"_bbp_topic_count":0,"_bbp_reply_count":0,"_bbp_total_topic_count":0,"_bbp_total_reply_count":0,"_bbp_voice_count":0,"_bbp_anonymous_reply_count":0,"_bbp_topic_count_hidden":0,"_bbp_reply_count_hidden":0,"_bbp_forum_subforum_count":0,"site-sidebar-layout":"no-sidebar","site-content-layout":"","ast-site-content-layout":"full-width-container","site-content-style":"default","site-sidebar-style":"unboxed","ast-global-header-display":"","ast-banner-title-visibility":"","ast-main-header-display":"","ast-hfb-above-header-display":"","ast-hfb-below-header-display":"","ast-hfb-mobile-header-display":"","site-post-title":"","ast-breadcrumbs-content":"","ast-featured-img":"","footer-sml-layout":"","theme-transparent-header-meta":"default","adv-header-id-meta":"","stick-header-meta":"","header-above-stick-meta":"","header-main-stick-meta":"","header-below-stick-meta":"","astra-migrate-meta-layouts":"set","ast-page-background-enabled":"default","ast-page-background-meta":{"desktop":{"background-color":"var(--ast-global-color-4)","background-image":"","background-repeat":"repeat","background-position":"center center","background-size":"auto","background-attachment":"scroll","background-type":"","background-media":"","overlay-type":"","overlay-color":"","overlay-opacity":"","overlay-gradient":""},"tablet":{"background-color":"","background-image":"","background-repeat":"repeat","background-position":"center center","background-size":"auto","background-attachment":"scroll","background-type":"","background-media":"","overlay-type":"","overlay-color":"","overlay-opacity":"","overlay-gradient":""},"mobile":{"background-color":"","background-image":"","background-repeat":"repeat","background-position":"center center","background-size":"auto","background-attachment":"scroll","background-type":"","background-media":"","overlay-type":"","overlay-color":"","overlay-opacity":"","overlay-gradient":""}},"ast-content-background-meta":{"desktop":{"background-color":"var(--ast-global-color-5)","background-image":"","background-repeat":"repeat","background-position":"center center","background-size":"auto","background-attachment":"scroll","background-type":"","background-media":"","overlay-type":"","overlay-color":"","overlay-opacity":"","overlay-gradient":""},"tablet":{"background-color":"var(--ast-global-color-5)","background-image":"","background-repeat":"repeat","background-position":"center center","background-size":"auto","background-attachment":"scroll","background-type":"","background-media":"","overlay-type":"","overlay-color":"","overlay-opacity":"","overlay-gradient":""},"mobile":{"background-color":"var(--ast-global-color-5)","background-image":"","background-repeat":"repeat","background-position":"center center","background-size":"auto","background-attachment":"scroll","background-type":"","background-media":"","overlay-type":"","overlay-color":"","overlay-opacity":"","overlay-gradient":""}},"footnotes":""},"class_list":["post-581","page","type-page","status-publish","hentry"],"post_mailing_queue_ids":[],"_links":{"self":[{"href":"https:\/\/agora.xtec.cat\/escolataborbcn\/wp-json\/wp\/v2\/pages\/581","targetHints":{"allow":["GET"]}}],"collection":[{"href":"https:\/\/agora.xtec.cat\/escolataborbcn\/wp-json\/wp\/v2\/pages"}],"about":[{"href":"https:\/\/agora.xtec.cat\/escolataborbcn\/wp-json\/wp\/v2\/types\/page"}],"author":[{"embeddable":true,"href":"https:\/\/agora.xtec.cat\/escolataborbcn\/wp-json\/wp\/v2\/users\/1"}],"replies":[{"embeddable":true,"href":"https:\/\/agora.xtec.cat\/escolataborbcn\/wp-json\/wp\/v2\/comments?post=581"}],"version-history":[{"count":6,"href":"https:\/\/agora.xtec.cat\/escolataborbcn\/wp-json\/wp\/v2\/pages\/581\/revisions"}],"predecessor-version":[{"id":901,"href":"https:\/\/agora.xtec.cat\/escolataborbcn\/wp-json\/wp\/v2\/pages\/581\/revisions\/901"}],"up":[{"embeddable":true,"href":"https:\/\/agora.xtec.cat\/escolataborbcn\/wp-json\/wp\/v2\/pages\/598"}],"wp:attachment":[{"href":"https:\/\/agora.xtec.cat\/escolataborbcn\/wp-json\/wp\/v2\/media?parent=581"}],"curies":[{"name":"wp","href":"https:\/\/api.w.org\/{rel}","templated":true}]}}