{"id":565,"date":"2025-11-09T20:17:10","date_gmt":"2025-11-09T19:17:10","guid":{"rendered":"https:\/\/agora.xtec.cat\/escolataborbcn\/?page_id=565"},"modified":"2025-11-26T10:01:41","modified_gmt":"2025-11-26T09:01:41","slug":"casal-destiu","status":"publish","type":"page","link":"https:\/\/agora.xtec.cat\/escolataborbcn\/serveis\/casal-destiu\/","title":{"rendered":"Casal d&#8217;estiu"},"content":{"rendered":"<p>L\u2019empresa <strong>Servitabor<\/strong> organitza el casal d\u2019estiu <strong>des que finalitza l\u2019escola fins a finals de juliol<\/strong>.<\/p>\n<p>Cada any s\u2019escull un <strong>centre d\u2019inter\u00e8s o eix tem\u00e0tic<\/strong> que guia les <strong>5 setmanes<\/strong> que dura el casal. Al llarg de la setmana, a trav\u00e9s d\u2019alguns personatges, arriba un <strong>repte a resoldre<\/strong> i, mitjan\u00e7ant diferents activitats s\u2019aconsegueix arribar al divendres resolent el repte.<\/p>\n<p>Durant la setmana es fan <strong>activitats dirigides, gimcanes, jocs de pistes, esports variats, jocs d\u2019aigua, tallers, tallers de cuina, es decora l\u2019escola, es va a la piscina\u2026<\/strong> i un cop a la setmana es fa una <strong>excursi\u00f3<\/strong>.<\/p>\n<p>En el casal hi participen els monitors\/es que durant el curs han participat en l\u2019espai del migdia i en les extraescolars de l\u2019escola, d\u2019aquesta manera <strong>afavorim el vincle existent entre alumnes i monitors, i garantim la continu\u00eftat del projecte educatiu de l\u2019escola<\/strong>.<\/p>\n<p>L\u2019equip de monitoratge <strong>continua treballant els valors<\/strong> des d\u2019un punt de vista l\u00fadic, per tal d\u2019aconseguir el millor estiu possible per tots els infants!!<\/p>\n<p>El Casal est\u00e0 obert a l\u2019alumnat d\u2019<strong>I3<\/strong> a <strong>6\u00e8<\/strong>.<\/p>\n<p><a href=\"https:\/\/www.servitabor.com\/\"><img loading=\"lazy\" decoding=\"async\" class=\"aligncenter wp-image-955 size-full\" src=\"https:\/\/agora.xtec.cat\/escolataborbcn\/wp-content\/uploads\/usu2183\/2025\/11\/Logo_ServiTabor.jpg\" alt=\"\" width=\"192\" height=\"80\" \/><\/a><\/p>\n<p>&nbsp;<\/p>\n","protected":false},"excerpt":{"rendered":"<p>L\u2019empresa Servitabor organitza el casal d\u2019estiu des que finalitza l\u2019escola fins a finals de juliol. Cada any s\u2019escull un centre d\u2019inter\u00e8s o eix tem\u00e0tic que guia les 5 setmanes que dura el casal. Al llarg de la setmana, a trav\u00e9s d\u2019alguns personatges, arriba un repte a resoldre i, mitjan\u00e7ant diferents activitats s\u2019aconsegueix arribar al divendres [&hellip;]<\/p>\n","protected":false},"author":1,"featured_media":0,"parent":66,"menu_order":4,"comment_status":"closed","ping_status":"closed","template":"","meta":{"_bbp_topic_count":0,"_bbp_reply_count":0,"_bbp_total_topic_count":0,"_bbp_total_reply_count":0,"_bbp_voice_count":0,"_bbp_anonymous_reply_count":0,"_bbp_topic_count_hidden":0,"_bbp_reply_count_hidden":0,"_bbp_forum_subforum_count":0,"site-sidebar-layout":"default","site-content-layout":"","ast-site-content-layout":"default","site-content-style":"default","site-sidebar-style":"default","ast-global-header-display":"","ast-banner-title-visibility":"","ast-main-header-display":"","ast-hfb-above-header-display":"","ast-hfb-below-header-display":"","ast-hfb-mobile-header-display":"","site-post-title":"","ast-breadcrumbs-content":"","ast-featured-img":"","footer-sml-layout":"","theme-transparent-header-meta":"default","adv-header-id-meta":"","stick-header-meta":"","header-above-stick-meta":"","header-main-stick-meta":"","header-below-stick-meta":"","astra-migrate-meta-layouts":"set","ast-page-background-enabled":"default","ast-page-background-meta":{"desktop":{"background-color":"var(--ast-global-color-4)","background-image":"","background-repeat":"repeat","background-position":"center center","background-size":"auto","background-attachment":"scroll","background-type":"","background-media":"","overlay-type":"","overlay-color":"","overlay-opacity":"","overlay-gradient":""},"tablet":{"background-color":"","background-image":"","background-repeat":"repeat","background-position":"center center","background-size":"auto","background-attachment":"scroll","background-type":"","background-media":"","overlay-type":"","overlay-color":"","overlay-opacity":"","overlay-gradient":""},"mobile":{"background-color":"","background-image":"","background-repeat":"repeat","background-position":"center center","background-size":"auto","background-attachment":"scroll","background-type":"","background-media":"","overlay-type":"","overlay-color":"","overlay-opacity":"","overlay-gradient":""}},"ast-content-background-meta":{"desktop":{"background-color":"var(--ast-global-color-5)","background-image":"","background-repeat":"repeat","background-position":"center center","background-size":"auto","background-attachment":"scroll","background-type":"","background-media":"","overlay-type":"","overlay-color":"","overlay-opacity":"","overlay-gradient":""},"tablet":{"background-color":"var(--ast-global-color-5)","background-image":"","background-repeat":"repeat","background-position":"center center","background-size":"auto","background-attachment":"scroll","background-type":"","background-media":"","overlay-type":"","overlay-color":"","overlay-opacity":"","overlay-gradient":""},"mobile":{"background-color":"var(--ast-global-color-5)","background-image":"","background-repeat":"repeat","background-position":"center center","background-size":"auto","background-attachment":"scroll","background-type":"","background-media":"","overlay-type":"","overlay-color":"","overlay-opacity":"","overlay-gradient":""}},"footnotes":""},"class_list":["post-565","page","type-page","status-publish","hentry"],"post_mailing_queue_ids":[],"_links":{"self":[{"href":"https:\/\/agora.xtec.cat\/escolataborbcn\/wp-json\/wp\/v2\/pages\/565","targetHints":{"allow":["GET"]}}],"collection":[{"href":"https:\/\/agora.xtec.cat\/escolataborbcn\/wp-json\/wp\/v2\/pages"}],"about":[{"href":"https:\/\/agora.xtec.cat\/escolataborbcn\/wp-json\/wp\/v2\/types\/page"}],"author":[{"embeddable":true,"href":"https:\/\/agora.xtec.cat\/escolataborbcn\/wp-json\/wp\/v2\/users\/1"}],"replies":[{"embeddable":true,"href":"https:\/\/agora.xtec.cat\/escolataborbcn\/wp-json\/wp\/v2\/comments?post=565"}],"version-history":[{"count":5,"href":"https:\/\/agora.xtec.cat\/escolataborbcn\/wp-json\/wp\/v2\/pages\/565\/revisions"}],"predecessor-version":[{"id":965,"href":"https:\/\/agora.xtec.cat\/escolataborbcn\/wp-json\/wp\/v2\/pages\/565\/revisions\/965"}],"up":[{"embeddable":true,"href":"https:\/\/agora.xtec.cat\/escolataborbcn\/wp-json\/wp\/v2\/pages\/66"}],"wp:attachment":[{"href":"https:\/\/agora.xtec.cat\/escolataborbcn\/wp-json\/wp\/v2\/media?parent=565"}],"curies":[{"name":"wp","href":"https:\/\/api.w.org\/{rel}","templated":true}]}}