{"id":560,"date":"2025-11-09T20:16:10","date_gmt":"2025-11-09T19:16:10","guid":{"rendered":"https:\/\/agora.xtec.cat\/escolataborbcn\/?page_id=560"},"modified":"2025-11-19T10:13:00","modified_gmt":"2025-11-19T09:13:00","slug":"horari-flexible","status":"publish","type":"page","link":"https:\/\/agora.xtec.cat\/escolataborbcn\/serveis\/horari-flexible\/","title":{"rendered":"Horari flexible"},"content":{"rendered":"<p>L\u2019Horari Flexible de mat\u00ed o de tarda, est\u00e0 destinat a les fam\u00edlies que necessiteu deixar als vostres fills i filles fora de l\u2019horari lectiu.<\/p>\n<p>Aquest servei ofereix als nens i nenes un <strong>espai l\u00fadic<\/strong> mitjan\u00e7ant el joc, on els infants puguin passar una bona estona, ja sigui abans de comen\u00e7ar les classes a primera hora del dia com despr\u00e9s en finalitzar-les.<\/p>\n<p>Durant aquesta estona poden jugar a jocs de taula, pintar, dibuixar, llegir, estudiar\u2026<\/p>\n<p>L\u2019<strong>horari<\/strong> del servei \u00e9s de <strong>8.00 a 9.00 i de 16.30 a 18.00 h<\/strong>.<\/p>\n<p>Els llocs destinats per l\u2019Horari s\u00f3n el menjador d\u2019Ed. Infantil per I3, I4 i I5, i el menjador d\u2019Ed. prim\u00e0ria pels nens i nenes de 1r a 6\u00e8.<\/p>\n<p>Cliqueu el damunt de l\u2019enlla\u00e7 i trobareu <strong>informaci\u00f3 detallada<\/strong> dels <strong>preus d\u2019aquest servei<\/strong>:<\/p>\n<p style=\"text-align: center;\"><a href=\"https:\/\/www.servitabor.com\/wp-content\/uploads\/2021\/09\/full-inscripcio-horari-flexible..pdf\"><strong>\u21d2 INSCRIPCI\u00d3 HORARI FLEXIBLE \u21d0<\/strong><\/a><\/p>\n","protected":false},"excerpt":{"rendered":"<p>L\u2019Horari Flexible de mat\u00ed o de tarda, est\u00e0 destinat a les fam\u00edlies que necessiteu deixar als vostres fills i filles fora de l\u2019horari lectiu. Aquest servei ofereix als nens i nenes un espai l\u00fadic mitjan\u00e7ant el joc, on els infants puguin passar una bona estona, ja sigui abans de comen\u00e7ar les classes a primera hora [&hellip;]<\/p>\n","protected":false},"author":1,"featured_media":0,"parent":66,"menu_order":1,"comment_status":"closed","ping_status":"closed","template":"","meta":{"_bbp_topic_count":0,"_bbp_reply_count":0,"_bbp_total_topic_count":0,"_bbp_total_reply_count":0,"_bbp_voice_count":0,"_bbp_anonymous_reply_count":0,"_bbp_topic_count_hidden":0,"_bbp_reply_count_hidden":0,"_bbp_forum_subforum_count":0,"site-sidebar-layout":"default","site-content-layout":"","ast-site-content-layout":"default","site-content-style":"default","site-sidebar-style":"default","ast-global-header-display":"","ast-banner-title-visibility":"","ast-main-header-display":"","ast-hfb-above-header-display":"","ast-hfb-below-header-display":"","ast-hfb-mobile-header-display":"","site-post-title":"","ast-breadcrumbs-content":"","ast-featured-img":"","footer-sml-layout":"","theme-transparent-header-meta":"default","adv-header-id-meta":"","stick-header-meta":"","header-above-stick-meta":"","header-main-stick-meta":"","header-below-stick-meta":"","astra-migrate-meta-layouts":"set","ast-page-background-enabled":"default","ast-page-background-meta":{"desktop":{"background-color":"var(--ast-global-color-4)","background-image":"","background-repeat":"repeat","background-position":"center center","background-size":"auto","background-attachment":"scroll","background-type":"","background-media":"","overlay-type":"","overlay-color":"","overlay-opacity":"","overlay-gradient":""},"tablet":{"background-color":"","background-image":"","background-repeat":"repeat","background-position":"center center","background-size":"auto","background-attachment":"scroll","background-type":"","background-media":"","overlay-type":"","overlay-color":"","overlay-opacity":"","overlay-gradient":""},"mobile":{"background-color":"","background-image":"","background-repeat":"repeat","background-position":"center center","background-size":"auto","background-attachment":"scroll","background-type":"","background-media":"","overlay-type":"","overlay-color":"","overlay-opacity":"","overlay-gradient":""}},"ast-content-background-meta":{"desktop":{"background-color":"var(--ast-global-color-5)","background-image":"","background-repeat":"repeat","background-position":"center center","background-size":"auto","background-attachment":"scroll","background-type":"","background-media":"","overlay-type":"","overlay-color":"","overlay-opacity":"","overlay-gradient":""},"tablet":{"background-color":"var(--ast-global-color-5)","background-image":"","background-repeat":"repeat","background-position":"center center","background-size":"auto","background-attachment":"scroll","background-type":"","background-media":"","overlay-type":"","overlay-color":"","overlay-opacity":"","overlay-gradient":""},"mobile":{"background-color":"var(--ast-global-color-5)","background-image":"","background-repeat":"repeat","background-position":"center center","background-size":"auto","background-attachment":"scroll","background-type":"","background-media":"","overlay-type":"","overlay-color":"","overlay-opacity":"","overlay-gradient":""}},"footnotes":""},"class_list":["post-560","page","type-page","status-publish","hentry"],"post_mailing_queue_ids":[],"_links":{"self":[{"href":"https:\/\/agora.xtec.cat\/escolataborbcn\/wp-json\/wp\/v2\/pages\/560","targetHints":{"allow":["GET"]}}],"collection":[{"href":"https:\/\/agora.xtec.cat\/escolataborbcn\/wp-json\/wp\/v2\/pages"}],"about":[{"href":"https:\/\/agora.xtec.cat\/escolataborbcn\/wp-json\/wp\/v2\/types\/page"}],"author":[{"embeddable":true,"href":"https:\/\/agora.xtec.cat\/escolataborbcn\/wp-json\/wp\/v2\/users\/1"}],"replies":[{"embeddable":true,"href":"https:\/\/agora.xtec.cat\/escolataborbcn\/wp-json\/wp\/v2\/comments?post=560"}],"version-history":[{"count":6,"href":"https:\/\/agora.xtec.cat\/escolataborbcn\/wp-json\/wp\/v2\/pages\/560\/revisions"}],"predecessor-version":[{"id":788,"href":"https:\/\/agora.xtec.cat\/escolataborbcn\/wp-json\/wp\/v2\/pages\/560\/revisions\/788"}],"up":[{"embeddable":true,"href":"https:\/\/agora.xtec.cat\/escolataborbcn\/wp-json\/wp\/v2\/pages\/66"}],"wp:attachment":[{"href":"https:\/\/agora.xtec.cat\/escolataborbcn\/wp-json\/wp\/v2\/media?parent=560"}],"curies":[{"name":"wp","href":"https:\/\/api.w.org\/{rel}","templated":true}]}}