{"id":541,"date":"2025-11-09T20:05:06","date_gmt":"2025-11-09T19:05:06","guid":{"rendered":"https:\/\/agora.xtec.cat\/escolataborbcn\/?page_id=541"},"modified":"2025-11-21T08:28:00","modified_gmt":"2025-11-21T07:28:00","slug":"families-enllac","status":"publish","type":"page","link":"https:\/\/agora.xtec.cat\/escolataborbcn\/participacio\/families-enllac\/","title":{"rendered":"Fam\u00edlies enlla\u00e7"},"content":{"rendered":"<p data-start=\"85\" data-end=\"523\">La participaci\u00f3 de les fam\u00edlies \u00e9s essencial del nostre projecte educatiu. Per afavorir una comunicaci\u00f3 fluida i una col\u00b7laboraci\u00f3 real entre l\u2019escola i cada grup-classe, comptem amb la figura de <strong data-start=\"290\" data-end=\"302\">l\u2019enlla\u00e7<\/strong>, fam\u00edlies que actuen com a pont entre el centre i les fam\u00edlies del grup-classe. L\u2019enlla\u00e7 facilita el di\u00e0leg, fa arribar necessitats i propostes, i contribueix a crear una comunitat cohesionada i implicada en l\u2019educaci\u00f3 dels infants.<\/p>\n<p data-start=\"525\" data-end=\"861\"><strong data-start=\"525\" data-end=\"568\">La funci\u00f3 principal de de les fam\u00edlies enlla\u00e7\u00a0<\/strong> \u00e9s transmetre informaci\u00f3 entre els diferents estaments de l\u2019escola i canalitzar de manera adequada les propostes, inquietuds i necessitats de les fam\u00edlies del grup. S&#8217;escullem a la primera reuni\u00f3 del curs i el seu paper finalitza \u2014o b\u00e9 es renova\u2014 en la reuni\u00f3 inicial del curs seg\u00fcent.<\/p>\n<p>&nbsp;<\/p>\n<hr \/>\n<h3><strong><span style=\"color: #00ccff;\">FUNCIONS ENLLA\u00c7OS<\/span><\/strong><\/h3>\n<p>En col\u00b7laboraci\u00f3 <strong>tutora-tutor<\/strong>:<\/p>\n<ul>\n<li>Demanar materials que puguin ser necessaris per treballar algun projecte, tema\u2026<\/li>\n<li>Demanar el suport de les fam\u00edlies als actes festius de classe, de cicle o d\u2019escola<\/li>\n<li>Proposar, junt amb el\/la mestre\/a, activitats o xerrades d\u2019inter\u00e8s general o de grup<\/li>\n<li>Canalitzar cap al tutor\/a els suggeriments que puguin sortir de les fam\u00edlies del grup\u2013classe envers temes comuns del grup.<\/li>\n<\/ul>\n<p>En relaci\u00f3 amb <strong>Fam\u00edlies \u2013 Direcci\u00f3<\/strong>:<\/p>\n<ul>\n<li>Fer d\u2019interlocutors amb la direcci\u00f3 del centre.<\/li>\n<li>Coordinar la celebraci\u00f3 de trobades per propiciar el contacte entre totes les fam\u00edlies enlla\u00e7.<\/li>\n<li>Difusors d\u2019informacions que els hi arribin des de direcci\u00f3.<\/li>\n<\/ul>\n<p>En relaci\u00f3 amb <strong>AFA<\/strong>:<\/p>\n<ul>\n<li>Ajudar a recollir i transmetre les propostes que es facin i col\u00b7laborar en la seva dinamitzaci\u00f3.<\/li>\n<li>Buscar el suport imprescindible perqu\u00e8 les fam\u00edlies participin de l\u2019AFA i aix\u00ed es puguin tirar endavant projectes per la millora de l\u2019escola.<\/li>\n<li>Organitzar iniciatives que necessitin una implicaci\u00f3 puntual important de pares i mares.<\/li>\n<li>Escola de pares i mares.<\/li>\n<\/ul>\n<p>&nbsp;<\/p>\n<p>&nbsp;<\/p>\n","protected":false},"excerpt":{"rendered":"<p>La participaci\u00f3 de les fam\u00edlies \u00e9s essencial del nostre projecte educatiu. Per afavorir una comunicaci\u00f3 fluida i una col\u00b7laboraci\u00f3 real entre l\u2019escola i cada grup-classe, comptem amb la figura de l\u2019enlla\u00e7, fam\u00edlies que actuen com a pont entre el centre i les fam\u00edlies del grup-classe. L\u2019enlla\u00e7 facilita el di\u00e0leg, fa arribar necessitats i propostes, i [&hellip;]<\/p>\n","protected":false},"author":1,"featured_media":0,"parent":510,"menu_order":3,"comment_status":"closed","ping_status":"closed","template":"","meta":{"_bbp_topic_count":0,"_bbp_reply_count":0,"_bbp_total_topic_count":0,"_bbp_total_reply_count":0,"_bbp_voice_count":0,"_bbp_anonymous_reply_count":0,"_bbp_topic_count_hidden":0,"_bbp_reply_count_hidden":0,"_bbp_forum_subforum_count":0,"site-sidebar-layout":"default","site-content-layout":"","ast-site-content-layout":"default","site-content-style":"default","site-sidebar-style":"default","ast-global-header-display":"","ast-banner-title-visibility":"","ast-main-header-display":"","ast-hfb-above-header-display":"","ast-hfb-below-header-display":"","ast-hfb-mobile-header-display":"","site-post-title":"","ast-breadcrumbs-content":"","ast-featured-img":"","footer-sml-layout":"","theme-transparent-header-meta":"default","adv-header-id-meta":"","stick-header-meta":"","header-above-stick-meta":"","header-main-stick-meta":"","header-below-stick-meta":"","astra-migrate-meta-layouts":"set","ast-page-background-enabled":"default","ast-page-background-meta":{"desktop":{"background-color":"var(--ast-global-color-4)","background-image":"","background-repeat":"repeat","background-position":"center center","background-size":"auto","background-attachment":"scroll","background-type":"","background-media":"","overlay-type":"","overlay-color":"","overlay-opacity":"","overlay-gradient":""},"tablet":{"background-color":"","background-image":"","background-repeat":"repeat","background-position":"center center","background-size":"auto","background-attachment":"scroll","background-type":"","background-media":"","overlay-type":"","overlay-color":"","overlay-opacity":"","overlay-gradient":""},"mobile":{"background-color":"","background-image":"","background-repeat":"repeat","background-position":"center center","background-size":"auto","background-attachment":"scroll","background-type":"","background-media":"","overlay-type":"","overlay-color":"","overlay-opacity":"","overlay-gradient":""}},"ast-content-background-meta":{"desktop":{"background-color":"var(--ast-global-color-5)","background-image":"","background-repeat":"repeat","background-position":"center center","background-size":"auto","background-attachment":"scroll","background-type":"","background-media":"","overlay-type":"","overlay-color":"","overlay-opacity":"","overlay-gradient":""},"tablet":{"background-color":"var(--ast-global-color-5)","background-image":"","background-repeat":"repeat","background-position":"center center","background-size":"auto","background-attachment":"scroll","background-type":"","background-media":"","overlay-type":"","overlay-color":"","overlay-opacity":"","overlay-gradient":""},"mobile":{"background-color":"var(--ast-global-color-5)","background-image":"","background-repeat":"repeat","background-position":"center center","background-size":"auto","background-attachment":"scroll","background-type":"","background-media":"","overlay-type":"","overlay-color":"","overlay-opacity":"","overlay-gradient":""}},"footnotes":""},"class_list":["post-541","page","type-page","status-publish","hentry"],"post_mailing_queue_ids":[],"_links":{"self":[{"href":"https:\/\/agora.xtec.cat\/escolataborbcn\/wp-json\/wp\/v2\/pages\/541","targetHints":{"allow":["GET"]}}],"collection":[{"href":"https:\/\/agora.xtec.cat\/escolataborbcn\/wp-json\/wp\/v2\/pages"}],"about":[{"href":"https:\/\/agora.xtec.cat\/escolataborbcn\/wp-json\/wp\/v2\/types\/page"}],"author":[{"embeddable":true,"href":"https:\/\/agora.xtec.cat\/escolataborbcn\/wp-json\/wp\/v2\/users\/1"}],"replies":[{"embeddable":true,"href":"https:\/\/agora.xtec.cat\/escolataborbcn\/wp-json\/wp\/v2\/comments?post=541"}],"version-history":[{"count":6,"href":"https:\/\/agora.xtec.cat\/escolataborbcn\/wp-json\/wp\/v2\/pages\/541\/revisions"}],"predecessor-version":[{"id":885,"href":"https:\/\/agora.xtec.cat\/escolataborbcn\/wp-json\/wp\/v2\/pages\/541\/revisions\/885"}],"up":[{"embeddable":true,"href":"https:\/\/agora.xtec.cat\/escolataborbcn\/wp-json\/wp\/v2\/pages\/510"}],"wp:attachment":[{"href":"https:\/\/agora.xtec.cat\/escolataborbcn\/wp-json\/wp\/v2\/media?parent=541"}],"curies":[{"name":"wp","href":"https:\/\/api.w.org\/{rel}","templated":true}]}}