{"id":539,"date":"2025-11-09T20:04:43","date_gmt":"2025-11-09T19:04:43","guid":{"rendered":"https:\/\/agora.xtec.cat\/escolataborbcn\/?page_id=539"},"modified":"2025-11-21T08:49:11","modified_gmt":"2025-11-21T07:49:11","slug":"portes-endins","status":"publish","type":"page","link":"https:\/\/agora.xtec.cat\/escolataborbcn\/participacio\/portes-endins\/","title":{"rendered":"Portes endins"},"content":{"rendered":"<p data-start=\"131\" data-end=\"506\">En diferents moments de l&#8217;any, la nostra escola celebra les <strong data-start=\"173\" data-end=\"190\">Portes Endins<\/strong>, una activitat d\u2019obertura del centre a les fam\u00edlies perqu\u00e8 aquestes puguin con\u00e8ixer de prop tot all\u00f2 que fem. L\u2019objectiu \u00e9s compartir la nostra manera de treballar, mostrar els projectes i activitats que es desenvolupen a les aules i afavorir que les fam\u00edlies se sentin part de l\u2019escola i plenament coneixedores del nostre dia a dia.<\/p>\n<p data-start=\"508\" data-end=\"744\">A m\u00e9s, \u00e9s una excel\u00b7lent oportunitat perqu\u00e8 les fam\u00edlies puguin passejar-se per l\u2019escola i descobrir qu\u00e8 es fa en altres cursos, m\u00e9s enll\u00e0 del grup dels seus fills i filles, ampliant aix\u00ed la mirada sobre la tasca educativa del centre.<\/p>\n<p data-start=\"746\" data-end=\"930\" data-is-last-node=\"\" data-is-only-node=\"\">Aquesta jornada tamb\u00e9 permet gaudir i participar en activitats amb els infants, refor\u00e7ant el vincle entre fam\u00edlia i escola i construint una comunitat educativa m\u00e9s pr\u00f2xima i implicada.<\/p>\n<p>&nbsp;<\/p>\n<p>&nbsp;<\/p>\n","protected":false},"excerpt":{"rendered":"<p>En diferents moments de l&#8217;any, la nostra escola celebra les Portes Endins, una activitat d\u2019obertura del centre a les fam\u00edlies perqu\u00e8 aquestes puguin con\u00e8ixer de prop tot all\u00f2 que fem. L\u2019objectiu \u00e9s compartir la nostra manera de treballar, mostrar els projectes i activitats que es desenvolupen a les aules i afavorir que les fam\u00edlies se [&hellip;]<\/p>\n","protected":false},"author":1,"featured_media":0,"parent":510,"menu_order":2,"comment_status":"closed","ping_status":"closed","template":"","meta":{"_bbp_topic_count":0,"_bbp_reply_count":0,"_bbp_total_topic_count":0,"_bbp_total_reply_count":0,"_bbp_voice_count":0,"_bbp_anonymous_reply_count":0,"_bbp_topic_count_hidden":0,"_bbp_reply_count_hidden":0,"_bbp_forum_subforum_count":0,"site-sidebar-layout":"default","site-content-layout":"","ast-site-content-layout":"default","site-content-style":"default","site-sidebar-style":"default","ast-global-header-display":"","ast-banner-title-visibility":"","ast-main-header-display":"","ast-hfb-above-header-display":"","ast-hfb-below-header-display":"","ast-hfb-mobile-header-display":"","site-post-title":"","ast-breadcrumbs-content":"","ast-featured-img":"","footer-sml-layout":"","theme-transparent-header-meta":"default","adv-header-id-meta":"","stick-header-meta":"","header-above-stick-meta":"","header-main-stick-meta":"","header-below-stick-meta":"","astra-migrate-meta-layouts":"set","ast-page-background-enabled":"default","ast-page-background-meta":{"desktop":{"background-color":"var(--ast-global-color-4)","background-image":"","background-repeat":"repeat","background-position":"center center","background-size":"auto","background-attachment":"scroll","background-type":"","background-media":"","overlay-type":"","overlay-color":"","overlay-opacity":"","overlay-gradient":""},"tablet":{"background-color":"","background-image":"","background-repeat":"repeat","background-position":"center center","background-size":"auto","background-attachment":"scroll","background-type":"","background-media":"","overlay-type":"","overlay-color":"","overlay-opacity":"","overlay-gradient":""},"mobile":{"background-color":"","background-image":"","background-repeat":"repeat","background-position":"center center","background-size":"auto","background-attachment":"scroll","background-type":"","background-media":"","overlay-type":"","overlay-color":"","overlay-opacity":"","overlay-gradient":""}},"ast-content-background-meta":{"desktop":{"background-color":"var(--ast-global-color-5)","background-image":"","background-repeat":"repeat","background-position":"center center","background-size":"auto","background-attachment":"scroll","background-type":"","background-media":"","overlay-type":"","overlay-color":"","overlay-opacity":"","overlay-gradient":""},"tablet":{"background-color":"var(--ast-global-color-5)","background-image":"","background-repeat":"repeat","background-position":"center center","background-size":"auto","background-attachment":"scroll","background-type":"","background-media":"","overlay-type":"","overlay-color":"","overlay-opacity":"","overlay-gradient":""},"mobile":{"background-color":"var(--ast-global-color-5)","background-image":"","background-repeat":"repeat","background-position":"center center","background-size":"auto","background-attachment":"scroll","background-type":"","background-media":"","overlay-type":"","overlay-color":"","overlay-opacity":"","overlay-gradient":""}},"footnotes":""},"class_list":["post-539","page","type-page","status-publish","hentry"],"post_mailing_queue_ids":[],"_links":{"self":[{"href":"https:\/\/agora.xtec.cat\/escolataborbcn\/wp-json\/wp\/v2\/pages\/539","targetHints":{"allow":["GET"]}}],"collection":[{"href":"https:\/\/agora.xtec.cat\/escolataborbcn\/wp-json\/wp\/v2\/pages"}],"about":[{"href":"https:\/\/agora.xtec.cat\/escolataborbcn\/wp-json\/wp\/v2\/types\/page"}],"author":[{"embeddable":true,"href":"https:\/\/agora.xtec.cat\/escolataborbcn\/wp-json\/wp\/v2\/users\/1"}],"replies":[{"embeddable":true,"href":"https:\/\/agora.xtec.cat\/escolataborbcn\/wp-json\/wp\/v2\/comments?post=539"}],"version-history":[{"count":4,"href":"https:\/\/agora.xtec.cat\/escolataborbcn\/wp-json\/wp\/v2\/pages\/539\/revisions"}],"predecessor-version":[{"id":883,"href":"https:\/\/agora.xtec.cat\/escolataborbcn\/wp-json\/wp\/v2\/pages\/539\/revisions\/883"}],"up":[{"embeddable":true,"href":"https:\/\/agora.xtec.cat\/escolataborbcn\/wp-json\/wp\/v2\/pages\/510"}],"wp:attachment":[{"href":"https:\/\/agora.xtec.cat\/escolataborbcn\/wp-json\/wp\/v2\/media?parent=539"}],"curies":[{"name":"wp","href":"https:\/\/api.w.org\/{rel}","templated":true}]}}