{"id":537,"date":"2025-11-09T20:04:21","date_gmt":"2025-11-09T19:04:21","guid":{"rendered":"https:\/\/agora.xtec.cat\/escolataborbcn\/?page_id=537"},"modified":"2025-11-21T08:44:19","modified_gmt":"2025-11-21T07:44:19","slug":"tothom-a-lescola","status":"publish","type":"page","link":"https:\/\/agora.xtec.cat\/escolataborbcn\/participacio\/tothom-a-lescola\/","title":{"rendered":"Tothom a l&#8217;escola"},"content":{"rendered":"<p data-start=\"173\" data-end=\"616\">\u00c9s una proposta que vol incentivar la participaci\u00f3 de les fam\u00edlies, des d\u2019I3 fins a 6\u00e8, perqu\u00e8 esdevinguin part activa del dia a dia de l\u2019aula. L\u2019objectiu \u00e9s que puguin compartir els seus coneixements, habilitats i experi\u00e8ncies per complementar els aprenentatges que es fan a l\u2019escola, ja sigui mitjan\u00e7ant activitats, experiments, tallers o altres propostes que enriqueixin el treball que es duu a terme amb l\u2019alumnat.<\/p>\n<p data-start=\"618\" data-end=\"995\" data-is-last-node=\"\" data-is-only-node=\"\">Aquesta participaci\u00f3 pot incloure explicar un conte, parlar de la seva professi\u00f3, aprofundir en algun tema que s\u2019estigui treballant a classe o aportar qualsevol proposta que pugui ser significativa per als infants. Tamb\u00e9 es convida les fam\u00edlies a col\u00b7laborar en diverses activitats i projectes que organitza l\u2019escola, refor\u00e7ant aix\u00ed el vincle i la corresponsabilitat educativa.<\/p>\n","protected":false},"excerpt":{"rendered":"<p>\u00c9s una proposta que vol incentivar la participaci\u00f3 de les fam\u00edlies, des d\u2019I3 fins a 6\u00e8, perqu\u00e8 esdevinguin part activa del dia a dia de l\u2019aula. L\u2019objectiu \u00e9s que puguin compartir els seus coneixements, habilitats i experi\u00e8ncies per complementar els aprenentatges que es fan a l\u2019escola, ja sigui mitjan\u00e7ant activitats, experiments, tallers o altres propostes [&hellip;]<\/p>\n","protected":false},"author":1,"featured_media":0,"parent":510,"menu_order":1,"comment_status":"closed","ping_status":"closed","template":"","meta":{"_bbp_topic_count":0,"_bbp_reply_count":0,"_bbp_total_topic_count":0,"_bbp_total_reply_count":0,"_bbp_voice_count":0,"_bbp_anonymous_reply_count":0,"_bbp_topic_count_hidden":0,"_bbp_reply_count_hidden":0,"_bbp_forum_subforum_count":0,"site-sidebar-layout":"default","site-content-layout":"","ast-site-content-layout":"default","site-content-style":"default","site-sidebar-style":"default","ast-global-header-display":"","ast-banner-title-visibility":"","ast-main-header-display":"","ast-hfb-above-header-display":"","ast-hfb-below-header-display":"","ast-hfb-mobile-header-display":"","site-post-title":"","ast-breadcrumbs-content":"","ast-featured-img":"","footer-sml-layout":"","theme-transparent-header-meta":"default","adv-header-id-meta":"","stick-header-meta":"","header-above-stick-meta":"","header-main-stick-meta":"","header-below-stick-meta":"","astra-migrate-meta-layouts":"set","ast-page-background-enabled":"default","ast-page-background-meta":{"desktop":{"background-color":"var(--ast-global-color-4)","background-image":"","background-repeat":"repeat","background-position":"center center","background-size":"auto","background-attachment":"scroll","background-type":"","background-media":"","overlay-type":"","overlay-color":"","overlay-opacity":"","overlay-gradient":""},"tablet":{"background-color":"","background-image":"","background-repeat":"repeat","background-position":"center center","background-size":"auto","background-attachment":"scroll","background-type":"","background-media":"","overlay-type":"","overlay-color":"","overlay-opacity":"","overlay-gradient":""},"mobile":{"background-color":"","background-image":"","background-repeat":"repeat","background-position":"center center","background-size":"auto","background-attachment":"scroll","background-type":"","background-media":"","overlay-type":"","overlay-color":"","overlay-opacity":"","overlay-gradient":""}},"ast-content-background-meta":{"desktop":{"background-color":"var(--ast-global-color-5)","background-image":"","background-repeat":"repeat","background-position":"center center","background-size":"auto","background-attachment":"scroll","background-type":"","background-media":"","overlay-type":"","overlay-color":"","overlay-opacity":"","overlay-gradient":""},"tablet":{"background-color":"var(--ast-global-color-5)","background-image":"","background-repeat":"repeat","background-position":"center center","background-size":"auto","background-attachment":"scroll","background-type":"","background-media":"","overlay-type":"","overlay-color":"","overlay-opacity":"","overlay-gradient":""},"mobile":{"background-color":"var(--ast-global-color-5)","background-image":"","background-repeat":"repeat","background-position":"center center","background-size":"auto","background-attachment":"scroll","background-type":"","background-media":"","overlay-type":"","overlay-color":"","overlay-opacity":"","overlay-gradient":""}},"footnotes":""},"class_list":["post-537","page","type-page","status-publish","hentry"],"post_mailing_queue_ids":[],"_links":{"self":[{"href":"https:\/\/agora.xtec.cat\/escolataborbcn\/wp-json\/wp\/v2\/pages\/537","targetHints":{"allow":["GET"]}}],"collection":[{"href":"https:\/\/agora.xtec.cat\/escolataborbcn\/wp-json\/wp\/v2\/pages"}],"about":[{"href":"https:\/\/agora.xtec.cat\/escolataborbcn\/wp-json\/wp\/v2\/types\/page"}],"author":[{"embeddable":true,"href":"https:\/\/agora.xtec.cat\/escolataborbcn\/wp-json\/wp\/v2\/users\/1"}],"replies":[{"embeddable":true,"href":"https:\/\/agora.xtec.cat\/escolataborbcn\/wp-json\/wp\/v2\/comments?post=537"}],"version-history":[{"count":4,"href":"https:\/\/agora.xtec.cat\/escolataborbcn\/wp-json\/wp\/v2\/pages\/537\/revisions"}],"predecessor-version":[{"id":891,"href":"https:\/\/agora.xtec.cat\/escolataborbcn\/wp-json\/wp\/v2\/pages\/537\/revisions\/891"}],"up":[{"embeddable":true,"href":"https:\/\/agora.xtec.cat\/escolataborbcn\/wp-json\/wp\/v2\/pages\/510"}],"wp:attachment":[{"href":"https:\/\/agora.xtec.cat\/escolataborbcn\/wp-json\/wp\/v2\/media?parent=537"}],"curies":[{"name":"wp","href":"https:\/\/api.w.org\/{rel}","templated":true}]}}