{"id":527,"date":"2025-11-09T20:00:21","date_gmt":"2025-11-09T19:00:21","guid":{"rendered":"https:\/\/agora.xtec.cat\/escolataborbcn\/?page_id=527"},"modified":"2025-11-26T09:24:37","modified_gmt":"2025-11-26T08:24:37","slug":"trets-didentitat","status":"publish","type":"page","link":"https:\/\/agora.xtec.cat\/escolataborbcn\/lescola\/trets-didentitat\/","title":{"rendered":"Trets d&#8217;identitat"},"content":{"rendered":"<table style=\"border-collapse: collapse; width: 100%;\">\n<tbody>\n<tr>\n<td style=\"width: 11.0195%; vertical-align: middle; text-align: center;\"><img loading=\"lazy\" decoding=\"async\" class=\"aligncenter wp-image-937\" src=\"https:\/\/agora.xtec.cat\/escolataborbcn\/wp-content\/uploads\/usu2183\/2025\/11\/blue.png\" alt=\"\" width=\"100\" height=\"100\" \/><\/td>\n<td style=\"text-align: justify;\">Escola <span style=\"color: #000000;\"><strong>inclusiva i oberta a tothom<\/strong><\/span> i que respecta les diferents maneres de pensar, entenent que tots i cadascun som diferents amb l\u2019objectiu que siguin capa\u00e7os d\u2019aconseguir amb \u00e8xit les noves etapes educatives i, que aprenguin a respectar i aprofitar les difer\u00e8ncies individuals.<\/td>\n<\/tr>\n<tr>\n<td style=\"width: 11.0195%; vertical-align: top; text-align: center;\"><img loading=\"lazy\" decoding=\"async\" class=\"aligncenter wp-image-938\" src=\"https:\/\/agora.xtec.cat\/escolataborbcn\/wp-content\/uploads\/usu2183\/2025\/11\/blue-1.png\" alt=\"\" width=\"100\" height=\"100\" \/><\/td>\n<td style=\"text-align: justify;\"><strong>Promotora de valors<\/strong>. Toler\u00e0ncia, responsabilitat, solidaritat i respecte a la llibertat de cadasc\u00fa, a la seva personalitat i conviccions, afavorint l\u2019adquisici\u00f3 d\u2019una autoestima personal i cultural positiva de tots\/es els alumnes.<\/td>\n<\/tr>\n<tr>\n<td style=\"width: 11.0195%; vertical-align: top; text-align: center;\"><img loading=\"lazy\" decoding=\"async\" class=\"alignnone wp-image-939\" src=\"https:\/\/agora.xtec.cat\/escolataborbcn\/wp-content\/uploads\/usu2183\/2025\/11\/blue-4.png\" alt=\"\" width=\"100\" height=\"100\" srcset=\"https:\/\/agora.xtec.cat\/escolataborbcn\/wp-content\/uploads\/usu2183\/2025\/11\/blue-4.png 512w, https:\/\/agora.xtec.cat\/escolataborbcn\/wp-content\/uploads\/usu2183\/2025\/11\/blue-4-300x300.png 300w, https:\/\/agora.xtec.cat\/escolataborbcn\/wp-content\/uploads\/usu2183\/2025\/11\/blue-4-150x150.png 150w\" sizes=\"auto, (max-width: 100px) 100vw, 100px\" \/><\/td>\n<td style=\"text-align: justify;\"><strong>Coeducadora, <\/strong>per proporcionar tant a l\u2019alumnat, com al professorat i a tota la comunitat educativa, estrat\u00e8gies que poden modificar les relacions de poder, d\u2019ab\u00fas i de limitacions estereotipades per a cada g\u00e8nere, esdevenint veritables agents de transformaci\u00f3. <strong>Cap persona no pot ser discriminada<\/strong> per raons de sexe, ideologia, confessionalitat, llengua, nacionalitat o minusvalidesa.<\/td>\n<\/tr>\n<tr>\n<td style=\"width: 11.0195%; vertical-align: top; text-align: center;\"><img loading=\"lazy\" decoding=\"async\" class=\"aligncenter wp-image-943\" src=\"https:\/\/agora.xtec.cat\/escolataborbcn\/wp-content\/uploads\/usu2183\/2025\/11\/blue-8-150x150.png\" alt=\"\" width=\"100\" height=\"100\" srcset=\"https:\/\/agora.xtec.cat\/escolataborbcn\/wp-content\/uploads\/usu2183\/2025\/11\/blue-8-150x150.png 150w, https:\/\/agora.xtec.cat\/escolataborbcn\/wp-content\/uploads\/usu2183\/2025\/11\/blue-8-300x300.png 300w, https:\/\/agora.xtec.cat\/escolataborbcn\/wp-content\/uploads\/usu2183\/2025\/11\/blue-8.png 512w\" sizes=\"auto, (max-width: 100px) 100vw, 100px\" \/><\/td>\n<td style=\"text-align: justify;\"><strong>Impulsora de la cultura<\/strong>. El catal\u00e0 com a llengua pr\u00f2pia de Catalunya que \u00e9s, s\u2019utilitza com a llengua vehicular d\u2019aprenentatge en totes les activitats internes i externes de tota la comunitat educativa. Celebrem les festes populars i tradicionals catalanes i realitzem sortides com a manera de con\u00e8ixer i arrelar-se al medi geogr\u00e0fic i hist\u00f2ric.<\/td>\n<\/tr>\n<tr>\n<td style=\"width: 11.0195%; vertical-align: top; text-align: center;\"><img loading=\"lazy\" decoding=\"async\" class=\"aligncenter wp-image-940\" src=\"https:\/\/agora.xtec.cat\/escolataborbcn\/wp-content\/uploads\/usu2183\/2025\/11\/blue-5-150x150.png\" alt=\"\" width=\"100\" height=\"100\" srcset=\"https:\/\/agora.xtec.cat\/escolataborbcn\/wp-content\/uploads\/usu2183\/2025\/11\/blue-5-150x150.png 150w, https:\/\/agora.xtec.cat\/escolataborbcn\/wp-content\/uploads\/usu2183\/2025\/11\/blue-5-300x300.png 300w, https:\/\/agora.xtec.cat\/escolataborbcn\/wp-content\/uploads\/usu2183\/2025\/11\/blue-5.png 512w\" sizes=\"auto, (max-width: 100px) 100vw, 100px\" \/><\/td>\n<td style=\"text-align: justify;\"><strong>Respectuosa amb el medi ambient<\/strong>. Eduquem en la sostenibilitat i el respecte pel medi ambient comen\u00e7ant per l\u2019entorn m\u00e9s proper.<\/td>\n<\/tr>\n<tr>\n<td style=\"width: 11.0195%; vertical-align: top; text-align: center;\"><img loading=\"lazy\" decoding=\"async\" class=\"aligncenter wp-image-941\" src=\"https:\/\/agora.xtec.cat\/escolataborbcn\/wp-content\/uploads\/usu2183\/2025\/11\/blue-6-150x150.png\" alt=\"\" width=\"100\" height=\"100\" srcset=\"https:\/\/agora.xtec.cat\/escolataborbcn\/wp-content\/uploads\/usu2183\/2025\/11\/blue-6-150x150.png 150w, https:\/\/agora.xtec.cat\/escolataborbcn\/wp-content\/uploads\/usu2183\/2025\/11\/blue-6-300x300.png 300w, https:\/\/agora.xtec.cat\/escolataborbcn\/wp-content\/uploads\/usu2183\/2025\/11\/blue-6.png 512w\" sizes=\"auto, (max-width: 100px) 100vw, 100px\" \/><\/td>\n<td style=\"text-align: justify;\"><strong>Benestar emocional\u00a0<\/strong>que vetlla per un clima escolar positiu, com a base per aprendre i cr\u00e9ixer amb autonomia i seguretat. <strong>Confian\u00e7a<\/strong> en els infants i en els professionals que els acompanyen. <strong>Cooperaci\u00f3<\/strong> per ser capa\u00e7os de treballar en equip amb un objectiu com\u00fa.<\/td>\n<\/tr>\n<tr>\n<td style=\"width: 11.0195%; vertical-align: top; text-align: center;\"><img loading=\"lazy\" decoding=\"async\" class=\"aligncenter wp-image-942\" src=\"https:\/\/agora.xtec.cat\/escolataborbcn\/wp-content\/uploads\/usu2183\/2025\/11\/blue-7-150x150.png\" alt=\"\" width=\"100\" height=\"100\" srcset=\"https:\/\/agora.xtec.cat\/escolataborbcn\/wp-content\/uploads\/usu2183\/2025\/11\/blue-7-150x150.png 150w, https:\/\/agora.xtec.cat\/escolataborbcn\/wp-content\/uploads\/usu2183\/2025\/11\/blue-7-300x300.png 300w, https:\/\/agora.xtec.cat\/escolataborbcn\/wp-content\/uploads\/usu2183\/2025\/11\/blue-7.png 512w\" sizes=\"auto, (max-width: 100px) 100vw, 100px\" \/><\/td>\n<td style=\"text-align: justify;\">Comunitat educativa entesa com a\u00a0<strong>Fam\u00edlia i Escola<\/strong>. Facilitem la participaci\u00f3 de les fam\u00edlies en la vida escolar i les guiem en el proc\u00e9s educatiu dels infants.<\/td>\n<\/tr>\n<\/tbody>\n<\/table>\n<p>&nbsp;<\/p>\n","protected":false},"excerpt":{"rendered":"<p>Escola inclusiva i oberta a tothom i que respecta les diferents maneres de pensar, entenent que tots i cadascun som diferents amb l\u2019objectiu que siguin capa\u00e7os d\u2019aconseguir amb \u00e8xit les noves etapes educatives i, que aprenguin a respectar i aprofitar les difer\u00e8ncies individuals. Promotora de valors. Toler\u00e0ncia, responsabilitat, solidaritat i respecte a la llibertat de [&hellip;]<\/p>\n","protected":false},"author":1,"featured_media":0,"parent":22,"menu_order":2,"comment_status":"closed","ping_status":"closed","template":"","meta":{"_bbp_topic_count":0,"_bbp_reply_count":0,"_bbp_total_topic_count":0,"_bbp_total_reply_count":0,"_bbp_voice_count":0,"_bbp_anonymous_reply_count":0,"_bbp_topic_count_hidden":0,"_bbp_reply_count_hidden":0,"_bbp_forum_subforum_count":0,"site-sidebar-layout":"default","site-content-layout":"","ast-site-content-layout":"default","site-content-style":"default","site-sidebar-style":"default","ast-global-header-display":"","ast-banner-title-visibility":"","ast-main-header-display":"","ast-hfb-above-header-display":"","ast-hfb-below-header-display":"","ast-hfb-mobile-header-display":"","site-post-title":"","ast-breadcrumbs-content":"","ast-featured-img":"","footer-sml-layout":"","theme-transparent-header-meta":"default","adv-header-id-meta":"","stick-header-meta":"","header-above-stick-meta":"","header-main-stick-meta":"","header-below-stick-meta":"","astra-migrate-meta-layouts":"set","ast-page-background-enabled":"default","ast-page-background-meta":{"desktop":{"background-color":"var(--ast-global-color-4)","background-image":"","background-repeat":"repeat","background-position":"center center","background-size":"auto","background-attachment":"scroll","background-type":"","background-media":"","overlay-type":"","overlay-color":"","overlay-opacity":"","overlay-gradient":""},"tablet":{"background-color":"","background-image":"","background-repeat":"repeat","background-position":"center center","background-size":"auto","background-attachment":"scroll","background-type":"","background-media":"","overlay-type":"","overlay-color":"","overlay-opacity":"","overlay-gradient":""},"mobile":{"background-color":"","background-image":"","background-repeat":"repeat","background-position":"center center","background-size":"auto","background-attachment":"scroll","background-type":"","background-media":"","overlay-type":"","overlay-color":"","overlay-opacity":"","overlay-gradient":""}},"ast-content-background-meta":{"desktop":{"background-color":"var(--ast-global-color-5)","background-image":"","background-repeat":"repeat","background-position":"center center","background-size":"auto","background-attachment":"scroll","background-type":"","background-media":"","overlay-type":"","overlay-color":"","overlay-opacity":"","overlay-gradient":""},"tablet":{"background-color":"var(--ast-global-color-5)","background-image":"","background-repeat":"repeat","background-position":"center center","background-size":"auto","background-attachment":"scroll","background-type":"","background-media":"","overlay-type":"","overlay-color":"","overlay-opacity":"","overlay-gradient":""},"mobile":{"background-color":"var(--ast-global-color-5)","background-image":"","background-repeat":"repeat","background-position":"center center","background-size":"auto","background-attachment":"scroll","background-type":"","background-media":"","overlay-type":"","overlay-color":"","overlay-opacity":"","overlay-gradient":""}},"footnotes":""},"class_list":["post-527","page","type-page","status-publish","hentry"],"post_mailing_queue_ids":[],"_links":{"self":[{"href":"https:\/\/agora.xtec.cat\/escolataborbcn\/wp-json\/wp\/v2\/pages\/527","targetHints":{"allow":["GET"]}}],"collection":[{"href":"https:\/\/agora.xtec.cat\/escolataborbcn\/wp-json\/wp\/v2\/pages"}],"about":[{"href":"https:\/\/agora.xtec.cat\/escolataborbcn\/wp-json\/wp\/v2\/types\/page"}],"author":[{"embeddable":true,"href":"https:\/\/agora.xtec.cat\/escolataborbcn\/wp-json\/wp\/v2\/users\/1"}],"replies":[{"embeddable":true,"href":"https:\/\/agora.xtec.cat\/escolataborbcn\/wp-json\/wp\/v2\/comments?post=527"}],"version-history":[{"count":6,"href":"https:\/\/agora.xtec.cat\/escolataborbcn\/wp-json\/wp\/v2\/pages\/527\/revisions"}],"predecessor-version":[{"id":946,"href":"https:\/\/agora.xtec.cat\/escolataborbcn\/wp-json\/wp\/v2\/pages\/527\/revisions\/946"}],"up":[{"embeddable":true,"href":"https:\/\/agora.xtec.cat\/escolataborbcn\/wp-json\/wp\/v2\/pages\/22"}],"wp:attachment":[{"href":"https:\/\/agora.xtec.cat\/escolataborbcn\/wp-json\/wp\/v2\/media?parent=527"}],"curies":[{"name":"wp","href":"https:\/\/api.w.org\/{rel}","templated":true}]}}