{"id":28,"date":"2014-09-18T12:29:35","date_gmt":"2014-09-18T11:29:35","guid":{"rendered":"http:\/\/agora.xtec.cat\/escolataborbcn\/?page_id=28"},"modified":"2025-12-09T11:15:23","modified_gmt":"2025-12-09T10:15:23","slug":"consell-escolar","status":"publish","type":"page","link":"https:\/\/agora.xtec.cat\/escolataborbcn\/participacio\/consell-escolar\/","title":{"rendered":"Consell escolar"},"content":{"rendered":"<p data-start=\"75\" data-end=\"371\">El <strong data-start=\"78\" data-end=\"97\">Consell Escolar<\/strong> \u00e9s l\u2019\u00f2rgan col\u00b7legiat de participaci\u00f3 de tota la comunitat educativa en el govern del centre. Hi estan representats tots els col\u00b7lectius que formen part de la vida escolar: direcci\u00f3, professorat, personal d\u2019administraci\u00f3 i serveis, fam\u00edlies i representant de l\u2019Ajuntament.<\/p>\n<p data-start=\"373\" data-end=\"653\">En els centres p\u00fablics, la funci\u00f3 principal del Consell Escolar \u00e9s <strong data-start=\"440\" data-end=\"479\">participar en la presa de decisions<\/strong> sobre els aspectes clau del funcionament i l\u2019organitzaci\u00f3 del centre, garantint aix\u00ed una gesti\u00f3 transparent, participativa i adaptada a les necessitats de tota la comunitat.<\/p>\n<p data-start=\"655\" data-end=\"851\" data-is-last-node=\"\" data-is-only-node=\"\">Els membres del Consell Escolar s\u00f3n escollits per un per\u00edode de quatre anys, amb una <strong data-start=\"740\" data-end=\"775\">renovaci\u00f3 parcial cada dos anys<\/strong>, fet que assegura la continu\u00eftat i alhora la incorporaci\u00f3 de noves mirades.<\/p>\n<p>&nbsp;<\/p>\n<hr \/>\n<h3><span style=\"color: #00ccff;\">ACTES DEL CONSELL ESCOLAR<\/span><\/h3>\n<p><strong>2025 &#8211; 2026<\/strong><\/p>\n<ul>\n<li><a href=\"https:\/\/drive.google.com\/file\/d\/1DsdDS-zXFI12epEvBtMaM2npwSrtmSR8\/view?usp=drive_link\">ACTA 1 (14-10-25)<\/a><\/li>\n<li><a href=\"https:\/\/drive.google.com\/file\/d\/1NTy33hvi10MBkv4IA1hwLwbECavPfIFe\/view?usp=drive_link\">ACTA 2 (01-12-25)<\/a><\/li>\n<li><a href=\"https:\/\/drive.google.com\/file\/d\/1juF4jE3Wxo5H2wmLk-ulsdTx8O90H3vj\/view?usp=drive_link\">ACTA 3 (01-12-25)<\/a><\/li>\n<li>ACTA 4 (<\/li>\n<li>ACTA 5 (<\/li>\n<\/ul>\n<p><strong>2024 &#8211; 2025<\/strong><\/p>\n<ul>\n<li><a href=\"https:\/\/drive.google.com\/file\/d\/1G1AJ3rdxj0v8W1QZ4WWg7fL7QhqTNiRU\/view?usp=drive_link\" target=\"_blank\" rel=\"noopener\">ACTA 1 (8-10-24)<\/a><\/li>\n<li><a href=\"https:\/\/drive.google.com\/file\/d\/1_D9zBt5B1OmimnBel64IhmECupKnlbCk\/view?usp=drive_link\" target=\"_blank\" rel=\"noopener\">ACTA 2 (28-1-25)<\/a><\/li>\n<li><a href=\"https:\/\/drive.google.com\/file\/d\/1GP6G3fiqhyQX7Fw0kAc49_GM-wHsLBVp\/view?usp=drive_link\" target=\"_blank\" rel=\"noopener\">ACTA 3 (24-2-25)<\/a><\/li>\n<li><a href=\"https:\/\/drive.google.com\/file\/d\/1igmlpHko2TJcgrOmKgCXnJ1-v3n7EIVE\/view?usp=drive_link\" target=\"_blank\" rel=\"noopener\">ACTA 4 (20-5-25)<\/a><\/li>\n<\/ul>\n<p><strong>2023 &#8211; 2024<\/strong><\/p>\n<ul>\n<li><a href=\"https:\/\/drive.google.com\/file\/d\/12i5ABJSPssuGFq4oezkoN6yJTDvTAMxc\/view?usp=drive_link\" target=\"_blank\" rel=\"noopener\">ACTA 1 (17-10-23)<\/a><\/li>\n<li><a href=\"https:\/\/drive.google.com\/file\/d\/1MJGeGWeDyDwbRj8VrMaoVyfSwyi2-SXL\/view?usp=drive_link\" target=\"_blank\" rel=\"noopener\">ACTA 2 (13-12-23)<\/a><\/li>\n<li><a href=\"https:\/\/drive.google.com\/file\/d\/1c-FMTMOqToJE8gYRCB_AiGw5YbJKqtVq\/view?usp=drive_link\" target=\"_blank\" rel=\"noopener\">ACTA 3 (13-12-23)<\/a><\/li>\n<li><a href=\"https:\/\/drive.google.com\/file\/d\/1SwlZ4SL_b5h-pcxEMoxNKfdkMYedCn1y\/view?usp=drive_link\" target=\"_blank\" rel=\"noopener\">ACTA 4 (30-01-24)<\/a><\/li>\n<li><a href=\"https:\/\/drive.google.com\/file\/d\/18GXRLOIhoGtEc1umPp0Z1pqR2CppflAP\/view?usp=drive_link\" target=\"_blank\" rel=\"noopener\">ACTA 5 (19-02-24)<\/a><\/li>\n<li><a href=\"https:\/\/drive.google.com\/file\/d\/1NHdl7EPD0CAxrarU7bvhxpSfqIiYNuYC\/view?usp=drive_link\" target=\"_blank\" rel=\"noopener\">ACTA 6 (30-06-24)<\/a><\/li>\n<\/ul>\n<p><strong>2022 &#8211; 2023<\/strong><\/p>\n<ul>\n<li><a href=\"https:\/\/drive.google.com\/file\/d\/1cY0EmrWMLEs2taY2FN4yoKv0qMPRUj0I\/view?usp=drive_link\" target=\"_blank\" rel=\"noopener\">ACTA 1 (13-10-22)<\/a><\/li>\n<li><a href=\"https:\/\/drive.google.com\/file\/d\/193jku4k9cGmB0oJiUxGfRUraUHbISziH\/view?usp=drive_link\" target=\"_blank\" rel=\"noopener\">ACTA 2 (31-01-23)<\/a><\/li>\n<li><a href=\"https:\/\/drive.google.com\/file\/d\/1OrCFHbSYcYmLqcq89HNyWYtIb3_0wRpM\/view?usp=drive_link\" target=\"_blank\" rel=\"noopener\">ACTA 3 (28-06-23)<\/a><\/li>\n<\/ul>\n<p><strong>2021 &#8211; 2022<\/strong><\/p>\n<ul>\n<li><a href=\"https:\/\/drive.google.com\/file\/d\/1HY3eRt836JLF8ioQXKnGzmHqis5RjZ7H\/view?usp=drive_link\" target=\"_blank\" rel=\"noopener\">ACTA 1 (13-10-21)<\/a><\/li>\n<li><a href=\"https:\/\/drive.google.com\/file\/d\/1yiE_NOf68vVnI67Ql-a2wfKU8UiVj4UD\/view?usp=drive_link\" target=\"_blank\" rel=\"noopener\">ACTA 2 (01-12-21)<\/a><\/li>\n<li><a href=\"https:\/\/drive.google.com\/file\/d\/1bky3Q9YltRCrZxqvOXk4OGX3ekchf1OI\/view?usp=drive_link\" target=\"_blank\" rel=\"noopener\">ACTA 3 (01-12-21)<\/a><\/li>\n<li><a href=\"https:\/\/drive.google.com\/file\/d\/1PyrzHyPU_UL6F3thJkS4UZhpwt37wJW6\/view?usp=drive_link\" target=\"_blank\" rel=\"noopener\">ACTA 4 (07-02-22)<\/a><\/li>\n<li><a href=\"https:\/\/drive.google.com\/file\/d\/1hyN4QUlUwws-YEp59hlA1IFWndo0TLeV\/view?usp=drive_link\" target=\"_blank\" rel=\"noopener\">ACTA 5 (22-03-22)<\/a><\/li>\n<li><a href=\"https:\/\/drive.google.com\/file\/d\/1om7BxT3k1hLVwuRqD3o81Zd0kiA3mGMz\/view?usp=drive_link\" target=\"_blank\" rel=\"noopener\">ACTA 6 (08-06-22)<\/a><\/li>\n<\/ul>\n<p><strong>2020-2021<\/strong><\/p>\n<ul>\n<li><a href=\"https:\/\/drive.google.com\/file\/d\/1iLnoCozqYBcPf6vuzy2j_51iccbmPCg5\/view?usp=drive_link\" target=\"_blank\" rel=\"noopener\">ACTA 1 (02-09-20)<\/a><\/li>\n<li><a href=\"https:\/\/drive.google.com\/file\/d\/1F9Q0mK8fijOsb0C44cDZ2yexMImC5rEP\/view?usp=drive_link\" target=\"_blank\" rel=\"noopener\">ACTA 2 (21-11-20)<\/a><\/li>\n<li><a href=\"https:\/\/drive.google.com\/file\/d\/1qMJSiF1H-KE9DZadINEjEiH3PzTtOff5\/view?usp=drive_link\" target=\"_blank\" rel=\"noopener\">ACTA 3 (27-01-21)<\/a><\/li>\n<li><a href=\"https:\/\/drive.google.com\/file\/d\/13PkUjkxD5Sd-8SXqLHEve9S2d7CIqBlI\/view?usp=drive_link\" target=\"_blank\" rel=\"noopener\">ACTA 4 (24-02-21)<\/a><\/li>\n<li><a href=\"https:\/\/drive.google.com\/file\/d\/1Yt5GcpdVttt39R1PLTt4Dsu5e3H--JcZ\/view?usp=drive_link\" target=\"_blank\" rel=\"noopener\">ACTA 5 (24-04-21)<\/a><\/li>\n<li><a href=\"https:\/\/drive.google.com\/file\/d\/1b4tsJ9k_b8jh16deidOQN2KACNwxxmLK\/view?usp=drive_link\" target=\"_blank\" rel=\"noopener\">ACTA 6 (02-06-21)<\/a><\/li>\n<\/ul>\n","protected":false},"excerpt":{"rendered":"<p>El Consell Escolar \u00e9s l\u2019\u00f2rgan col\u00b7legiat de participaci\u00f3 de tota la comunitat educativa en el govern del centre. Hi estan representats tots els col\u00b7lectius que formen part de la vida escolar: direcci\u00f3, professorat, personal d\u2019administraci\u00f3 i serveis, fam\u00edlies i representant de l\u2019Ajuntament. En els centres p\u00fablics, la funci\u00f3 principal del Consell Escolar \u00e9s participar en [&hellip;]<\/p>\n","protected":false},"author":1,"featured_media":0,"parent":510,"menu_order":4,"comment_status":"closed","ping_status":"closed","template":"","meta":{"_bbp_topic_count":0,"_bbp_reply_count":0,"_bbp_total_topic_count":0,"_bbp_total_reply_count":0,"_bbp_voice_count":0,"_bbp_anonymous_reply_count":0,"_bbp_topic_count_hidden":0,"_bbp_reply_count_hidden":0,"_bbp_forum_subforum_count":0,"site-sidebar-layout":"default","site-content-layout":"","ast-site-content-layout":"default","site-content-style":"default","site-sidebar-style":"default","ast-global-header-display":"","ast-banner-title-visibility":"","ast-main-header-display":"","ast-hfb-above-header-display":"","ast-hfb-below-header-display":"","ast-hfb-mobile-header-display":"","site-post-title":"","ast-breadcrumbs-content":"","ast-featured-img":"","footer-sml-layout":"","theme-transparent-header-meta":"default","adv-header-id-meta":"","stick-header-meta":"","header-above-stick-meta":"","header-main-stick-meta":"","header-below-stick-meta":"","astra-migrate-meta-layouts":"set","ast-page-background-enabled":"default","ast-page-background-meta":{"desktop":{"background-color":"var(--ast-global-color-4)","background-image":"","background-repeat":"repeat","background-position":"center center","background-size":"auto","background-attachment":"scroll","background-type":"","background-media":"","overlay-type":"","overlay-color":"","overlay-opacity":"","overlay-gradient":""},"tablet":{"background-color":"","background-image":"","background-repeat":"repeat","background-position":"center center","background-size":"auto","background-attachment":"scroll","background-type":"","background-media":"","overlay-type":"","overlay-color":"","overlay-opacity":"","overlay-gradient":""},"mobile":{"background-color":"","background-image":"","background-repeat":"repeat","background-position":"center center","background-size":"auto","background-attachment":"scroll","background-type":"","background-media":"","overlay-type":"","overlay-color":"","overlay-opacity":"","overlay-gradient":""}},"ast-content-background-meta":{"desktop":{"background-color":"var(--ast-global-color-5)","background-image":"","background-repeat":"repeat","background-position":"center center","background-size":"auto","background-attachment":"scroll","background-type":"","background-media":"","overlay-type":"","overlay-color":"","overlay-opacity":"","overlay-gradient":""},"tablet":{"background-color":"var(--ast-global-color-5)","background-image":"","background-repeat":"repeat","background-position":"center center","background-size":"auto","background-attachment":"scroll","background-type":"","background-media":"","overlay-type":"","overlay-color":"","overlay-opacity":"","overlay-gradient":""},"mobile":{"background-color":"var(--ast-global-color-5)","background-image":"","background-repeat":"repeat","background-position":"center center","background-size":"auto","background-attachment":"scroll","background-type":"","background-media":"","overlay-type":"","overlay-color":"","overlay-opacity":"","overlay-gradient":""}},"footnotes":""},"class_list":["post-28","page","type-page","status-publish","hentry"],"post_mailing_queue_ids":[],"_links":{"self":[{"href":"https:\/\/agora.xtec.cat\/escolataborbcn\/wp-json\/wp\/v2\/pages\/28","targetHints":{"allow":["GET"]}}],"collection":[{"href":"https:\/\/agora.xtec.cat\/escolataborbcn\/wp-json\/wp\/v2\/pages"}],"about":[{"href":"https:\/\/agora.xtec.cat\/escolataborbcn\/wp-json\/wp\/v2\/types\/page"}],"author":[{"embeddable":true,"href":"https:\/\/agora.xtec.cat\/escolataborbcn\/wp-json\/wp\/v2\/users\/1"}],"replies":[{"embeddable":true,"href":"https:\/\/agora.xtec.cat\/escolataborbcn\/wp-json\/wp\/v2\/comments?post=28"}],"version-history":[{"count":7,"href":"https:\/\/agora.xtec.cat\/escolataborbcn\/wp-json\/wp\/v2\/pages\/28\/revisions"}],"predecessor-version":[{"id":7386,"href":"https:\/\/agora.xtec.cat\/escolataborbcn\/wp-json\/wp\/v2\/pages\/28\/revisions\/7386"}],"up":[{"embeddable":true,"href":"https:\/\/agora.xtec.cat\/escolataborbcn\/wp-json\/wp\/v2\/pages\/510"}],"wp:attachment":[{"href":"https:\/\/agora.xtec.cat\/escolataborbcn\/wp-json\/wp\/v2\/media?parent=28"}],"curies":[{"name":"wp","href":"https:\/\/api.w.org\/{rel}","templated":true}]}}