{"id":77,"date":"2014-09-18T14:05:08","date_gmt":"2014-09-18T13:05:08","guid":{"rendered":"http:\/\/agora.xtec.cat\/escolasuris\/?page_id=77"},"modified":"2025-09-10T21:16:25","modified_gmt":"2025-09-10T19:16:25","slug":"acollida","status":"publish","type":"page","link":"https:\/\/agora.xtec.cat\/escolasuris\/serveis\/acollida\/","title":{"rendered":"Acollida"},"content":{"rendered":"<table style=\"border-collapse: collapse; width: 38.2571%; height: 127px;\">\n<tbody>\n<tr>\n<td style=\"width: 100%;\"><strong>CONTACTE D&#8217;ACOLLIDA\u00a0<\/strong><\/td>\n<\/tr>\n<tr>\n<td style=\"width: 100%;\">Mariv\u00ed (Coordinadora) &#8211;\u00a0 630 04 93 14<\/td>\n<\/tr>\n<tr>\n<td style=\"width: 100%;\">Correu: <a href=\"mailto:espaimigdiasuris@gmail.com\" target=\"_blank\" rel=\"noopener\">espaimigdiasuris@gmail.com<\/a><span style=\"font-family: inherit; font-size: 1em;\">\u00a0<\/span><\/td>\n<\/tr>\n<\/tbody>\n<\/table>\n<p>&nbsp;<\/p>\n<p>El servei d&#8217;acollida s&#8217;ofereix per l&#8217;empresa ROCA GONZ\u00c1LEZ en horari de <strong>7:30 a 9:00h del mat\u00ed<\/strong> i de <strong>16:30 a 17:30h de la tarda.\u00a0<\/strong><\/p>\n<table style=\"border-collapse: collapse; width: 49.8055%; height: 229px;\">\n<tbody>\n<tr style=\"height: 101px;\">\n<td style=\"width: 63.9456%; height: 101px;\" colspan=\"2\"><strong>PREUS SERVEI D&#8217;ACOLLIDA<br \/>\n<\/strong>* Es considera una acollida fixa si com a m\u00ednim es fan 3 dies a la setmana (12 dies\/mes), en cas contrari es comptar\u00e0 com a eventual i s&#8217;haur\u00e0 de pagar en tiquets, que es poden comprar a l&#8217;aula d&#8217;Acollida.<em>*Els mesos de setembre i juny el c\u00e0lcul es far\u00e0 en funci\u00f3 dels dies lectius<\/em>.<\/td>\n<\/tr>\n<tr style=\"height: 32px;\">\n<td style=\"width: 25.3375%; height: 32px; text-align: center;\"><strong>FIXA\u00a0<\/strong><\/td>\n<td style=\"width: 38.6081%; height: 32px; text-align: center;\"><strong>EVENTUAL = Tiquets<\/strong><\/td>\n<\/tr>\n<tr style=\"height: 32px;\">\n<td style=\"width: 25.3375%; height: 32px;\">30 min: 18\u20ac\/mes<\/td>\n<td style=\"width: 38.6081%; height: 64px;\" rowspan=\"2\">\n<p style=\"text-align: justify;\"><span style=\"text-decoration: underline;\">Mat\u00ed i tarda<br \/>\n<\/span>30 minuts: 2 euros<br \/>\n60 minuts: 3,50 euros<\/p>\n<\/td>\n<\/tr>\n<tr style=\"height: 32px;\">\n<td style=\"width: 25.3375%; height: 32px;\">1 hora: 36\u20ac\/mes<\/td>\n<\/tr>\n<tr style=\"height: 32px;\">\n<td style=\"width: 25.3375%; height: 32px;\">1 hora i mitja: 54\u20ac\/mes<\/td>\n<td style=\"width: 38.6081%; height: 32px;\"><span style=\"text-decoration: underline;\">Nom\u00e9s mat\u00ed<br \/>\n<\/span>90 minuts: 4,50 euros<\/td>\n<\/tr>\n<\/tbody>\n<\/table>\n<p>&nbsp;<\/p>\n","protected":false},"excerpt":{"rendered":"<p>CONTACTE D&#8217;ACOLLIDA\u00a0<\/p>\n<p>Mariv\u00ed (Coordinadora) &#8211;\u00a0 630 04 93 14<\/p>\n<p>Correu: <a href=\"mailto:espaimigdiasuris@gmail.com\" target=\"_blank\" rel=\"noopener\">espaimigdiasuris@gmail.com<\/a>\u00a0<\/p>\n<p>&nbsp;<br \/>\nEl servei d&#8217;acollida s&#8217;ofereix per l&#8217;empresa ROCA GONZ\u00c1LEZ en horari de 7:30 a 9:00h del mat\u00ed i de 16:30 a 17:30h de la tarda.\u00a0<\/p>\n<p>PREUS SERVEI D&#8217;ACOLLIDA<br \/>\n* Es considera una acollida fixa si com a&hellip;  <a href=\"https:\/\/agora.xtec.cat\/escolasuris\/serveis\/acollida\/\" title=\"Read Acollida\">Llegeix m\u00e9s\u00bb<\/a><\/p>\n","protected":false},"author":1,"featured_media":0,"parent":66,"menu_order":20,"comment_status":"closed","ping_status":"closed","template":"page-templates\/side-menu.php","meta":{"_bbp_topic_count":0,"_bbp_reply_count":0,"_bbp_total_topic_count":0,"_bbp_total_reply_count":0,"_bbp_voice_count":0,"_bbp_anonymous_reply_count":0,"_bbp_topic_count_hidden":0,"_bbp_reply_count_hidden":0,"_bbp_forum_subforum_count":0,"footnotes":""},"class_list":["post-77","page","type-page","status-publish","hentry"],"post_mailing_queue_ids":[],"_links":{"self":[{"href":"https:\/\/agora.xtec.cat\/escolasuris\/wp-json\/wp\/v2\/pages\/77","targetHints":{"allow":["GET"]}}],"collection":[{"href":"https:\/\/agora.xtec.cat\/escolasuris\/wp-json\/wp\/v2\/pages"}],"about":[{"href":"https:\/\/agora.xtec.cat\/escolasuris\/wp-json\/wp\/v2\/types\/page"}],"author":[{"embeddable":true,"href":"https:\/\/agora.xtec.cat\/escolasuris\/wp-json\/wp\/v2\/users\/1"}],"replies":[{"embeddable":true,"href":"https:\/\/agora.xtec.cat\/escolasuris\/wp-json\/wp\/v2\/comments?post=77"}],"version-history":[{"count":6,"href":"https:\/\/agora.xtec.cat\/escolasuris\/wp-json\/wp\/v2\/pages\/77\/revisions"}],"predecessor-version":[{"id":14857,"href":"https:\/\/agora.xtec.cat\/escolasuris\/wp-json\/wp\/v2\/pages\/77\/revisions\/14857"}],"up":[{"embeddable":true,"href":"https:\/\/agora.xtec.cat\/escolasuris\/wp-json\/wp\/v2\/pages\/66"}],"wp:attachment":[{"href":"https:\/\/agora.xtec.cat\/escolasuris\/wp-json\/wp\/v2\/media?parent=77"}],"curies":[{"name":"wp","href":"https:\/\/api.w.org\/{rel}","templated":true}]}}