{"id":5922,"date":"2020-04-17T08:23:31","date_gmt":"2020-04-17T06:23:31","guid":{"rendered":"http:\/\/agora.xtec.cat\/escolasuris\/?page_id=5922"},"modified":"2020-10-21T10:56:13","modified_gmt":"2020-10-21T08:56:13","slug":"plataforma-virtual-eix","status":"publish","type":"page","link":"https:\/\/agora.xtec.cat\/escolasuris\/plataforma-virtual-eix\/","title":{"rendered":"PLATAFORMA VIRTUAL EIX"},"content":{"rendered":"<p>Benvinguts i benvingudes a la p\u00e0gina d&#8217;ajuda per utilitzar la plataforma virtual d&#8217;apre nentatge EIX.<\/p>\n<p>(SI US HEU OBLIDAT DE LA VOSTRA CONTRASENYA POSEU-VOS EN CONTACTE AMB 1c@escolasuris.cat POSANT EL VOSTRE NOM I CURS)<\/p>\n<p>L&#8217;objectiu d&#8217;aquesta p\u00e0gina \u00e9s donar-vos el suport necessari perqu\u00e8 pugueu utilitzar la plataforma amb els vostres fills per poder realitzar un aprenentatge a dist\u00e0ncia.<\/p>\n<p>1r heu d&#8217;accedir a la p\u00e0gina de la plataforma clicant : <a href=\"https:\/\/educaciodigital.cat\/escolasuris\/moodle\" target=\"_blank\" rel=\"noopener noreferrer\">https:\/\/educaciodigital.cat\/escolasuris\/moodle<\/a><\/p>\n<p>Despr\u00e9s visualitzeu aquest v\u00eddeo per iniciar la sessi\u00f3.<\/p>\n<p><iframe loading=\"lazy\" src=\"https:\/\/www.youtube.com\/embed\/-DAbUA7kw7k\" width=\"560\" height=\"315\" frameborder=\"0\"><\/iframe><\/p>\n<p>Acc\u00e9s al perfil<br \/>\n<iframe loading=\"lazy\" src=\"https:\/\/www.youtube.com\/embed\/drvX-K6EAEw\" width=\"560\" height=\"315\" frameborder=\"0\"><\/iframe><\/p>\n<p>Acc\u00e9s als cursos<br \/>\n<iframe loading=\"lazy\" src=\"https:\/\/www.youtube.com\/embed\/FP5B7TwF064\" width=\"560\" height=\"315\" frameborder=\"0\"><\/iframe><\/p>\n<p>Acc\u00e9s via App m\u00f2bil<br \/>\n<iframe loading=\"lazy\" src=\"https:\/\/www.youtube.com\/embed\/hDhDCOJO6eo\" width=\"560\" height=\"315\" frameborder=\"0\"><\/iframe><\/p>\n<p>Acc\u00e9s a la tasca via App m\u00f2bil<br \/>\n<iframe loading=\"lazy\" src=\"https:\/\/www.youtube.com\/embed\/uc7l5C77J28\" width=\"560\" height=\"315\" frameborder=\"0\"><\/iframe><\/p>\n<p>F\u00f2rum<br \/>\n<iframe loading=\"lazy\" src=\"https:\/\/www.youtube.com\/embed\/msC1HThg0ls\" width=\"560\" height=\"315\" frameborder=\"0\"><\/iframe><\/p>\n","protected":false},"excerpt":{"rendered":"<p>Benvinguts i benvingudes a la p\u00e0gina d&#8217;ajuda per utilitzar la plataforma virtual d&#8217;apre nentatge EIX.<br \/>\n(SI US HEU OBLIDAT DE LA VOSTRA CONTRASENYA POSEU-VOS EN CONTACTE AMB 1c@escolasuris.cat POSANT EL VOSTRE NOM I CURS)<br \/>\nL&#8217;objectiu d&#8217;aquesta p\u00e0gina \u00e9s donar-vos el suport necessari perqu\u00e8 pugueu utilitzar la plataforma&hellip;  <a href=\"https:\/\/agora.xtec.cat\/escolasuris\/plataforma-virtual-eix\/\" title=\"Read PLATAFORMA VIRTUAL EIX\">Llegeix m\u00e9s\u00bb<\/a><\/p>\n","protected":false},"author":1,"featured_media":0,"parent":0,"menu_order":0,"comment_status":"closed","ping_status":"closed","template":"","meta":{"_bbp_topic_count":0,"_bbp_reply_count":0,"_bbp_total_topic_count":0,"_bbp_total_reply_count":0,"_bbp_voice_count":0,"_bbp_anonymous_reply_count":0,"_bbp_topic_count_hidden":0,"_bbp_reply_count_hidden":0,"_bbp_forum_subforum_count":0,"footnotes":""},"class_list":["post-5922","page","type-page","status-publish","hentry"],"post_mailing_queue_ids":[],"_links":{"self":[{"href":"https:\/\/agora.xtec.cat\/escolasuris\/wp-json\/wp\/v2\/pages\/5922","targetHints":{"allow":["GET"]}}],"collection":[{"href":"https:\/\/agora.xtec.cat\/escolasuris\/wp-json\/wp\/v2\/pages"}],"about":[{"href":"https:\/\/agora.xtec.cat\/escolasuris\/wp-json\/wp\/v2\/types\/page"}],"author":[{"embeddable":true,"href":"https:\/\/agora.xtec.cat\/escolasuris\/wp-json\/wp\/v2\/users\/1"}],"replies":[{"embeddable":true,"href":"https:\/\/agora.xtec.cat\/escolasuris\/wp-json\/wp\/v2\/comments?post=5922"}],"version-history":[{"count":3,"href":"https:\/\/agora.xtec.cat\/escolasuris\/wp-json\/wp\/v2\/pages\/5922\/revisions"}],"predecessor-version":[{"id":7001,"href":"https:\/\/agora.xtec.cat\/escolasuris\/wp-json\/wp\/v2\/pages\/5922\/revisions\/7001"}],"wp:attachment":[{"href":"https:\/\/agora.xtec.cat\/escolasuris\/wp-json\/wp\/v2\/media?parent=5922"}],"curies":[{"name":"wp","href":"https:\/\/api.w.org\/{rel}","templated":true}]}}