{"id":505,"date":"2018-07-20T17:36:11","date_gmt":"2018-07-20T15:36:11","guid":{"rendered":"http:\/\/agora.xtec.cat\/escolasuris\/?page_id=505"},"modified":"2018-07-20T18:04:00","modified_gmt":"2018-07-20T16:04:00","slug":"educacio-amb-valors","status":"publish","type":"page","link":"https:\/\/agora.xtec.cat\/escolasuris\/lescola\/educacio-amb-valors\/","title":{"rendered":"Educaci\u00f3 amb Valors"},"content":{"rendered":"<h2><b><span lang=\"CA\"><span style=\"color: #9900ff;\">EDUCACI\u00d3 EN VALORS<\/span><\/span><\/b><\/h2>\n<p><span lang=\"CA\">\u00a0<\/span><\/p>\n<ul>\n<li>\n<div><b><span lang=\"CA\"><span style=\"color: #9900ff;\">Solidaritat i cooperaci\u00f3<\/span><\/span><\/b><\/div>\n<\/li>\n<\/ul>\n<p><span lang=\"CA\">Els alumnes aprendran a respectar i compartir el material com\u00fa i les instal\u00b7lacions. Els alumnes tindran un material com\u00fa que compartiran. Es fomentaran els grups de treball. S\u2019 inculcaran actituds de respecte i acceptaci\u00f3 envers els companys\/es.<\/span><\/p>\n<div><a href=\"https:\/\/sites.google.com\/a\/xtec.cat\/web-escola-suris\/l-escola\/el-nostre-centre\/images%20%2814%29.jpg?attredirects=0\"><img loading=\"lazy\" decoding=\"async\" src=\"https:\/\/sites.google.com\/a\/xtec.cat\/web-escola-suris\/_\/rsrc\/1472876542794\/l-escola\/el-nostre-centre\/images%20%2814%29.jpg?height=143&amp;width=200\" width=\"200\" height=\"143\" border=\"0\" \/><\/a><\/div>\n<ul>\n<li>\n<div><b><span lang=\"CA\"><span style=\"color: #9900ff;\">Participaci\u00f3 activa<\/span><\/span><\/b><\/div>\n<\/li>\n<\/ul>\n<p><span lang=\"CA\">En la vida de la classe i de l\u2019 escola en general. Es fomentar\u00e0 la participaci\u00f3 en les activitats formatives organitzades fora de l\u2019 escola.<\/span><\/p>\n<div><\/div>\n<ul>\n<li>\n<div><b><span lang=\"CA\"><span style=\"color: #9900ff;\">Llibertat<\/span><\/span><\/b><\/div>\n<\/li>\n<\/ul>\n<p><span lang=\"CA\">Es potenciar\u00e0 la manifestaci\u00f3 de les pr\u00f2pies opinions, argumentant-les, expressant el desacord davant del que es creu injust. Es fomentar\u00e0 la llibertat d\u2019 acci\u00f3 dels alumnes, dins d\u2019 un \u00e0mbit de respecte envers les normes de conviv\u00e8ncia establertes en el centre.<\/span><\/p>\n<p><img loading=\"lazy\" decoding=\"async\" src=\"https:\/\/sites.google.com\/a\/xtec.cat\/web-escola-suris\/_\/rsrc\/1472876542197\/l-escola\/el-nostre-centre\/dibujos-de-solidaridad-2.jpg?height=142&amp;width=200\" width=\"200\" height=\"142\" border=\"0\" \/><\/p>\n<ul>\n<li>\n<div><b><span lang=\"CA\"><span style=\"color: #9900ff;\">Educaci\u00f3 per la pau<\/span><\/span><\/b><\/div>\n<p><img loading=\"lazy\" decoding=\"async\" src=\"https:\/\/sites.google.com\/a\/xtec.cat\/web-escola-suris\/_\/rsrc\/1472876542433\/l-escola\/el-nostre-centre\/images%20%281%29.jpg?height=200&amp;width=197\" width=\"197\" height=\"200\" border=\"0\" \/><\/li>\n<\/ul>\n<p><span lang=\"CA\">S\u2019 evitaran els jocs violents. S\u2019 inculcar\u00e0 el valor del di\u00e0leg i la toler\u00e0ncia com a<\/span><span style=\"font-family: verdana, sans-serif; font-size: small;\"><span lang=\"CA\">\u00a0<\/span>mitj\u00e0 per resoldre els problemes de la pau en el m\u00f3n,\u00a0mitjan\u00e7ant la informaci\u00f3 i la discussi\u00f3.<\/span><\/p>\n<p><span lang=\"CA\">\u00a0<\/span><\/p>\n<ul>\n<li>\n<div><b><span lang=\"CA\"><span style=\"color: #9900ff;\">Esperit cr\u00edtic i responsable<\/span><\/span><\/b><\/div>\n<p><img loading=\"lazy\" decoding=\"async\" src=\"https:\/\/sites.google.com\/a\/xtec.cat\/web-escola-suris\/_\/rsrc\/1472876542110\/l-escola\/el-nostre-centre\/clase.gif?height=150&amp;width=200\" width=\"200\" height=\"150\" border=\"0\" \/><\/li>\n<\/ul>\n<p><span lang=\"CA\">Es fomentar\u00e0 l\u2019 esperit cr\u00edtic dels alumnes educant-los per tal que l\u2019 exercitin amb llibertat i de manera responsable. S\u2019 educar\u00e0 potenciant la responsabilitat de l\u2019 alumne respecte si mateix, el seu treball i l\u2019 escola.<\/span><\/p>\n<div><\/div>\n<ul>\n<li>\n<div><b><span lang=\"CA\"><span style=\"color: #9900ff;\">Educaci\u00f3 Ambiental<\/span><\/span><\/b><\/div>\n<\/li>\n<\/ul>\n<p><span lang=\"CA\">Educaci\u00f3 ambiental integrada dins de les mat\u00e8ries curriculars, amb l\u2019 objectiu d\u2019 inculcar els coneixements, la comprensi\u00f3, els valors i les aptituds necess\u00e0ries per facilitat la participaci\u00f3 en la recerca de solucions als problemes ambiental.<\/span><\/p>\n<div><a href=\"https:\/\/sites.google.com\/a\/xtec.cat\/web-escola-suris\/l-escola\/el-nostre-centre\/images%20%282%29.jpg?attredirects=0\"><img loading=\"lazy\" decoding=\"async\" src=\"https:\/\/sites.google.com\/a\/xtec.cat\/web-escola-suris\/_\/rsrc\/1472876542782\/l-escola\/el-nostre-centre\/images%20%282%29.jpg?height=183&amp;width=200\" width=\"200\" height=\"183\" border=\"0\" \/><\/a><\/div>\n<ul>\n<li>\n<div><b><span lang=\"CA\"><span style=\"color: #9900ff;\">Que l\u2019 escola si<\/span><\/span><\/b><b><span lang=\"CA\"><span style=\"color: #9900ff;\">gui un<\/span><\/span><\/b><b><span lang=\"CA\"><span style=\"color: #9900ff;\">a experi\u00e8ncia gratificant<\/span><\/span><\/b><\/div>\n<\/li>\n<\/ul>\n<p><span lang=\"CA\">Inculcant a l\u2019 alumne el valor de l\u2019 esfor\u00e7 i del treball com a font de satisfacci\u00f3 personal. Exigint a l\u2019 alumne d\u2019 acord amb les seves possibilitats. Valorant m\u00e9s els aspectes positius que els negatius. Tenir una relaci\u00f3 cordial i respectuosa entre tots els membres de la comunitat escolar, intentant donar resposta a les necessitats i les aspiracions dels alumnes.<\/span><\/p>\n<p><span lang=\"CA\">\u00a0<\/span><\/p>\n<div><a href=\"https:\/\/sites.google.com\/a\/xtec.cat\/web-escola-suris\/l-escola\/el-nostre-centre\/images%20%288%29.jpg?attredirects=0\"><img loading=\"lazy\" decoding=\"async\" src=\"https:\/\/sites.google.com\/a\/xtec.cat\/web-escola-suris\/_\/rsrc\/1472876543156\/l-escola\/el-nostre-centre\/images%20%288%29.jpg?height=179&amp;width=200\" width=\"200\" height=\"179\" border=\"0\" \/><\/a><\/div>\n","protected":false},"excerpt":{"rendered":"<p>EDUCACI\u00d3 EN VALORS<br \/>\n\u00a0<\/p>\n<ul>\n<li>\nSolidaritat i cooperaci\u00f3\n<\/li>\n<\/ul>\n<p>Els alumnes aprendran a respectar i compartir el material com\u00fa i les instal\u00b7lacions. Els alumnes tindran un material com\u00fa que compartiran. Es fomentaran els grups de treball. S\u2019 inculcaran actituds de respecte i acceptaci\u00f3 envers els companys\/es.<br \/>\n<a href=\"https:\/\/sites.google.com\/a\/xtec.cat\/web-escola-suris\/l-escola\/el-nostre-centre\/images%20%2814%29.jpg?attredirects=0\"><\/a><\/p>\n<ul>\n<li>\nParticipaci\u00f3 activa\n<\/li>\n<\/ul>\n<p>En la vida&hellip;  <a href=\"https:\/\/agora.xtec.cat\/escolasuris\/lescola\/educacio-amb-valors\/\" title=\"Read Educaci\u00f3 amb Valors\">Llegeix m\u00e9s\u00bb<\/a><\/p>\n","protected":false},"author":1,"featured_media":0,"parent":22,"menu_order":30,"comment_status":"closed","ping_status":"closed","template":"page-templates\/side-menu.php","meta":{"_bbp_topic_count":0,"_bbp_reply_count":0,"_bbp_total_topic_count":0,"_bbp_total_reply_count":0,"_bbp_voice_count":0,"_bbp_anonymous_reply_count":0,"_bbp_topic_count_hidden":0,"_bbp_reply_count_hidden":0,"_bbp_forum_subforum_count":0,"footnotes":""},"class_list":["post-505","page","type-page","status-publish","hentry"],"post_mailing_queue_ids":[],"_links":{"self":[{"href":"https:\/\/agora.xtec.cat\/escolasuris\/wp-json\/wp\/v2\/pages\/505","targetHints":{"allow":["GET"]}}],"collection":[{"href":"https:\/\/agora.xtec.cat\/escolasuris\/wp-json\/wp\/v2\/pages"}],"about":[{"href":"https:\/\/agora.xtec.cat\/escolasuris\/wp-json\/wp\/v2\/types\/page"}],"author":[{"embeddable":true,"href":"https:\/\/agora.xtec.cat\/escolasuris\/wp-json\/wp\/v2\/users\/1"}],"replies":[{"embeddable":true,"href":"https:\/\/agora.xtec.cat\/escolasuris\/wp-json\/wp\/v2\/comments?post=505"}],"version-history":[{"count":1,"href":"https:\/\/agora.xtec.cat\/escolasuris\/wp-json\/wp\/v2\/pages\/505\/revisions"}],"predecessor-version":[{"id":506,"href":"https:\/\/agora.xtec.cat\/escolasuris\/wp-json\/wp\/v2\/pages\/505\/revisions\/506"}],"up":[{"embeddable":true,"href":"https:\/\/agora.xtec.cat\/escolasuris\/wp-json\/wp\/v2\/pages\/22"}],"wp:attachment":[{"href":"https:\/\/agora.xtec.cat\/escolasuris\/wp-json\/wp\/v2\/media?parent=505"}],"curies":[{"name":"wp","href":"https:\/\/api.w.org\/{rel}","templated":true}]}}