{"id":12844,"date":"2024-01-24T16:09:28","date_gmt":"2024-01-24T15:09:28","guid":{"rendered":"https:\/\/agora.xtec.cat\/escolasuris\/?page_id=12844"},"modified":"2024-02-13T15:21:57","modified_gmt":"2024-02-13T14:21:57","slug":"mirada-restaurativa","status":"publish","type":"page","link":"https:\/\/agora.xtec.cat\/escolasuris\/metodologia\/mirada-restaurativa\/","title":{"rendered":"Mirada restaurativa"},"content":{"rendered":"<p><strong><img loading=\"lazy\" decoding=\"async\" class=\"size-thumbnail wp-image-12946 alignleft\" src=\"https:\/\/agora.xtec.cat\/escolasuris\/wp-content\/uploads\/usu1882\/2024\/02\/1707828817922-150x150.jpg\" alt=\"\" width=\"150\" height=\"150\" \/><\/strong><\/p>\n<p><strong>MIRADA RESTAURATIVA<br \/>\n<\/strong>L&#8217;enfocament restauratiu aborda la resoluci\u00f3 de conflictes des del respecte, la inclusi\u00f3, la participaci\u00f3, la no-viol\u00e8ncia, l\u2019honestedat, la difer\u00e8ncia, la col\u00b7laboraci\u00f3, la responsabilitzaci\u00f3 i la reparaci\u00f3. Acompanya en la selecci\u00f3 de les necessitats, dels sentiments, arribant a acords.<\/p>\n<p>&nbsp;<\/p>\n<p>L\u2019enfocament, a m\u00e9s a m\u00e9s, ens permet prendre decisions fonamentades en cinc principis restauratius b\u00e0sics:<br \/>\n&#8211; Tothom t\u00e9 una perspectiva \u00fanica i valuosa.<br \/>\n&#8211; Els nostres pensaments i sentiments influeixen en els nostres comportaments.<br \/>\n&#8211; Les nostres accions provoquen un efecte domin\u00f3, ens afecten a nosaltres i a les persones del nostre voltant.<br \/>\n&#8211; Tenim necessitats que ens connecten amb persones i prop\u00f2sits.<br \/>\n&#8211; Les persones m\u00e9s ben situades per trobar solucions als problemes s\u00f3n les persones afectades.<\/p>\n<p>Aquest curs, la nostra escola utilitza aquest enfocament des de diferents accions, per a mantenir un benestar emocional de tota la comunitat educativa.<\/p>\n<p>&nbsp;<\/p>\n<p><strong>QUINES ACCIONS FEM?\u00a0<\/strong><\/p>\n<div dir=\"auto\"><img loading=\"lazy\" decoding=\"async\" class=\"alignnone wp-image-12959 size-large\" src=\"https:\/\/agora.xtec.cat\/escolasuris\/wp-content\/uploads\/usu1882\/2024\/02\/WEB-1-1024x1024.jpg\" alt=\"\" width=\"1024\" height=\"1024\" srcset=\"https:\/\/agora.xtec.cat\/escolasuris\/wp-content\/uploads\/usu1882\/2024\/02\/WEB-1-1024x1024.jpg 1024w, https:\/\/agora.xtec.cat\/escolasuris\/wp-content\/uploads\/usu1882\/2024\/02\/WEB-1-300x300.jpg 300w, https:\/\/agora.xtec.cat\/escolasuris\/wp-content\/uploads\/usu1882\/2024\/02\/WEB-1-150x150.jpg 150w, https:\/\/agora.xtec.cat\/escolasuris\/wp-content\/uploads\/usu1882\/2024\/02\/WEB-1-768x768.jpg 768w, https:\/\/agora.xtec.cat\/escolasuris\/wp-content\/uploads\/usu1882\/2024\/02\/WEB-1.jpg 1240w\" sizes=\"auto, (max-width: 1024px) 100vw, 1024px\" \/><\/div>\n","protected":false},"excerpt":{"rendered":"<p>MIRADA RESTAURATIVA<br \/>\nL&#8217;enfocament restauratiu aborda la resoluci\u00f3 de conflictes des del respecte, la inclusi\u00f3, la participaci\u00f3, la no-viol\u00e8ncia, l\u2019honestedat, la difer\u00e8ncia, la col\u00b7laboraci\u00f3, la responsabilitzaci\u00f3 i la reparaci\u00f3. Acompanya en la selecci\u00f3 de les necessitats, dels sentiments, arribant a acords.<br \/>\n&nbsp;<br \/>\nL\u2019enfocament, a m\u00e9s a m\u00e9s, ens permet&hellip;  <a href=\"https:\/\/agora.xtec.cat\/escolasuris\/metodologia\/mirada-restaurativa\/\" title=\"Read Mirada restaurativa\">Llegeix m\u00e9s\u00bb<\/a><\/p>\n","protected":false},"author":1,"featured_media":0,"parent":12595,"menu_order":0,"comment_status":"closed","ping_status":"closed","template":"","meta":{"_bbp_topic_count":0,"_bbp_reply_count":0,"_bbp_total_topic_count":0,"_bbp_total_reply_count":0,"_bbp_voice_count":0,"_bbp_anonymous_reply_count":0,"_bbp_topic_count_hidden":0,"_bbp_reply_count_hidden":0,"_bbp_forum_subforum_count":0,"footnotes":""},"class_list":["post-12844","page","type-page","status-publish","hentry"],"post_mailing_queue_ids":[],"_links":{"self":[{"href":"https:\/\/agora.xtec.cat\/escolasuris\/wp-json\/wp\/v2\/pages\/12844","targetHints":{"allow":["GET"]}}],"collection":[{"href":"https:\/\/agora.xtec.cat\/escolasuris\/wp-json\/wp\/v2\/pages"}],"about":[{"href":"https:\/\/agora.xtec.cat\/escolasuris\/wp-json\/wp\/v2\/types\/page"}],"author":[{"embeddable":true,"href":"https:\/\/agora.xtec.cat\/escolasuris\/wp-json\/wp\/v2\/users\/1"}],"replies":[{"embeddable":true,"href":"https:\/\/agora.xtec.cat\/escolasuris\/wp-json\/wp\/v2\/comments?post=12844"}],"version-history":[{"count":6,"href":"https:\/\/agora.xtec.cat\/escolasuris\/wp-json\/wp\/v2\/pages\/12844\/revisions"}],"predecessor-version":[{"id":12888,"href":"https:\/\/agora.xtec.cat\/escolasuris\/wp-json\/wp\/v2\/pages\/12844\/revisions\/12888"}],"up":[{"embeddable":true,"href":"https:\/\/agora.xtec.cat\/escolasuris\/wp-json\/wp\/v2\/pages\/12595"}],"wp:attachment":[{"href":"https:\/\/agora.xtec.cat\/escolasuris\/wp-json\/wp\/v2\/media?parent=12844"}],"curies":[{"name":"wp","href":"https:\/\/api.w.org\/{rel}","templated":true}]}}