{"id":12607,"date":"2024-01-12T13:06:39","date_gmt":"2024-01-12T12:06:39","guid":{"rendered":"https:\/\/agora.xtec.cat\/escolasuris\/?page_id=12607"},"modified":"2024-01-14T11:31:43","modified_gmt":"2024-01-14T10:31:43","slug":"capses-daprenentatge","status":"publish","type":"page","link":"https:\/\/agora.xtec.cat\/escolasuris\/capses-daprenentatge\/","title":{"rendered":"Capses d&#8217;aprenentatge"},"content":{"rendered":"<p style=\"text-align: left;\">\u00a0 <img loading=\"lazy\" decoding=\"async\" class=\"alignnone wp-image-12719 size-thumbnail\" src=\"https:\/\/agora.xtec.cat\/escolasuris\/wp-content\/uploads\/usu1882\/2024\/01\/1705135511100-150x150.jpg\" alt=\"\" width=\"150\" height=\"150\" \/><img loading=\"lazy\" decoding=\"async\" class=\"alignnone size-thumbnail wp-image-12721\" src=\"https:\/\/agora.xtec.cat\/escolasuris\/wp-content\/uploads\/usu1882\/2024\/01\/Captura-de-pantalla-2024-01-12-a-las-12.52.35-150x150.png\" alt=\"\" width=\"150\" height=\"150\" \/><img loading=\"lazy\" decoding=\"async\" class=\"alignnone size-thumbnail wp-image-12720\" src=\"https:\/\/agora.xtec.cat\/escolasuris\/wp-content\/uploads\/usu1882\/2024\/01\/1705057650743-copia-150x150.jpg\" alt=\"\" width=\"150\" height=\"150\" \/><img loading=\"lazy\" decoding=\"async\" class=\"alignnone size-thumbnail wp-image-12724\" src=\"https:\/\/agora.xtec.cat\/escolasuris\/wp-content\/uploads\/usu1882\/2024\/01\/Captura-de-pantalla-2024-01-14-a-las-10.37.28-150x150.png\" alt=\"\" width=\"150\" height=\"150\" \/><img loading=\"lazy\" decoding=\"async\" class=\"alignnone size-thumbnail wp-image-12725\" src=\"https:\/\/agora.xtec.cat\/escolasuris\/wp-content\/uploads\/usu1882\/2024\/01\/1677876841845-2-copia-150x150.jpg\" alt=\"\" width=\"150\" height=\"150\" srcset=\"https:\/\/agora.xtec.cat\/escolasuris\/wp-content\/uploads\/usu1882\/2024\/01\/1677876841845-2-copia-150x150.jpg 150w, https:\/\/agora.xtec.cat\/escolasuris\/wp-content\/uploads\/usu1882\/2024\/01\/1677876841845-2-copia-300x297.jpg 300w, https:\/\/agora.xtec.cat\/escolasuris\/wp-content\/uploads\/usu1882\/2024\/01\/1677876841845-2-copia-1024x1015.jpg 1024w, https:\/\/agora.xtec.cat\/escolasuris\/wp-content\/uploads\/usu1882\/2024\/01\/1677876841845-2-copia-768x761.jpg 768w, https:\/\/agora.xtec.cat\/escolasuris\/wp-content\/uploads\/usu1882\/2024\/01\/1677876841845-2-copia-1536x1522.jpg 1536w, https:\/\/agora.xtec.cat\/escolasuris\/wp-content\/uploads\/usu1882\/2024\/01\/1677876841845-2-copia.jpg 1733w\" sizes=\"auto, (max-width: 150px) 100vw, 150px\" \/><a href=\"https:\/\/agora.xtec.cat\/escolasuris\/wp-content\/uploads\/usu1882\/2024\/01\/IMG_9025.heic\"><img decoding=\"async\" class=\"alignnone size-full wp-image-12723\" src=\"https:\/\/agora.xtec.cat\/escolasuris\/wp-content\/uploads\/usu1882\/2024\/01\/IMG_9025.heic\" alt=\"\" \/><\/a><\/p>\n<p><strong>QU\u00c8 S\u00d3N LES CAPSES D&#8217;APRENENTATGE?<br \/>\n<\/strong>Les capses d&#8217;aprenentatge s\u00f3n un conjunt de propostes manipulatives dissenyades per promoure l&#8217;aprenentatge significatiu, experiencial i competencial, aix\u00ed com, impulsar la participaci\u00f3 activa i motivadora, potenciant l&#8217;autonomia de l&#8217;infant.<\/p>\n<p>Cada capsa d&#8217;aprenentatge gira entorn d&#8217;una tem\u00e0tica i\/o contingut determinat vinculat a una\/es \u00e0rea\/es de coneixement.<\/p>\n<p><b class=\"default_cursor_cs\">QU\u00c8 PRETENEM ACONSEGUIR AMB LES CAPSES D&#8217;APRENENTATGE?<br \/>\n<\/b>&#8211; Desenvolupar les compet\u00e8ncies a partir d&#8217;un enfocament pr\u00e0ctic de l&#8217;aprenentatge.<br \/>\n&#8211; Impulsar la participaci\u00f3 activa a partir de l&#8217;observaci\u00f3, exploraci\u00f3, experimentaci\u00f3 i manipulaci\u00f3.<br \/>\n&#8211; Potenciar l&#8217;autonomia de l&#8217;infant.<br \/>\n&#8211; Donar resposta a la diversitat de l&#8217;aula, a les necessitats de tot l&#8217;alumnat.<\/p>\n<p><b class=\"default_cursor_cs\">COM FUNCIONEN LES CAPSES D&#8217;APRENENTATGE A LA NOSTRA ESCOLA?<br \/>\n<\/b>A la nostra escola tota l&#8217;Educaci\u00f3 Prim\u00e0ria treballa per capses d&#8217;aprenentatge. Nosaltres diferenciem dos tipus de capses:<br \/>\n<img loading=\"lazy\" decoding=\"async\" class=\"alignnone wp-image-12730 size-full\" src=\"https:\/\/agora.xtec.cat\/escolasuris\/wp-content\/uploads\/usu1882\/2024\/01\/Captura-de-pantalla-2024-01-14-a-las-11.29.24.png\" alt=\"\" width=\"210\" height=\"225\" \/><img loading=\"lazy\" decoding=\"async\" class=\"alignnone wp-image-12731 size-full\" src=\"https:\/\/agora.xtec.cat\/escolasuris\/wp-content\/uploads\/usu1882\/2024\/01\/Captura-de-pantalla-2024-01-14-a-las-11.29.35.png\" alt=\"\" width=\"252\" height=\"215\" \/><\/p>\n<p>&nbsp;<\/p>\n<p>&nbsp;<\/p>\n","protected":false},"excerpt":{"rendered":"<p>\u00a0 <a href=\"https:\/\/agora.xtec.cat\/escolasuris\/wp-content\/uploads\/usu1882\/2024\/01\/IMG_9025.heic\"><\/a><br \/>\nQU\u00c8 S\u00d3N LES CAPSES D&#8217;APRENENTATGE?<br \/>\nLes capses d&#8217;aprenentatge s\u00f3n un conjunt de propostes manipulatives dissenyades per promoure l&#8217;aprenentatge significatiu, experiencial i competencial, aix\u00ed com, impulsar la participaci\u00f3 activa i motivadora, potenciant l&#8217;autonomia de l&#8217;infant.<br \/>\nCada capsa d&#8217;aprenentatge gira entorn d&#8217;una tem\u00e0tica i\/o contingut determinat vinculat&hellip;  <a href=\"https:\/\/agora.xtec.cat\/escolasuris\/capses-daprenentatge\/\" title=\"Read Capses d&#8217;aprenentatge\">Llegeix m\u00e9s\u00bb<\/a><\/p>\n","protected":false},"author":1,"featured_media":0,"parent":0,"menu_order":0,"comment_status":"closed","ping_status":"closed","template":"","meta":{"_bbp_topic_count":0,"_bbp_reply_count":0,"_bbp_total_topic_count":0,"_bbp_total_reply_count":0,"_bbp_voice_count":0,"_bbp_anonymous_reply_count":0,"_bbp_topic_count_hidden":0,"_bbp_reply_count_hidden":0,"_bbp_forum_subforum_count":0,"footnotes":""},"class_list":["post-12607","page","type-page","status-publish","hentry"],"post_mailing_queue_ids":[],"_links":{"self":[{"href":"https:\/\/agora.xtec.cat\/escolasuris\/wp-json\/wp\/v2\/pages\/12607","targetHints":{"allow":["GET"]}}],"collection":[{"href":"https:\/\/agora.xtec.cat\/escolasuris\/wp-json\/wp\/v2\/pages"}],"about":[{"href":"https:\/\/agora.xtec.cat\/escolasuris\/wp-json\/wp\/v2\/types\/page"}],"author":[{"embeddable":true,"href":"https:\/\/agora.xtec.cat\/escolasuris\/wp-json\/wp\/v2\/users\/1"}],"replies":[{"embeddable":true,"href":"https:\/\/agora.xtec.cat\/escolasuris\/wp-json\/wp\/v2\/comments?post=12607"}],"version-history":[{"count":5,"href":"https:\/\/agora.xtec.cat\/escolasuris\/wp-json\/wp\/v2\/pages\/12607\/revisions"}],"predecessor-version":[{"id":12718,"href":"https:\/\/agora.xtec.cat\/escolasuris\/wp-json\/wp\/v2\/pages\/12607\/revisions\/12718"}],"wp:attachment":[{"href":"https:\/\/agora.xtec.cat\/escolasuris\/wp-json\/wp\/v2\/media?parent=12607"}],"curies":[{"name":"wp","href":"https:\/\/api.w.org\/{rel}","templated":true}]}}