{"id":12599,"date":"2024-01-12T13:02:14","date_gmt":"2024-01-12T12:02:14","guid":{"rendered":"https:\/\/agora.xtec.cat\/escolasuris\/?page_id=12599"},"modified":"2024-01-26T12:45:06","modified_gmt":"2024-01-26T11:45:06","slug":"ambients-daprenentatge-2","status":"publish","type":"page","link":"https:\/\/agora.xtec.cat\/escolasuris\/ambients-daprenentatge-2\/","title":{"rendered":"Ambients d&#8217;aprenentatge"},"content":{"rendered":"<p>&nbsp;<\/p>\n<p><a href=\"https:\/\/agora.xtec.cat\/escolasuris\/wp-content\/uploads\/usu1882\/2024\/01\/ARQUITECTURA-1-scaled.jpg\"><img loading=\"lazy\" decoding=\"async\" class=\"alignnone size-thumbnail wp-image-12560\" src=\"https:\/\/agora.xtec.cat\/escolasuris\/wp-content\/uploads\/usu1882\/2024\/01\/ARQUITECTURA-1-150x150.jpg\" alt=\"\" width=\"150\" height=\"150\" \/><\/a><a href=\"https:\/\/agora.xtec.cat\/escolasuris\/wp-content\/uploads\/usu1882\/2024\/01\/CABANES-1.jpg\"><img loading=\"lazy\" decoding=\"async\" class=\"alignnone size-thumbnail wp-image-12561\" src=\"https:\/\/agora.xtec.cat\/escolasuris\/wp-content\/uploads\/usu1882\/2024\/01\/CABANES-1-150x150.jpg\" alt=\"\" width=\"150\" height=\"150\" \/><\/a><a href=\"https:\/\/agora.xtec.cat\/escolasuris\/wp-content\/uploads\/usu1882\/2024\/01\/LA-BOTIGUETA-1-scaled.jpg\"><img loading=\"lazy\" decoding=\"async\" class=\"alignnone size-thumbnail wp-image-12562\" src=\"https:\/\/agora.xtec.cat\/escolasuris\/wp-content\/uploads\/usu1882\/2024\/01\/LA-BOTIGUETA-1-150x150.jpg\" alt=\"\" width=\"150\" height=\"150\" \/><\/a><a href=\"https:\/\/agora.xtec.cat\/escolasuris\/wp-content\/uploads\/usu1882\/2024\/01\/LLUMS-I-OMBRES-1-1.jpg\"><img loading=\"lazy\" decoding=\"async\" class=\"alignnone size-thumbnail wp-image-12567\" src=\"https:\/\/agora.xtec.cat\/escolasuris\/wp-content\/uploads\/usu1882\/2024\/01\/LLUMS-I-OMBRES-1-1-150x150.jpg\" alt=\"\" width=\"150\" height=\"150\" \/><\/a><a href=\"https:\/\/agora.xtec.cat\/escolasuris\/wp-content\/uploads\/usu1882\/2024\/01\/SENSORIAL-1-rotated.jpg\"><img loading=\"lazy\" decoding=\"async\" class=\"alignnone size-thumbnail wp-image-12564\" src=\"https:\/\/agora.xtec.cat\/escolasuris\/wp-content\/uploads\/usu1882\/2024\/01\/SENSORIAL-1-150x150.jpg\" alt=\"\" width=\"150\" height=\"150\" \/><\/a><a href=\"https:\/\/agora.xtec.cat\/escolasuris\/wp-content\/uploads\/usu1882\/2024\/01\/LLUM-I-OMBRES-3-rotated.jpg\"><img loading=\"lazy\" decoding=\"async\" class=\"alignnone size-thumbnail wp-image-12563\" src=\"https:\/\/agora.xtec.cat\/escolasuris\/wp-content\/uploads\/usu1882\/2024\/01\/LLUM-I-OMBRES-3-150x150.jpg\" alt=\"\" width=\"150\" height=\"150\" \/><\/a><\/p>\n<p><b>QU\u00c8 S\u00d3N ELS AMBIENTS D&#8217;APRENENTATGE?<br \/>\n<\/b>Els ambients s\u00f3n diferents espais d&#8217;aprenentatge, pensats i dissenyats perqu\u00e8 els infants puguin observar, experimentar, i<span style=\"font-weight: 400;\">nvestigar, provar, assajar, modificar, construir, destruir, parlar, raonar, explicar, inventar, imaginar i crear.\u00a0<\/span><\/p>\n<p><b><br \/>\nQU\u00c8 PRETENEM ACONSEGUIR AMB ELS AMBIENTS?<br \/>\n<\/b><span style=\"font-weight: 400;\">\u2013 Afavorir les relacions socials i de conviv\u00e8ncia entre els infants de diferents edats.<br \/>\n<\/span><span style=\"font-weight: 400;\">\u2013 Desenvolupar els h\u00e0bits socials<br \/>\n<\/span><span style=\"font-weight: 400;\">\u2013 Potenciar i desenvolupar el llenguatge oral.<br \/>\n<\/span><span style=\"font-weight: 400;\">\u2013 Aprendre dels companys\/es, no nom\u00e9s de l\u2019adult.<br \/>\n<\/span><span style=\"font-weight: 400;\">\u2013 Oferir als infants un espai de joc on poder investigar, observar, manipular, de manera constant i lliure sistem\u00e0ticament.<br \/>\n<\/span><span style=\"font-weight: 400;\">\u2013 Expressar els seus sentiments, emocions i sensacions lliurement.<br \/>\n<\/span><span style=\"font-weight: 400;\">\u2013 Respectar a les persones i els materials.<\/span><\/p>\n<p><b>COM FUNCIONEN ELS AMBIENTS A LA NOSTRA ESCOLA?<br \/>\n<\/b><span style=\"font-weight: 400;\">Durant el curs actual fem diferents agrupacions, tres tardes a la setmana els infants d\u2019Educaci\u00f3 Infantil realitzen ambients i els de 1r, una sessi\u00f3 setmanal. Tots els ambients estan ubicats en una mateixa planta, independents dels espais d&#8217;aula.\u00a0<\/span><\/p>\n<p><span style=\"font-weight: 400;\">S\u00f3n els infants els qui trien on volen anar durant les assemblees que es realitzen al mat\u00ed. A cada classe hi ha una graella amb imatges dels ambients i posen la seva fotografia o el seu nom. Quan arriben a la tarda, recordem l\u2019ambient que han triat al mat\u00ed. La idea \u00e9s que tots els infants durant el curs passin almenys una vegada per cada ambient, per tal que els hagin pogut gaudir i experimentar tots. <\/span><\/p>\n<p><span style=\"font-weight: 400;\">Alguna setmana portem a terme la \u201clliure circulaci\u00f3\u201d poden anar a l\u2019ambient que vulguin sense haver fet abans la tria, l&#8217;\u00fanica cosa que han de tenir en compte \u00e9s que a cada ambient nom\u00e9s hi poden haver un nombre determinat d\u2019infants.\u00a0<\/span><\/p>\n<p><b>QUINS AMBIENTS FEM?<br \/>\n<\/b>Fes un clic a la imatge per veure els ambients.<\/p>\n<p><a href=\"https:\/\/photos.app.goo.gl\/VFKCzDdRWmEdWWrf9\"><img loading=\"lazy\" decoding=\"async\" class=\"alignnone wp-image-12834 size-medium\" src=\"https:\/\/agora.xtec.cat\/escolasuris\/wp-content\/uploads\/usu1882\/2024\/01\/AMBIENTS-INDIVIDUALES-225x300.jpg\" alt=\"\" width=\"225\" height=\"300\" srcset=\"https:\/\/agora.xtec.cat\/escolasuris\/wp-content\/uploads\/usu1882\/2024\/01\/AMBIENTS-INDIVIDUALES-225x300.jpg 225w, https:\/\/agora.xtec.cat\/escolasuris\/wp-content\/uploads\/usu1882\/2024\/01\/AMBIENTS-INDIVIDUALES.jpg 709w\" sizes=\"auto, (max-width: 225px) 100vw, 225px\" \/><\/a> \u00a0<a href=\"https:\/\/photos.app.goo.gl\/2i1pXLu5JckPwG3v7\"><img loading=\"lazy\" decoding=\"async\" class=\"alignnone wp-image-12835 size-medium\" src=\"https:\/\/agora.xtec.cat\/escolasuris\/wp-content\/uploads\/usu1882\/2024\/01\/R2-225x300.jpg\" alt=\"\" width=\"225\" height=\"300\" srcset=\"https:\/\/agora.xtec.cat\/escolasuris\/wp-content\/uploads\/usu1882\/2024\/01\/R2-225x300.jpg 225w, https:\/\/agora.xtec.cat\/escolasuris\/wp-content\/uploads\/usu1882\/2024\/01\/R2.jpg 709w\" sizes=\"auto, (max-width: 225px) 100vw, 225px\" \/><\/a>\u00a0 <a href=\"https:\/\/photos.app.goo.gl\/4QyzpD2yzWtrmYZn9\"><img loading=\"lazy\" decoding=\"async\" class=\"alignnone wp-image-12836 size-medium\" src=\"https:\/\/agora.xtec.cat\/escolasuris\/wp-content\/uploads\/usu1882\/2024\/01\/R3-225x300.jpg\" alt=\"\" width=\"225\" height=\"300\" srcset=\"https:\/\/agora.xtec.cat\/escolasuris\/wp-content\/uploads\/usu1882\/2024\/01\/R3-225x300.jpg 225w, https:\/\/agora.xtec.cat\/escolasuris\/wp-content\/uploads\/usu1882\/2024\/01\/R3.jpg 709w\" sizes=\"auto, (max-width: 225px) 100vw, 225px\" \/><\/a>.\u00a0 \u00a0<a href=\"https:\/\/photos.app.goo.gl\/zSPzcUT6upA7YADFA\"><img loading=\"lazy\" decoding=\"async\" class=\"alignnone size-medium wp-image-12837\" src=\"https:\/\/agora.xtec.cat\/escolasuris\/wp-content\/uploads\/usu1882\/2024\/01\/R4-225x300.jpg\" alt=\"\" width=\"225\" height=\"300\" srcset=\"https:\/\/agora.xtec.cat\/escolasuris\/wp-content\/uploads\/usu1882\/2024\/01\/R4-225x300.jpg 225w, https:\/\/agora.xtec.cat\/escolasuris\/wp-content\/uploads\/usu1882\/2024\/01\/R4.jpg 709w\" sizes=\"auto, (max-width: 225px) 100vw, 225px\" \/><\/a> \u00a0<a href=\"https:\/\/photos.app.goo.gl\/N3gWvCqWd2FKvdM38\"><img loading=\"lazy\" decoding=\"async\" class=\"alignnone size-medium wp-image-12838\" src=\"https:\/\/agora.xtec.cat\/escolasuris\/wp-content\/uploads\/usu1882\/2024\/01\/R5-225x300.jpg\" alt=\"\" width=\"225\" height=\"300\" srcset=\"https:\/\/agora.xtec.cat\/escolasuris\/wp-content\/uploads\/usu1882\/2024\/01\/R5-225x300.jpg 225w, https:\/\/agora.xtec.cat\/escolasuris\/wp-content\/uploads\/usu1882\/2024\/01\/R5.jpg 709w\" sizes=\"auto, (max-width: 225px) 100vw, 225px\" \/><\/a>.\u00a0 <a href=\"https:\/\/photos.app.goo.gl\/6XtvETYuNNcocgFw8\"><img loading=\"lazy\" decoding=\"async\" class=\"alignnone size-medium wp-image-12841\" src=\"https:\/\/agora.xtec.cat\/escolasuris\/wp-content\/uploads\/usu1882\/2024\/01\/R6-1-225x300.jpg\" alt=\"\" width=\"225\" height=\"300\" srcset=\"https:\/\/agora.xtec.cat\/escolasuris\/wp-content\/uploads\/usu1882\/2024\/01\/R6-1-225x300.jpg 225w, https:\/\/agora.xtec.cat\/escolasuris\/wp-content\/uploads\/usu1882\/2024\/01\/R6-1.jpg 709w\" sizes=\"auto, (max-width: 225px) 100vw, 225px\" \/><\/a><\/p>\n","protected":false},"excerpt":{"rendered":"<p>&nbsp;<br \/>\n<a href=\"https:\/\/agora.xtec.cat\/escolasuris\/wp-content\/uploads\/usu1882\/2024\/01\/ARQUITECTURA-1-scaled.jpg\"><\/a><a href=\"https:\/\/agora.xtec.cat\/escolasuris\/wp-content\/uploads\/usu1882\/2024\/01\/CABANES-1.jpg\"><\/a><a href=\"https:\/\/agora.xtec.cat\/escolasuris\/wp-content\/uploads\/usu1882\/2024\/01\/LA-BOTIGUETA-1-scaled.jpg\"><\/a><a href=\"https:\/\/agora.xtec.cat\/escolasuris\/wp-content\/uploads\/usu1882\/2024\/01\/LLUMS-I-OMBRES-1-1.jpg\"><\/a><a href=\"https:\/\/agora.xtec.cat\/escolasuris\/wp-content\/uploads\/usu1882\/2024\/01\/SENSORIAL-1-rotated.jpg\"><\/a><a href=\"https:\/\/agora.xtec.cat\/escolasuris\/wp-content\/uploads\/usu1882\/2024\/01\/LLUM-I-OMBRES-3-rotated.jpg\"><\/a><br \/>\nQU\u00c8 S\u00d3N ELS AMBIENTS D&#8217;APRENENTATGE?<br \/>\nEls ambients s\u00f3n diferents espais d&#8217;aprenentatge, pensats i dissenyats perqu\u00e8 els infants puguin observar, experimentar, investigar, provar, assajar, modificar, construir, destruir, parlar, raonar, explicar, inventar, imaginar i crear.\u00a0<\/p>\n<p>QU\u00c8 PRETENEM ACONSEGUIR AMB ELS AMBIENTS?<br \/>\n\u2013 Afavorir les&hellip;  <a href=\"https:\/\/agora.xtec.cat\/escolasuris\/ambients-daprenentatge-2\/\" title=\"Read Ambients d&#8217;aprenentatge\">Llegeix m\u00e9s\u00bb<\/a><\/p>\n","protected":false},"author":1,"featured_media":0,"parent":0,"menu_order":0,"comment_status":"closed","ping_status":"closed","template":"","meta":{"_bbp_topic_count":0,"_bbp_reply_count":0,"_bbp_total_topic_count":0,"_bbp_total_reply_count":0,"_bbp_voice_count":0,"_bbp_anonymous_reply_count":0,"_bbp_topic_count_hidden":0,"_bbp_reply_count_hidden":0,"_bbp_forum_subforum_count":0,"footnotes":""},"class_list":["post-12599","page","type-page","status-publish","hentry"],"post_mailing_queue_ids":[],"_links":{"self":[{"href":"https:\/\/agora.xtec.cat\/escolasuris\/wp-json\/wp\/v2\/pages\/12599","targetHints":{"allow":["GET"]}}],"collection":[{"href":"https:\/\/agora.xtec.cat\/escolasuris\/wp-json\/wp\/v2\/pages"}],"about":[{"href":"https:\/\/agora.xtec.cat\/escolasuris\/wp-json\/wp\/v2\/types\/page"}],"author":[{"embeddable":true,"href":"https:\/\/agora.xtec.cat\/escolasuris\/wp-json\/wp\/v2\/users\/1"}],"replies":[{"embeddable":true,"href":"https:\/\/agora.xtec.cat\/escolasuris\/wp-json\/wp\/v2\/comments?post=12599"}],"version-history":[{"count":6,"href":"https:\/\/agora.xtec.cat\/escolasuris\/wp-json\/wp\/v2\/pages\/12599\/revisions"}],"predecessor-version":[{"id":12605,"href":"https:\/\/agora.xtec.cat\/escolasuris\/wp-json\/wp\/v2\/pages\/12599\/revisions\/12605"}],"wp:attachment":[{"href":"https:\/\/agora.xtec.cat\/escolasuris\/wp-json\/wp\/v2\/media?parent=12599"}],"curies":[{"name":"wp","href":"https:\/\/api.w.org\/{rel}","templated":true}]}}