{"id":1210,"date":"2018-11-14T12:24:23","date_gmt":"2018-11-14T11:24:23","guid":{"rendered":"http:\/\/agora.xtec.cat\/escolasuris\/?page_id=1210"},"modified":"2024-03-04T13:24:35","modified_gmt":"2024-03-04T12:24:35","slug":"cueme","status":"publish","type":"page","link":"https:\/\/agora.xtec.cat\/escolasuris\/programes\/cueme\/","title":{"rendered":"CuEmE"},"content":{"rendered":"<div style=\"text-align: justify;\">Des de fa uns anys, la nostra escola participa del projecte<strong> CuEmE<\/strong>: <strong>Cultura emprenedora a l&#8217;escola.<\/strong><\/div>\n<div><\/div>\n<div style=\"text-align: justify;\">\n<p>Aquest programa fomenta la cultura emprenedora i les compet\u00e8ncies b\u00e0siques en el cicle superior d\u2019Educaci\u00f3 Prim\u00e0ria. Durant un curs escolar, l\u2019alumnat de cinqu\u00e8 curs crea i gestiona una cooperativa escolar, amb l&#8217;acompanyament de l&#8217;escola, de les fam\u00edlies, de l&#8217;administraci\u00f3 local i de diferents entitats del nostre entorn.<\/p>\n<p style=\"text-align: justify;\">El proc\u00e9s de treball t\u00e9 diferents fases:<br \/>\n\u00b7 L&#8217;alumnat constitueix una cooperativa.<br \/>\n\u00b7 Dissenyen la imatge i difonen la seva activitat a l\u2019entorn.<br \/>\n\u00b7 Dissenyen i escullen els productes per vendre.<br \/>\n\u00b7 Calculen el cost i cerquen finan\u00e7ament per poder-los produir.<br \/>\n\u00b7 S&#8217;elaboren els productes.<br \/>\n\u00b7 Es venen els productes, al mercat de cooperatives de Cornell\u00e0 de Llobregat.<br \/>\n\u00b7 Es tanca la cooperativa i aporten part dels beneficis obtinguts a un projecte social.<\/p>\n<p>Tota una gran experi\u00e8ncia d&#8217;aprenentatge!<\/p>\n<p>Aqu\u00ed teniu els enlla\u00e7os amb les webs de les dues cooperatives d&#8217;enguany. Cliqueu damunt els logos per veure qu\u00e8 estem fent!<\/p>\n<p><a href=\"https:\/\/sites.google.com\/view\/6x4cooperativa\/diari-de-la-cooperativa\" target=\"_blank\" rel=\"noopener\"><img loading=\"lazy\" decoding=\"async\" class=\"alignnone wp-image-13290\" src=\"https:\/\/agora.xtec.cat\/escolasuris\/wp-content\/uploads\/usu1882\/2024\/02\/Copia-de-LOGO-DEF.jpg\" alt=\"\" width=\"156\" height=\"189\" srcset=\"https:\/\/agora.xtec.cat\/escolasuris\/wp-content\/uploads\/usu1882\/2024\/02\/Copia-de-LOGO-DEF.jpg 579w, https:\/\/agora.xtec.cat\/escolasuris\/wp-content\/uploads\/usu1882\/2024\/02\/Copia-de-LOGO-DEF-248x300.jpg 248w\" sizes=\"auto, (max-width: 156px) 100vw, 156px\" \/><\/a><\/p>\n<p>&nbsp;<\/p>\n<p>&nbsp;<\/p>\n<\/div>\n","protected":false},"excerpt":{"rendered":"<p>Des de fa uns anys, la nostra escola participa del projecte CuEmE: Cultura emprenedora a l&#8217;escola.<\/p>\n<p>Aquest programa fomenta la cultura emprenedora i les compet\u00e8ncies b\u00e0siques en el cicle superior d\u2019Educaci\u00f3 Prim\u00e0ria. Durant un curs escolar, l\u2019alumnat de cinqu\u00e8 curs crea i gestiona una cooperativa escolar,&hellip;  <a href=\"https:\/\/agora.xtec.cat\/escolasuris\/programes\/cueme\/\" title=\"Read CuEmE\">Llegeix m\u00e9s\u00bb<\/a><\/p>\n","protected":false},"author":1,"featured_media":0,"parent":12798,"menu_order":0,"comment_status":"closed","ping_status":"closed","template":"page-templates\/side-menu.php","meta":{"_bbp_topic_count":0,"_bbp_reply_count":0,"_bbp_total_topic_count":0,"_bbp_total_reply_count":0,"_bbp_voice_count":0,"_bbp_anonymous_reply_count":0,"_bbp_topic_count_hidden":0,"_bbp_reply_count_hidden":0,"_bbp_forum_subforum_count":0,"footnotes":""},"class_list":["post-1210","page","type-page","status-publish","hentry"],"post_mailing_queue_ids":[],"_links":{"self":[{"href":"https:\/\/agora.xtec.cat\/escolasuris\/wp-json\/wp\/v2\/pages\/1210","targetHints":{"allow":["GET"]}}],"collection":[{"href":"https:\/\/agora.xtec.cat\/escolasuris\/wp-json\/wp\/v2\/pages"}],"about":[{"href":"https:\/\/agora.xtec.cat\/escolasuris\/wp-json\/wp\/v2\/types\/page"}],"author":[{"embeddable":true,"href":"https:\/\/agora.xtec.cat\/escolasuris\/wp-json\/wp\/v2\/users\/1"}],"replies":[{"embeddable":true,"href":"https:\/\/agora.xtec.cat\/escolasuris\/wp-json\/wp\/v2\/comments?post=1210"}],"version-history":[{"count":2,"href":"https:\/\/agora.xtec.cat\/escolasuris\/wp-json\/wp\/v2\/pages\/1210\/revisions"}],"predecessor-version":[{"id":13316,"href":"https:\/\/agora.xtec.cat\/escolasuris\/wp-json\/wp\/v2\/pages\/1210\/revisions\/13316"}],"up":[{"embeddable":true,"href":"https:\/\/agora.xtec.cat\/escolasuris\/wp-json\/wp\/v2\/pages\/12798"}],"wp:attachment":[{"href":"https:\/\/agora.xtec.cat\/escolasuris\/wp-json\/wp\/v2\/media?parent=1210"}],"curies":[{"name":"wp","href":"https:\/\/api.w.org\/{rel}","templated":true}]}}