{"id":69,"date":"2014-09-18T10:15:07","date_gmt":"2014-09-18T09:15:07","guid":{"rendered":"http:\/\/agora.xtec.cat\/escolastjordi\/?page_id=69"},"modified":"2026-02-14T13:13:11","modified_gmt":"2026-02-14T12:13:11","slug":"menjador-escolar","status":"publish","type":"page","link":"https:\/\/agora.xtec.cat\/escolastjordi\/lescola\/serveis\/menjador-escolar\/","title":{"rendered":"Menjador escolar"},"content":{"rendered":"<p><img loading=\"lazy\" decoding=\"async\" class=\"wp-image-6116 aligncenter\" src=\"https:\/\/agora.xtec.cat\/escolastjordi\/wp-content\/uploads\/usu3595\/2024\/02\/CALAGANA-SHORT.png\" alt=\"\" width=\"102\" height=\"104\" srcset=\"https:\/\/agora.xtec.cat\/escolastjordi\/wp-content\/uploads\/usu3595\/2024\/02\/CALAGANA-SHORT.png 743w, https:\/\/agora.xtec.cat\/escolastjordi\/wp-content\/uploads\/usu3595\/2024\/02\/CALAGANA-SHORT-294x300.png 294w\" sizes=\"auto, (max-width: 102px) 100vw, 102px\" \/><\/p>\n<div><strong>Ca la Gana<\/strong><\/div>\n<ul>\n<li><strong>Web:<\/strong>\u00a0<a href=\"https:\/\/calagana.cat\/\" data-cke-saved-href=\"https:\/\/calagana.cat\/\">https:\/\/calagana.cat\/<\/a><\/li>\n<li><strong>Correu:<\/strong>\u00a0<a href=\"mailto:calagana@calagana.cat\" data-cke-saved-href=\"mailto:calagana@calagana.cat\">calagana@calagana.cat<\/a><\/li>\n<li><strong>Tel\u00e8fon:<\/strong>\u00a0626754942<\/li>\n<\/ul>\n<p>Els men\u00fas de menjador s\u00f3n <strong>cuinats a diari a les instal\u00b7lacions escolars<\/strong> per part de l&#8217;empresa Ca La Gana amb <strong>productes de qualitat i proximitat<\/strong>.<\/p>\n<p>Visiteu la p\u00e0gina <span style=\"font-family: inherit; font-size: 1em;\">web de <a href=\"http:\/\/calagana.cat\">Ca La Gana<\/a> on trobareu els <strong>men\u00fas<\/strong> i podreu comprar els <strong>tiquets<\/strong> del menjador.<\/span><\/p>\n<p>Aqu\u00ed podeu consultar l&#8217;<a href=\"https:\/\/drive.google.com\/file\/d\/1odUQLThfo9Kh-zSZhlCqc4LHfHslp2yq\/view?usp=sharing\">informe<\/a>, elaborat per la\u00a0Subdirecci\u00f3 General de Promoci\u00f3 de la Salut\u00a0de l&#8217;Ag\u00e8ncia de Salut P\u00fablica de Catalunya, en el marc del Programa de Revisi\u00f3 de Men\u00fas Escolars (<a href=\"http:\/\/salutpublica.gencat.cat\/ca\/ambits\/promocio_salut\/alimentacio_saludable\/PREME\/\" target=\"_blank\" rel=\"noopener\" data-saferedirecturl=\"https:\/\/www.google.com\/url?q=http:\/\/salutpublica.gencat.cat\/ca\/ambits\/promocio_salut\/alimentacio_saludable\/PREME\/&amp;source=gmail&amp;ust=1708766622189000&amp;usg=AOvVaw3RNQNs_h56_KHMFa9xa0M9\"><span class=\"il\">PReME<\/span><\/a>).<\/p>\n<p>&nbsp;<\/p>\n","protected":false},"excerpt":{"rendered":"<p>Ca la Gana Web:\u00a0https:\/\/calagana.cat\/ Correu:\u00a0calagana@calagana.cat Tel\u00e8fon:\u00a0626754942 Els men\u00fas de menjador s\u00f3n cuinats a diari a les instal\u00b7lacions escolars per part de l&#8217;empresa Ca La Gana amb productes de qualitat i proximitat. Visiteu la p\u00e0gina web de Ca La Gana on trobareu els men\u00fas i podreu comprar els tiquets del menjador. Aqu\u00ed podeu consultar l&#8217;informe, elaborat [&hellip;]<\/p>\n","protected":false},"author":1,"featured_media":0,"parent":63,"menu_order":20,"comment_status":"closed","ping_status":"closed","template":"","meta":{"_bbp_topic_count":0,"_bbp_reply_count":0,"_bbp_total_topic_count":0,"_bbp_total_reply_count":0,"_bbp_voice_count":0,"_bbp_anonymous_reply_count":0,"_bbp_topic_count_hidden":0,"_bbp_reply_count_hidden":0,"_bbp_forum_subforum_count":0,"site-sidebar-layout":"default","site-content-layout":"","ast-site-content-layout":"default","site-content-style":"default","site-sidebar-style":"default","ast-global-header-display":"","ast-banner-title-visibility":"","ast-main-header-display":"","ast-hfb-above-header-display":"","ast-hfb-below-header-display":"","ast-hfb-mobile-header-display":"","site-post-title":"","ast-breadcrumbs-content":"","ast-featured-img":"","footer-sml-layout":"","theme-transparent-header-meta":"default","adv-header-id-meta":"","stick-header-meta":"","header-above-stick-meta":"","header-main-stick-meta":"","header-below-stick-meta":"","astra-migrate-meta-layouts":"set","ast-page-background-enabled":"default","ast-page-background-meta":{"desktop":{"background-color":"var(--ast-global-color-4)","background-image":"","background-repeat":"repeat","background-position":"center center","background-size":"auto","background-attachment":"scroll","background-type":"","background-media":"","overlay-type":"","overlay-color":"","overlay-opacity":"","overlay-gradient":""},"tablet":{"background-color":"","background-image":"","background-repeat":"repeat","background-position":"center center","background-size":"auto","background-attachment":"scroll","background-type":"","background-media":"","overlay-type":"","overlay-color":"","overlay-opacity":"","overlay-gradient":""},"mobile":{"background-color":"","background-image":"","background-repeat":"repeat","background-position":"center center","background-size":"auto","background-attachment":"scroll","background-type":"","background-media":"","overlay-type":"","overlay-color":"","overlay-opacity":"","overlay-gradient":""}},"ast-content-background-meta":{"desktop":{"background-color":"var(--ast-global-color-5)","background-image":"","background-repeat":"repeat","background-position":"center center","background-size":"auto","background-attachment":"scroll","background-type":"","background-media":"","overlay-type":"","overlay-color":"","overlay-opacity":"","overlay-gradient":""},"tablet":{"background-color":"var(--ast-global-color-5)","background-image":"","background-repeat":"repeat","background-position":"center center","background-size":"auto","background-attachment":"scroll","background-type":"","background-media":"","overlay-type":"","overlay-color":"","overlay-opacity":"","overlay-gradient":""},"mobile":{"background-color":"var(--ast-global-color-5)","background-image":"","background-repeat":"repeat","background-position":"center center","background-size":"auto","background-attachment":"scroll","background-type":"","background-media":"","overlay-type":"","overlay-color":"","overlay-opacity":"","overlay-gradient":""}},"footnotes":""},"class_list":["post-69","page","type-page","status-publish","hentry"],"post_mailing_queue_ids":[],"_links":{"self":[{"href":"https:\/\/agora.xtec.cat\/escolastjordi\/wp-json\/wp\/v2\/pages\/69","targetHints":{"allow":["GET"]}}],"collection":[{"href":"https:\/\/agora.xtec.cat\/escolastjordi\/wp-json\/wp\/v2\/pages"}],"about":[{"href":"https:\/\/agora.xtec.cat\/escolastjordi\/wp-json\/wp\/v2\/types\/page"}],"author":[{"embeddable":true,"href":"https:\/\/agora.xtec.cat\/escolastjordi\/wp-json\/wp\/v2\/users\/1"}],"replies":[{"embeddable":true,"href":"https:\/\/agora.xtec.cat\/escolastjordi\/wp-json\/wp\/v2\/comments?post=69"}],"version-history":[{"count":6,"href":"https:\/\/agora.xtec.cat\/escolastjordi\/wp-json\/wp\/v2\/pages\/69\/revisions"}],"predecessor-version":[{"id":6862,"href":"https:\/\/agora.xtec.cat\/escolastjordi\/wp-json\/wp\/v2\/pages\/69\/revisions\/6862"}],"up":[{"embeddable":true,"href":"https:\/\/agora.xtec.cat\/escolastjordi\/wp-json\/wp\/v2\/pages\/63"}],"wp:attachment":[{"href":"https:\/\/agora.xtec.cat\/escolastjordi\/wp-json\/wp\/v2\/media?parent=69"}],"curies":[{"name":"wp","href":"https:\/\/api.w.org\/{rel}","templated":true}]}}