{"id":6810,"date":"2026-02-11T16:40:26","date_gmt":"2026-02-11T15:40:26","guid":{"rendered":"https:\/\/agora.xtec.cat\/escolastjordi\/?page_id=6810"},"modified":"2026-02-11T16:50:32","modified_gmt":"2026-02-11T15:50:32","slug":"la-festa-major-petita","status":"publish","type":"page","link":"https:\/\/agora.xtec.cat\/escolastjordi\/les-festes-al-sant-jordi\/la-festa-major-petita\/","title":{"rendered":"La Festa Major Petita"},"content":{"rendered":"<p data-start=\"89\" data-end=\"363\">L\u2019\u00faltim dia de curs celebrem la Festa Major Petita, una de les jornades m\u00e9s especials i esperades per tota la comunitat educativa. Aquesta celebraci\u00f3 \u00e9s una representaci\u00f3 de la Festa Major del poble, adaptada a l\u2019escola perqu\u00e8 els infants puguin viure-la en primera persona.<\/p>\n<p data-start=\"365\" data-end=\"683\">Durant la festa, es recreen les danses i manifestacions populars de les diferents comparses, com els capgrossos, els gegants o els bastoners, entre d\u2019altres. \u00c9s una proposta que ens permet apropar la cultura popular als infants d\u2019una manera vivencial, tot fomentant el sentiment de pertinen\u00e7a i el vincle amb l\u2019entorn.<\/p>\n","protected":false},"excerpt":{"rendered":"<p>L\u2019\u00faltim dia de curs celebrem la Festa Major Petita, una de les jornades m\u00e9s especials i esperades per tota la comunitat educativa. Aquesta celebraci\u00f3 \u00e9s una representaci\u00f3 de la Festa Major del poble, adaptada a l\u2019escola perqu\u00e8 els infants puguin viure-la en primera persona. Durant la festa, es recreen les danses i manifestacions populars de [&hellip;]<\/p>\n","protected":false},"author":1,"featured_media":0,"parent":6788,"menu_order":5,"comment_status":"closed","ping_status":"closed","template":"","meta":{"_bbp_topic_count":0,"_bbp_reply_count":0,"_bbp_total_topic_count":0,"_bbp_total_reply_count":0,"_bbp_voice_count":0,"_bbp_anonymous_reply_count":0,"_bbp_topic_count_hidden":0,"_bbp_reply_count_hidden":0,"_bbp_forum_subforum_count":0,"site-sidebar-layout":"default","site-content-layout":"","ast-site-content-layout":"default","site-content-style":"default","site-sidebar-style":"default","ast-global-header-display":"","ast-banner-title-visibility":"","ast-main-header-display":"","ast-hfb-above-header-display":"","ast-hfb-below-header-display":"","ast-hfb-mobile-header-display":"","site-post-title":"","ast-breadcrumbs-content":"","ast-featured-img":"","footer-sml-layout":"","theme-transparent-header-meta":"default","adv-header-id-meta":"","stick-header-meta":"","header-above-stick-meta":"","header-main-stick-meta":"","header-below-stick-meta":"","astra-migrate-meta-layouts":"set","ast-page-background-enabled":"default","ast-page-background-meta":{"desktop":{"background-color":"var(--ast-global-color-4)","background-image":"","background-repeat":"repeat","background-position":"center center","background-size":"auto","background-attachment":"scroll","background-type":"","background-media":"","overlay-type":"","overlay-color":"","overlay-opacity":"","overlay-gradient":""},"tablet":{"background-color":"","background-image":"","background-repeat":"repeat","background-position":"center center","background-size":"auto","background-attachment":"scroll","background-type":"","background-media":"","overlay-type":"","overlay-color":"","overlay-opacity":"","overlay-gradient":""},"mobile":{"background-color":"","background-image":"","background-repeat":"repeat","background-position":"center center","background-size":"auto","background-attachment":"scroll","background-type":"","background-media":"","overlay-type":"","overlay-color":"","overlay-opacity":"","overlay-gradient":""}},"ast-content-background-meta":{"desktop":{"background-color":"var(--ast-global-color-5)","background-image":"","background-repeat":"repeat","background-position":"center center","background-size":"auto","background-attachment":"scroll","background-type":"","background-media":"","overlay-type":"","overlay-color":"","overlay-opacity":"","overlay-gradient":""},"tablet":{"background-color":"var(--ast-global-color-5)","background-image":"","background-repeat":"repeat","background-position":"center center","background-size":"auto","background-attachment":"scroll","background-type":"","background-media":"","overlay-type":"","overlay-color":"","overlay-opacity":"","overlay-gradient":""},"mobile":{"background-color":"var(--ast-global-color-5)","background-image":"","background-repeat":"repeat","background-position":"center center","background-size":"auto","background-attachment":"scroll","background-type":"","background-media":"","overlay-type":"","overlay-color":"","overlay-opacity":"","overlay-gradient":""}},"footnotes":""},"class_list":["post-6810","page","type-page","status-publish","hentry"],"post_mailing_queue_ids":[],"_links":{"self":[{"href":"https:\/\/agora.xtec.cat\/escolastjordi\/wp-json\/wp\/v2\/pages\/6810","targetHints":{"allow":["GET"]}}],"collection":[{"href":"https:\/\/agora.xtec.cat\/escolastjordi\/wp-json\/wp\/v2\/pages"}],"about":[{"href":"https:\/\/agora.xtec.cat\/escolastjordi\/wp-json\/wp\/v2\/types\/page"}],"author":[{"embeddable":true,"href":"https:\/\/agora.xtec.cat\/escolastjordi\/wp-json\/wp\/v2\/users\/1"}],"replies":[{"embeddable":true,"href":"https:\/\/agora.xtec.cat\/escolastjordi\/wp-json\/wp\/v2\/comments?post=6810"}],"version-history":[{"count":1,"href":"https:\/\/agora.xtec.cat\/escolastjordi\/wp-json\/wp\/v2\/pages\/6810\/revisions"}],"predecessor-version":[{"id":6812,"href":"https:\/\/agora.xtec.cat\/escolastjordi\/wp-json\/wp\/v2\/pages\/6810\/revisions\/6812"}],"up":[{"embeddable":true,"href":"https:\/\/agora.xtec.cat\/escolastjordi\/wp-json\/wp\/v2\/pages\/6788"}],"wp:attachment":[{"href":"https:\/\/agora.xtec.cat\/escolastjordi\/wp-json\/wp\/v2\/media?parent=6810"}],"curies":[{"name":"wp","href":"https:\/\/api.w.org\/{rel}","templated":true}]}}