{"id":6803,"date":"2026-02-11T16:34:38","date_gmt":"2026-02-11T15:34:38","guid":{"rendered":"https:\/\/agora.xtec.cat\/escolastjordi\/?page_id=6803"},"modified":"2026-02-13T16:00:19","modified_gmt":"2026-02-13T15:00:19","slug":"carnestoltes","status":"publish","type":"page","link":"https:\/\/agora.xtec.cat\/escolastjordi\/les-festes-al-sant-jordi\/carnestoltes\/","title":{"rendered":"Carnestoltes"},"content":{"rendered":"<p data-start=\"76\" data-end=\"288\">Celebrem el Carnestoltes amb una jornada plena de creativitat i diversi\u00f3. Cada any, les disfresses giren al voltant d\u2019una tem\u00e0tica comuna que dona cohesi\u00f3 a la celebraci\u00f3 i fomenta el treball conjunt a les aules.<\/p>\n<p data-start=\"290\" data-end=\"556\">La festa culmina amb una desfilada a la Pista Sant Jordi, on els infants mostren les seves disfresses davant de companys i fam\u00edlies en un ambient festiu i participatiu. \u00c9s una experi\u00e8ncia que potencia l\u2019expressi\u00f3 art\u00edstica, la imaginaci\u00f3 i el sentiment de comunitat.<\/p>\n<p data-start=\"290\" data-end=\"556\">\n<p data-start=\"290\" data-end=\"556\"><img loading=\"lazy\" decoding=\"async\" class=\"aligncenter wp-image-6841 size-large\" src=\"https:\/\/agora.xtec.cat\/escolastjordi\/wp-content\/uploads\/usu3595\/2026\/02\/Carnaval-26-724x1024.png\" alt=\"\" width=\"724\" height=\"1024\" srcset=\"https:\/\/agora.xtec.cat\/escolastjordi\/wp-content\/uploads\/usu3595\/2026\/02\/Carnaval-26-724x1024.png 724w, https:\/\/agora.xtec.cat\/escolastjordi\/wp-content\/uploads\/usu3595\/2026\/02\/Carnaval-26-212x300.png 212w, https:\/\/agora.xtec.cat\/escolastjordi\/wp-content\/uploads\/usu3595\/2026\/02\/Carnaval-26-768x1086.png 768w, https:\/\/agora.xtec.cat\/escolastjordi\/wp-content\/uploads\/usu3595\/2026\/02\/Carnaval-26-1086x1536.png 1086w, https:\/\/agora.xtec.cat\/escolastjordi\/wp-content\/uploads\/usu3595\/2026\/02\/Carnaval-26.png 1414w\" sizes=\"auto, (max-width: 724px) 100vw, 724px\" \/><\/p>\n","protected":false},"excerpt":{"rendered":"<p>Celebrem el Carnestoltes amb una jornada plena de creativitat i diversi\u00f3. Cada any, les disfresses giren al voltant d\u2019una tem\u00e0tica comuna que dona cohesi\u00f3 a la celebraci\u00f3 i fomenta el treball conjunt a les aules. La festa culmina amb una desfilada a la Pista Sant Jordi, on els infants mostren les seves disfresses davant de [&hellip;]<\/p>\n","protected":false},"author":1,"featured_media":0,"parent":6788,"menu_order":3,"comment_status":"closed","ping_status":"closed","template":"","meta":{"_bbp_topic_count":0,"_bbp_reply_count":0,"_bbp_total_topic_count":0,"_bbp_total_reply_count":0,"_bbp_voice_count":0,"_bbp_anonymous_reply_count":0,"_bbp_topic_count_hidden":0,"_bbp_reply_count_hidden":0,"_bbp_forum_subforum_count":0,"site-sidebar-layout":"default","site-content-layout":"","ast-site-content-layout":"default","site-content-style":"default","site-sidebar-style":"default","ast-global-header-display":"","ast-banner-title-visibility":"","ast-main-header-display":"","ast-hfb-above-header-display":"","ast-hfb-below-header-display":"","ast-hfb-mobile-header-display":"","site-post-title":"","ast-breadcrumbs-content":"","ast-featured-img":"","footer-sml-layout":"","theme-transparent-header-meta":"default","adv-header-id-meta":"","stick-header-meta":"","header-above-stick-meta":"","header-main-stick-meta":"","header-below-stick-meta":"","astra-migrate-meta-layouts":"set","ast-page-background-enabled":"default","ast-page-background-meta":{"desktop":{"background-color":"var(--ast-global-color-4)","background-image":"","background-repeat":"repeat","background-position":"center center","background-size":"auto","background-attachment":"scroll","background-type":"","background-media":"","overlay-type":"","overlay-color":"","overlay-opacity":"","overlay-gradient":""},"tablet":{"background-color":"","background-image":"","background-repeat":"repeat","background-position":"center center","background-size":"auto","background-attachment":"scroll","background-type":"","background-media":"","overlay-type":"","overlay-color":"","overlay-opacity":"","overlay-gradient":""},"mobile":{"background-color":"","background-image":"","background-repeat":"repeat","background-position":"center center","background-size":"auto","background-attachment":"scroll","background-type":"","background-media":"","overlay-type":"","overlay-color":"","overlay-opacity":"","overlay-gradient":""}},"ast-content-background-meta":{"desktop":{"background-color":"var(--ast-global-color-5)","background-image":"","background-repeat":"repeat","background-position":"center center","background-size":"auto","background-attachment":"scroll","background-type":"","background-media":"","overlay-type":"","overlay-color":"","overlay-opacity":"","overlay-gradient":""},"tablet":{"background-color":"var(--ast-global-color-5)","background-image":"","background-repeat":"repeat","background-position":"center center","background-size":"auto","background-attachment":"scroll","background-type":"","background-media":"","overlay-type":"","overlay-color":"","overlay-opacity":"","overlay-gradient":""},"mobile":{"background-color":"var(--ast-global-color-5)","background-image":"","background-repeat":"repeat","background-position":"center center","background-size":"auto","background-attachment":"scroll","background-type":"","background-media":"","overlay-type":"","overlay-color":"","overlay-opacity":"","overlay-gradient":""}},"footnotes":""},"class_list":["post-6803","page","type-page","status-publish","hentry"],"post_mailing_queue_ids":[],"_links":{"self":[{"href":"https:\/\/agora.xtec.cat\/escolastjordi\/wp-json\/wp\/v2\/pages\/6803","targetHints":{"allow":["GET"]}}],"collection":[{"href":"https:\/\/agora.xtec.cat\/escolastjordi\/wp-json\/wp\/v2\/pages"}],"about":[{"href":"https:\/\/agora.xtec.cat\/escolastjordi\/wp-json\/wp\/v2\/types\/page"}],"author":[{"embeddable":true,"href":"https:\/\/agora.xtec.cat\/escolastjordi\/wp-json\/wp\/v2\/users\/1"}],"replies":[{"embeddable":true,"href":"https:\/\/agora.xtec.cat\/escolastjordi\/wp-json\/wp\/v2\/comments?post=6803"}],"version-history":[{"count":2,"href":"https:\/\/agora.xtec.cat\/escolastjordi\/wp-json\/wp\/v2\/pages\/6803\/revisions"}],"predecessor-version":[{"id":6842,"href":"https:\/\/agora.xtec.cat\/escolastjordi\/wp-json\/wp\/v2\/pages\/6803\/revisions\/6842"}],"up":[{"embeddable":true,"href":"https:\/\/agora.xtec.cat\/escolastjordi\/wp-json\/wp\/v2\/pages\/6788"}],"wp:attachment":[{"href":"https:\/\/agora.xtec.cat\/escolastjordi\/wp-json\/wp\/v2\/media?parent=6803"}],"curies":[{"name":"wp","href":"https:\/\/api.w.org\/{rel}","templated":true}]}}