{"id":6797,"date":"2026-02-11T16:28:54","date_gmt":"2026-02-11T15:28:54","guid":{"rendered":"https:\/\/agora.xtec.cat\/escolastjordi\/?page_id=6797"},"modified":"2026-02-11T17:01:06","modified_gmt":"2026-02-11T16:01:06","slug":"nadal","status":"publish","type":"page","link":"https:\/\/agora.xtec.cat\/escolastjordi\/les-festes-al-sant-jordi\/nadal\/","title":{"rendered":"Nadal"},"content":{"rendered":"<p>El tradicional Concert de Nadal se celebra a la Pista Sant Jordi, un espai que s\u2019engalana especialment per a l\u2019ocasi\u00f3 i que es converteix en punt de trobada de tota la comunitat educativa. En aquest marc festiu, grans i petits ofereixen un repertori de can\u00e7ons, combinant peces tradicionals amb propostes m\u00e9s actuals.<\/p>\n<p>\u00c9s un moment molt esperat, que permet compartir el treball musical realitzat a l\u2019aula i gaudir plegats d\u2019una estona plena d\u2019il\u00b7lusi\u00f3 i esperit festiu.<\/p>\n<p><img loading=\"lazy\" decoding=\"async\" class=\"size-medium wp-image-6829 aligncenter\" src=\"https:\/\/agora.xtec.cat\/escolastjordi\/wp-content\/uploads\/usu3595\/2026\/02\/Programa-concert-Nadal-2025-4-300x169.png\" alt=\"\" width=\"300\" height=\"169\" srcset=\"https:\/\/agora.xtec.cat\/escolastjordi\/wp-content\/uploads\/usu3595\/2026\/02\/Programa-concert-Nadal-2025-4-300x169.png 300w, https:\/\/agora.xtec.cat\/escolastjordi\/wp-content\/uploads\/usu3595\/2026\/02\/Programa-concert-Nadal-2025-4-1024x577.png 1024w, https:\/\/agora.xtec.cat\/escolastjordi\/wp-content\/uploads\/usu3595\/2026\/02\/Programa-concert-Nadal-2025-4-768x433.png 768w, https:\/\/agora.xtec.cat\/escolastjordi\/wp-content\/uploads\/usu3595\/2026\/02\/Programa-concert-Nadal-2025-4-1536x865.png 1536w, https:\/\/agora.xtec.cat\/escolastjordi\/wp-content\/uploads\/usu3595\/2026\/02\/Programa-concert-Nadal-2025-4.png 1640w\" sizes=\"auto, (max-width: 300px) 100vw, 300px\" \/><\/p>\n","protected":false},"excerpt":{"rendered":"<p>El tradicional Concert de Nadal se celebra a la Pista Sant Jordi, un espai que s\u2019engalana especialment per a l\u2019ocasi\u00f3 i que es converteix en punt de trobada de tota la comunitat educativa. En aquest marc festiu, grans i petits ofereixen un repertori de can\u00e7ons, combinant peces tradicionals amb propostes m\u00e9s actuals. \u00c9s un moment [&hellip;]<\/p>\n","protected":false},"author":1,"featured_media":0,"parent":6788,"menu_order":2,"comment_status":"closed","ping_status":"closed","template":"","meta":{"_bbp_topic_count":0,"_bbp_reply_count":0,"_bbp_total_topic_count":0,"_bbp_total_reply_count":0,"_bbp_voice_count":0,"_bbp_anonymous_reply_count":0,"_bbp_topic_count_hidden":0,"_bbp_reply_count_hidden":0,"_bbp_forum_subforum_count":0,"site-sidebar-layout":"default","site-content-layout":"","ast-site-content-layout":"default","site-content-style":"default","site-sidebar-style":"default","ast-global-header-display":"","ast-banner-title-visibility":"","ast-main-header-display":"","ast-hfb-above-header-display":"","ast-hfb-below-header-display":"","ast-hfb-mobile-header-display":"","site-post-title":"","ast-breadcrumbs-content":"","ast-featured-img":"","footer-sml-layout":"","theme-transparent-header-meta":"default","adv-header-id-meta":"","stick-header-meta":"","header-above-stick-meta":"","header-main-stick-meta":"","header-below-stick-meta":"","astra-migrate-meta-layouts":"set","ast-page-background-enabled":"default","ast-page-background-meta":{"desktop":{"background-color":"var(--ast-global-color-4)","background-image":"","background-repeat":"repeat","background-position":"center center","background-size":"auto","background-attachment":"scroll","background-type":"","background-media":"","overlay-type":"","overlay-color":"","overlay-opacity":"","overlay-gradient":""},"tablet":{"background-color":"","background-image":"","background-repeat":"repeat","background-position":"center center","background-size":"auto","background-attachment":"scroll","background-type":"","background-media":"","overlay-type":"","overlay-color":"","overlay-opacity":"","overlay-gradient":""},"mobile":{"background-color":"","background-image":"","background-repeat":"repeat","background-position":"center center","background-size":"auto","background-attachment":"scroll","background-type":"","background-media":"","overlay-type":"","overlay-color":"","overlay-opacity":"","overlay-gradient":""}},"ast-content-background-meta":{"desktop":{"background-color":"var(--ast-global-color-5)","background-image":"","background-repeat":"repeat","background-position":"center center","background-size":"auto","background-attachment":"scroll","background-type":"","background-media":"","overlay-type":"","overlay-color":"","overlay-opacity":"","overlay-gradient":""},"tablet":{"background-color":"var(--ast-global-color-5)","background-image":"","background-repeat":"repeat","background-position":"center center","background-size":"auto","background-attachment":"scroll","background-type":"","background-media":"","overlay-type":"","overlay-color":"","overlay-opacity":"","overlay-gradient":""},"mobile":{"background-color":"var(--ast-global-color-5)","background-image":"","background-repeat":"repeat","background-position":"center center","background-size":"auto","background-attachment":"scroll","background-type":"","background-media":"","overlay-type":"","overlay-color":"","overlay-opacity":"","overlay-gradient":""}},"footnotes":""},"class_list":["post-6797","page","type-page","status-publish","hentry"],"post_mailing_queue_ids":[],"_links":{"self":[{"href":"https:\/\/agora.xtec.cat\/escolastjordi\/wp-json\/wp\/v2\/pages\/6797","targetHints":{"allow":["GET"]}}],"collection":[{"href":"https:\/\/agora.xtec.cat\/escolastjordi\/wp-json\/wp\/v2\/pages"}],"about":[{"href":"https:\/\/agora.xtec.cat\/escolastjordi\/wp-json\/wp\/v2\/types\/page"}],"author":[{"embeddable":true,"href":"https:\/\/agora.xtec.cat\/escolastjordi\/wp-json\/wp\/v2\/users\/1"}],"replies":[{"embeddable":true,"href":"https:\/\/agora.xtec.cat\/escolastjordi\/wp-json\/wp\/v2\/comments?post=6797"}],"version-history":[{"count":2,"href":"https:\/\/agora.xtec.cat\/escolastjordi\/wp-json\/wp\/v2\/pages\/6797\/revisions"}],"predecessor-version":[{"id":6830,"href":"https:\/\/agora.xtec.cat\/escolastjordi\/wp-json\/wp\/v2\/pages\/6797\/revisions\/6830"}],"up":[{"embeddable":true,"href":"https:\/\/agora.xtec.cat\/escolastjordi\/wp-json\/wp\/v2\/pages\/6788"}],"wp:attachment":[{"href":"https:\/\/agora.xtec.cat\/escolastjordi\/wp-json\/wp\/v2\/media?parent=6797"}],"curies":[{"name":"wp","href":"https:\/\/api.w.org\/{rel}","templated":true}]}}