{"id":6788,"date":"2026-02-11T16:21:34","date_gmt":"2026-02-11T15:21:34","guid":{"rendered":"https:\/\/agora.xtec.cat\/escolastjordi\/?page_id=6788"},"modified":"2026-02-11T16:21:34","modified_gmt":"2026-02-11T15:21:34","slug":"les-festes-al-sant-jordi","status":"publish","type":"page","link":"https:\/\/agora.xtec.cat\/escolastjordi\/les-festes-al-sant-jordi\/","title":{"rendered":"Les festes al Sant Jordi"},"content":{"rendered":"<p data-start=\"75\" data-end=\"353\">Al Sant Jordi, les festes tradicionals formen part del nostre projecte educatiu i de la cultura de centre. Les entenem com una oportunitat d\u2019aprenentatge significativa que permet als infants con\u00e8ixer, comprendre i valorar les tradicions i manifestacions culturals del nostre entorn.<\/p>\n<p data-start=\"355\" data-end=\"755\">A trav\u00e9s de les diferents celebracions, al llarg del curs, treballem la cultura popular, la llengua, la m\u00fasica, les arts i els costums propis. Les festes esdevenen aix\u00ed un espai d\u2019experi\u00e8ncia compartida que afavoreix el desenvolupament social i emocional, el treball cooperatiu i el sentiment de pertinen\u00e7a a la comunitat.<\/p>\n<p data-start=\"757\" data-end=\"910\">D\u2019aquesta manera, contribu\u00efm a la transmissi\u00f3 del patrimoni cultural, tot fomentant una mirada respectuosa, oberta i participativa vers les tradicions.<\/p>\n","protected":false},"excerpt":{"rendered":"<p>Al Sant Jordi, les festes tradicionals formen part del nostre projecte educatiu i de la cultura de centre. Les entenem com una oportunitat d\u2019aprenentatge significativa que permet als infants con\u00e8ixer, comprendre i valorar les tradicions i manifestacions culturals del nostre entorn. A trav\u00e9s de les diferents celebracions, al llarg del curs, treballem la cultura popular, [&hellip;]<\/p>\n","protected":false},"author":1,"featured_media":0,"parent":0,"menu_order":0,"comment_status":"closed","ping_status":"closed","template":"","meta":{"_bbp_topic_count":0,"_bbp_reply_count":0,"_bbp_total_topic_count":0,"_bbp_total_reply_count":0,"_bbp_voice_count":0,"_bbp_anonymous_reply_count":0,"_bbp_topic_count_hidden":0,"_bbp_reply_count_hidden":0,"_bbp_forum_subforum_count":0,"site-sidebar-layout":"default","site-content-layout":"","ast-site-content-layout":"default","site-content-style":"default","site-sidebar-style":"default","ast-global-header-display":"","ast-banner-title-visibility":"","ast-main-header-display":"","ast-hfb-above-header-display":"","ast-hfb-below-header-display":"","ast-hfb-mobile-header-display":"","site-post-title":"","ast-breadcrumbs-content":"","ast-featured-img":"","footer-sml-layout":"","theme-transparent-header-meta":"default","adv-header-id-meta":"","stick-header-meta":"","header-above-stick-meta":"","header-main-stick-meta":"","header-below-stick-meta":"","astra-migrate-meta-layouts":"set","ast-page-background-enabled":"default","ast-page-background-meta":{"desktop":{"background-color":"var(--ast-global-color-4)","background-image":"","background-repeat":"repeat","background-position":"center center","background-size":"auto","background-attachment":"scroll","background-type":"","background-media":"","overlay-type":"","overlay-color":"","overlay-opacity":"","overlay-gradient":""},"tablet":{"background-color":"","background-image":"","background-repeat":"repeat","background-position":"center center","background-size":"auto","background-attachment":"scroll","background-type":"","background-media":"","overlay-type":"","overlay-color":"","overlay-opacity":"","overlay-gradient":""},"mobile":{"background-color":"","background-image":"","background-repeat":"repeat","background-position":"center center","background-size":"auto","background-attachment":"scroll","background-type":"","background-media":"","overlay-type":"","overlay-color":"","overlay-opacity":"","overlay-gradient":""}},"ast-content-background-meta":{"desktop":{"background-color":"var(--ast-global-color-5)","background-image":"","background-repeat":"repeat","background-position":"center center","background-size":"auto","background-attachment":"scroll","background-type":"","background-media":"","overlay-type":"","overlay-color":"","overlay-opacity":"","overlay-gradient":""},"tablet":{"background-color":"var(--ast-global-color-5)","background-image":"","background-repeat":"repeat","background-position":"center center","background-size":"auto","background-attachment":"scroll","background-type":"","background-media":"","overlay-type":"","overlay-color":"","overlay-opacity":"","overlay-gradient":""},"mobile":{"background-color":"var(--ast-global-color-5)","background-image":"","background-repeat":"repeat","background-position":"center center","background-size":"auto","background-attachment":"scroll","background-type":"","background-media":"","overlay-type":"","overlay-color":"","overlay-opacity":"","overlay-gradient":""}},"footnotes":""},"class_list":["post-6788","page","type-page","status-publish","hentry"],"post_mailing_queue_ids":[],"_links":{"self":[{"href":"https:\/\/agora.xtec.cat\/escolastjordi\/wp-json\/wp\/v2\/pages\/6788","targetHints":{"allow":["GET"]}}],"collection":[{"href":"https:\/\/agora.xtec.cat\/escolastjordi\/wp-json\/wp\/v2\/pages"}],"about":[{"href":"https:\/\/agora.xtec.cat\/escolastjordi\/wp-json\/wp\/v2\/types\/page"}],"author":[{"embeddable":true,"href":"https:\/\/agora.xtec.cat\/escolastjordi\/wp-json\/wp\/v2\/users\/1"}],"replies":[{"embeddable":true,"href":"https:\/\/agora.xtec.cat\/escolastjordi\/wp-json\/wp\/v2\/comments?post=6788"}],"version-history":[{"count":1,"href":"https:\/\/agora.xtec.cat\/escolastjordi\/wp-json\/wp\/v2\/pages\/6788\/revisions"}],"predecessor-version":[{"id":6791,"href":"https:\/\/agora.xtec.cat\/escolastjordi\/wp-json\/wp\/v2\/pages\/6788\/revisions\/6791"}],"wp:attachment":[{"href":"https:\/\/agora.xtec.cat\/escolastjordi\/wp-json\/wp\/v2\/media?parent=6788"}],"curies":[{"name":"wp","href":"https:\/\/api.w.org\/{rel}","templated":true}]}}