{"id":6764,"date":"2026-01-30T17:11:37","date_gmt":"2026-01-30T16:11:37","guid":{"rendered":"https:\/\/agora.xtec.cat\/escolastjordi\/?page_id=6764"},"modified":"2026-01-30T17:12:52","modified_gmt":"2026-01-30T16:12:52","slug":"composicio","status":"publish","type":"page","link":"https:\/\/agora.xtec.cat\/escolastjordi\/lescola\/consell-escolar\/composicio\/","title":{"rendered":"Composici\u00f3"},"content":{"rendered":"<div class=\"fpca_article padding-xs padding-sm padding-md\" data-id=\"59fc8a8d-654c-11e4-b4dc-000c29cdf219\">El\u00a0<strong>consell escolar de l\u2019escola Sant Jordi<\/strong>\u00a0constitu\u00eft a\u00a0<strong>1 de desembre de 2025:<\/strong><\/div>\n<div data-id=\"59fc8a8d-654c-11e4-b4dc-000c29cdf219\">\u2013 Representants del sector\u00a0<strong>fam\u00edlies<\/strong>:<\/div>\n<div style=\"padding-left: 40px;\" data-id=\"59fc8a8d-654c-11e4-b4dc-000c29cdf219\">\u2013 Alba Guasch Bars<\/div>\n<div style=\"padding-left: 40px;\" data-id=\"59fc8a8d-654c-11e4-b4dc-000c29cdf219\">\u2013 David Palomares Gabas<br \/>\n\u2013 Lu\u00eds Miguel L\u00f3pez Carre\u00f1o<br \/>\n\u2013 Lloren\u00e7 Castanyer Soler<br \/>\n\u2013 Mari Luz Esteban Ruiz<\/div>\n<div data-id=\"59fc8a8d-654c-11e4-b4dc-000c29cdf219\">\u2013 Representant de l\u2019<strong>AFA<\/strong>: Gemma Gudayol Sanclimens<\/div>\n<p>\u2013 Representants del sector\u00a0<strong>PAS \/ PAE<\/strong>:<\/p>\n<p style=\"padding-left: 40px;\">\u2013 Guillermo Morlino Rumi<br \/>\n\u2013 N\u00faria Consola Calveras<\/p>\n<p>\u2013 Representant de l\u2019<strong>Ajuntament<\/strong>: Joana Tarr\u00e9s Sanz<\/p>\n<p>\u2013 Representants del sector\u00a0<strong>docents<\/strong>:<\/p>\n<p style=\"padding-left: 40px;\">\u2013 Ramon Ancho Garc\u00eda<br \/>\n\u2013 Clara Duarte Fornell<br \/>\n\u2013 Montserrat Lozano Lozano<br \/>\n\u2013 Xavier Plans Bartol\u00f3<br \/>\n\u2013 Alba Rosell Lorenzo<br \/>\n\u2013 Susana Culebras Serra<\/p>\n<p>\u2013\u00a0<strong>Secret\u00e0ria<\/strong>: N\u00faria Garde i Basas<\/p>\n<p>\u2013\u00a0<strong>Cap d\u2019estudis<\/strong>: Eloi Barrachina Salleras<\/p>\n<p>\u2013\u00a0<strong>Directora<\/strong>: Marta Ortega P\u00e9rez<\/p>\n","protected":false},"excerpt":{"rendered":"<p>El\u00a0consell escolar de l\u2019escola Sant Jordi\u00a0constitu\u00eft a\u00a01 de desembre de 2025: \u2013 Representants del sector\u00a0fam\u00edlies: \u2013 Alba Guasch Bars \u2013 David Palomares Gabas \u2013 Lu\u00eds Miguel L\u00f3pez Carre\u00f1o \u2013 Lloren\u00e7 Castanyer Soler \u2013 Mari Luz Esteban Ruiz \u2013 Representant de l\u2019AFA: Gemma Gudayol Sanclimens \u2013 Representants del sector\u00a0PAS \/ PAE: \u2013 Guillermo Morlino Rumi \u2013 [&hellip;]<\/p>\n","protected":false},"author":1,"featured_media":0,"parent":43,"menu_order":1,"comment_status":"closed","ping_status":"closed","template":"","meta":{"_bbp_topic_count":0,"_bbp_reply_count":0,"_bbp_total_topic_count":0,"_bbp_total_reply_count":0,"_bbp_voice_count":0,"_bbp_anonymous_reply_count":0,"_bbp_topic_count_hidden":0,"_bbp_reply_count_hidden":0,"_bbp_forum_subforum_count":0,"site-sidebar-layout":"default","site-content-layout":"","ast-site-content-layout":"default","site-content-style":"default","site-sidebar-style":"default","ast-global-header-display":"","ast-banner-title-visibility":"","ast-main-header-display":"","ast-hfb-above-header-display":"","ast-hfb-below-header-display":"","ast-hfb-mobile-header-display":"","site-post-title":"","ast-breadcrumbs-content":"","ast-featured-img":"","footer-sml-layout":"","theme-transparent-header-meta":"default","adv-header-id-meta":"","stick-header-meta":"","header-above-stick-meta":"","header-main-stick-meta":"","header-below-stick-meta":"","astra-migrate-meta-layouts":"set","ast-page-background-enabled":"default","ast-page-background-meta":{"desktop":{"background-color":"var(--ast-global-color-4)","background-image":"","background-repeat":"repeat","background-position":"center center","background-size":"auto","background-attachment":"scroll","background-type":"","background-media":"","overlay-type":"","overlay-color":"","overlay-opacity":"","overlay-gradient":""},"tablet":{"background-color":"","background-image":"","background-repeat":"repeat","background-position":"center center","background-size":"auto","background-attachment":"scroll","background-type":"","background-media":"","overlay-type":"","overlay-color":"","overlay-opacity":"","overlay-gradient":""},"mobile":{"background-color":"","background-image":"","background-repeat":"repeat","background-position":"center center","background-size":"auto","background-attachment":"scroll","background-type":"","background-media":"","overlay-type":"","overlay-color":"","overlay-opacity":"","overlay-gradient":""}},"ast-content-background-meta":{"desktop":{"background-color":"var(--ast-global-color-5)","background-image":"","background-repeat":"repeat","background-position":"center center","background-size":"auto","background-attachment":"scroll","background-type":"","background-media":"","overlay-type":"","overlay-color":"","overlay-opacity":"","overlay-gradient":""},"tablet":{"background-color":"var(--ast-global-color-5)","background-image":"","background-repeat":"repeat","background-position":"center center","background-size":"auto","background-attachment":"scroll","background-type":"","background-media":"","overlay-type":"","overlay-color":"","overlay-opacity":"","overlay-gradient":""},"mobile":{"background-color":"var(--ast-global-color-5)","background-image":"","background-repeat":"repeat","background-position":"center center","background-size":"auto","background-attachment":"scroll","background-type":"","background-media":"","overlay-type":"","overlay-color":"","overlay-opacity":"","overlay-gradient":""}},"footnotes":""},"class_list":["post-6764","page","type-page","status-publish","hentry"],"post_mailing_queue_ids":[],"_links":{"self":[{"href":"https:\/\/agora.xtec.cat\/escolastjordi\/wp-json\/wp\/v2\/pages\/6764","targetHints":{"allow":["GET"]}}],"collection":[{"href":"https:\/\/agora.xtec.cat\/escolastjordi\/wp-json\/wp\/v2\/pages"}],"about":[{"href":"https:\/\/agora.xtec.cat\/escolastjordi\/wp-json\/wp\/v2\/types\/page"}],"author":[{"embeddable":true,"href":"https:\/\/agora.xtec.cat\/escolastjordi\/wp-json\/wp\/v2\/users\/1"}],"replies":[{"embeddable":true,"href":"https:\/\/agora.xtec.cat\/escolastjordi\/wp-json\/wp\/v2\/comments?post=6764"}],"version-history":[{"count":1,"href":"https:\/\/agora.xtec.cat\/escolastjordi\/wp-json\/wp\/v2\/pages\/6764\/revisions"}],"predecessor-version":[{"id":6765,"href":"https:\/\/agora.xtec.cat\/escolastjordi\/wp-json\/wp\/v2\/pages\/6764\/revisions\/6765"}],"up":[{"embeddable":true,"href":"https:\/\/agora.xtec.cat\/escolastjordi\/wp-json\/wp\/v2\/pages\/43"}],"wp:attachment":[{"href":"https:\/\/agora.xtec.cat\/escolastjordi\/wp-json\/wp\/v2\/media?parent=6764"}],"curies":[{"name":"wp","href":"https:\/\/api.w.org\/{rel}","templated":true}]}}