{"id":1061,"date":"2016-07-15T09:15:02","date_gmt":"2016-07-15T08:15:02","guid":{"rendered":"http:\/\/agora.xtec.cat\/escolastjordi\/?page_id=1061"},"modified":"2019-11-12T13:01:07","modified_gmt":"2019-11-12T12:01:07","slug":"perfil-contractant","status":"publish","type":"page","link":"https:\/\/agora.xtec.cat\/escolastjordi\/lescola\/secretaria\/perfil-contractant\/","title":{"rendered":"Perfil contractant"},"content":{"rendered":"<p><a href=\"https:\/\/drive.google.com\/file\/d\/0B4fuyBXZGKLOR1RYWGpzcFRYMVhWNmpZb2llcEhUVEZQMHhj\/view?usp=sharing\">CONTRACTE ADMINISTRATIU SERVEI MENJADOR<\/a><\/p>\n<p><a href=\"https:\/\/drive.google.com\/open?id=0B4fuyBXZGKLOLXhKb3ZVS1NYQnJJTzZEWEN2eEpXSnNBNm40\">RESOLUCI\u00d3 ADJUDICACI\u00d3<\/a><\/p>\n<p><a href=\"https:\/\/drive.google.com\/open?id=0B9ppkS2E-OCddVFPTzl1aGxCYS1wMzVOdXlhNkN3eUN2cEZF\">PLEC DE PRESCRIPCIONS T\u00c8CNIQUES I PLEC DE CL\u00c0USULES ADMINISTRATIVES PER LA LICITACI\u00d3 DEL MENJADOR<\/a><\/p>\n<p><a href=\"https:\/\/drive.google.com\/open?id=0Bx53DAutVNgtOHFWTGQtTGRZOFk\">NOTIFICACI\u00d3 ADJUDICAT\u00c0RIA 16-17<\/a><\/p>\n<p><a href=\"https:\/\/drive.google.com\/file\/d\/0B7Fbe8hS3zYQWWFOR2tqRmV4Z2M\/view?usp=sharing\">INICI EXPEDIENT CONTRACTACI\u00d3 SERVEIS<\/a><\/p>\n","protected":false},"excerpt":{"rendered":"<p>CONTRACTE ADMINISTRATIU SERVEI MENJADOR RESOLUCI\u00d3 ADJUDICACI\u00d3 PLEC DE PRESCRIPCIONS T\u00c8CNIQUES I PLEC DE CL\u00c0USULES ADMINISTRATIVES PER LA LICITACI\u00d3 DEL MENJADOR NOTIFICACI\u00d3 ADJUDICAT\u00c0RIA 16-17 INICI EXPEDIENT CONTRACTACI\u00d3 SERVEIS<\/p>\n","protected":false},"author":1,"featured_media":0,"parent":81,"menu_order":0,"comment_status":"closed","ping_status":"closed","template":"","meta":{"_bbp_topic_count":0,"_bbp_reply_count":0,"_bbp_total_topic_count":0,"_bbp_total_reply_count":0,"_bbp_voice_count":0,"_bbp_anonymous_reply_count":0,"_bbp_topic_count_hidden":0,"_bbp_reply_count_hidden":0,"_bbp_forum_subforum_count":0,"site-sidebar-layout":"default","site-content-layout":"","ast-site-content-layout":"","site-content-style":"default","site-sidebar-style":"default","ast-global-header-display":"","ast-banner-title-visibility":"","ast-main-header-display":"","ast-hfb-above-header-display":"","ast-hfb-below-header-display":"","ast-hfb-mobile-header-display":"","site-post-title":"","ast-breadcrumbs-content":"","ast-featured-img":"","footer-sml-layout":"","theme-transparent-header-meta":"","adv-header-id-meta":"","stick-header-meta":"","header-above-stick-meta":"","header-main-stick-meta":"","header-below-stick-meta":"","astra-migrate-meta-layouts":"default","ast-page-background-enabled":"default","ast-page-background-meta":{"desktop":{"background-color":"var(--ast-global-color-4)","background-image":"","background-repeat":"repeat","background-position":"center center","background-size":"auto","background-attachment":"scroll","background-type":"","background-media":"","overlay-type":"","overlay-color":"","overlay-opacity":"","overlay-gradient":""},"tablet":{"background-color":"","background-image":"","background-repeat":"repeat","background-position":"center center","background-size":"auto","background-attachment":"scroll","background-type":"","background-media":"","overlay-type":"","overlay-color":"","overlay-opacity":"","overlay-gradient":""},"mobile":{"background-color":"","background-image":"","background-repeat":"repeat","background-position":"center center","background-size":"auto","background-attachment":"scroll","background-type":"","background-media":"","overlay-type":"","overlay-color":"","overlay-opacity":"","overlay-gradient":""}},"ast-content-background-meta":{"desktop":{"background-color":"var(--ast-global-color-5)","background-image":"","background-repeat":"repeat","background-position":"center center","background-size":"auto","background-attachment":"scroll","background-type":"","background-media":"","overlay-type":"","overlay-color":"","overlay-opacity":"","overlay-gradient":""},"tablet":{"background-color":"var(--ast-global-color-5)","background-image":"","background-repeat":"repeat","background-position":"center center","background-size":"auto","background-attachment":"scroll","background-type":"","background-media":"","overlay-type":"","overlay-color":"","overlay-opacity":"","overlay-gradient":""},"mobile":{"background-color":"var(--ast-global-color-5)","background-image":"","background-repeat":"repeat","background-position":"center center","background-size":"auto","background-attachment":"scroll","background-type":"","background-media":"","overlay-type":"","overlay-color":"","overlay-opacity":"","overlay-gradient":""}},"footnotes":""},"class_list":["post-1061","page","type-page","status-publish","hentry"],"post_mailing_queue_ids":[],"_links":{"self":[{"href":"https:\/\/agora.xtec.cat\/escolastjordi\/wp-json\/wp\/v2\/pages\/1061","targetHints":{"allow":["GET"]}}],"collection":[{"href":"https:\/\/agora.xtec.cat\/escolastjordi\/wp-json\/wp\/v2\/pages"}],"about":[{"href":"https:\/\/agora.xtec.cat\/escolastjordi\/wp-json\/wp\/v2\/types\/page"}],"author":[{"embeddable":true,"href":"https:\/\/agora.xtec.cat\/escolastjordi\/wp-json\/wp\/v2\/users\/1"}],"replies":[{"embeddable":true,"href":"https:\/\/agora.xtec.cat\/escolastjordi\/wp-json\/wp\/v2\/comments?post=1061"}],"version-history":[{"count":3,"href":"https:\/\/agora.xtec.cat\/escolastjordi\/wp-json\/wp\/v2\/pages\/1061\/revisions"}],"predecessor-version":[{"id":3988,"href":"https:\/\/agora.xtec.cat\/escolastjordi\/wp-json\/wp\/v2\/pages\/1061\/revisions\/3988"}],"up":[{"embeddable":true,"href":"https:\/\/agora.xtec.cat\/escolastjordi\/wp-json\/wp\/v2\/pages\/81"}],"wp:attachment":[{"href":"https:\/\/agora.xtec.cat\/escolastjordi\/wp-json\/wp\/v2\/media?parent=1061"}],"curies":[{"name":"wp","href":"https:\/\/api.w.org\/{rel}","templated":true}]}}