{"id":73,"date":"2014-09-18T14:01:51","date_gmt":"2014-09-18T13:01:51","guid":{"rendered":"http:\/\/agora.xtec.cat\/escolassumpcio\/?page_id=73"},"modified":"2026-04-07T10:08:33","modified_gmt":"2026-04-07T08:08:33","slug":"menjador-escolar","status":"publish","type":"page","link":"https:\/\/agora.xtec.cat\/escolassumpcio\/serveis\/menjador-escolar\/","title":{"rendered":"Menjador Escolar"},"content":{"rendered":"<p style=\"text-align: justify;\"><span style=\"color: #000000;\"><strong>Si voleu contractar el servei de menjador, contacteu amb <\/strong><\/span><strong style=\"font-family: inherit; font-size: 1em;\"><span style=\"color: #339966;\"><span style=\"text-decoration: underline; color: #008000;\">l&#8217;AFA al tel\u00e8fon 636 182 594<\/span><span style=\"color: #000000;\">. Consulteu men\u00fas per al\u00b7l\u00e8rgics, isl\u00e0mics, etc.<\/span><\/span><\/strong><\/p>\n<ul>\n<li style=\"text-align: justify;\"><strong><span style=\"color: #000000;\">SERVEIX<\/span> \ud83d\ude98:<\/strong> \u201cLa Gaya C\u00e0tering\u201d, men\u00fas elaborats per <span lang=\"CA\">N\u00faria Bertomeu Bo (d<\/span><span lang=\"CA\">iplomada en Nutrici\u00f3 Humana i Diet\u00e8tica).<\/span><\/li>\n<li style=\"text-align: justify;\"><strong><span style=\"color: #000000;\">PAGAMENT<\/span> \ud83d\udcb3:<\/strong> Alumnat fix, rebut bancari de l&#8217;1 al 5 de cada mes. Si s\u2019ha de faltar al servei, cal avisar abans de les 9.00 h.<\/li>\n<li style=\"text-align: justify;\"><strong><span style=\"color: #000000;\">PREU DIARI<\/span> \ud83d\udcb0:<\/strong> 7,54 \u20ac per a l&#8217;alumnat fix.<\/li>\n<li style=\"text-align: justify;\"><strong><span style=\"color: #000000;\">ESPOR\u00c0DICAMENT<\/span> \u2705:<\/strong> Es pot fer \u00fas del servei de manera espor\u00e0dica, pr\u00e8via reserva abans de les 9.00 h. Preu: 7,95 \u20ac.<\/li>\n<li><strong><span style=\"color: #000000;\">SERVEI DE CARMANYOLA<\/span> \ud83c\udf71:<\/strong> L&#8217;alumnat que ho necessiti pot quedar-se a dinar a l\u2019escola amb la seva pr\u00f2pia carmanyola. Preu: 5,90 \u20ac.<\/li>\n<li><span style=\"color: #000000;\"><strong>MEN\u00da DIARI D&#8217;AQUEST MES \ud83c\udf7d:<\/strong><\/span><\/li>\n<\/ul>\n<p><strong>Men\u00fa del mes de mar\u00e7 amb pictogrames: <a href=\"https:\/\/agora.xtec.cat\/escolassumpcio\/wp-content\/uploads\/usu42\/2026\/04\/7.pdf\" target=\"_blank\" rel=\"noopener\">Men\u00fa<\/a><\/strong><strong><img loading=\"lazy\" decoding=\"async\" class=\"alignleft wp-image-10169\" src=\"https:\/\/agora.xtec.cat\/escolassumpcio\/wp-content\/uploads\/usu42\/2025\/10\/menu-150x150.png\" alt=\"\" width=\"86\" height=\"86\" srcset=\"https:\/\/agora.xtec.cat\/escolassumpcio\/wp-content\/uploads\/usu42\/2025\/10\/menu-150x150.png 150w, https:\/\/agora.xtec.cat\/escolassumpcio\/wp-content\/uploads\/usu42\/2025\/10\/menu-300x300.png 300w, https:\/\/agora.xtec.cat\/escolassumpcio\/wp-content\/uploads\/usu42\/2025\/10\/menu.png 500w\" sizes=\"auto, (max-width: 86px) 100vw, 86px\" \/><\/strong><\/p>\n<p>&nbsp;<\/p>\n<p><a href=\"https:\/\/agora.xtec.cat\/escolassumpcio\/wp-content\/uploads\/usu42\/2026\/04\/Abril-1.png\"><img loading=\"lazy\" decoding=\"async\" class=\"aligncenter size-full wp-image-10928\" src=\"https:\/\/agora.xtec.cat\/escolassumpcio\/wp-content\/uploads\/usu42\/2026\/04\/Abril-1.png\" alt=\"\" width=\"2000\" height=\"1414\" srcset=\"https:\/\/agora.xtec.cat\/escolassumpcio\/wp-content\/uploads\/usu42\/2026\/04\/Abril-1.png 2000w, https:\/\/agora.xtec.cat\/escolassumpcio\/wp-content\/uploads\/usu42\/2026\/04\/Abril-1-300x212.png 300w, https:\/\/agora.xtec.cat\/escolassumpcio\/wp-content\/uploads\/usu42\/2026\/04\/Abril-1-1024x724.png 1024w, https:\/\/agora.xtec.cat\/escolassumpcio\/wp-content\/uploads\/usu42\/2026\/04\/Abril-1-768x543.png 768w, https:\/\/agora.xtec.cat\/escolassumpcio\/wp-content\/uploads\/usu42\/2026\/04\/Abril-1-1536x1086.png 1536w\" sizes=\"auto, (max-width: 2000px) 100vw, 2000px\" \/><\/a><\/p>\n","protected":false},"excerpt":{"rendered":"<p>Si voleu contractar el servei de menjador, contacteu amb l&#8217;AFA al tel\u00e8fon 636 182 594. Consulteu men\u00fas per al\u00b7l\u00e8rgics, isl\u00e0mics, etc. SERVEIX \ud83d\ude98: \u201cLa Gaya C\u00e0tering\u201d, men\u00fas elaborats per N\u00faria Bertomeu Bo (diplomada en Nutrici\u00f3 Humana i Diet\u00e8tica). PAGAMENT \ud83d\udcb3: Alumnat fix, rebut bancari de l&#8217;1 al 5 de cada mes. Si s\u2019ha de faltar [&hellip;]<\/p>\n","protected":false},"author":1,"featured_media":0,"parent":66,"menu_order":30,"comment_status":"closed","ping_status":"closed","template":"","meta":{"_bbp_topic_count":0,"_bbp_reply_count":0,"_bbp_total_topic_count":0,"_bbp_total_reply_count":0,"_bbp_voice_count":0,"_bbp_anonymous_reply_count":0,"_bbp_topic_count_hidden":0,"_bbp_reply_count_hidden":0,"_bbp_forum_subforum_count":0,"site-sidebar-layout":"default","site-content-layout":"","ast-site-content-layout":"default","site-content-style":"default","site-sidebar-style":"default","ast-global-header-display":"","ast-banner-title-visibility":"","ast-main-header-display":"","ast-hfb-above-header-display":"","ast-hfb-below-header-display":"","ast-hfb-mobile-header-display":"","site-post-title":"","ast-breadcrumbs-content":"","ast-featured-img":"","footer-sml-layout":"","theme-transparent-header-meta":"default","adv-header-id-meta":"","stick-header-meta":"","header-above-stick-meta":"","header-main-stick-meta":"","header-below-stick-meta":"","astra-migrate-meta-layouts":"set","ast-page-background-enabled":"default","ast-page-background-meta":{"desktop":{"background-color":"var(--ast-global-color-4)","background-image":"","background-repeat":"repeat","background-position":"center center","background-size":"auto","background-attachment":"scroll","background-type":"","background-media":"","overlay-type":"","overlay-color":"","overlay-opacity":"","overlay-gradient":""},"tablet":{"background-color":"","background-image":"","background-repeat":"repeat","background-position":"center center","background-size":"auto","background-attachment":"scroll","background-type":"","background-media":"","overlay-type":"","overlay-color":"","overlay-opacity":"","overlay-gradient":""},"mobile":{"background-color":"","background-image":"","background-repeat":"repeat","background-position":"center center","background-size":"auto","background-attachment":"scroll","background-type":"","background-media":"","overlay-type":"","overlay-color":"","overlay-opacity":"","overlay-gradient":""}},"ast-content-background-meta":{"desktop":{"background-color":"var(--ast-global-color-5)","background-image":"","background-repeat":"repeat","background-position":"center center","background-size":"auto","background-attachment":"scroll","background-type":"","background-media":"","overlay-type":"","overlay-color":"","overlay-opacity":"","overlay-gradient":""},"tablet":{"background-color":"var(--ast-global-color-5)","background-image":"","background-repeat":"repeat","background-position":"center center","background-size":"auto","background-attachment":"scroll","background-type":"","background-media":"","overlay-type":"","overlay-color":"","overlay-opacity":"","overlay-gradient":""},"mobile":{"background-color":"var(--ast-global-color-5)","background-image":"","background-repeat":"repeat","background-position":"center center","background-size":"auto","background-attachment":"scroll","background-type":"","background-media":"","overlay-type":"","overlay-color":"","overlay-opacity":"","overlay-gradient":""}},"footnotes":""},"class_list":["post-73","page","type-page","status-publish","hentry"],"post_mailing_queue_ids":[],"_links":{"self":[{"href":"https:\/\/agora.xtec.cat\/escolassumpcio\/wp-json\/wp\/v2\/pages\/73","targetHints":{"allow":["GET"]}}],"collection":[{"href":"https:\/\/agora.xtec.cat\/escolassumpcio\/wp-json\/wp\/v2\/pages"}],"about":[{"href":"https:\/\/agora.xtec.cat\/escolassumpcio\/wp-json\/wp\/v2\/types\/page"}],"author":[{"embeddable":true,"href":"https:\/\/agora.xtec.cat\/escolassumpcio\/wp-json\/wp\/v2\/users\/1"}],"replies":[{"embeddable":true,"href":"https:\/\/agora.xtec.cat\/escolassumpcio\/wp-json\/wp\/v2\/comments?post=73"}],"version-history":[{"count":6,"href":"https:\/\/agora.xtec.cat\/escolassumpcio\/wp-json\/wp\/v2\/pages\/73\/revisions"}],"predecessor-version":[{"id":10930,"href":"https:\/\/agora.xtec.cat\/escolassumpcio\/wp-json\/wp\/v2\/pages\/73\/revisions\/10930"}],"up":[{"embeddable":true,"href":"https:\/\/agora.xtec.cat\/escolassumpcio\/wp-json\/wp\/v2\/pages\/66"}],"wp:attachment":[{"href":"https:\/\/agora.xtec.cat\/escolassumpcio\/wp-json\/wp\/v2\/media?parent=73"}],"curies":[{"name":"wp","href":"https:\/\/api.w.org\/{rel}","templated":true}]}}