{"id":5649,"date":"2020-11-10T16:33:16","date_gmt":"2020-11-10T15:33:16","guid":{"rendered":"https:\/\/agora.xtec.cat\/escolassumpcio\/?page_id=5649"},"modified":"2020-11-10T16:44:05","modified_gmt":"2020-11-10T15:44:05","slug":"programes-dinnovacio","status":"publish","type":"page","link":"https:\/\/agora.xtec.cat\/escolassumpcio\/programes-dinnovacio\/","title":{"rendered":"Programes d&#8217;Innovaci\u00f3"},"content":{"rendered":"<p>Aqu\u00ed teniu una graella amb el programes d&#8217;innovaci\u00f3 que estem realitzant actualment al nostre centre.<\/p>\n<table style=\"height: 519px; width: 698px;\">\n<tbody>\n<tr style=\"height: 55px;\">\n<td style=\"height: 55px; width: 202px; text-align: center;\">\n<h5><b>Icona del programa<\/b><\/h5>\n<\/td>\n<td style=\"height: 55px; width: 304px; text-align: center;\">\n<h5><b>Nom del programa<\/b><\/h5>\n<\/td>\n<td style=\"height: 55px; width: 182px; text-align: center;\">\n<h5><b>Temporitzaci\u00f3 actual<\/b><\/h5>\n<\/td>\n<\/tr>\n<tr style=\"height: 145px;\">\n<td style=\"height: 145px; width: 202px; text-align: center;\"><a href=\"https:\/\/agora.xtec.cat\/escolassumpcio\/wp-content\/uploads\/usu42\/2018\/04\/programa-si-ok.jpg\"><img loading=\"lazy\" decoding=\"async\" class=\"aligncenter size-full wp-image-1839\" src=\"https:\/\/agora.xtec.cat\/escolassumpcio\/wp-content\/uploads\/usu42\/2018\/04\/programa-si-ok.jpg\" alt=\"\" width=\"314\" height=\"153\" srcset=\"https:\/\/agora.xtec.cat\/escolassumpcio\/wp-content\/uploads\/usu42\/2018\/04\/programa-si-ok.jpg 314w, https:\/\/agora.xtec.cat\/escolassumpcio\/wp-content\/uploads\/usu42\/2018\/04\/programa-si-ok-300x146.jpg 300w\" sizes=\"auto, (max-width: 314px) 100vw, 314px\" \/><\/a><\/td>\n<td style=\"height: 145px; width: 304px; text-align: center;\">\n<h5><b>Programa de Salut Integral (SI)<\/b><\/h5>\n<\/td>\n<td style=\"height: 145px; width: 182px; text-align: center;\">\n<h5><span style=\"font-weight: 400;\">4t any<\/span><\/h5>\n<\/td>\n<\/tr>\n<tr style=\"height: 56px;\">\n<td style=\"height: 56px; width: 202px; text-align: center;\"><a href=\"https:\/\/agora.xtec.cat\/escolassumpcio\/wp-content\/uploads\/usu42\/2018\/10\/aquiproubullyuing.jpg\"><img loading=\"lazy\" decoding=\"async\" class=\"aligncenter size-full wp-image-2342\" src=\"https:\/\/agora.xtec.cat\/escolassumpcio\/wp-content\/uploads\/usu42\/2018\/10\/aquiproubullyuing.jpg\" alt=\"\" width=\"374\" height=\"226\" srcset=\"https:\/\/agora.xtec.cat\/escolassumpcio\/wp-content\/uploads\/usu42\/2018\/10\/aquiproubullyuing.jpg 374w, https:\/\/agora.xtec.cat\/escolassumpcio\/wp-content\/uploads\/usu42\/2018\/10\/aquiproubullyuing-300x181.jpg 300w\" sizes=\"auto, (max-width: 374px) 100vw, 374px\" \/><\/a><\/td>\n<td style=\"height: 56px; width: 304px; text-align: center;\">\n<h5><b>Programa #aquiproubullying<\/b><\/h5>\n<\/td>\n<td style=\"height: 56px; width: 182px; text-align: center;\">\n<h5><span style=\"font-weight: 400;\">4t any<\/span><\/h5>\n<\/td>\n<\/tr>\n<tr style=\"height: 56px;\">\n<td style=\"height: 56px; width: 202px; text-align: center;\"><a href=\"https:\/\/agora.xtec.cat\/escolassumpcio\/wp-content\/uploads\/usu42\/2018\/02\/Logo_color1.png\"><img loading=\"lazy\" decoding=\"async\" class=\"aligncenter size-full wp-image-1409\" src=\"https:\/\/agora.xtec.cat\/escolassumpcio\/wp-content\/uploads\/usu42\/2018\/02\/Logo_color1.png\" alt=\"\" width=\"373\" height=\"125\" srcset=\"https:\/\/agora.xtec.cat\/escolassumpcio\/wp-content\/uploads\/usu42\/2018\/02\/Logo_color1.png 373w, https:\/\/agora.xtec.cat\/escolassumpcio\/wp-content\/uploads\/usu42\/2018\/02\/Logo_color1-300x101.png 300w\" sizes=\"auto, (max-width: 373px) 100vw, 373px\" \/><\/a><\/td>\n<td style=\"height: 56px; width: 304px; text-align: center;\">\n<h5><b>Xarxa de Compet\u00e8ncies B\u00e0siques<\/b><\/h5>\n<\/td>\n<td style=\"height: 56px; width: 182px; text-align: center;\">\n<h5><span style=\"font-weight: 400;\">4t any<\/span><\/h5>\n<\/td>\n<\/tr>\n<tr style=\"height: 56px;\">\n<td style=\"height: 56px; width: 202px; text-align: center;\"><a href=\"https:\/\/agora.xtec.cat\/escolassumpcio\/wp-content\/uploads\/usu42\/2018\/10\/logo-GEP_ok.png\"><img loading=\"lazy\" decoding=\"async\" class=\"aligncenter size-full wp-image-2343\" src=\"https:\/\/agora.xtec.cat\/escolassumpcio\/wp-content\/uploads\/usu42\/2018\/10\/logo-GEP_ok.png\" alt=\"\" width=\"982\" height=\"605\" srcset=\"https:\/\/agora.xtec.cat\/escolassumpcio\/wp-content\/uploads\/usu42\/2018\/10\/logo-GEP_ok.png 982w, https:\/\/agora.xtec.cat\/escolassumpcio\/wp-content\/uploads\/usu42\/2018\/10\/logo-GEP_ok-300x185.png 300w, https:\/\/agora.xtec.cat\/escolassumpcio\/wp-content\/uploads\/usu42\/2018\/10\/logo-GEP_ok-768x473.png 768w\" sizes=\"auto, (max-width: 982px) 100vw, 982px\" \/><\/a><\/td>\n<td style=\"height: 56px; width: 304px; text-align: center;\">\n<h5><b>Projecte de Generaci\u00f3 Pluriling\u00fce (GEP)<\/b><\/h5>\n<\/td>\n<td style=\"height: 56px; width: 182px; text-align: center;\">\n<h5><span style=\"font-weight: 400;\">3r\u00a0 any<\/span><\/h5>\n<\/td>\n<\/tr>\n<tr style=\"height: 95px;\">\n<td style=\"height: 95px; width: 202px; text-align: center;\"><a href=\"https:\/\/agora.xtec.cat\/escolassumpcio\/wp-content\/uploads\/usu42\/2018\/10\/ev2.png\"><img loading=\"lazy\" decoding=\"async\" class=\"aligncenter size-full wp-image-2345\" src=\"https:\/\/agora.xtec.cat\/escolassumpcio\/wp-content\/uploads\/usu42\/2018\/10\/ev2.png\" alt=\"\" width=\"316\" height=\"418\" srcset=\"https:\/\/agora.xtec.cat\/escolassumpcio\/wp-content\/uploads\/usu42\/2018\/10\/ev2.png 316w, https:\/\/agora.xtec.cat\/escolassumpcio\/wp-content\/uploads\/usu42\/2018\/10\/ev2-227x300.png 227w\" sizes=\"auto, (max-width: 316px) 100vw, 316px\" \/><\/a><\/td>\n<td style=\"height: 95px; width: 304px; text-align: center;\">\n<h5><b>Programa Escoles Verdes.<\/b><\/h5>\n<h5><b>Educaci\u00f3 sostenible.<\/b><\/h5>\n<\/td>\n<td style=\"height: 95px; width: 182px; text-align: center;\">\n<h5><span style=\"font-weight: 400;\">3r\u00a0 any<\/span><\/h5>\n<\/td>\n<\/tr>\n<tr style=\"height: 56px;\">\n<td style=\"height: 56px; width: 202px; text-align: center;\"><a href=\"https:\/\/agora.xtec.cat\/escolassumpcio\/wp-content\/uploads\/usu42\/2020\/11\/apadrinem.jpg\"><img loading=\"lazy\" decoding=\"async\" class=\"aligncenter size-full wp-image-5654\" src=\"https:\/\/agora.xtec.cat\/escolassumpcio\/wp-content\/uploads\/usu42\/2020\/11\/apadrinem.jpg\" alt=\"\" width=\"392\" height=\"259\" srcset=\"https:\/\/agora.xtec.cat\/escolassumpcio\/wp-content\/uploads\/usu42\/2020\/11\/apadrinem.jpg 392w, https:\/\/agora.xtec.cat\/escolassumpcio\/wp-content\/uploads\/usu42\/2020\/11\/apadrinem-300x198.jpg 300w\" sizes=\"auto, (max-width: 392px) 100vw, 392px\" \/><\/a><\/td>\n<td style=\"height: 56px; width: 304px; text-align: center;\">\n<h5><b>Apadrinem el nostre patrimoni<\/b><\/h5>\n<\/td>\n<td style=\"height: 56px; width: 182px; text-align: center;\">\n<h5><span style=\"font-weight: 400;\">1r any<\/span><\/h5>\n<\/td>\n<\/tr>\n<\/tbody>\n<\/table>\n","protected":false},"excerpt":{"rendered":"<p>Aqu\u00ed teniu una graella amb el programes d&#8217;innovaci\u00f3 que estem realitzant actualment al nostre centre. Icona del programa Nom del programa Temporitzaci\u00f3 actual Programa de Salut Integral (SI) 4t any Programa #aquiproubullying 4t any Xarxa de Compet\u00e8ncies B\u00e0siques 4t any Projecte de Generaci\u00f3 Pluriling\u00fce (GEP) 3r\u00a0 any Programa Escoles Verdes. Educaci\u00f3 sostenible. 3r\u00a0 any Apadrinem [&hellip;]<\/p>\n","protected":false},"author":1,"featured_media":0,"parent":0,"menu_order":0,"comment_status":"closed","ping_status":"closed","template":"","meta":{"_bbp_topic_count":0,"_bbp_reply_count":0,"_bbp_total_topic_count":0,"_bbp_total_reply_count":0,"_bbp_voice_count":0,"_bbp_anonymous_reply_count":0,"_bbp_topic_count_hidden":0,"_bbp_reply_count_hidden":0,"_bbp_forum_subforum_count":0,"site-sidebar-layout":"default","site-content-layout":"","ast-site-content-layout":"","site-content-style":"default","site-sidebar-style":"default","ast-global-header-display":"","ast-banner-title-visibility":"","ast-main-header-display":"","ast-hfb-above-header-display":"","ast-hfb-below-header-display":"","ast-hfb-mobile-header-display":"","site-post-title":"","ast-breadcrumbs-content":"","ast-featured-img":"","footer-sml-layout":"","theme-transparent-header-meta":"","adv-header-id-meta":"","stick-header-meta":"","header-above-stick-meta":"","header-main-stick-meta":"","header-below-stick-meta":"","astra-migrate-meta-layouts":"default","ast-page-background-enabled":"default","ast-page-background-meta":{"desktop":{"background-color":"var(--ast-global-color-4)","background-image":"","background-repeat":"repeat","background-position":"center center","background-size":"auto","background-attachment":"scroll","background-type":"","background-media":"","overlay-type":"","overlay-color":"","overlay-opacity":"","overlay-gradient":""},"tablet":{"background-color":"","background-image":"","background-repeat":"repeat","background-position":"center center","background-size":"auto","background-attachment":"scroll","background-type":"","background-media":"","overlay-type":"","overlay-color":"","overlay-opacity":"","overlay-gradient":""},"mobile":{"background-color":"","background-image":"","background-repeat":"repeat","background-position":"center center","background-size":"auto","background-attachment":"scroll","background-type":"","background-media":"","overlay-type":"","overlay-color":"","overlay-opacity":"","overlay-gradient":""}},"ast-content-background-meta":{"desktop":{"background-color":"var(--ast-global-color-5)","background-image":"","background-repeat":"repeat","background-position":"center center","background-size":"auto","background-attachment":"scroll","background-type":"","background-media":"","overlay-type":"","overlay-color":"","overlay-opacity":"","overlay-gradient":""},"tablet":{"background-color":"var(--ast-global-color-5)","background-image":"","background-repeat":"repeat","background-position":"center center","background-size":"auto","background-attachment":"scroll","background-type":"","background-media":"","overlay-type":"","overlay-color":"","overlay-opacity":"","overlay-gradient":""},"mobile":{"background-color":"var(--ast-global-color-5)","background-image":"","background-repeat":"repeat","background-position":"center center","background-size":"auto","background-attachment":"scroll","background-type":"","background-media":"","overlay-type":"","overlay-color":"","overlay-opacity":"","overlay-gradient":""}},"footnotes":""},"class_list":["post-5649","page","type-page","status-publish","hentry"],"post_mailing_queue_ids":[],"_links":{"self":[{"href":"https:\/\/agora.xtec.cat\/escolassumpcio\/wp-json\/wp\/v2\/pages\/5649","targetHints":{"allow":["GET"]}}],"collection":[{"href":"https:\/\/agora.xtec.cat\/escolassumpcio\/wp-json\/wp\/v2\/pages"}],"about":[{"href":"https:\/\/agora.xtec.cat\/escolassumpcio\/wp-json\/wp\/v2\/types\/page"}],"author":[{"embeddable":true,"href":"https:\/\/agora.xtec.cat\/escolassumpcio\/wp-json\/wp\/v2\/users\/1"}],"replies":[{"embeddable":true,"href":"https:\/\/agora.xtec.cat\/escolassumpcio\/wp-json\/wp\/v2\/comments?post=5649"}],"version-history":[{"count":3,"href":"https:\/\/agora.xtec.cat\/escolassumpcio\/wp-json\/wp\/v2\/pages\/5649\/revisions"}],"predecessor-version":[{"id":5655,"href":"https:\/\/agora.xtec.cat\/escolassumpcio\/wp-json\/wp\/v2\/pages\/5649\/revisions\/5655"}],"wp:attachment":[{"href":"https:\/\/agora.xtec.cat\/escolassumpcio\/wp-json\/wp\/v2\/media?parent=5649"}],"curies":[{"name":"wp","href":"https:\/\/api.w.org\/{rel}","templated":true}]}}