{"id":5606,"date":"2020-11-09T15:36:25","date_gmt":"2020-11-09T14:36:25","guid":{"rendered":"https:\/\/agora.xtec.cat\/escolassumpcio\/?page_id=5606"},"modified":"2020-11-09T16:39:52","modified_gmt":"2020-11-09T15:39:52","slug":"espais-daprenentatge","status":"publish","type":"page","link":"https:\/\/agora.xtec.cat\/escolassumpcio\/espais-daprenentatge\/","title":{"rendered":"Espais d&#8217;aprenentatge"},"content":{"rendered":"<p style=\"text-align: justify;\">Aquest curs 2020-2021 i com a conseq\u00fc\u00e8ncia del COVID19, hem hagut de readaptar algunes de les noves metodologies que utilitz\u00e0vem al centre. Concretament hem canviat els Tallers internivells, on agrup\u00e0vem l&#8217;alumnat dels tres cursos de cada comunitat pels Espais d&#8217;aprenentatge on no barregem l&#8217;alumnat i mantenim els grups bombolla.<\/p>\n<p style=\"text-align: justify;\" align=\"justify\">Amb aquestes noves metodologies pretenem posar l\u2019alumnat en el centre de l\u2019aprenentatge i readaptar els <span lang=\"ca-ES\">espais esdev\u00e9 determinant per aconseguir els objectius educatius proposats, ja que quan aconseguim generar un clima acollidor i de benestar, llavors estem facilitant que s\u2019hi produeixi un aprenentatge.<br \/>\n<\/span><\/p>\n<p lang=\"en-US\" style=\"text-align: justify;\" align=\"justify\"><span lang=\"ca-ES\">Caracter\u00edstiques que han de complir els espais i les propostes d&#8217;aprentatge: polivalents, accessibles, curriculars, vivencial, lliures, motivadors i atractius.<\/span><\/p>\n<table style=\"width: 1031px; height: 538px;\">\n<tbody>\n<tr style=\"height: 85px;\">\n<td style=\"width: 1025.56px; background-color: #11a873; height: 51px; text-align: center;\" colspan=\"3\">\n<h1><span style=\"color: #ffffff;\"><strong>Els nostres espais<\/strong><\/span><\/h1>\n<\/td>\n<\/tr>\n<tr style=\"height: 67px;\">\n<td style=\"width: 318.889px; background-color: #fcb562; height: 67px; text-align: center;\">\n<h4><strong><span style=\"color: #000000;\">Comunitat de menuts<\/span><\/strong><\/h4>\n<\/td>\n<td style=\"width: 353.333px; background-color: #fc7c7c; height: 67px; text-align: center;\">\n<h4><strong><span style=\"color: #000000;\">Comunitat de mitjans<\/span><\/strong><\/h4>\n<\/td>\n<td style=\"width: 351.111px; background-color: #67bf41; text-align: center; height: 67px;\">\n<h4><strong><span style=\"color: #000000;\">Comunitat de grans<\/span><\/strong><\/h4>\n<\/td>\n<\/tr>\n<tr style=\"height: 60px;\">\n<td style=\"width: 318.889px; text-align: center; height: 60px; background-color: #ffd7a8;\">\n<h5><span style=\"color: #000000;\">Construccions<\/span><\/h5>\n<\/td>\n<td style=\"width: 353.333px; text-align: center; height: 60px; background-color: #ffc2c2;\">\n<h5><span style=\"color: #000000;\">Qu\u00e8 constru\u00efm avui?<\/span><\/h5>\n<\/td>\n<td style=\"width: 351.111px; text-align: center; height: 60px; background-color: #bef0b4;\">\n<h5><span style=\"color: #000000;\">Construccions<\/span><\/h5>\n<\/td>\n<\/tr>\n<tr style=\"height: 60px;\">\n<td style=\"width: 318.889px; text-align: center; height: 60px; background-color: #ffd7a8;\">\n<h5><span style=\"color: #000000;\">Joc simb\u00f2lic<\/span><\/h5>\n<\/td>\n<td style=\"width: 353.333px; text-align: center; height: 60px; background-color: #ffc2c2;\">\n<h5><span style=\"color: #000000;\">Matematizant<\/span><\/h5>\n<\/td>\n<td style=\"width: 351.111px; text-align: center; height: 60px; background-color: #bef0b4;\">\n<h5><span style=\"color: #000000;\">Matem\u00e0tic<\/span><\/h5>\n<\/td>\n<\/tr>\n<tr style=\"height: 60px;\">\n<td style=\"width: 318.889px; text-align: center; height: 60px; background-color: #ffd7a8;\">\n<h5><span style=\"color: #000000;\">Experimentaci\u00f3<\/span><\/h5>\n<\/td>\n<td style=\"width: 353.333px; text-align: center; height: 60px; background-color: #ffc2c2;\">\n<h5><span style=\"color: #000000;\">Experimentem<\/span><\/h5>\n<\/td>\n<td style=\"width: 351.111px; text-align: center; height: 60px; background-color: #bef0b4;\">\n<h5><span style=\"color: #000000;\">Ci\u00e8ncia i experimentaci\u00f3<\/span><\/h5>\n<\/td>\n<\/tr>\n<tr style=\"height: 60px;\">\n<td style=\"width: 318.889px; text-align: center; height: 60px; background-color: #ffd7a8;\">\n<h5><span style=\"color: #000000;\">Art\u00edstic<\/span><\/h5>\n<\/td>\n<td style=\"width: 353.333px; text-align: center; height: 60px; background-color: #ffc2c2;\">\n<h5><span style=\"color: #000000;\">Som artistes<\/span><\/h5>\n<\/td>\n<td style=\"width: 351.111px; text-align: center; height: 60px; background-color: #bef0b4;\">\n<h5><span style=\"color: #000000;\">Art\u00edstic<\/span><\/h5>\n<\/td>\n<\/tr>\n<tr style=\"height: 60px;\">\n<td style=\"width: 318.889px; text-align: center; height: 60px; background-color: #ffd7a8;\">\n<h5><span style=\"color: #000000;\">Minimons<\/span><\/h5>\n<\/td>\n<td style=\"text-align: center; height: 60px; width: 353.333px; background-color: #ffc2c2;\">\n<h5><span style=\"color: #000000;\">Pensem i creem<\/span><\/h5>\n<\/td>\n<td style=\"width: 351.111px; text-align: center; height: 60px; background-color: #bef0b4;\">\n<h5><span style=\"color: #000000;\">Ling\u00fc\u00edstic<\/span><\/h5>\n<\/td>\n<\/tr>\n<tr style=\"height: 60px;\">\n<td style=\"width: 318.889px; text-align: center; height: 120px; background-color: #ffd7a8;\" rowspan=\"2\">\n<h5><span style=\"color: #000000;\">Tecnol\u00f2gic<\/span><\/h5>\n<\/td>\n<td style=\"text-align: center; height: 120px; width: 353.333px; background-color: #ffc2c2;\" rowspan=\"2\">\n<h5><span style=\"color: #000000;\">Jocs de paraules<\/span><\/h5>\n<\/td>\n<td style=\"width: 351.111px; text-align: center; height: 60px; background-color: #bef0b4;\">\n<h5><span style=\"color: #000000;\">Comunicaci\u00f3n<\/span><\/h5>\n<\/td>\n<\/tr>\n<tr style=\"height: 60px;\">\n<td style=\"width: 351.111px; text-align: center; height: 60px; background-color: #bef0b4;\">\n<h5><span style=\"color: #000000;\">Tecnol\u00f2gic<\/span><\/h5>\n<\/td>\n<\/tr>\n<\/tbody>\n<\/table>\n<p>&nbsp;<\/p>\n","protected":false},"excerpt":{"rendered":"<p>Aquest curs 2020-2021 i com a conseq\u00fc\u00e8ncia del COVID19, hem hagut de readaptar algunes de les noves metodologies que utilitz\u00e0vem al centre. Concretament hem canviat els Tallers internivells, on agrup\u00e0vem l&#8217;alumnat dels tres cursos de cada comunitat pels Espais d&#8217;aprenentatge on no barregem l&#8217;alumnat i mantenim els grups bombolla. Amb aquestes noves metodologies pretenem posar [&hellip;]<\/p>\n","protected":false},"author":1,"featured_media":0,"parent":0,"menu_order":0,"comment_status":"closed","ping_status":"closed","template":"","meta":{"_bbp_topic_count":0,"_bbp_reply_count":0,"_bbp_total_topic_count":0,"_bbp_total_reply_count":0,"_bbp_voice_count":0,"_bbp_anonymous_reply_count":0,"_bbp_topic_count_hidden":0,"_bbp_reply_count_hidden":0,"_bbp_forum_subforum_count":0,"site-sidebar-layout":"default","site-content-layout":"","ast-site-content-layout":"","site-content-style":"default","site-sidebar-style":"default","ast-global-header-display":"","ast-banner-title-visibility":"","ast-main-header-display":"","ast-hfb-above-header-display":"","ast-hfb-below-header-display":"","ast-hfb-mobile-header-display":"","site-post-title":"","ast-breadcrumbs-content":"","ast-featured-img":"","footer-sml-layout":"","theme-transparent-header-meta":"","adv-header-id-meta":"","stick-header-meta":"","header-above-stick-meta":"","header-main-stick-meta":"","header-below-stick-meta":"","astra-migrate-meta-layouts":"default","ast-page-background-enabled":"default","ast-page-background-meta":{"desktop":{"background-color":"var(--ast-global-color-4)","background-image":"","background-repeat":"repeat","background-position":"center center","background-size":"auto","background-attachment":"scroll","background-type":"","background-media":"","overlay-type":"","overlay-color":"","overlay-opacity":"","overlay-gradient":""},"tablet":{"background-color":"","background-image":"","background-repeat":"repeat","background-position":"center center","background-size":"auto","background-attachment":"scroll","background-type":"","background-media":"","overlay-type":"","overlay-color":"","overlay-opacity":"","overlay-gradient":""},"mobile":{"background-color":"","background-image":"","background-repeat":"repeat","background-position":"center center","background-size":"auto","background-attachment":"scroll","background-type":"","background-media":"","overlay-type":"","overlay-color":"","overlay-opacity":"","overlay-gradient":""}},"ast-content-background-meta":{"desktop":{"background-color":"var(--ast-global-color-5)","background-image":"","background-repeat":"repeat","background-position":"center center","background-size":"auto","background-attachment":"scroll","background-type":"","background-media":"","overlay-type":"","overlay-color":"","overlay-opacity":"","overlay-gradient":""},"tablet":{"background-color":"var(--ast-global-color-5)","background-image":"","background-repeat":"repeat","background-position":"center center","background-size":"auto","background-attachment":"scroll","background-type":"","background-media":"","overlay-type":"","overlay-color":"","overlay-opacity":"","overlay-gradient":""},"mobile":{"background-color":"var(--ast-global-color-5)","background-image":"","background-repeat":"repeat","background-position":"center center","background-size":"auto","background-attachment":"scroll","background-type":"","background-media":"","overlay-type":"","overlay-color":"","overlay-opacity":"","overlay-gradient":""}},"footnotes":""},"class_list":["post-5606","page","type-page","status-publish","hentry"],"post_mailing_queue_ids":[],"_links":{"self":[{"href":"https:\/\/agora.xtec.cat\/escolassumpcio\/wp-json\/wp\/v2\/pages\/5606","targetHints":{"allow":["GET"]}}],"collection":[{"href":"https:\/\/agora.xtec.cat\/escolassumpcio\/wp-json\/wp\/v2\/pages"}],"about":[{"href":"https:\/\/agora.xtec.cat\/escolassumpcio\/wp-json\/wp\/v2\/types\/page"}],"author":[{"embeddable":true,"href":"https:\/\/agora.xtec.cat\/escolassumpcio\/wp-json\/wp\/v2\/users\/1"}],"replies":[{"embeddable":true,"href":"https:\/\/agora.xtec.cat\/escolassumpcio\/wp-json\/wp\/v2\/comments?post=5606"}],"version-history":[{"count":4,"href":"https:\/\/agora.xtec.cat\/escolassumpcio\/wp-json\/wp\/v2\/pages\/5606\/revisions"}],"predecessor-version":[{"id":5632,"href":"https:\/\/agora.xtec.cat\/escolassumpcio\/wp-json\/wp\/v2\/pages\/5606\/revisions\/5632"}],"wp:attachment":[{"href":"https:\/\/agora.xtec.cat\/escolassumpcio\/wp-json\/wp\/v2\/media?parent=5606"}],"curies":[{"name":"wp","href":"https:\/\/api.w.org\/{rel}","templated":true}]}}