{"id":461,"date":"2017-05-25T12:03:16","date_gmt":"2017-05-25T10:03:16","guid":{"rendered":"http:\/\/agora.xtec.cat\/escolassumpcio\/?page_id=461"},"modified":"2018-12-10T10:33:25","modified_gmt":"2018-12-10T09:33:25","slug":"normativa-de-centre-nofc","status":"publish","type":"page","link":"https:\/\/agora.xtec.cat\/escolassumpcio\/lescola\/normativa-de-centre-nofc\/","title":{"rendered":"NOFC"},"content":{"rendered":"<h5 style=\"text-align: justify;\"><strong>EXTRACTE DE LES NORMES D\u2019ORGANITZACI\u00d3 I FUNCIONAMENT DE\u00a0<\/strong><strong>L\u2019ESCOLA L\u2019ASSUMPCI\u00d3 (FAM\u00cdLIES)<\/strong><\/h5>\n<p style=\"text-align: justify;\">Les NOFC s\u00f3n un document elaborat per l\u2019equip directiu, amb propostes i criteris aportats pel Claustre, aprovat pel Consell Escolar i d\u2019obligat compliment per als components de la comunitat educativa (mestres, fam\u00edlies, alumnat i personal no docent del centre, aix\u00ed com per a tots els estaments vinculats a la tasca educativa).<\/p>\n<table style=\"height: 190px; width: 298px;\">\n<tbody>\n<tr>\n<td style=\"width: 292px;\">\n<h4 style=\"text-align: center;\"><a href=\"https:\/\/drive.google.com\/file\/d\/1HuMoST6gOSn7HPD84jEgYIaW7OiVHw87\/view?usp=sharing\" target=\"_blank\" rel=\"noopener noreferrer\"><span style=\"color: #33cccc;\"><strong><img loading=\"lazy\" decoding=\"async\" class=\"alignnone\" src=\"http:\/\/www.colegiosantotomas.cat\/media\/textos\/848\/280\/nofc-id-50.png\" alt=\"Resultat d'imatges de nofc\" width=\"848\" height=\"280\" \/><\/strong><\/span><\/a><\/h4>\n<h5>Per a m\u00e9s informaci\u00f3:<a href=\"https:\/\/drive.google.com\/file\/d\/1HuMoST6gOSn7HPD84jEgYIaW7OiVHw87\/view?usp=sharing\" target=\"_blank\" rel=\"noopener noreferrer\"><img loading=\"lazy\" decoding=\"async\" class=\"alignright\" src=\"http:\/\/agora.xtec.cat\/ieslabisbal\/wp-content\/uploads\/usu1415\/2014\/09\/Clic.png\" alt=\"Resultat d'imatges de clic\" width=\"76\" height=\"94\" \/><\/a><\/h5>\n<h4 style=\"text-align: center;\"><\/h4>\n<\/td>\n<\/tr>\n<\/tbody>\n<\/table>\n","protected":false},"excerpt":{"rendered":"<p>EXTRACTE DE LES NORMES D\u2019ORGANITZACI\u00d3 I FUNCIONAMENT DE\u00a0L\u2019ESCOLA L\u2019ASSUMPCI\u00d3 (FAM\u00cdLIES) Les NOFC s\u00f3n un document elaborat per l\u2019equip directiu, amb propostes i criteris aportats pel Claustre, aprovat pel Consell Escolar i d\u2019obligat compliment per als components de la comunitat educativa (mestres, fam\u00edlies, alumnat i personal no docent del centre, aix\u00ed com per a tots els [&hellip;]<\/p>\n","protected":false},"author":1,"featured_media":0,"parent":22,"menu_order":0,"comment_status":"closed","ping_status":"closed","template":"page-templates\/side-menu.php","meta":{"_bbp_topic_count":0,"_bbp_reply_count":0,"_bbp_total_topic_count":0,"_bbp_total_reply_count":0,"_bbp_voice_count":0,"_bbp_anonymous_reply_count":0,"_bbp_topic_count_hidden":0,"_bbp_reply_count_hidden":0,"_bbp_forum_subforum_count":0,"site-sidebar-layout":"default","site-content-layout":"","ast-site-content-layout":"","site-content-style":"default","site-sidebar-style":"default","ast-global-header-display":"","ast-banner-title-visibility":"","ast-main-header-display":"","ast-hfb-above-header-display":"","ast-hfb-below-header-display":"","ast-hfb-mobile-header-display":"","site-post-title":"","ast-breadcrumbs-content":"","ast-featured-img":"","footer-sml-layout":"","theme-transparent-header-meta":"","adv-header-id-meta":"","stick-header-meta":"","header-above-stick-meta":"","header-main-stick-meta":"","header-below-stick-meta":"","astra-migrate-meta-layouts":"default","ast-page-background-enabled":"default","ast-page-background-meta":{"desktop":{"background-color":"var(--ast-global-color-4)","background-image":"","background-repeat":"repeat","background-position":"center center","background-size":"auto","background-attachment":"scroll","background-type":"","background-media":"","overlay-type":"","overlay-color":"","overlay-opacity":"","overlay-gradient":""},"tablet":{"background-color":"","background-image":"","background-repeat":"repeat","background-position":"center center","background-size":"auto","background-attachment":"scroll","background-type":"","background-media":"","overlay-type":"","overlay-color":"","overlay-opacity":"","overlay-gradient":""},"mobile":{"background-color":"","background-image":"","background-repeat":"repeat","background-position":"center center","background-size":"auto","background-attachment":"scroll","background-type":"","background-media":"","overlay-type":"","overlay-color":"","overlay-opacity":"","overlay-gradient":""}},"ast-content-background-meta":{"desktop":{"background-color":"var(--ast-global-color-5)","background-image":"","background-repeat":"repeat","background-position":"center center","background-size":"auto","background-attachment":"scroll","background-type":"","background-media":"","overlay-type":"","overlay-color":"","overlay-opacity":"","overlay-gradient":""},"tablet":{"background-color":"var(--ast-global-color-5)","background-image":"","background-repeat":"repeat","background-position":"center center","background-size":"auto","background-attachment":"scroll","background-type":"","background-media":"","overlay-type":"","overlay-color":"","overlay-opacity":"","overlay-gradient":""},"mobile":{"background-color":"var(--ast-global-color-5)","background-image":"","background-repeat":"repeat","background-position":"center center","background-size":"auto","background-attachment":"scroll","background-type":"","background-media":"","overlay-type":"","overlay-color":"","overlay-opacity":"","overlay-gradient":""}},"footnotes":""},"class_list":["post-461","page","type-page","status-publish","hentry"],"post_mailing_queue_ids":[],"_links":{"self":[{"href":"https:\/\/agora.xtec.cat\/escolassumpcio\/wp-json\/wp\/v2\/pages\/461","targetHints":{"allow":["GET"]}}],"collection":[{"href":"https:\/\/agora.xtec.cat\/escolassumpcio\/wp-json\/wp\/v2\/pages"}],"about":[{"href":"https:\/\/agora.xtec.cat\/escolassumpcio\/wp-json\/wp\/v2\/types\/page"}],"author":[{"embeddable":true,"href":"https:\/\/agora.xtec.cat\/escolassumpcio\/wp-json\/wp\/v2\/users\/1"}],"replies":[{"embeddable":true,"href":"https:\/\/agora.xtec.cat\/escolassumpcio\/wp-json\/wp\/v2\/comments?post=461"}],"version-history":[{"count":4,"href":"https:\/\/agora.xtec.cat\/escolassumpcio\/wp-json\/wp\/v2\/pages\/461\/revisions"}],"predecessor-version":[{"id":943,"href":"https:\/\/agora.xtec.cat\/escolassumpcio\/wp-json\/wp\/v2\/pages\/461\/revisions\/943"}],"up":[{"embeddable":true,"href":"https:\/\/agora.xtec.cat\/escolassumpcio\/wp-json\/wp\/v2\/pages\/22"}],"wp:attachment":[{"href":"https:\/\/agora.xtec.cat\/escolassumpcio\/wp-json\/wp\/v2\/media?parent=461"}],"curies":[{"name":"wp","href":"https:\/\/api.w.org\/{rel}","templated":true}]}}