{"id":3110,"date":"2019-02-21T09:52:56","date_gmt":"2019-02-21T08:52:56","guid":{"rendered":"http:\/\/agora.xtec.cat\/escolassumpcio\/?page_id=3110"},"modified":"2019-10-18T15:36:00","modified_gmt":"2019-10-18T13:36:00","slug":"projecte-linguisitc-plc","status":"publish","type":"page","link":"https:\/\/agora.xtec.cat\/escolassumpcio\/projecte-educatiu\/projecte-educatiu-pec\/projecte-linguisitc-plc\/","title":{"rendered":"Projecte Ling\u00fc\u00edsitc de Centre (PLC)"},"content":{"rendered":"<p style=\"text-align: justify;\">El <strong>projecte ling\u00fc\u00edstic<\/strong> \u00e9s el document que recull els aspectes relatius a l&#8217;ensenyament i a l&#8217;\u00fas de les lleng\u00fces en el centre educatiu. Aquest forma part del <strong>Projecte Educatiu del Centre (Annex 1).<\/strong><\/p>\n<p style=\"text-align: justify;\">En aquest document queden definits el paper de la llengua catalana com a eix vertebrador d&#8217;un projecte educatiu pluriling\u00fce, el tractament de les lleng\u00fces curriculars i els aspectes d&#8217;organitzaci\u00f3 i de gesti\u00f3 que tenen repercussions ling\u00fc\u00edstiques.<\/p>\n<p><a href=\"https:\/\/drive.google.com\/file\/d\/1emE-3ZWgUOGWsBeAH9hKv7tTQT_d6AoE\/view?usp=sharing\" target=\"_blank\" rel=\"noopener noreferrer\"><img loading=\"lazy\" decoding=\"async\" class=\"aligncenter wp-image-3121\" src=\"https:\/\/agora.xtec.cat\/escolassumpcio\/wp-content\/uploads\/usu42\/2019\/02\/projecte-linguistic.png\" alt=\"\" width=\"255\" height=\"239\" srcset=\"https:\/\/agora.xtec.cat\/escolassumpcio\/wp-content\/uploads\/usu42\/2019\/02\/projecte-linguistic.png 457w, https:\/\/agora.xtec.cat\/escolassumpcio\/wp-content\/uploads\/usu42\/2019\/02\/projecte-linguistic-300x282.png 300w\" sizes=\"auto, (max-width: 255px) 100vw, 255px\" \/><\/a><a href=\"https:\/\/drive.google.com\/file\/d\/1emE-3ZWgUOGWsBeAH9hKv7tTQT_d6AoE\/view?usp=sharing\" target=\"_blank\" rel=\"noopener noreferrer\"><img loading=\"lazy\" decoding=\"async\" class=\"aligncenter wp-image-3123\" src=\"https:\/\/agora.xtec.cat\/escolassumpcio\/wp-content\/uploads\/usu42\/2019\/02\/mano.png\" alt=\"\" width=\"92\" height=\"74\" \/><\/a><\/p>\n","protected":false},"excerpt":{"rendered":"<p>El projecte ling\u00fc\u00edstic \u00e9s el document que recull els aspectes relatius a l&#8217;ensenyament i a l&#8217;\u00fas de les lleng\u00fces en el centre educatiu. Aquest forma part del Projecte Educatiu del Centre (Annex 1). En aquest document queden definits el paper de la llengua catalana com a eix vertebrador d&#8217;un projecte educatiu pluriling\u00fce, el tractament de [&hellip;]<\/p>\n","protected":false},"author":1,"featured_media":0,"parent":2792,"menu_order":0,"comment_status":"closed","ping_status":"closed","template":"","meta":{"_bbp_topic_count":0,"_bbp_reply_count":0,"_bbp_total_topic_count":0,"_bbp_total_reply_count":0,"_bbp_voice_count":0,"_bbp_anonymous_reply_count":0,"_bbp_topic_count_hidden":0,"_bbp_reply_count_hidden":0,"_bbp_forum_subforum_count":0,"site-sidebar-layout":"default","site-content-layout":"","ast-site-content-layout":"","site-content-style":"default","site-sidebar-style":"default","ast-global-header-display":"","ast-banner-title-visibility":"","ast-main-header-display":"","ast-hfb-above-header-display":"","ast-hfb-below-header-display":"","ast-hfb-mobile-header-display":"","site-post-title":"","ast-breadcrumbs-content":"","ast-featured-img":"","footer-sml-layout":"","theme-transparent-header-meta":"","adv-header-id-meta":"","stick-header-meta":"","header-above-stick-meta":"","header-main-stick-meta":"","header-below-stick-meta":"","astra-migrate-meta-layouts":"default","ast-page-background-enabled":"default","ast-page-background-meta":{"desktop":{"background-color":"var(--ast-global-color-4)","background-image":"","background-repeat":"repeat","background-position":"center center","background-size":"auto","background-attachment":"scroll","background-type":"","background-media":"","overlay-type":"","overlay-color":"","overlay-opacity":"","overlay-gradient":""},"tablet":{"background-color":"","background-image":"","background-repeat":"repeat","background-position":"center center","background-size":"auto","background-attachment":"scroll","background-type":"","background-media":"","overlay-type":"","overlay-color":"","overlay-opacity":"","overlay-gradient":""},"mobile":{"background-color":"","background-image":"","background-repeat":"repeat","background-position":"center center","background-size":"auto","background-attachment":"scroll","background-type":"","background-media":"","overlay-type":"","overlay-color":"","overlay-opacity":"","overlay-gradient":""}},"ast-content-background-meta":{"desktop":{"background-color":"var(--ast-global-color-5)","background-image":"","background-repeat":"repeat","background-position":"center center","background-size":"auto","background-attachment":"scroll","background-type":"","background-media":"","overlay-type":"","overlay-color":"","overlay-opacity":"","overlay-gradient":""},"tablet":{"background-color":"var(--ast-global-color-5)","background-image":"","background-repeat":"repeat","background-position":"center center","background-size":"auto","background-attachment":"scroll","background-type":"","background-media":"","overlay-type":"","overlay-color":"","overlay-opacity":"","overlay-gradient":""},"mobile":{"background-color":"var(--ast-global-color-5)","background-image":"","background-repeat":"repeat","background-position":"center center","background-size":"auto","background-attachment":"scroll","background-type":"","background-media":"","overlay-type":"","overlay-color":"","overlay-opacity":"","overlay-gradient":""}},"footnotes":""},"class_list":["post-3110","page","type-page","status-publish","hentry"],"post_mailing_queue_ids":[],"_links":{"self":[{"href":"https:\/\/agora.xtec.cat\/escolassumpcio\/wp-json\/wp\/v2\/pages\/3110","targetHints":{"allow":["GET"]}}],"collection":[{"href":"https:\/\/agora.xtec.cat\/escolassumpcio\/wp-json\/wp\/v2\/pages"}],"about":[{"href":"https:\/\/agora.xtec.cat\/escolassumpcio\/wp-json\/wp\/v2\/types\/page"}],"author":[{"embeddable":true,"href":"https:\/\/agora.xtec.cat\/escolassumpcio\/wp-json\/wp\/v2\/users\/1"}],"replies":[{"embeddable":true,"href":"https:\/\/agora.xtec.cat\/escolassumpcio\/wp-json\/wp\/v2\/comments?post=3110"}],"version-history":[{"count":3,"href":"https:\/\/agora.xtec.cat\/escolassumpcio\/wp-json\/wp\/v2\/pages\/3110\/revisions"}],"predecessor-version":[{"id":3122,"href":"https:\/\/agora.xtec.cat\/escolassumpcio\/wp-json\/wp\/v2\/pages\/3110\/revisions\/3122"}],"up":[{"embeddable":true,"href":"https:\/\/agora.xtec.cat\/escolassumpcio\/wp-json\/wp\/v2\/pages\/2792"}],"wp:attachment":[{"href":"https:\/\/agora.xtec.cat\/escolassumpcio\/wp-json\/wp\/v2\/media?parent=3110"}],"curies":[{"name":"wp","href":"https:\/\/api.w.org\/{rel}","templated":true}]}}