{"id":28,"date":"2014-09-18T12:29:35","date_gmt":"2014-09-18T11:29:35","guid":{"rendered":"http:\/\/agora.xtec.cat\/escolassumpcio\/?page_id=28"},"modified":"2025-10-07T10:29:52","modified_gmt":"2025-10-07T08:29:52","slug":"consell-escolar","status":"publish","type":"page","link":"https:\/\/agora.xtec.cat\/escolassumpcio\/lescola\/consell-escolar\/","title":{"rendered":"Estructura organitzativa interna"},"content":{"rendered":"<p>A continuaci\u00f3 us adjuntem un enlla\u00e7 amb imatges i c\u00e0rrecs de tots\/es els membres de la comunitat educativa:<\/p>\n<div style=\"width: 1920px;\" class=\"wp-video\"><!--[if lt IE 9]><script>document.createElement('video');<\/script><![endif]-->\n<video class=\"wp-video-shortcode\" id=\"video-28-1\" width=\"1920\" height=\"1080\" autoplay=\"1\" preload=\"metadata\" controls=\"controls\"><source type=\"video\/mp4\" src=\"https:\/\/agora.xtec.cat\/escolassumpcio\/wp-content\/uploads\/usu42\/2025\/10\/Comunitat-educativa-25-26.pptx-1.mp4?_=1\" \/><a href=\"https:\/\/agora.xtec.cat\/escolassumpcio\/wp-content\/uploads\/usu42\/2025\/10\/Comunitat-educativa-25-26.pptx-1.mp4\">https:\/\/agora.xtec.cat\/escolassumpcio\/wp-content\/uploads\/usu42\/2025\/10\/Comunitat-educativa-25-26.pptx-1.mp4<\/a><\/video><\/div>\n<p>&nbsp;<\/p>\n<table style=\"height: 1180px; width: 98.6171%;\">\n<tbody>\n<tr style=\"height: 31px;\">\n<td style=\"height: 31px; width: 17.6744%;\" colspan=\"2\"><\/td>\n<td style=\"height: 31px; width: 22.3256%; text-align: center;\"><b>C\u00e0rrec<\/b><\/td>\n<td style=\"height: 31px; width: 39.6512%; text-align: center;\"><b>Nom<\/b><\/td>\n<td style=\"height: 31px; width: 23.7496%; text-align: center;\"><b>Tutoria\/esp.<\/b><\/td>\n<\/tr>\n<tr style=\"height: 31px;\">\n<td style=\"height: 720px; width: 3.83721%;\" rowspan=\"22\"><b>C<\/b><\/p>\n<p><b>L<\/b><\/p>\n<p><b>A<\/b><\/p>\n<p><b>U<\/b><\/p>\n<p><b>S<\/b><\/p>\n<p><b>T<\/b><\/p>\n<p><b>R<\/b><\/p>\n<p><b>E\u00a0<\/b><\/p>\n<p>&nbsp;<\/p>\n<p><b>M<\/b><\/p>\n<p><b>E<\/b><\/p>\n<p><b>S<\/b><\/p>\n<p><b>T<\/b><\/p>\n<p><b>R<\/b><\/p>\n<p><b>E<\/b><\/p>\n<p><b>S<\/b><\/p>\n<p><b>\u00a0<\/b><\/p>\n<p><b>\u00a0<\/b><\/p>\n<p><b>\u00a0<\/b><\/td>\n<td style=\"height: 93px; width: 13.8372%; text-align: center;\" rowspan=\"3\"><b>EQUIP DIRECTIU<\/b><\/td>\n<td style=\"height: 31px; width: 22.3256%;\"><strong>Directora,<\/strong> 2017.<\/td>\n<td style=\"height: 31px; width: 39.6512%;\"><span style=\"font-weight: 400;\">Ma Immaculada Colomines Pag\u00e0 (<a href=\"https:\/\/drive.google.com\/file\/d\/1owm3nhArRdyI1LYA60yPux3UnXhPtDMI\/view?usp=sharing\" target=\"_blank\" rel=\"noopener noreferrer\">perfil professional<\/a>)<\/span><\/td>\n<td style=\"height: 31px; width: 23.7496%;\"><span style=\"font-weight: 400;\">MEE<\/span><\/td>\n<\/tr>\n<tr style=\"height: 31px;\">\n<td style=\"height: 31px; width: 22.3256%;\"><strong>Cap d\u2019estudis, <\/strong>2017.<\/td>\n<td style=\"height: 31px; width: 39.6512%;\"><span style=\"font-weight: 400;\">Gemma Climent (<a href=\"https:\/\/drive.google.com\/file\/d\/194tU9Vro68i61YLfjSjFQ_dLMpR4h9AU\/view?usp=sharing\" target=\"_blank\" rel=\"noopener noreferrer\">perfil professional<\/a>)<\/span><\/td>\n<td style=\"height: 31px; width: 23.7496%;\"><span style=\"font-weight: 400;\">PAN<\/span><\/td>\n<\/tr>\n<tr style=\"height: 31px;\">\n<td style=\"height: 31px; width: 22.3256%;\"><strong>Secretari,<\/strong> 2019.<\/td>\n<td style=\"height: 31px; width: 39.6512%;\"><span style=\"font-weight: 400;\">Feliu Ferr\u00e9 (<a href=\"https:\/\/drive.google.com\/file\/d\/1hr-gcWsO0gQE3R9yszFRMLM64T5Wx1FD\/view?usp=sharing\" target=\"_blank\" rel=\"noopener noreferrer\">perfil professional<\/a>)<\/span><\/td>\n<td style=\"height: 31px; width: 23.7496%;\"><span style=\"font-weight: 400;\">PRI &#8211; TIC<\/span><\/td>\n<\/tr>\n<tr style=\"height: 31px;\">\n<td style=\"height: 165px; width: 13.8372%; text-align: center;\" rowspan=\"5\"><b>EDUCACI\u00d3 INFANTIL<\/b><\/td>\n<td style=\"height: 33px; width: 22.3256%;\"><\/td>\n<td style=\"height: 33px; width: 39.6512%;\">Laura Navarro<\/td>\n<td style=\"height: 33px; width: 23.7496%;\">Suport-INF<\/td>\n<\/tr>\n<tr style=\"height: 33px;\">\n<td style=\"height: 33px; width: 22.3256%;\"><\/td>\n<td style=\"height: 33px; width: 39.6512%;\">Sara Ruiz<\/td>\n<td style=\"height: 33px; width: 23.7496%;\">Tutoria I3<\/td>\n<\/tr>\n<tr style=\"height: 33px;\">\n<td style=\"height: 33px; width: 22.3256%;\"><strong>Coordinaci\u00f3 comunitat menuda<\/strong><\/td>\n<td style=\"height: 33px; width: 39.6512%;\">Cinta Cruz<\/td>\n<td style=\"height: 33px; width: 23.7496%;\">Tutoria I4 Roig<\/td>\n<\/tr>\n<tr style=\"height: 31px;\">\n<td style=\"height: 33px; width: 22.3256%;\"><\/td>\n<td style=\"height: 33px; width: 39.6512%;\">Nat\u00e0lia Zaragoza<\/td>\n<td style=\"height: 33px; width: 23.7496%;\">Tutoria I4 Verd<\/td>\n<\/tr>\n<tr style=\"height: 33px;\">\n<td style=\"height: 33px; width: 22.3256%;\"><\/td>\n<td style=\"height: 33px; width: 39.6512%;\">Joana Gonz\u00e1lez<\/td>\n<td style=\"height: 33px; width: 23.7496%;\">Tutoria I5<\/td>\n<\/tr>\n<tr style=\"height: 31px;\">\n<td style=\"height: 462px; width: 13.8372%; text-align: center;\" rowspan=\"14\"><b>EDUCACI\u00d3 PRIM\u00c0RIA<\/b><br \/>\n<b><br \/>\n<\/b><b><br \/>\n<\/b><b><br \/>\n<\/b><\/td>\n<td style=\"height: 33px; width: 22.3256%;\"><strong>Coordinaci\u00f3 comunitat mitjana<\/strong><\/td>\n<td style=\"height: 33px; width: 39.6512%;\">Joana For\u00e9s<\/td>\n<td style=\"height: 33px; width: 23.7496%;\">Tutoria 1r Roig<\/td>\n<\/tr>\n<tr style=\"height: 31px;\">\n<td style=\"height: 33px; width: 22.3256%;\"><\/td>\n<td style=\"height: 33px; width: 39.6512%;\">Emilia Fandos<\/td>\n<td style=\"height: 33px; width: 23.7496%;\">Tutoria 1r Verd<\/td>\n<\/tr>\n<tr style=\"height: 31px;\">\n<td style=\"height: 33px; width: 22.3256%;\"><\/td>\n<td style=\"height: 33px; width: 39.6512%;\">Sandra Ger\u00f3nimo<\/td>\n<td style=\"height: 33px; width: 23.7496%;\">Tutoria 2n<\/td>\n<\/tr>\n<tr style=\"height: 33px;\">\n<td style=\"height: 33px; width: 22.3256%;\"><\/td>\n<td style=\"height: 33px; width: 39.6512%;\">Roser Arques<\/td>\n<td style=\"height: 33px; width: 23.7496%;\">Tutoria 3r Roig<\/td>\n<\/tr>\n<tr style=\"height: 31px;\">\n<td style=\"height: 33px; width: 22.3256%;\"><strong>Coordinaci\u00f3 Pedag\u00f2gica<\/strong><\/td>\n<td style=\"height: 33px; width: 39.6512%;\">Montse Balagu\u00e9<\/td>\n<td style=\"height: 33px; width: 23.7496%;\">Tutoria 3r Verd<\/td>\n<\/tr>\n<tr style=\"height: 31px;\">\n<td style=\"height: 33px; width: 22.3256%;\"><strong>Coordinaci\u00f3 comunitat gran<\/strong><\/td>\n<td style=\"height: 33px; width: 39.6512%;\">Jordi Moreno<\/td>\n<td style=\"height: 33px; width: 23.7496%;\">Tutoria 4t<\/td>\n<\/tr>\n<tr style=\"height: 31px;\">\n<td style=\"height: 33px; width: 22.3256%;\"><\/td>\n<td style=\"height: 33px; width: 39.6512%;\">Lara Escriche<\/td>\n<td style=\"height: 33px; width: 23.7496%;\">Tutoria 5\u00e8 Roig<\/td>\n<\/tr>\n<tr style=\"height: 31px;\">\n<td style=\"height: 33px; width: 22.3256%;\"><\/td>\n<td style=\"height: 33px; width: 39.6512%;\">Geroni Bertomeu<\/td>\n<td style=\"height: 33px; width: 23.7496%;\">Tutoria 5\u00e8 Verd<\/td>\n<\/tr>\n<tr style=\"height: 33px;\">\n<td style=\"height: 33px; width: 22.3256%;\"><\/td>\n<td style=\"height: 33px; width: 39.6512%;\">Lourdes Mart\u00ednez<\/td>\n<td style=\"height: 33px; width: 23.7496%;\">Tutoria 6\u00e8 Roig<\/td>\n<\/tr>\n<tr style=\"height: 31px;\">\n<td style=\"height: 33px; width: 22.3256%;\"><\/td>\n<td style=\"height: 33px; width: 39.6512%;\">Toni V\u00edctor<\/td>\n<td style=\"height: 33px; width: 23.7496%;\">Tutoria 6\u00e8 Verd<\/td>\n<\/tr>\n<tr style=\"height: 31px;\">\n<td style=\"height: 33px; width: 22.3256%;\"><strong>Coordinaci\u00f3 CAEI-SIEI<\/strong><\/td>\n<td style=\"height: 33px; width: 39.6512%;\">Mariola Beneyto \/ M\u00edriam Tom\u00e0s \/ Raquel Millan<\/td>\n<td style=\"height: 33px; width: 23.7496%;\">SIEI i SIEI +<\/td>\n<\/tr>\n<tr style=\"height: 31px;\">\n<td style=\"height: 33px; width: 22.3256%;\"><\/td>\n<td style=\"width: 39.6512%; height: 33px;\">Abigail Garcia \/ Ainhoa Mu\u00f1oz \/ Enric Gall\u00e9n<\/td>\n<td style=\"height: 33px; width: 23.7496%;\">PAN<\/td>\n<\/tr>\n<tr style=\"height: 31px;\">\n<td style=\"height: 33px; width: 22.3256%;\"><\/td>\n<td style=\"height: 33px; width: 39.6512%;\">Toni Cid<\/td>\n<td style=\"height: 33px; width: 23.7496%;\">PEF<\/td>\n<\/tr>\n<tr style=\"height: 31px;\">\n<td style=\"height: 33px; width: 22.3256%;\"><\/td>\n<td style=\"height: 33px; width: 39.6512%;\">Estefania Garcia<\/td>\n<td style=\"height: 33px; width: 23.7496%;\">PMU<\/td>\n<\/tr>\n<tr style=\"height: 31px;\">\n<td style=\"height: 66px; width: 40%;\" colspan=\"3\" rowspan=\"2\"><strong>PAE: Personal d&#8217;Atenci\u00f3 educativa<\/strong><strong><br \/>\n<\/strong><\/td>\n<td style=\"height: 33px; width: 39.6512%;\">Joana Brull<\/td>\n<td style=\"height: 33px; width: 23.7496%;\">TEI<\/td>\n<\/tr>\n<tr style=\"height: 33px;\">\n<td style=\"height: 33px; width: 39.6512%;\">Carmen Serrano \/ Raquel Pros<\/td>\n<td style=\"height: 33px; width: 23.7496%;\">Educadores SIEI<\/td>\n<\/tr>\n<tr style=\"height: 31px;\">\n<td style=\"width: 40%; height: 66px;\" colspan=\"3\" rowspan=\"2\"><strong>PAS: Personal d&#8217;Administraci\u00f3 i Serveis<\/strong><strong><br \/>\n<\/strong><\/td>\n<td style=\"height: 33px; width: 39.6512%;\">Ma Jos\u00e9 Ruedas<\/td>\n<td style=\"height: 33px; width: 23.7496%;\">Administrativa<\/td>\n<\/tr>\n<tr style=\"height: 31px;\">\n<td style=\"height: 33px; width: 39.6512%;\">Carlos Pag\u00e0<\/td>\n<td style=\"height: 33px; width: 23.7496%;\">Conserge<\/td>\n<\/tr>\n<tr style=\"height: 31px;\">\n<td style=\"height: 99px; width: 40%;\" colspan=\"3\" rowspan=\"3\"><strong>Personal de suport educatiu 56 h.<\/strong><\/td>\n<td style=\"height: 33px; width: 39.6512%;\">Ma Cinta Castell\u00e0<\/td>\n<td style=\"height: 33px; width: 23.7496%;\">Vetlladora<\/td>\n<\/tr>\n<tr style=\"height: 31px;\">\n<td style=\"height: 33px; width: 39.6512%;\">Ira Bertomeu<\/td>\n<td style=\"height: 33px; width: 23.7496%;\">Vetlladora<\/td>\n<\/tr>\n<tr style=\"height: 33px;\">\n<td style=\"height: 33px; width: 39.6512%;\">Eva Ebri<\/td>\n<td style=\"height: 33px; width: 23.7496%;\">Vetlladora<\/td>\n<\/tr>\n<tr style=\"height: 31px;\">\n<td style=\"height: 198px; width: 40%;\" colspan=\"3\" rowspan=\"6\"><strong>Serveis Educatius Baix Ebre<\/strong><\/td>\n<td style=\"height: 33px; width: 39.6512%;\">Clara Escudero<\/td>\n<td style=\"height: 33px; width: 23.7496%;\">Psicopedagoga<\/td>\n<\/tr>\n<tr style=\"height: 31px;\">\n<td style=\"height: 33px; width: 39.6512%;\">Noem\u00ed Barber\u00e0<\/td>\n<td style=\"height: 33px; width: 23.7496%;\">Fisioterapeuta<\/td>\n<\/tr>\n<tr style=\"height: 31px;\">\n<td style=\"height: 33px; width: 39.6512%;\">Cristina Asens<\/td>\n<td style=\"height: 33px; width: 23.7496%;\">Treballadora Social<\/td>\n<\/tr>\n<tr style=\"height: 31px;\">\n<td style=\"height: 33px; width: 39.6512%;\">Maria Barba<\/td>\n<td style=\"height: 33px; width: 23.7496%;\">CREDA<\/td>\n<\/tr>\n<tr style=\"height: 31px;\">\n<td style=\"height: 33px; width: 39.6512%;\">Paquita Pallar\u00e8s<\/td>\n<td style=\"height: 33px; width: 23.7496%;\">CRP<\/td>\n<\/tr>\n<tr style=\"height: 31px;\">\n<td style=\"height: 33px; width: 39.6512%;\">Lara Melich<\/td>\n<td style=\"height: 33px; width: 23.7496%;\">ELIC<\/td>\n<\/tr>\n<\/tbody>\n<\/table>\n<p>&nbsp;<\/p>\n","protected":false},"excerpt":{"rendered":"<p>A continuaci\u00f3 us adjuntem un enlla\u00e7 amb imatges i c\u00e0rrecs de tots\/es els membres de la comunitat educativa: &nbsp; C\u00e0rrec Nom Tutoria\/esp. C L A U S T R E\u00a0 &nbsp; M E S T R E S \u00a0 \u00a0 \u00a0 EQUIP DIRECTIU Directora, 2017. Ma Immaculada Colomines Pag\u00e0 (perfil professional) MEE Cap d\u2019estudis, 2017. [&hellip;]<\/p>\n","protected":false},"author":1,"featured_media":0,"parent":22,"menu_order":30,"comment_status":"closed","ping_status":"closed","template":"page-templates\/side-menu.php","meta":{"_bbp_topic_count":0,"_bbp_reply_count":0,"_bbp_total_topic_count":0,"_bbp_total_reply_count":0,"_bbp_voice_count":0,"_bbp_anonymous_reply_count":0,"_bbp_topic_count_hidden":0,"_bbp_reply_count_hidden":0,"_bbp_forum_subforum_count":0,"site-sidebar-layout":"default","site-content-layout":"","ast-site-content-layout":"","site-content-style":"default","site-sidebar-style":"default","ast-global-header-display":"","ast-banner-title-visibility":"","ast-main-header-display":"","ast-hfb-above-header-display":"","ast-hfb-below-header-display":"","ast-hfb-mobile-header-display":"","site-post-title":"","ast-breadcrumbs-content":"","ast-featured-img":"","footer-sml-layout":"","theme-transparent-header-meta":"","adv-header-id-meta":"","stick-header-meta":"","header-above-stick-meta":"","header-main-stick-meta":"","header-below-stick-meta":"","astra-migrate-meta-layouts":"default","ast-page-background-enabled":"default","ast-page-background-meta":{"desktop":{"background-color":"var(--ast-global-color-4)","background-image":"","background-repeat":"repeat","background-position":"center center","background-size":"auto","background-attachment":"scroll","background-type":"","background-media":"","overlay-type":"","overlay-color":"","overlay-opacity":"","overlay-gradient":""},"tablet":{"background-color":"","background-image":"","background-repeat":"repeat","background-position":"center center","background-size":"auto","background-attachment":"scroll","background-type":"","background-media":"","overlay-type":"","overlay-color":"","overlay-opacity":"","overlay-gradient":""},"mobile":{"background-color":"","background-image":"","background-repeat":"repeat","background-position":"center center","background-size":"auto","background-attachment":"scroll","background-type":"","background-media":"","overlay-type":"","overlay-color":"","overlay-opacity":"","overlay-gradient":""}},"ast-content-background-meta":{"desktop":{"background-color":"var(--ast-global-color-5)","background-image":"","background-repeat":"repeat","background-position":"center center","background-size":"auto","background-attachment":"scroll","background-type":"","background-media":"","overlay-type":"","overlay-color":"","overlay-opacity":"","overlay-gradient":""},"tablet":{"background-color":"var(--ast-global-color-5)","background-image":"","background-repeat":"repeat","background-position":"center center","background-size":"auto","background-attachment":"scroll","background-type":"","background-media":"","overlay-type":"","overlay-color":"","overlay-opacity":"","overlay-gradient":""},"mobile":{"background-color":"var(--ast-global-color-5)","background-image":"","background-repeat":"repeat","background-position":"center center","background-size":"auto","background-attachment":"scroll","background-type":"","background-media":"","overlay-type":"","overlay-color":"","overlay-opacity":"","overlay-gradient":""}},"footnotes":""},"class_list":["post-28","page","type-page","status-publish","hentry"],"post_mailing_queue_ids":[],"_links":{"self":[{"href":"https:\/\/agora.xtec.cat\/escolassumpcio\/wp-json\/wp\/v2\/pages\/28","targetHints":{"allow":["GET"]}}],"collection":[{"href":"https:\/\/agora.xtec.cat\/escolassumpcio\/wp-json\/wp\/v2\/pages"}],"about":[{"href":"https:\/\/agora.xtec.cat\/escolassumpcio\/wp-json\/wp\/v2\/types\/page"}],"author":[{"embeddable":true,"href":"https:\/\/agora.xtec.cat\/escolassumpcio\/wp-json\/wp\/v2\/users\/1"}],"replies":[{"embeddable":true,"href":"https:\/\/agora.xtec.cat\/escolassumpcio\/wp-json\/wp\/v2\/comments?post=28"}],"version-history":[{"count":6,"href":"https:\/\/agora.xtec.cat\/escolassumpcio\/wp-json\/wp\/v2\/pages\/28\/revisions"}],"predecessor-version":[{"id":10166,"href":"https:\/\/agora.xtec.cat\/escolassumpcio\/wp-json\/wp\/v2\/pages\/28\/revisions\/10166"}],"up":[{"embeddable":true,"href":"https:\/\/agora.xtec.cat\/escolassumpcio\/wp-json\/wp\/v2\/pages\/22"}],"wp:attachment":[{"href":"https:\/\/agora.xtec.cat\/escolassumpcio\/wp-json\/wp\/v2\/media?parent=28"}],"curies":[{"name":"wp","href":"https:\/\/api.w.org\/{rel}","templated":true}]}}